{"id":1164,"date":"2024-03-12T13:42:06","date_gmt":"2024-03-12T12:42:06","guid":{"rendered":"https:\/\/saintfrancoisdassise-toulouse.fr\/?page_id=1164"},"modified":"2026-03-29T21:56:51","modified_gmt":"2026-03-29T19:56:51","slug":"messe","status":"publish","type":"page","link":"https:\/\/saintfrancoisdassise-toulouse.fr\/?page_id=1164","title":{"rendered":"Horaires des Messes"},"content":{"rendered":"\t\t<div data-elementor-type=\"wp-page\" data-elementor-id=\"1164\" class=\"elementor elementor-1164\">\n\t\t\t\t<div class=\"elementor-element elementor-element-0e3a5c1 e-flex e-con-boxed e-con e-parent\" data-id=\"0e3a5c1\" data-element_type=\"container\" data-e-type=\"container\">\n\t\t\t\t\t<div class=\"e-con-inner\">\n\t\t\t\t<div class=\"elementor-element elementor-element-d621826 elementor-widget elementor-widget-text-editor\" data-id=\"d621826\" data-element_type=\"widget\" data-e-type=\"widget\" data-widget_type=\"text-editor.default\">\n\t\t\t\t<div class=\"elementor-widget-container\">\n\t\t\t\t\t\t\t\t\t<p><span style=\"color: #808080;\">Consultez ici les horaires de nos messes. Nous vous invitons \u00e0 nous rejoindre pour partager ensemble des moments de pri\u00e8re et de communion.<\/span><\/p><ul><li><span style=\"color: #808080;\">Samedi soir &#8211;\u00a0 messe anticip\u00e9e du dimanche \u00e0 18h.<\/span><\/li><li><span style=\"color: #808080;\">Dimanche messe \u00e0 10h30.<\/span><\/li><li><span style=\"color: #808080;\">En semaine du lundi au vendredi messe \u00e0 18h. Confessions apr\u00e8s la messe.<\/span><\/li><li><span style=\"color: #808080; font-family: var( --e-global-typography-text-font-family ), Sans-serif; font-weight: var( --e-global-typography-text-font-weight ); text-align: var(--text-align);\">Vendredi apr\u00e8s la messe, adoration du Saint Sacrement.<\/span><\/li><\/ul>\t\t\t\t\t\t\t\t<\/div>\n\t\t\t\t<\/div>\n\t\t\t\t\t<\/div>\n\t\t\t\t<\/div>\n\t\t<div class=\"elementor-element elementor-element-27e0e8f e-flex e-con-boxed e-con e-parent\" data-id=\"27e0e8f\" data-element_type=\"container\" data-e-type=\"container\">\n\t\t\t\t\t<div class=\"e-con-inner\">\n\t\t\t\t<div class=\"elementor-element elementor-element-df4afc1 elementor-widget elementor-widget-heading\" data-id=\"df4afc1\" data-element_type=\"widget\" data-e-type=\"widget\" data-widget_type=\"heading.default\">\n\t\t\t\t<div class=\"elementor-widget-container\">\n\t\t\t\t\t<h2 class=\"elementor-heading-title elementor-size-default\"><p style=\"font-size: 16px;font-weight: 400\"><\/p>Permanence d'accueil<\/h2>\t\t\t\t<\/div>\n\t\t\t\t<\/div>\n\t\t\t\t<div class=\"elementor-element elementor-element-7827f4e elementor-widget elementor-widget-text-editor\" data-id=\"7827f4e\" data-element_type=\"widget\" data-e-type=\"widget\" data-widget_type=\"text-editor.default\">\n\t\t\t\t<div class=\"elementor-widget-container\">\n\t\t\t\t\t\t\t\t\t<ul><li><span style=\"color: #808080;\"><span style=\"color: #808080;\">Mercredi 16h \u00e0 18h<\/span><\/span><\/li><\/ul><p>et <span style=\"color: #808080;\">sauf vacances scolaires :<\/span><\/p><ul><li><span style=\"color: #808080;\">Jeudi 10h \u00e0 12h <\/span><\/li><li><span style=\"color: #808080;\">Samedi de 10h \u00e0 12h\u00a0<\/span><\/li><\/ul>\t\t\t\t\t\t\t\t<\/div>\n\t\t\t\t<\/div>\n\t\t\t\t\t<\/div>\n\t\t\t\t<\/div>\n\t\t<div class=\"elementor-element elementor-element-396aae4 e-flex e-con-boxed e-con e-parent\" data-id=\"396aae4\" data-element_type=\"container\" data-e-type=\"container\">\n\t\t\t\t\t<div class=\"e-con-inner\">\n\t\t\t\t<div class=\"elementor-element elementor-element-1942552 elementor-widget elementor-widget-text-editor\" data-id=\"1942552\" data-element_type=\"widget\" data-e-type=\"widget\" data-widget_type=\"text-editor.default\">\n\t\t\t\t<div class=\"elementor-widget-container\">\n\t\t\t\t\t\t\t\t\t<h2><strong>Vous souhaitez recevoir directement dans votre messagerie les informations de la paroisse?<\/strong><\/h2><h3>Faites-vous conna\u00eetre aupr\u00e8s du secr\u00e9tariat de la paroisse : sec.saintfrancois@gmail.com<\/h3>\t\t\t\t\t\t\t\t<\/div>\n\t\t\t\t<\/div>\n\t\t\t\t\t<\/div>\n\t\t\t\t<\/div>\n\t\t\t\t<\/div>\n\t\t","protected":false},"excerpt":{"rendered":"<p>Consultez ici les horaires de nos messes. Nous vous invitons \u00e0 nous rejoindre pour partager ensemble des moments de pri\u00e8re et de communion. Samedi soir &#8211;\u00a0 messe anticip\u00e9e du dimanche \u00e0 18h. Dimanche messe \u00e0 10h30. En semaine du lundi au vendredi messe \u00e0 18h. Confessions apr\u00e8s la messe. Vendredi apr\u00e8s la messe, adoration du Saint Sacrement. Permanence d&#8217;accueil Mercredi 16h \u00e0 18h et sauf vacances scolaires : Jeudi 10h \u00e0 12h Samedi de 10h \u00e0 12h\u00a0 Vous souhaitez recevoir directement dans votre messagerie les informations de la paroisse? Faites-vous conna\u00eetre aupr\u00e8s du secr\u00e9tariat de la paroisse : sec.saintfrancois@gmail.com<\/p>\n","protected":false},"author":3,"featured_media":0,"parent":0,"menu_order":0,"comment_status":"closed","ping_status":"closed","template":"template-parts\/page-template-full-width.php","meta":{"footnotes":""},"class_list":["post-1164","page","type-page","status-publish","hentry"],"yoast_head":"<!-- This site is optimized with the Yoast SEO plugin v24.4 - https:\/\/yoast.com\/wordpress\/plugins\/seo\/ -->\n<title>Horaires des Messes - Saint Fran\u00e7ois d&#039;Assise<\/title>\n<meta name=\"robots\" content=\"index, follow, max-snippet:-1, max-image-preview:large, max-video-preview:-1\" \/>\n<link rel=\"canonical\" href=\"https:\/\/saintfrancoisdassise-toulouse.fr\/?page_id=1164\" \/>\n<meta property=\"og:locale\" content=\"en_US\" \/>\n<meta property=\"og:type\" content=\"article\" \/>\n<meta property=\"og:title\" content=\"Horaires des Messes - Saint Fran\u00e7ois d&#039;Assise\" \/>\n<meta property=\"og:description\" content=\"Consultez ici les horaires de nos messes. Nous vous invitons \u00e0 nous rejoindre pour partager ensemble des moments de pri\u00e8re et de communion. Samedi soir &#8211;\u00a0 messe anticip\u00e9e du dimanche \u00e0 18h. Dimanche messe \u00e0 10h30. En semaine du lundi au vendredi messe \u00e0 18h. Confessions apr\u00e8s la messe. Vendredi apr\u00e8s la messe, adoration du Saint Sacrement. Permanence d&#8217;accueil Mercredi 16h \u00e0 18h et sauf vacances scolaires : Jeudi 10h \u00e0 12h Samedi de 10h \u00e0 12h\u00a0 Vous souhaitez recevoir directement dans votre messagerie les informations de la paroisse? Faites-vous conna\u00eetre aupr\u00e8s du secr\u00e9tariat de la paroisse : sec.saintfrancois@gmail.com\" \/>\n<meta property=\"og:url\" content=\"https:\/\/saintfrancoisdassise-toulouse.fr\/?page_id=1164\" \/>\n<meta property=\"og:site_name\" content=\"Saint Fran\u00e7ois d&#039;Assise\" \/>\n<meta property=\"article:modified_time\" content=\"2026-03-29T19:56:51+00:00\" \/>\n<meta property=\"og:image\" content=\"https:\/\/saintfrancoisdassise-toulouse.fr\/wp-content\/uploads\/2024\/03\/Cx-St-Damien-V3.jpg\" \/>\n\t<meta property=\"og:image:width\" content=\"543\" \/>\n\t<meta property=\"og:image:height\" content=\"774\" \/>\n\t<meta property=\"og:image:type\" content=\"image\/jpeg\" \/>\n<meta name=\"twitter:card\" content=\"summary_large_image\" \/>\n<meta name=\"twitter:label1\" content=\"Est. reading time\" \/>\n\t<meta name=\"twitter:data1\" content=\"1 minute\" \/>\n<script type=\"application\/ld+json\" class=\"yoast-schema-graph\">{\"@context\":\"https:\/\/schema.org\",\"@graph\":[{\"@type\":\"WebPage\",\"@id\":\"https:\/\/saintfrancoisdassise-toulouse.fr\/?page_id=1164\",\"url\":\"https:\/\/saintfrancoisdassise-toulouse.fr\/?page_id=1164\",\"name\":\"Horaires des Messes - Saint Fran\u00e7ois d&#039;Assise\",\"isPartOf\":{\"@id\":\"https:\/\/saintfrancoisdassise-toulouse.fr\/#website\"},\"datePublished\":\"2024-03-12T12:42:06+00:00\",\"dateModified\":\"2026-03-29T19:56:51+00:00\",\"breadcrumb\":{\"@id\":\"https:\/\/saintfrancoisdassise-toulouse.fr\/?page_id=1164#breadcrumb\"},\"inLanguage\":\"en-US\",\"potentialAction\":[{\"@type\":\"ReadAction\",\"target\":[\"https:\/\/saintfrancoisdassise-toulouse.fr\/?page_id=1164\"]}]},{\"@type\":\"BreadcrumbList\",\"@id\":\"https:\/\/saintfrancoisdassise-toulouse.fr\/?page_id=1164#breadcrumb\",\"itemListElement\":[{\"@type\":\"ListItem\",\"position\":1,\"name\":\"Accueil\",\"item\":\"https:\/\/saintfrancoisdassise-toulouse.fr\/\"},{\"@type\":\"ListItem\",\"position\":2,\"name\":\"Horaires des Messes\"}]},{\"@type\":\"WebSite\",\"@id\":\"https:\/\/saintfrancoisdassise-toulouse.fr\/#website\",\"url\":\"https:\/\/saintfrancoisdassise-toulouse.fr\/\",\"name\":\"Saint Fran\u00e7ois d'Assise\",\"description\":\"106 bis avenue Camille Pujol, 31500 Toulouse\",\"potentialAction\":[{\"@type\":\"SearchAction\",\"target\":{\"@type\":\"EntryPoint\",\"urlTemplate\":\"https:\/\/saintfrancoisdassise-toulouse.fr\/?s={search_term_string}\"},\"query-input\":{\"@type\":\"PropertyValueSpecification\",\"valueRequired\":true,\"valueName\":\"search_term_string\"}}],\"inLanguage\":\"en-US\"}]}<\/script>\n<!-- \/ Yoast SEO plugin. -->","yoast_head_json":{"title":"Horaires des Messes - Saint Fran\u00e7ois d&#039;Assise","robots":{"index":"index","follow":"follow","max-snippet":"max-snippet:-1","max-image-preview":"max-image-preview:large","max-video-preview":"max-video-preview:-1"},"canonical":"https:\/\/saintfrancoisdassise-toulouse.fr\/?page_id=1164","og_locale":"en_US","og_type":"article","og_title":"Horaires des Messes - Saint Fran\u00e7ois d&#039;Assise","og_description":"Consultez ici les horaires de nos messes. Nous vous invitons \u00e0 nous rejoindre pour partager ensemble des moments de pri\u00e8re et de communion. Samedi soir &#8211;\u00a0 messe anticip\u00e9e du dimanche \u00e0 18h. Dimanche messe \u00e0 10h30. En semaine du lundi au vendredi messe \u00e0 18h. Confessions apr\u00e8s la messe. Vendredi apr\u00e8s la messe, adoration du Saint Sacrement. Permanence d&#8217;accueil Mercredi 16h \u00e0 18h et sauf vacances scolaires : Jeudi 10h \u00e0 12h Samedi de 10h \u00e0 12h\u00a0 Vous souhaitez recevoir directement dans votre messagerie les informations de la paroisse? Faites-vous conna\u00eetre aupr\u00e8s du secr\u00e9tariat de la paroisse : sec.saintfrancois@gmail.com","og_url":"https:\/\/saintfrancoisdassise-toulouse.fr\/?page_id=1164","og_site_name":"Saint Fran\u00e7ois d&#039;Assise","article_modified_time":"2026-03-29T19:56:51+00:00","og_image":[{"width":543,"height":774,"url":"https:\/\/saintfrancoisdassise-toulouse.fr\/wp-content\/uploads\/2024\/03\/Cx-St-Damien-V3.jpg","type":"image\/jpeg"}],"twitter_card":"summary_large_image","twitter_misc":{"Est. reading time":"1 minute"},"schema":{"@context":"https:\/\/schema.org","@graph":[{"@type":"WebPage","@id":"https:\/\/saintfrancoisdassise-toulouse.fr\/?page_id=1164","url":"https:\/\/saintfrancoisdassise-toulouse.fr\/?page_id=1164","name":"Horaires des Messes - Saint Fran\u00e7ois d&#039;Assise","isPartOf":{"@id":"https:\/\/saintfrancoisdassise-toulouse.fr\/#website"},"datePublished":"2024-03-12T12:42:06+00:00","dateModified":"2026-03-29T19:56:51+00:00","breadcrumb":{"@id":"https:\/\/saintfrancoisdassise-toulouse.fr\/?page_id=1164#breadcrumb"},"inLanguage":"en-US","potentialAction":[{"@type":"ReadAction","target":["https:\/\/saintfrancoisdassise-toulouse.fr\/?page_id=1164"]}]},{"@type":"BreadcrumbList","@id":"https:\/\/saintfrancoisdassise-toulouse.fr\/?page_id=1164#breadcrumb","itemListElement":[{"@type":"ListItem","position":1,"name":"Accueil","item":"https:\/\/saintfrancoisdassise-toulouse.fr\/"},{"@type":"ListItem","position":2,"name":"Horaires des Messes"}]},{"@type":"WebSite","@id":"https:\/\/saintfrancoisdassise-toulouse.fr\/#website","url":"https:\/\/saintfrancoisdassise-toulouse.fr\/","name":"Saint Fran\u00e7ois d'Assise","description":"106 bis avenue Camille Pujol, 31500 Toulouse","potentialAction":[{"@type":"SearchAction","target":{"@type":"EntryPoint","urlTemplate":"https:\/\/saintfrancoisdassise-toulouse.fr\/?s={search_term_string}"},"query-input":{"@type":"PropertyValueSpecification","valueRequired":true,"valueName":"search_term_string"}}],"inLanguage":"en-US"}]}},"_links":{"self":[{"href":"https:\/\/saintfrancoisdassise-toulouse.fr\/index.php?rest_route=\/wp\/v2\/pages\/1164","targetHints":{"allow":["GET"]}}],"collection":[{"href":"https:\/\/saintfrancoisdassise-toulouse.fr\/index.php?rest_route=\/wp\/v2\/pages"}],"about":[{"href":"https:\/\/saintfrancoisdassise-toulouse.fr\/index.php?rest_route=\/wp\/v2\/types\/page"}],"author":[{"embeddable":true,"href":"https:\/\/saintfrancoisdassise-toulouse.fr\/index.php?rest_route=\/wp\/v2\/users\/3"}],"replies":[{"embeddable":true,"href":"https:\/\/saintfrancoisdassise-toulouse.fr\/index.php?rest_route=%2Fwp%2Fv2%2Fcomments&post=1164"}],"version-history":[{"count":158,"href":"https:\/\/saintfrancoisdassise-toulouse.fr\/index.php?rest_route=\/wp\/v2\/pages\/1164\/revisions"}],"predecessor-version":[{"id":2934,"href":"https:\/\/saintfrancoisdassise-toulouse.fr\/index.php?rest_route=\/wp\/v2\/pages\/1164\/revisions\/2934"}],"wp:attachment":[{"href":"https:\/\/saintfrancoisdassise-toulouse.fr\/index.php?rest_route=%2Fwp%2Fv2%2Fmedia&parent=1164"}],"curies":[{"name":"wp","href":"https:\/\/api.w.org\/{rel}","templated":true}]}}