{"id":1249,"date":"2024-03-16T17:32:46","date_gmt":"2024-03-16T16:32:46","guid":{"rendered":"https:\/\/saintfrancoisdassise-toulouse.fr\/?page_id=1249"},"modified":"2025-02-22T19:11:05","modified_gmt":"2025-02-22T18:11:05","slug":"histoire","status":"publish","type":"page","link":"https:\/\/saintfrancoisdassise-toulouse.fr\/?page_id=1249","title":{"rendered":"Histoire"},"content":{"rendered":"\t\t<div data-elementor-type=\"wp-page\" data-elementor-id=\"1249\" class=\"elementor elementor-1249\">\n\t\t\t\t<div class=\"elementor-element elementor-element-54d21fa4 e-flex e-con-boxed e-con e-parent\" data-id=\"54d21fa4\" data-element_type=\"container\" data-e-type=\"container\">\n\t\t\t\t\t<div class=\"e-con-inner\">\n\t\t\t\t<div class=\"elementor-element elementor-element-337960bb elementor-widget elementor-widget-text-editor\" data-id=\"337960bb\" data-element_type=\"widget\" data-e-type=\"widget\" data-widget_type=\"text-editor.default\">\n\t\t\t\t<div class=\"elementor-widget-container\">\n\t\t\t\t\t\t\t\t\t\n<p>C\u2019est suite \u00e0 l\u2019initiative de l\u2019abb\u00e9 Bertrand Delpy que sera construite l\u2019\u00e9glise Saint Fran\u00e7ois d\u2019Assise. Il confie sa r\u00e9alisation \u00e0 l\u2019architecte Joseph Raynaud dans le quartier Bonhoure \u00e0 Toulouse au 106 avenue Camille Pujol (ou au 37 avenue Raymond Naves). Le chantier, d\u00e9but\u00e9 en 1875 s\u2019ach\u00e8vera deux ans plus tard, sur une base de basilique du gothique m\u00e9ridional. L\u2019\u00e9glise se caract\u00e9rise par ses arcs-boutants. Elle comporte une abside pentagonale orient\u00e9e vers le midi, quatre trav\u00e9es et sept chapelles lat\u00e9rales. Artistes et donateurs paroissiens sont <a href=\"https:\/\/saintfrancoisdassise-toulouse.fr\/?page_id=1268\" data-type=\"page\" data-id=\"1268\">mis \u00e0 contribution<\/a> pour la construction de l\u2019\u00e9glise. L\u2019abb\u00e9 Erny, cur\u00e9 de la paroisse, r\u00e9alise d\u2019ailleurs de nombreux d\u00e9cors au pochoir entre 1922 et 1948 dont quelques piliers de la nef sont encore t\u00e9moins.<\/p>\n\n<p>En 1905, l\u2019\u00e9glise \u00e9chappe \u00e0 la nationalisation, elle est donn\u00e9e \u00e0 un la\u00efc qui la r\u00e9troc\u00e8dera en 1936 au dioc\u00e8se.<\/p>\n\n<p>En 1935 est ajout\u00e9e la quatri\u00e8me trav\u00e9e avec une fa\u00e7ade provisoire en vue d\u2019agrandissements. L\u2019ann\u00e9e suivante on installe dans le ch\u0153ur les cinq toiles maroufl\u00e9es r\u00e9alis\u00e9es par Andr\u00e9 Pierre Lupiac qui content la vie de Saint Fran\u00e7ois d\u2019Assise, dont une <a href=\"https:\/\/saintfrancoisdassise-toulouse.fr\/?page_id=1268\" data-type=\"page\" data-id=\"1268\">r\u00e9nov\u00e9e r\u00e9cemment<\/a>. Les 3 vitraux du ch\u0153ur repr\u00e9sentant aussi la vie du saint patron sont r\u00e9alis\u00e9s par le ma\u00eetre verrier Andr\u00e9 Rapp et sont install\u00e9s en 1943. Ils inspirent d\u2019ailleurs un po\u00e8me \u00e0 l\u2019artiste Gironella, un paroissien*. Les autres vitraux viennent de l\u2019atelier Saint Blancat.<\/p>\n\n<p>L\u2019\u00e9glise subit quelques modifications pour s\u2019adapter \u00e0 la r\u00e9forme liturgique de Vatican II \u00e0 partir de 1963 (disparition de la table de communion, avanc\u00e9e de l\u2019Autel). Deux des chapelles lat\u00e9rales de droite fusionnent pour devenir la chapelle du Saint Sacrement. La fa\u00e7ade est achev\u00e9e par la rosace de Christian Giscaro, et on installe derri\u00e8re l\u2019Autel une ic\u00f4ne \u00e9crite par Renata Mons, copie de la croix de San Damiano (basilique Sainte Claire d\u2019Assise).<\/p>\n\t\t\t\t\t\t\t\t<\/div>\n\t\t\t\t<\/div>\n\t\t\t\t\t<\/div>\n\t\t\t\t<\/div>\n\t\t<div class=\"elementor-element elementor-element-b36d30f e-flex e-con-boxed e-con e-parent\" data-id=\"b36d30f\" data-element_type=\"container\" data-e-type=\"container\">\n\t\t\t\t\t<div class=\"e-con-inner\">\n\t\t<div class=\"elementor-element elementor-element-89cf122 e-con-full e-flex e-con e-child\" data-id=\"89cf122\" data-element_type=\"container\" data-e-type=\"container\">\n\t\t\t\t<div class=\"elementor-element elementor-element-efa0781 elementor-widget elementor-widget-image\" data-id=\"efa0781\" data-element_type=\"widget\" data-e-type=\"widget\" data-widget_type=\"image.default\">\n\t\t\t\t<div class=\"elementor-widget-container\">\n\t\t\t\t\t\t\t\t\t\t\t\t\t\t\t<img fetchpriority=\"high\" decoding=\"async\" width=\"334\" height=\"779\" src=\"https:\/\/saintfrancoisdassise-toulouse.fr\/wp-content\/uploads\/2024\/12\/Vitrail.png\" class=\"attachment-large size-large wp-image-2467\" alt=\"\" srcset=\"https:\/\/saintfrancoisdassise-toulouse.fr\/wp-content\/uploads\/2024\/12\/Vitrail.png 334w, https:\/\/saintfrancoisdassise-toulouse.fr\/wp-content\/uploads\/2024\/12\/Vitrail-129x300.png 129w\" sizes=\"(max-width: 334px) 100vw, 334px\" \/>\t\t\t\t\t\t\t\t\t\t\t\t\t\t\t<\/div>\n\t\t\t\t<\/div>\n\t\t\t\t<\/div>\n\t\t\t\t<div class=\"elementor-element elementor-element-d4787aa elementor-widget elementor-widget-text-editor\" data-id=\"d4787aa\" data-element_type=\"widget\" data-e-type=\"widget\" data-widget_type=\"text-editor.default\">\n\t\t\t\t<div class=\"elementor-widget-container\">\n\t\t\t\t\t\t\t\t\t<h3>\u00a0<\/h3>\n<h3>\u00a0<\/h3>\n<h3>\u00a0<\/h3>\n<h3>\u00a0<\/h3>\n<h3>\u00a0<\/h3>\n<h3><em><u>Sous la splendeur des vitraux<\/u><\/em><\/h3>\n<p><em>\u00a0Intensit\u00e9 du bleu,<\/em><br \/><em>Rouge br\u00fblant\u00a0!<\/em><br \/><em>En extase les oiseaux [\u2026]<\/em><br \/><em>Mon regard fr\u00f4le le Tabernacle<\/em><br \/><em>Et s\u2019envole vers le vitrail<\/em><br \/><em>Devant sa pr\u00e9cieuse humilit\u00e9<\/em><br \/><em>Fran\u00e7ois devient grandiose\u00a0;<\/em><br \/><em>Il a fallu deux vitraux de plus<\/em><br \/><em>Pour bien cadrer<\/em><br \/><em>Ce feu d\u2019artifice d\u2019une \u00e2me<\/em><br \/><em>Grande comme la charit\u00e9,<\/em><br \/><em>Douce comme le sourire du Ma\u00eetre<\/em><br \/><em>Lorsqu\u2019il embrasse le l\u00e9preux.\u00a0<\/em><\/p>\n<p><strong>Po\u00e8me de Joaquim Vicens Gironella inspir\u00e9 par les vitraux de l\u2019\u00e9glise<\/strong><\/p>\t\t\t\t\t\t\t\t<\/div>\n\t\t\t\t<\/div>\n\t\t\t\t\t<\/div>\n\t\t\t\t<\/div>\n\t\t<div class=\"elementor-element elementor-element-efb71aa e-flex e-con-boxed e-con e-parent\" data-id=\"efb71aa\" data-element_type=\"container\" data-e-type=\"container\">\n\t\t\t\t\t<div class=\"e-con-inner\">\n\t\t\t\t<div class=\"elementor-element elementor-element-3548ef2 elementor-widget elementor-widget-text-editor\" data-id=\"3548ef2\" data-element_type=\"widget\" data-e-type=\"widget\" data-widget_type=\"text-editor.default\">\n\t\t\t\t<div class=\"elementor-widget-container\">\n\t\t\t\t\t\t\t\t\t<p><strong>Joaquim Vicens Gironella<\/strong><\/p>\n<p>N\u00e9 \u00e0 Agullana (province de G\u00e9rone) le 4 ao\u00fbt 1911, Gironella apprend aupr\u00e8s de son p\u00e8re artisan \u00e0 travailler le li\u00e8ge. Dans son adolescence, il \u00e9crit des pi\u00e8ces de th\u00e9\u00e2tre, des po\u00e8mes et des romans. Il suit des cours \u00e0 l\u2019\u00e9cole des Beaux-Arts de G\u00e9rone mais n\u2019ach\u00e8ve pas son cursus, pour reprendre son travail d\u2019ouvrier aupr\u00e8s de son p\u00e8re.<\/p>\n<p>Un peu avant le soul\u00e8vement de Franco, il milite dans les comit\u00e9s r\u00e9publicains de gauche jusqu\u2019\u00e0 son engagement politique avec son fr\u00e8re au Comit\u00e9 Antifasciste d\u2019Algullana. Au cours de la r\u00e9volution et la guerre civile espagnole, il adh\u00e8re au parti communiste de Catalogne (P.U.S.C.). Il est envoy\u00e9 au front et y r\u00e9dige dans le journal <em>Victoria<\/em> puis dans <em>El Combatiente del Este<\/em>. La victoire du camp adverse le pousse \u00e0 s\u2019exiler en France, o\u00f9 il est envoy\u00e9 au camp de Bram. Il y restera plus d\u2019un an.<\/p>\n<p>A sa sortie, Gironella se marie avec une espagnole exil\u00e9e, Paz Santiago Ruiz. Il abandonne sa p\u00e9riode de militantisme et commence \u00e0 sculpter de fa\u00e7on autodidacte en 1941. Il s\u2019essaye dans un premier temps \u00e0 l\u2019argile mais choisit tr\u00e8s vite de travailler ce qu\u2019il a toujours connu\u00a0: le li\u00e8ge. Ses \u0153uvres sont r\u00e9alis\u00e9es dans une seule pi\u00e8ce d\u2019\u00e9corce, et \u00e9voquent un des ces trois sujets\u00a0: le moyen \u00e2ge, la Bible ou sa terre natale. Son travail pla\u00eet d\u2019abord \u00e0 son employeur, Ren\u00e9 Lajus, responsable de l\u2019usine de fabrication de bouchons de li\u00e8ge. Puis, en 1948, Jean Dubuffet d\u00e9couvre ses \u0153uvres. Il en acquiert plusieurs qu\u2019il exposera au Foyer de l\u2019art brut.<\/p>\t\t\t\t\t\t\t\t<\/div>\n\t\t\t\t<\/div>\n\t\t\t\t\t<\/div>\n\t\t\t\t<\/div>\n\t\t<div class=\"elementor-element elementor-element-9d8dcc5 e-flex e-con-boxed e-con e-parent\" data-id=\"9d8dcc5\" data-element_type=\"container\" data-e-type=\"container\">\n\t\t\t\t\t<div class=\"e-con-inner\">\n\t\t<div class=\"elementor-element elementor-element-ff7376e e-con-full e-flex e-con e-child\" data-id=\"ff7376e\" data-element_type=\"container\" data-e-type=\"container\">\n\t\t\t\t<div class=\"elementor-element elementor-element-fbbf682 elementor-widget elementor-widget-image\" data-id=\"fbbf682\" data-element_type=\"widget\" data-e-type=\"widget\" data-widget_type=\"image.default\">\n\t\t\t\t<div class=\"elementor-widget-container\">\n\t\t\t\t\t\t\t\t\t\t\t\t\t\t\t<img decoding=\"async\" width=\"768\" height=\"1024\" src=\"https:\/\/saintfrancoisdassise-toulouse.fr\/wp-content\/uploads\/2024\/12\/IMG_6135-768x1024.jpg\" class=\"attachment-large size-large wp-image-2492\" alt=\"\" srcset=\"https:\/\/saintfrancoisdassise-toulouse.fr\/wp-content\/uploads\/2024\/12\/IMG_6135-768x1024.jpg 768w, https:\/\/saintfrancoisdassise-toulouse.fr\/wp-content\/uploads\/2024\/12\/IMG_6135-225x300.jpg 225w, https:\/\/saintfrancoisdassise-toulouse.fr\/wp-content\/uploads\/2024\/12\/IMG_6135-1152x1536.jpg 1152w, https:\/\/saintfrancoisdassise-toulouse.fr\/wp-content\/uploads\/2024\/12\/IMG_6135-1536x2048.jpg 1536w, https:\/\/saintfrancoisdassise-toulouse.fr\/wp-content\/uploads\/2024\/12\/IMG_6135-scaled.jpg 1920w\" sizes=\"(max-width: 768px) 100vw, 768px\" \/>\t\t\t\t\t\t\t\t\t\t\t\t\t\t\t<\/div>\n\t\t\t\t<\/div>\n\t\t\t\t<\/div>\n\t\t<div class=\"elementor-element elementor-element-c690374 e-con-full e-flex e-con e-child\" data-id=\"c690374\" data-element_type=\"container\" data-e-type=\"container\">\n\t\t\t\t<div class=\"elementor-element elementor-element-49665cf elementor-widget elementor-widget-text-editor\" data-id=\"49665cf\" data-element_type=\"widget\" data-e-type=\"widget\" data-widget_type=\"text-editor.default\">\n\t\t\t\t<div class=\"elementor-widget-container\">\n\t\t\t\t\t\t\t\t\t<p>\u00a0<\/p>\n<p>\u00a0<\/p>\n<p>\u00a0<\/p>\n<p>On observe aussi depuis l\u2019exil un changement au niveau de l\u2019expression de sa foi catholique favoris\u00e9e par son implantation proche de l&#8217;\u00e9glise Saint Fran\u00e7ois. Il r\u00e9side dans un premier temps au 54 rue Branly, puis s&#8217;installe au 34 rue Frayssinet. L\u00e0, il expose chaque ann\u00e9e sa cr\u00e8che sculpt\u00e9e en li\u00e8ge \u00e0 la fen\u00eatre de son rez-de-chauss\u00e9e, admir\u00e9e par les enfants du cat\u00e9chisme pendant l&#8217;avent. Il participe \u00e9galement \u00e0 la r\u00e9daction du <a href=\"https:\/\/saintfrancoisdassise-toulouse.fr\/?page_id=1601\">bulletin paroissial<\/a> en envoyant r\u00e9guli\u00e8rement des textes et des dessins, et fait don d&#8217;une de ses oeuvres \u00e0 la paroisse.<br \/>Ayant exerc\u00e9 divers m\u00e9tiers durant sa vie apr\u00e8s l\u2019industrie de la bouchonnerie\u00a0: peintre en b\u00e2timent, ouvrier d\u2019imprimerie, employ\u00e9 au Centre culturel de Toulouse, Gironella meurt \u00e0 Toulouse le 26 mai 1997.<\/p>\t\t\t\t\t\t\t\t<\/div>\n\t\t\t\t<\/div>\n\t\t\t\t<\/div>\n\t\t\t\t\t<\/div>\n\t\t\t\t<\/div>\n\t\t\t\t<\/div>\n\t\t","protected":false},"excerpt":{"rendered":"<p>C\u2019est suite \u00e0 l\u2019initiative de l\u2019abb\u00e9 Bertrand Delpy que sera construite l\u2019\u00e9glise Saint Fran\u00e7ois d\u2019Assise. Il confie sa r\u00e9alisation \u00e0 l\u2019architecte Joseph Raynaud dans le quartier Bonhoure \u00e0 Toulouse au 106 avenue Camille Pujol (ou au 37 avenue Raymond Naves). Le chantier, d\u00e9but\u00e9 en 1875 s\u2019ach\u00e8vera deux ans plus tard, sur une base de basilique du gothique m\u00e9ridional. L\u2019\u00e9glise se caract\u00e9rise par ses arcs-boutants. Elle comporte une abside pentagonale orient\u00e9e vers le midi, quatre trav\u00e9es et sept chapelles lat\u00e9rales. Artistes et donateurs paroissiens sont mis \u00e0 contribution pour la construction de l\u2019\u00e9glise. L\u2019abb\u00e9 Erny, cur\u00e9 de la paroisse, r\u00e9alise d\u2019ailleurs&#8230; <\/p>\n","protected":false},"author":2,"featured_media":0,"parent":0,"menu_order":0,"comment_status":"closed","ping_status":"closed","template":"template-parts\/page-template-full-width.php","meta":{"footnotes":""},"class_list":["post-1249","page","type-page","status-publish","hentry"],"yoast_head":"<!-- This site is optimized with the Yoast SEO plugin v24.4 - https:\/\/yoast.com\/wordpress\/plugins\/seo\/ -->\n<title>Histoire - Saint Fran\u00e7ois d&#039;Assise<\/title>\n<meta name=\"robots\" content=\"index, follow, max-snippet:-1, max-image-preview:large, max-video-preview:-1\" \/>\n<link rel=\"canonical\" href=\"https:\/\/saintfrancoisdassise-toulouse.fr\/?page_id=1249\" \/>\n<meta property=\"og:locale\" content=\"en_US\" \/>\n<meta property=\"og:type\" content=\"article\" \/>\n<meta property=\"og:title\" content=\"Histoire - Saint Fran\u00e7ois d&#039;Assise\" \/>\n<meta property=\"og:description\" content=\"C\u2019est suite \u00e0 l\u2019initiative de l\u2019abb\u00e9 Bertrand Delpy que sera construite l\u2019\u00e9glise Saint Fran\u00e7ois d\u2019Assise. Il confie sa r\u00e9alisation \u00e0 l\u2019architecte Joseph Raynaud dans le quartier Bonhoure \u00e0 Toulouse au 106 avenue Camille Pujol (ou au 37 avenue Raymond Naves). Le chantier, d\u00e9but\u00e9 en 1875 s\u2019ach\u00e8vera deux ans plus tard, sur une base de basilique du gothique m\u00e9ridional. L\u2019\u00e9glise se caract\u00e9rise par ses arcs-boutants. Elle comporte une abside pentagonale orient\u00e9e vers le midi, quatre trav\u00e9es et sept chapelles lat\u00e9rales. Artistes et donateurs paroissiens sont mis \u00e0 contribution pour la construction de l\u2019\u00e9glise. L\u2019abb\u00e9 Erny, cur\u00e9 de la paroisse, r\u00e9alise d\u2019ailleurs...\" \/>\n<meta property=\"og:url\" content=\"https:\/\/saintfrancoisdassise-toulouse.fr\/?page_id=1249\" \/>\n<meta property=\"og:site_name\" content=\"Saint Fran\u00e7ois d&#039;Assise\" \/>\n<meta property=\"article:modified_time\" content=\"2025-02-22T18:11:05+00:00\" \/>\n<meta property=\"og:image\" content=\"https:\/\/saintfrancoisdassise-toulouse.fr\/wp-content\/uploads\/2024\/12\/Vitrail.png\" \/>\n\t<meta property=\"og:image:width\" content=\"334\" \/>\n\t<meta property=\"og:image:height\" content=\"779\" \/>\n\t<meta property=\"og:image:type\" content=\"image\/png\" \/>\n<meta name=\"twitter:card\" content=\"summary_large_image\" \/>\n<meta name=\"twitter:label1\" content=\"Est. reading time\" \/>\n\t<meta name=\"twitter:data1\" content=\"5 minutes\" \/>\n<script type=\"application\/ld+json\" class=\"yoast-schema-graph\">{\"@context\":\"https:\/\/schema.org\",\"@graph\":[{\"@type\":\"WebPage\",\"@id\":\"https:\/\/saintfrancoisdassise-toulouse.fr\/?page_id=1249\",\"url\":\"https:\/\/saintfrancoisdassise-toulouse.fr\/?page_id=1249\",\"name\":\"Histoire - Saint Fran\u00e7ois d&#039;Assise\",\"isPartOf\":{\"@id\":\"https:\/\/saintfrancoisdassise-toulouse.fr\/#website\"},\"primaryImageOfPage\":{\"@id\":\"https:\/\/saintfrancoisdassise-toulouse.fr\/?page_id=1249#primaryimage\"},\"image\":{\"@id\":\"https:\/\/saintfrancoisdassise-toulouse.fr\/?page_id=1249#primaryimage\"},\"thumbnailUrl\":\"http:\/\/saintfrancoisdassise-toulouse.fr\/wp-content\/uploads\/2024\/12\/Vitrail.png\",\"datePublished\":\"2024-03-16T16:32:46+00:00\",\"dateModified\":\"2025-02-22T18:11:05+00:00\",\"breadcrumb\":{\"@id\":\"https:\/\/saintfrancoisdassise-toulouse.fr\/?page_id=1249#breadcrumb\"},\"inLanguage\":\"en-US\",\"potentialAction\":[{\"@type\":\"ReadAction\",\"target\":[\"https:\/\/saintfrancoisdassise-toulouse.fr\/?page_id=1249\"]}]},{\"@type\":\"ImageObject\",\"inLanguage\":\"en-US\",\"@id\":\"https:\/\/saintfrancoisdassise-toulouse.fr\/?page_id=1249#primaryimage\",\"url\":\"https:\/\/saintfrancoisdassise-toulouse.fr\/wp-content\/uploads\/2024\/12\/Vitrail.png\",\"contentUrl\":\"https:\/\/saintfrancoisdassise-toulouse.fr\/wp-content\/uploads\/2024\/12\/Vitrail.png\",\"width\":334,\"height\":779},{\"@type\":\"BreadcrumbList\",\"@id\":\"https:\/\/saintfrancoisdassise-toulouse.fr\/?page_id=1249#breadcrumb\",\"itemListElement\":[{\"@type\":\"ListItem\",\"position\":1,\"name\":\"Accueil\",\"item\":\"https:\/\/saintfrancoisdassise-toulouse.fr\/\"},{\"@type\":\"ListItem\",\"position\":2,\"name\":\"Histoire\"}]},{\"@type\":\"WebSite\",\"@id\":\"https:\/\/saintfrancoisdassise-toulouse.fr\/#website\",\"url\":\"https:\/\/saintfrancoisdassise-toulouse.fr\/\",\"name\":\"Saint Fran\u00e7ois d'Assise\",\"description\":\"106 bis avenue Camille Pujol, 31500 Toulouse\",\"potentialAction\":[{\"@type\":\"SearchAction\",\"target\":{\"@type\":\"EntryPoint\",\"urlTemplate\":\"https:\/\/saintfrancoisdassise-toulouse.fr\/?s={search_term_string}\"},\"query-input\":{\"@type\":\"PropertyValueSpecification\",\"valueRequired\":true,\"valueName\":\"search_term_string\"}}],\"inLanguage\":\"en-US\"}]}<\/script>\n<!-- \/ Yoast SEO plugin. -->","yoast_head_json":{"title":"Histoire - Saint Fran\u00e7ois d&#039;Assise","robots":{"index":"index","follow":"follow","max-snippet":"max-snippet:-1","max-image-preview":"max-image-preview:large","max-video-preview":"max-video-preview:-1"},"canonical":"https:\/\/saintfrancoisdassise-toulouse.fr\/?page_id=1249","og_locale":"en_US","og_type":"article","og_title":"Histoire - Saint Fran\u00e7ois d&#039;Assise","og_description":"C\u2019est suite \u00e0 l\u2019initiative de l\u2019abb\u00e9 Bertrand Delpy que sera construite l\u2019\u00e9glise Saint Fran\u00e7ois d\u2019Assise. Il confie sa r\u00e9alisation \u00e0 l\u2019architecte Joseph Raynaud dans le quartier Bonhoure \u00e0 Toulouse au 106 avenue Camille Pujol (ou au 37 avenue Raymond Naves). Le chantier, d\u00e9but\u00e9 en 1875 s\u2019ach\u00e8vera deux ans plus tard, sur une base de basilique du gothique m\u00e9ridional. L\u2019\u00e9glise se caract\u00e9rise par ses arcs-boutants. Elle comporte une abside pentagonale orient\u00e9e vers le midi, quatre trav\u00e9es et sept chapelles lat\u00e9rales. Artistes et donateurs paroissiens sont mis \u00e0 contribution pour la construction de l\u2019\u00e9glise. L\u2019abb\u00e9 Erny, cur\u00e9 de la paroisse, r\u00e9alise d\u2019ailleurs...","og_url":"https:\/\/saintfrancoisdassise-toulouse.fr\/?page_id=1249","og_site_name":"Saint Fran\u00e7ois d&#039;Assise","article_modified_time":"2025-02-22T18:11:05+00:00","og_image":[{"width":334,"height":779,"url":"https:\/\/saintfrancoisdassise-toulouse.fr\/wp-content\/uploads\/2024\/12\/Vitrail.png","type":"image\/png"}],"twitter_card":"summary_large_image","twitter_misc":{"Est. reading time":"5 minutes"},"schema":{"@context":"https:\/\/schema.org","@graph":[{"@type":"WebPage","@id":"https:\/\/saintfrancoisdassise-toulouse.fr\/?page_id=1249","url":"https:\/\/saintfrancoisdassise-toulouse.fr\/?page_id=1249","name":"Histoire - Saint Fran\u00e7ois d&#039;Assise","isPartOf":{"@id":"https:\/\/saintfrancoisdassise-toulouse.fr\/#website"},"primaryImageOfPage":{"@id":"https:\/\/saintfrancoisdassise-toulouse.fr\/?page_id=1249#primaryimage"},"image":{"@id":"https:\/\/saintfrancoisdassise-toulouse.fr\/?page_id=1249#primaryimage"},"thumbnailUrl":"http:\/\/saintfrancoisdassise-toulouse.fr\/wp-content\/uploads\/2024\/12\/Vitrail.png","datePublished":"2024-03-16T16:32:46+00:00","dateModified":"2025-02-22T18:11:05+00:00","breadcrumb":{"@id":"https:\/\/saintfrancoisdassise-toulouse.fr\/?page_id=1249#breadcrumb"},"inLanguage":"en-US","potentialAction":[{"@type":"ReadAction","target":["https:\/\/saintfrancoisdassise-toulouse.fr\/?page_id=1249"]}]},{"@type":"ImageObject","inLanguage":"en-US","@id":"https:\/\/saintfrancoisdassise-toulouse.fr\/?page_id=1249#primaryimage","url":"https:\/\/saintfrancoisdassise-toulouse.fr\/wp-content\/uploads\/2024\/12\/Vitrail.png","contentUrl":"https:\/\/saintfrancoisdassise-toulouse.fr\/wp-content\/uploads\/2024\/12\/Vitrail.png","width":334,"height":779},{"@type":"BreadcrumbList","@id":"https:\/\/saintfrancoisdassise-toulouse.fr\/?page_id=1249#breadcrumb","itemListElement":[{"@type":"ListItem","position":1,"name":"Accueil","item":"https:\/\/saintfrancoisdassise-toulouse.fr\/"},{"@type":"ListItem","position":2,"name":"Histoire"}]},{"@type":"WebSite","@id":"https:\/\/saintfrancoisdassise-toulouse.fr\/#website","url":"https:\/\/saintfrancoisdassise-toulouse.fr\/","name":"Saint Fran\u00e7ois d'Assise","description":"106 bis avenue Camille Pujol, 31500 Toulouse","potentialAction":[{"@type":"SearchAction","target":{"@type":"EntryPoint","urlTemplate":"https:\/\/saintfrancoisdassise-toulouse.fr\/?s={search_term_string}"},"query-input":{"@type":"PropertyValueSpecification","valueRequired":true,"valueName":"search_term_string"}}],"inLanguage":"en-US"}]}},"_links":{"self":[{"href":"https:\/\/saintfrancoisdassise-toulouse.fr\/index.php?rest_route=\/wp\/v2\/pages\/1249","targetHints":{"allow":["GET"]}}],"collection":[{"href":"https:\/\/saintfrancoisdassise-toulouse.fr\/index.php?rest_route=\/wp\/v2\/pages"}],"about":[{"href":"https:\/\/saintfrancoisdassise-toulouse.fr\/index.php?rest_route=\/wp\/v2\/types\/page"}],"author":[{"embeddable":true,"href":"https:\/\/saintfrancoisdassise-toulouse.fr\/index.php?rest_route=\/wp\/v2\/users\/2"}],"replies":[{"embeddable":true,"href":"https:\/\/saintfrancoisdassise-toulouse.fr\/index.php?rest_route=%2Fwp%2Fv2%2Fcomments&post=1249"}],"version-history":[{"count":39,"href":"https:\/\/saintfrancoisdassise-toulouse.fr\/index.php?rest_route=\/wp\/v2\/pages\/1249\/revisions"}],"predecessor-version":[{"id":2716,"href":"https:\/\/saintfrancoisdassise-toulouse.fr\/index.php?rest_route=\/wp\/v2\/pages\/1249\/revisions\/2716"}],"wp:attachment":[{"href":"https:\/\/saintfrancoisdassise-toulouse.fr\/index.php?rest_route=%2Fwp%2Fv2%2Fmedia&parent=1249"}],"curies":[{"name":"wp","href":"https:\/\/api.w.org\/{rel}","templated":true}]}}