{"id":1254,"date":"2024-03-16T17:35:46","date_gmt":"2024-03-16T16:35:46","guid":{"rendered":"https:\/\/saintfrancoisdassise-toulouse.fr\/?page_id=1254"},"modified":"2024-12-11T23:50:48","modified_gmt":"2024-12-11T22:50:48","slug":"une-histoire-pour-ses-habitants","status":"publish","type":"page","link":"https:\/\/saintfrancoisdassise-toulouse.fr\/?page_id=1254","title":{"rendered":"Une paroisse pour ses habitants"},"content":{"rendered":"\t\t<div data-elementor-type=\"wp-page\" data-elementor-id=\"1254\" class=\"elementor elementor-1254\">\n\t\t\t\t<div class=\"elementor-element elementor-element-a6ef8b9 e-flex e-con-boxed e-con e-parent\" data-id=\"a6ef8b9\" data-element_type=\"container\" data-e-type=\"container\">\n\t\t\t\t\t<div class=\"e-con-inner\">\n\t\t\t\t<div class=\"elementor-element elementor-element-6391199b elementor-widget elementor-widget-heading\" data-id=\"6391199b\" data-element_type=\"widget\" data-e-type=\"widget\" data-widget_type=\"heading.default\">\n\t\t\t\t<div class=\"elementor-widget-container\">\n\t\t\t\t\t<h1 class=\"elementor-heading-title elementor-size-default\">Une paroisse pour ses habitants<\/h1>\t\t\t\t<\/div>\n\t\t\t\t<\/div>\n\t\t\t\t\t<\/div>\n\t\t\t\t<\/div>\n\t\t<div class=\"elementor-element elementor-element-28ae655 e-flex e-con-boxed e-con e-parent\" data-id=\"28ae655\" data-element_type=\"container\" data-e-type=\"container\">\n\t\t\t\t\t<div class=\"e-con-inner\">\n\t\t\t\t<div class=\"elementor-element elementor-element-6e5a949 elementor-widget elementor-widget-text-editor\" data-id=\"6e5a949\" data-element_type=\"widget\" data-e-type=\"widget\" data-widget_type=\"text-editor.default\">\n\t\t\t\t<div class=\"elementor-widget-container\">\n\t\t\t\t\t\t\t\t\t<p>Bienvenue \u00e0 la paroisse Saint Fran\u00e7ois d&#8217;Assise de Toulouse ! Notre communaut\u00e9 catholique est un lieu de pri\u00e8res, de foi, de rencontres et de partages fraternels o\u00f9 chacun est accueilli comme il est.<\/p><p>Notre paroisse est situ\u00e9e dans un quartier r\u00e9sidentiel de la ville rose, dans un cadre paisible et chaleureux. Elle est compos\u00e9e de personnes du quartier, personnes \u00e2g\u00e9es, de jeunes familles avec des enfants, des adolescents, des jeunes professionnels et des familles d\u2019origines africaines et plusieurs communaut\u00e9s de religieuses install\u00e9es dans le quartier.<\/p><p>Nous sommes guid\u00e9s par la Parole de J\u00e9sus-Christ et la vie de Saint Fran\u00e7ois d&#8217;Assise, qui nous invitent \u00e0 vivre dans la simplicit\u00e9, la joie et l&#8217;amour du prochain. Notre communaut\u00e9 propose de nombreux services, accompagnements des enfants, adolescents, adultes et de nos a\u00een\u00e9s.<\/p><p>Nous avons \u00e0 c\u0153ur de porter la d\u00e9marche Laudato Si \u2013 Eglise verte.<\/p><p>Nous c\u00e9l\u00e9brons la messe tous les dimanches et les jours de f\u00eate et en semaine.<\/p><p>Nous sommes heureux de vous accueillir parmi nous, que vous soyez un fid\u00e8le r\u00e9gulier ou non, ou simplement de passage \u00e0 Toulouse. Notre communaut\u00e9 veut \u00eatre une famille unie et bienveillante, o\u00f9 chacun peut trouver sa place et vivre sa foi.<\/p><p>N&#8217;h\u00e9sitez pas \u00e0 nous contacter pour plus d&#8217;informations, ou \u00e0 venir nous rencontrer lors de nos c\u00e9l\u00e9brations ou \u00e9v\u00e9nements. Nous serons ravis de faire votre connaissance.<\/p>\t\t\t\t\t\t\t\t<\/div>\n\t\t\t\t<\/div>\n\t\t\t\t\t<\/div>\n\t\t\t\t<\/div>\n\t\t<div class=\"elementor-element elementor-element-4d34e69 e-flex e-con-boxed e-con e-parent\" data-id=\"4d34e69\" data-element_type=\"container\" data-e-type=\"container\">\n\t\t\t\t\t<div class=\"e-con-inner\">\n\t\t\t\t<div class=\"elementor-element elementor-element-108f80d elementor-widget elementor-widget-image\" data-id=\"108f80d\" data-element_type=\"widget\" data-e-type=\"widget\" data-widget_type=\"image.default\">\n\t\t\t\t<div class=\"elementor-widget-container\">\n\t\t\t\t\t\t\t\t\t\t\t\t\t\t\t<img fetchpriority=\"high\" decoding=\"async\" width=\"1024\" height=\"768\" src=\"https:\/\/saintfrancoisdassise-toulouse.fr\/wp-content\/uploads\/2024\/12\/Paroisse-1024x768.jpg\" class=\"attachment-large size-large wp-image-2488\" alt=\"\" srcset=\"https:\/\/saintfrancoisdassise-toulouse.fr\/wp-content\/uploads\/2024\/12\/Paroisse-1024x768.jpg 1024w, https:\/\/saintfrancoisdassise-toulouse.fr\/wp-content\/uploads\/2024\/12\/Paroisse-300x225.jpg 300w, https:\/\/saintfrancoisdassise-toulouse.fr\/wp-content\/uploads\/2024\/12\/Paroisse-768x576.jpg 768w, https:\/\/saintfrancoisdassise-toulouse.fr\/wp-content\/uploads\/2024\/12\/Paroisse-1536x1152.jpg 1536w, https:\/\/saintfrancoisdassise-toulouse.fr\/wp-content\/uploads\/2024\/12\/Paroisse-2048x1536.jpg 2048w\" sizes=\"(max-width: 1024px) 100vw, 1024px\" \/>\t\t\t\t\t\t\t\t\t\t\t\t\t\t\t<\/div>\n\t\t\t\t<\/div>\n\t\t\t\t\t<\/div>\n\t\t\t\t<\/div>\n\t\t\t\t<\/div>\n\t\t","protected":false},"excerpt":{"rendered":"<p>Une paroisse pour ses habitants Bienvenue \u00e0 la paroisse Saint Fran\u00e7ois d&#8217;Assise de Toulouse ! Notre communaut\u00e9 catholique est un lieu de pri\u00e8res, de foi, de rencontres et de partages fraternels o\u00f9 chacun est accueilli comme il est. Notre paroisse est situ\u00e9e dans un quartier r\u00e9sidentiel de la ville rose, dans un cadre paisible et chaleureux. Elle est compos\u00e9e de personnes du quartier, personnes \u00e2g\u00e9es, de jeunes familles avec des enfants, des adolescents, des jeunes professionnels et des familles d\u2019origines africaines et plusieurs communaut\u00e9s de religieuses install\u00e9es dans le quartier. Nous sommes guid\u00e9s par la Parole de J\u00e9sus-Christ et la&#8230; <\/p>\n","protected":false},"author":2,"featured_media":0,"parent":0,"menu_order":0,"comment_status":"closed","ping_status":"closed","template":"template-parts\/page-template-full-width.php","meta":{"footnotes":""},"class_list":["post-1254","page","type-page","status-publish","hentry"],"yoast_head":"<!-- This site is optimized with the Yoast SEO plugin v24.4 - https:\/\/yoast.com\/wordpress\/plugins\/seo\/ -->\n<title>Une paroisse pour ses habitants - Saint Fran\u00e7ois d&#039;Assise<\/title>\n<meta name=\"robots\" content=\"index, follow, max-snippet:-1, max-image-preview:large, max-video-preview:-1\" \/>\n<link rel=\"canonical\" href=\"https:\/\/saintfrancoisdassise-toulouse.fr\/?page_id=1254\" \/>\n<meta property=\"og:locale\" content=\"en_US\" \/>\n<meta property=\"og:type\" content=\"article\" \/>\n<meta property=\"og:title\" content=\"Une paroisse pour ses habitants - Saint Fran\u00e7ois d&#039;Assise\" \/>\n<meta property=\"og:description\" content=\"Une paroisse pour ses habitants Bienvenue \u00e0 la paroisse Saint Fran\u00e7ois d&#8217;Assise de Toulouse ! Notre communaut\u00e9 catholique est un lieu de pri\u00e8res, de foi, de rencontres et de partages fraternels o\u00f9 chacun est accueilli comme il est. Notre paroisse est situ\u00e9e dans un quartier r\u00e9sidentiel de la ville rose, dans un cadre paisible et chaleureux. Elle est compos\u00e9e de personnes du quartier, personnes \u00e2g\u00e9es, de jeunes familles avec des enfants, des adolescents, des jeunes professionnels et des familles d\u2019origines africaines et plusieurs communaut\u00e9s de religieuses install\u00e9es dans le quartier. Nous sommes guid\u00e9s par la Parole de J\u00e9sus-Christ et la...\" \/>\n<meta property=\"og:url\" content=\"https:\/\/saintfrancoisdassise-toulouse.fr\/?page_id=1254\" \/>\n<meta property=\"og:site_name\" content=\"Saint Fran\u00e7ois d&#039;Assise\" \/>\n<meta property=\"article:modified_time\" content=\"2024-12-11T22:50:48+00:00\" \/>\n<meta property=\"og:image\" content=\"http:\/\/saintfrancoisdassise-toulouse.fr\/wp-content\/uploads\/2024\/12\/Paroisse-1024x768.jpg\" \/>\n<meta name=\"twitter:card\" content=\"summary_large_image\" \/>\n<meta name=\"twitter:label1\" content=\"Est. reading time\" \/>\n\t<meta name=\"twitter:data1\" content=\"1 minute\" \/>\n<script type=\"application\/ld+json\" class=\"yoast-schema-graph\">{\"@context\":\"https:\/\/schema.org\",\"@graph\":[{\"@type\":\"WebPage\",\"@id\":\"https:\/\/saintfrancoisdassise-toulouse.fr\/?page_id=1254\",\"url\":\"https:\/\/saintfrancoisdassise-toulouse.fr\/?page_id=1254\",\"name\":\"Une paroisse pour ses habitants - Saint Fran\u00e7ois d&#039;Assise\",\"isPartOf\":{\"@id\":\"https:\/\/saintfrancoisdassise-toulouse.fr\/#website\"},\"primaryImageOfPage\":{\"@id\":\"https:\/\/saintfrancoisdassise-toulouse.fr\/?page_id=1254#primaryimage\"},\"image\":{\"@id\":\"https:\/\/saintfrancoisdassise-toulouse.fr\/?page_id=1254#primaryimage\"},\"thumbnailUrl\":\"http:\/\/saintfrancoisdassise-toulouse.fr\/wp-content\/uploads\/2024\/12\/Paroisse-1024x768.jpg\",\"datePublished\":\"2024-03-16T16:35:46+00:00\",\"dateModified\":\"2024-12-11T22:50:48+00:00\",\"breadcrumb\":{\"@id\":\"https:\/\/saintfrancoisdassise-toulouse.fr\/?page_id=1254#breadcrumb\"},\"inLanguage\":\"en-US\",\"potentialAction\":[{\"@type\":\"ReadAction\",\"target\":[\"https:\/\/saintfrancoisdassise-toulouse.fr\/?page_id=1254\"]}]},{\"@type\":\"ImageObject\",\"inLanguage\":\"en-US\",\"@id\":\"https:\/\/saintfrancoisdassise-toulouse.fr\/?page_id=1254#primaryimage\",\"url\":\"https:\/\/saintfrancoisdassise-toulouse.fr\/wp-content\/uploads\/2024\/12\/Paroisse-scaled.jpg\",\"contentUrl\":\"https:\/\/saintfrancoisdassise-toulouse.fr\/wp-content\/uploads\/2024\/12\/Paroisse-scaled.jpg\",\"width\":2560,\"height\":1920},{\"@type\":\"BreadcrumbList\",\"@id\":\"https:\/\/saintfrancoisdassise-toulouse.fr\/?page_id=1254#breadcrumb\",\"itemListElement\":[{\"@type\":\"ListItem\",\"position\":1,\"name\":\"Accueil\",\"item\":\"https:\/\/saintfrancoisdassise-toulouse.fr\/\"},{\"@type\":\"ListItem\",\"position\":2,\"name\":\"Une paroisse pour ses habitants\"}]},{\"@type\":\"WebSite\",\"@id\":\"https:\/\/saintfrancoisdassise-toulouse.fr\/#website\",\"url\":\"https:\/\/saintfrancoisdassise-toulouse.fr\/\",\"name\":\"Saint Fran\u00e7ois d'Assise\",\"description\":\"106 bis avenue Camille Pujol, 31500 Toulouse\",\"potentialAction\":[{\"@type\":\"SearchAction\",\"target\":{\"@type\":\"EntryPoint\",\"urlTemplate\":\"https:\/\/saintfrancoisdassise-toulouse.fr\/?s={search_term_string}\"},\"query-input\":{\"@type\":\"PropertyValueSpecification\",\"valueRequired\":true,\"valueName\":\"search_term_string\"}}],\"inLanguage\":\"en-US\"}]}<\/script>\n<!-- \/ Yoast SEO plugin. -->","yoast_head_json":{"title":"Une paroisse pour ses habitants - Saint Fran\u00e7ois d&#039;Assise","robots":{"index":"index","follow":"follow","max-snippet":"max-snippet:-1","max-image-preview":"max-image-preview:large","max-video-preview":"max-video-preview:-1"},"canonical":"https:\/\/saintfrancoisdassise-toulouse.fr\/?page_id=1254","og_locale":"en_US","og_type":"article","og_title":"Une paroisse pour ses habitants - Saint Fran\u00e7ois d&#039;Assise","og_description":"Une paroisse pour ses habitants Bienvenue \u00e0 la paroisse Saint Fran\u00e7ois d&#8217;Assise de Toulouse ! Notre communaut\u00e9 catholique est un lieu de pri\u00e8res, de foi, de rencontres et de partages fraternels o\u00f9 chacun est accueilli comme il est. Notre paroisse est situ\u00e9e dans un quartier r\u00e9sidentiel de la ville rose, dans un cadre paisible et chaleureux. Elle est compos\u00e9e de personnes du quartier, personnes \u00e2g\u00e9es, de jeunes familles avec des enfants, des adolescents, des jeunes professionnels et des familles d\u2019origines africaines et plusieurs communaut\u00e9s de religieuses install\u00e9es dans le quartier. Nous sommes guid\u00e9s par la Parole de J\u00e9sus-Christ et la...","og_url":"https:\/\/saintfrancoisdassise-toulouse.fr\/?page_id=1254","og_site_name":"Saint Fran\u00e7ois d&#039;Assise","article_modified_time":"2024-12-11T22:50:48+00:00","og_image":[{"url":"http:\/\/saintfrancoisdassise-toulouse.fr\/wp-content\/uploads\/2024\/12\/Paroisse-1024x768.jpg","type":"","width":"","height":""}],"twitter_card":"summary_large_image","twitter_misc":{"Est. reading time":"1 minute"},"schema":{"@context":"https:\/\/schema.org","@graph":[{"@type":"WebPage","@id":"https:\/\/saintfrancoisdassise-toulouse.fr\/?page_id=1254","url":"https:\/\/saintfrancoisdassise-toulouse.fr\/?page_id=1254","name":"Une paroisse pour ses habitants - Saint Fran\u00e7ois d&#039;Assise","isPartOf":{"@id":"https:\/\/saintfrancoisdassise-toulouse.fr\/#website"},"primaryImageOfPage":{"@id":"https:\/\/saintfrancoisdassise-toulouse.fr\/?page_id=1254#primaryimage"},"image":{"@id":"https:\/\/saintfrancoisdassise-toulouse.fr\/?page_id=1254#primaryimage"},"thumbnailUrl":"http:\/\/saintfrancoisdassise-toulouse.fr\/wp-content\/uploads\/2024\/12\/Paroisse-1024x768.jpg","datePublished":"2024-03-16T16:35:46+00:00","dateModified":"2024-12-11T22:50:48+00:00","breadcrumb":{"@id":"https:\/\/saintfrancoisdassise-toulouse.fr\/?page_id=1254#breadcrumb"},"inLanguage":"en-US","potentialAction":[{"@type":"ReadAction","target":["https:\/\/saintfrancoisdassise-toulouse.fr\/?page_id=1254"]}]},{"@type":"ImageObject","inLanguage":"en-US","@id":"https:\/\/saintfrancoisdassise-toulouse.fr\/?page_id=1254#primaryimage","url":"https:\/\/saintfrancoisdassise-toulouse.fr\/wp-content\/uploads\/2024\/12\/Paroisse-scaled.jpg","contentUrl":"https:\/\/saintfrancoisdassise-toulouse.fr\/wp-content\/uploads\/2024\/12\/Paroisse-scaled.jpg","width":2560,"height":1920},{"@type":"BreadcrumbList","@id":"https:\/\/saintfrancoisdassise-toulouse.fr\/?page_id=1254#breadcrumb","itemListElement":[{"@type":"ListItem","position":1,"name":"Accueil","item":"https:\/\/saintfrancoisdassise-toulouse.fr\/"},{"@type":"ListItem","position":2,"name":"Une paroisse pour ses habitants"}]},{"@type":"WebSite","@id":"https:\/\/saintfrancoisdassise-toulouse.fr\/#website","url":"https:\/\/saintfrancoisdassise-toulouse.fr\/","name":"Saint Fran\u00e7ois d'Assise","description":"106 bis avenue Camille Pujol, 31500 Toulouse","potentialAction":[{"@type":"SearchAction","target":{"@type":"EntryPoint","urlTemplate":"https:\/\/saintfrancoisdassise-toulouse.fr\/?s={search_term_string}"},"query-input":{"@type":"PropertyValueSpecification","valueRequired":true,"valueName":"search_term_string"}}],"inLanguage":"en-US"}]}},"_links":{"self":[{"href":"https:\/\/saintfrancoisdassise-toulouse.fr\/index.php?rest_route=\/wp\/v2\/pages\/1254","targetHints":{"allow":["GET"]}}],"collection":[{"href":"https:\/\/saintfrancoisdassise-toulouse.fr\/index.php?rest_route=\/wp\/v2\/pages"}],"about":[{"href":"https:\/\/saintfrancoisdassise-toulouse.fr\/index.php?rest_route=\/wp\/v2\/types\/page"}],"author":[{"embeddable":true,"href":"https:\/\/saintfrancoisdassise-toulouse.fr\/index.php?rest_route=\/wp\/v2\/users\/2"}],"replies":[{"embeddable":true,"href":"https:\/\/saintfrancoisdassise-toulouse.fr\/index.php?rest_route=%2Fwp%2Fv2%2Fcomments&post=1254"}],"version-history":[{"count":19,"href":"https:\/\/saintfrancoisdassise-toulouse.fr\/index.php?rest_route=\/wp\/v2\/pages\/1254\/revisions"}],"predecessor-version":[{"id":2491,"href":"https:\/\/saintfrancoisdassise-toulouse.fr\/index.php?rest_route=\/wp\/v2\/pages\/1254\/revisions\/2491"}],"wp:attachment":[{"href":"https:\/\/saintfrancoisdassise-toulouse.fr\/index.php?rest_route=%2Fwp%2Fv2%2Fmedia&parent=1254"}],"curies":[{"name":"wp","href":"https:\/\/api.w.org\/{rel}","templated":true}]}}