{"id":1268,"date":"2024-03-16T17:38:00","date_gmt":"2024-03-16T16:38:00","guid":{"rendered":"https:\/\/saintfrancoisdassise-toulouse.fr\/?page_id=1268"},"modified":"2026-03-29T21:35:32","modified_gmt":"2026-03-29T19:35:32","slug":"association-les-amis-de-st-francois","status":"publish","type":"page","link":"https:\/\/saintfrancoisdassise-toulouse.fr\/?page_id=1268","title":{"rendered":"Association les Amis de St Fran\u00e7ois"},"content":{"rendered":"\t\t<div data-elementor-type=\"wp-page\" data-elementor-id=\"1268\" class=\"elementor elementor-1268\">\n\t\t\t\t<div class=\"elementor-element elementor-element-795058da e-flex e-con-boxed e-con e-parent\" data-id=\"795058da\" data-element_type=\"container\" data-e-type=\"container\">\n\t\t\t\t\t<div class=\"e-con-inner\">\n\t\t\t\t<div class=\"elementor-element elementor-element-45c89c99 elementor-widget elementor-widget-heading\" data-id=\"45c89c99\" data-element_type=\"widget\" data-e-type=\"widget\" data-widget_type=\"heading.default\">\n\t\t\t\t<div class=\"elementor-widget-container\">\n\t\t\t\t\t<h1 class=\"elementor-heading-title elementor-size-default\">Association les Amis de St Fran\u00e7ois<\/h1>\t\t\t\t<\/div>\n\t\t\t\t<\/div>\n\t\t\t\t\t<\/div>\n\t\t\t\t<\/div>\n\t\t<div class=\"elementor-element elementor-element-693541d e-flex e-con-boxed e-con e-parent\" data-id=\"693541d\" data-element_type=\"container\" data-e-type=\"container\">\n\t\t\t\t\t<div class=\"e-con-inner\">\n\t\t<div class=\"elementor-element elementor-element-e984d18 e-con-full e-flex e-con e-child\" data-id=\"e984d18\" data-element_type=\"container\" data-e-type=\"container\">\n\t\t\t\t<div class=\"elementor-element elementor-element-32b35e7b elementor-widget__width-initial elementor-widget elementor-widget-image\" data-id=\"32b35e7b\" data-element_type=\"widget\" data-e-type=\"widget\" data-widget_type=\"image.default\">\n\t\t\t\t<div class=\"elementor-widget-container\">\n\t\t\t\t\t\t\t\t\t\t\t\t\t\t\t<img fetchpriority=\"high\" decoding=\"async\" width=\"1024\" height=\"683\" src=\"https:\/\/saintfrancoisdassise-toulouse.fr\/wp-content\/uploads\/2026\/03\/tableau-st-f-1024x683.jpg\" class=\"attachment-large size-large wp-image-2924\" alt=\"\" srcset=\"https:\/\/saintfrancoisdassise-toulouse.fr\/wp-content\/uploads\/2026\/03\/tableau-st-f-1024x683.jpg 1024w, https:\/\/saintfrancoisdassise-toulouse.fr\/wp-content\/uploads\/2026\/03\/tableau-st-f-300x200.jpg 300w, https:\/\/saintfrancoisdassise-toulouse.fr\/wp-content\/uploads\/2026\/03\/tableau-st-f-768x512.jpg 768w, https:\/\/saintfrancoisdassise-toulouse.fr\/wp-content\/uploads\/2026\/03\/tableau-st-f-1536x1024.jpg 1536w, https:\/\/saintfrancoisdassise-toulouse.fr\/wp-content\/uploads\/2026\/03\/tableau-st-f.jpg 1920w\" sizes=\"(max-width: 1024px) 100vw, 1024px\" \/>\t\t\t\t\t\t\t\t\t\t\t\t\t\t\t<\/div>\n\t\t\t\t<\/div>\n\t\t\t\t<\/div>\n\t\t<div class=\"elementor-element elementor-element-5efc71b e-con-full e-flex e-con e-child\" data-id=\"5efc71b\" data-element_type=\"container\" data-e-type=\"container\">\n\t\t\t\t<div class=\"elementor-element elementor-element-45eb8449 elementor-widget elementor-widget-text-editor\" data-id=\"45eb8449\" data-element_type=\"widget\" data-e-type=\"widget\" data-widget_type=\"text-editor.default\">\n\t\t\t\t<div class=\"elementor-widget-container\">\n\t\t\t\t\t\t\t\t\t<p>L\u2019\u00e9glise Saint-Fran\u00e7ois d\u2019Assise <u>appartient au dioc\u00e8se de Toulouse <\/u>\u00e0 qui revient la charge de l\u2019entretien et des travaux.<\/p><p>En <strong>1967<\/strong>, l\u2019Association des <strong><u>Amis de Saint-Fran\u00e7ois d\u2019Assise<\/u><\/strong> (loi de 1901) a \u00e9t\u00e9 cr\u00e9\u00e9e pour apporter son soutien \u00e0 l\u2019entretien, la sauvegarde et la valorisation de l\u2019\u00e9glise et de son patrimoine.<\/p><p>\u00c0 ce titre, elle peut recevoir des dons des particuliers et des subventions des pouvoirs publics, et \u00e9mettre des <em><u>re\u00e7us fiscaux<\/u><\/em>.<\/p>\t\t\t\t\t\t\t\t<\/div>\n\t\t\t\t<\/div>\n\t\t\t\t<\/div>\n\t\t\t\t\t<\/div>\n\t\t\t\t<\/div>\n\t\t<div class=\"elementor-element elementor-element-dac3b24 e-flex e-con-boxed e-con e-parent\" data-id=\"dac3b24\" data-element_type=\"container\" data-e-type=\"container\">\n\t\t\t\t\t<div class=\"e-con-inner\">\n\t\t\t\t<div class=\"elementor-element elementor-element-9253cf2 elementor-widget elementor-widget-text-editor\" data-id=\"9253cf2\" data-element_type=\"widget\" data-e-type=\"widget\" data-widget_type=\"text-editor.default\">\n\t\t\t\t<div class=\"elementor-widget-container\">\n\t\t\t\t\t\t\t\t\t<p>L\u2019Association a aussi pour but de <strong><u>resserrer les liens d\u2019amiti\u00e9s entre les paroissiens et <a href=\"https:\/\/saintfrancoisdassise-toulouse.fr\/?page_id=1254\">les habitants du quartier<\/a><\/u><\/strong><u> (<\/u>visites de l\u2019\u00c9glise, verres de l\u2019amiti\u00e9, \u00e9v\u00e8nements culturels\u2026).<\/p><p>Gr\u00e2ce \u00e0 la g\u00e9n\u00e9rosit\u00e9 des donateurs de l\u2019Association, on remarquera la r\u00e9novation des 8 chapelles lat\u00e9rales, de l\u2019\u00e9clairage de l\u2019\u00e9glise et la r\u00e9fection de l\u2019orgue et la restauration de la toile centrale repr\u00e9sentant l&#8217;apoth\u00e9ose de St Fran\u00e7ois. En 2025 ce projet devrait se poursuivre avec la restauration des autres toiles du ch\u0153ur.<\/p>\t\t\t\t\t\t\t\t<\/div>\n\t\t\t\t<\/div>\n\t\t\t\t\t<\/div>\n\t\t\t\t<\/div>\n\t\t<div class=\"elementor-element elementor-element-7f76f5bf e-flex e-con-boxed e-con e-parent\" data-id=\"7f76f5bf\" data-element_type=\"container\" data-e-type=\"container\" data-settings=\"{&quot;background_background&quot;:&quot;classic&quot;}\">\n\t\t\t\t\t<div class=\"e-con-inner\">\n\t\t<div class=\"elementor-element elementor-element-305424a8 e-flex e-con-boxed e-con e-child\" data-id=\"305424a8\" data-element_type=\"container\" data-e-type=\"container\" data-settings=\"{&quot;background_background&quot;:&quot;classic&quot;}\">\n\t\t\t\t\t<div class=\"e-con-inner\">\n\t\t\t\t<div class=\"elementor-element elementor-element-3646acae elementor-widget elementor-widget-text-editor\" data-id=\"3646acae\" data-element_type=\"widget\" data-e-type=\"widget\" data-widget_type=\"text-editor.default\">\n\t\t\t\t<div class=\"elementor-widget-container\">\n\t\t\t\t\t\t\t\t\tPour nous contacter : <a style=\"color: #ffffff; text-decoration-line: underline;\" href=\"mailto:associationasf@protonmail.com\"><u>associationasf@protonmail.com<\/u><\/a>\n<br>\n<br>\nPour faire un don : <span style=\"color: #ffffff;\"><a style=\"color: #ffffff; text-decoration-line: underline;\" href=\"https:\/\/www.helloasso.com\/associations\/association-des-amis-de-saint-francois-d-assise\/formulaires\/3\" target=\"_blank\" rel=\"noopener\">https:\/\/www.helloasso.com\/associations\/association-des-amis-de-saint-francois-d-assise\/formulaires\/3 <\/a><\/span>\t\t\t\t\t\t\t\t<\/div>\n\t\t\t\t<\/div>\n\t\t\t\t\t<\/div>\n\t\t\t\t<\/div>\n\t\t\t\t\t<\/div>\n\t\t\t\t<\/div>\n\t\t\t\t<\/div>\n\t\t","protected":false},"excerpt":{"rendered":"<p>Association les Amis de St Fran\u00e7ois L\u2019\u00e9glise Saint-Fran\u00e7ois d\u2019Assise appartient au dioc\u00e8se de Toulouse \u00e0 qui revient la charge de l\u2019entretien et des travaux. En 1967, l\u2019Association des Amis de Saint-Fran\u00e7ois d\u2019Assise (loi de 1901) a \u00e9t\u00e9 cr\u00e9\u00e9e pour apporter son soutien \u00e0 l\u2019entretien, la sauvegarde et la valorisation de l\u2019\u00e9glise et de son patrimoine. \u00c0 ce titre, elle peut recevoir des dons des particuliers et des subventions des pouvoirs publics, et \u00e9mettre des re\u00e7us fiscaux. L\u2019Association a aussi pour but de resserrer les liens d\u2019amiti\u00e9s entre les paroissiens et les habitants du quartier (visites de l\u2019\u00c9glise, verres de l\u2019amiti\u00e9,&#8230; <\/p>\n","protected":false},"author":2,"featured_media":0,"parent":0,"menu_order":0,"comment_status":"closed","ping_status":"closed","template":"template-parts\/page-template-full-width.php","meta":{"footnotes":""},"class_list":["post-1268","page","type-page","status-publish","hentry"],"yoast_head":"<!-- This site is optimized with the Yoast SEO plugin v24.4 - https:\/\/yoast.com\/wordpress\/plugins\/seo\/ -->\n<title>Association les Amis de St Fran\u00e7ois - Saint Fran\u00e7ois d&#039;Assise<\/title>\n<meta name=\"robots\" content=\"index, follow, max-snippet:-1, max-image-preview:large, max-video-preview:-1\" \/>\n<link rel=\"canonical\" href=\"https:\/\/saintfrancoisdassise-toulouse.fr\/?page_id=1268\" \/>\n<meta property=\"og:locale\" content=\"en_US\" \/>\n<meta property=\"og:type\" content=\"article\" \/>\n<meta property=\"og:title\" content=\"Association les Amis de St Fran\u00e7ois - Saint Fran\u00e7ois d&#039;Assise\" \/>\n<meta property=\"og:description\" content=\"Association les Amis de St Fran\u00e7ois L\u2019\u00e9glise Saint-Fran\u00e7ois d\u2019Assise appartient au dioc\u00e8se de Toulouse \u00e0 qui revient la charge de l\u2019entretien et des travaux. En 1967, l\u2019Association des Amis de Saint-Fran\u00e7ois d\u2019Assise (loi de 1901) a \u00e9t\u00e9 cr\u00e9\u00e9e pour apporter son soutien \u00e0 l\u2019entretien, la sauvegarde et la valorisation de l\u2019\u00e9glise et de son patrimoine. \u00c0 ce titre, elle peut recevoir des dons des particuliers et des subventions des pouvoirs publics, et \u00e9mettre des re\u00e7us fiscaux. L\u2019Association a aussi pour but de resserrer les liens d\u2019amiti\u00e9s entre les paroissiens et les habitants du quartier (visites de l\u2019\u00c9glise, verres de l\u2019amiti\u00e9,...\" \/>\n<meta property=\"og:url\" content=\"https:\/\/saintfrancoisdassise-toulouse.fr\/?page_id=1268\" \/>\n<meta property=\"og:site_name\" content=\"Saint Fran\u00e7ois d&#039;Assise\" \/>\n<meta property=\"article:modified_time\" content=\"2026-03-29T19:35:32+00:00\" \/>\n<meta property=\"og:image\" content=\"https:\/\/saintfrancoisdassise-toulouse.fr\/wp-content\/uploads\/2026\/03\/tableau-st-f.jpg\" \/>\n\t<meta property=\"og:image:width\" content=\"1920\" \/>\n\t<meta property=\"og:image:height\" content=\"1280\" \/>\n\t<meta property=\"og:image:type\" content=\"image\/jpeg\" \/>\n<meta name=\"twitter:card\" content=\"summary_large_image\" \/>\n<meta name=\"twitter:label1\" content=\"Est. reading time\" \/>\n\t<meta name=\"twitter:data1\" content=\"1 minute\" \/>\n<script type=\"application\/ld+json\" class=\"yoast-schema-graph\">{\"@context\":\"https:\/\/schema.org\",\"@graph\":[{\"@type\":\"WebPage\",\"@id\":\"https:\/\/saintfrancoisdassise-toulouse.fr\/?page_id=1268\",\"url\":\"https:\/\/saintfrancoisdassise-toulouse.fr\/?page_id=1268\",\"name\":\"Association les Amis de St Fran\u00e7ois - Saint Fran\u00e7ois d&#039;Assise\",\"isPartOf\":{\"@id\":\"https:\/\/saintfrancoisdassise-toulouse.fr\/#website\"},\"primaryImageOfPage\":{\"@id\":\"https:\/\/saintfrancoisdassise-toulouse.fr\/?page_id=1268#primaryimage\"},\"image\":{\"@id\":\"https:\/\/saintfrancoisdassise-toulouse.fr\/?page_id=1268#primaryimage\"},\"thumbnailUrl\":\"http:\/\/saintfrancoisdassise-toulouse.fr\/wp-content\/uploads\/2026\/03\/tableau-st-f-1024x683.jpg\",\"datePublished\":\"2024-03-16T16:38:00+00:00\",\"dateModified\":\"2026-03-29T19:35:32+00:00\",\"breadcrumb\":{\"@id\":\"https:\/\/saintfrancoisdassise-toulouse.fr\/?page_id=1268#breadcrumb\"},\"inLanguage\":\"en-US\",\"potentialAction\":[{\"@type\":\"ReadAction\",\"target\":[\"https:\/\/saintfrancoisdassise-toulouse.fr\/?page_id=1268\"]}]},{\"@type\":\"ImageObject\",\"inLanguage\":\"en-US\",\"@id\":\"https:\/\/saintfrancoisdassise-toulouse.fr\/?page_id=1268#primaryimage\",\"url\":\"https:\/\/saintfrancoisdassise-toulouse.fr\/wp-content\/uploads\/2026\/03\/tableau-st-f.jpg\",\"contentUrl\":\"https:\/\/saintfrancoisdassise-toulouse.fr\/wp-content\/uploads\/2026\/03\/tableau-st-f.jpg\",\"width\":1920,\"height\":1280},{\"@type\":\"BreadcrumbList\",\"@id\":\"https:\/\/saintfrancoisdassise-toulouse.fr\/?page_id=1268#breadcrumb\",\"itemListElement\":[{\"@type\":\"ListItem\",\"position\":1,\"name\":\"Accueil\",\"item\":\"https:\/\/saintfrancoisdassise-toulouse.fr\/\"},{\"@type\":\"ListItem\",\"position\":2,\"name\":\"Association les Amis de St Fran\u00e7ois\"}]},{\"@type\":\"WebSite\",\"@id\":\"https:\/\/saintfrancoisdassise-toulouse.fr\/#website\",\"url\":\"https:\/\/saintfrancoisdassise-toulouse.fr\/\",\"name\":\"Saint Fran\u00e7ois d'Assise\",\"description\":\"106 bis avenue Camille Pujol, 31500 Toulouse\",\"potentialAction\":[{\"@type\":\"SearchAction\",\"target\":{\"@type\":\"EntryPoint\",\"urlTemplate\":\"https:\/\/saintfrancoisdassise-toulouse.fr\/?s={search_term_string}\"},\"query-input\":{\"@type\":\"PropertyValueSpecification\",\"valueRequired\":true,\"valueName\":\"search_term_string\"}}],\"inLanguage\":\"en-US\"}]}<\/script>\n<!-- \/ Yoast SEO plugin. -->","yoast_head_json":{"title":"Association les Amis de St Fran\u00e7ois - Saint Fran\u00e7ois d&#039;Assise","robots":{"index":"index","follow":"follow","max-snippet":"max-snippet:-1","max-image-preview":"max-image-preview:large","max-video-preview":"max-video-preview:-1"},"canonical":"https:\/\/saintfrancoisdassise-toulouse.fr\/?page_id=1268","og_locale":"en_US","og_type":"article","og_title":"Association les Amis de St Fran\u00e7ois - Saint Fran\u00e7ois d&#039;Assise","og_description":"Association les Amis de St Fran\u00e7ois L\u2019\u00e9glise Saint-Fran\u00e7ois d\u2019Assise appartient au dioc\u00e8se de Toulouse \u00e0 qui revient la charge de l\u2019entretien et des travaux. En 1967, l\u2019Association des Amis de Saint-Fran\u00e7ois d\u2019Assise (loi de 1901) a \u00e9t\u00e9 cr\u00e9\u00e9e pour apporter son soutien \u00e0 l\u2019entretien, la sauvegarde et la valorisation de l\u2019\u00e9glise et de son patrimoine. \u00c0 ce titre, elle peut recevoir des dons des particuliers et des subventions des pouvoirs publics, et \u00e9mettre des re\u00e7us fiscaux. L\u2019Association a aussi pour but de resserrer les liens d\u2019amiti\u00e9s entre les paroissiens et les habitants du quartier (visites de l\u2019\u00c9glise, verres de l\u2019amiti\u00e9,...","og_url":"https:\/\/saintfrancoisdassise-toulouse.fr\/?page_id=1268","og_site_name":"Saint Fran\u00e7ois d&#039;Assise","article_modified_time":"2026-03-29T19:35:32+00:00","og_image":[{"width":1920,"height":1280,"url":"https:\/\/saintfrancoisdassise-toulouse.fr\/wp-content\/uploads\/2026\/03\/tableau-st-f.jpg","type":"image\/jpeg"}],"twitter_card":"summary_large_image","twitter_misc":{"Est. reading time":"1 minute"},"schema":{"@context":"https:\/\/schema.org","@graph":[{"@type":"WebPage","@id":"https:\/\/saintfrancoisdassise-toulouse.fr\/?page_id=1268","url":"https:\/\/saintfrancoisdassise-toulouse.fr\/?page_id=1268","name":"Association les Amis de St Fran\u00e7ois - Saint Fran\u00e7ois d&#039;Assise","isPartOf":{"@id":"https:\/\/saintfrancoisdassise-toulouse.fr\/#website"},"primaryImageOfPage":{"@id":"https:\/\/saintfrancoisdassise-toulouse.fr\/?page_id=1268#primaryimage"},"image":{"@id":"https:\/\/saintfrancoisdassise-toulouse.fr\/?page_id=1268#primaryimage"},"thumbnailUrl":"http:\/\/saintfrancoisdassise-toulouse.fr\/wp-content\/uploads\/2026\/03\/tableau-st-f-1024x683.jpg","datePublished":"2024-03-16T16:38:00+00:00","dateModified":"2026-03-29T19:35:32+00:00","breadcrumb":{"@id":"https:\/\/saintfrancoisdassise-toulouse.fr\/?page_id=1268#breadcrumb"},"inLanguage":"en-US","potentialAction":[{"@type":"ReadAction","target":["https:\/\/saintfrancoisdassise-toulouse.fr\/?page_id=1268"]}]},{"@type":"ImageObject","inLanguage":"en-US","@id":"https:\/\/saintfrancoisdassise-toulouse.fr\/?page_id=1268#primaryimage","url":"https:\/\/saintfrancoisdassise-toulouse.fr\/wp-content\/uploads\/2026\/03\/tableau-st-f.jpg","contentUrl":"https:\/\/saintfrancoisdassise-toulouse.fr\/wp-content\/uploads\/2026\/03\/tableau-st-f.jpg","width":1920,"height":1280},{"@type":"BreadcrumbList","@id":"https:\/\/saintfrancoisdassise-toulouse.fr\/?page_id=1268#breadcrumb","itemListElement":[{"@type":"ListItem","position":1,"name":"Accueil","item":"https:\/\/saintfrancoisdassise-toulouse.fr\/"},{"@type":"ListItem","position":2,"name":"Association les Amis de St Fran\u00e7ois"}]},{"@type":"WebSite","@id":"https:\/\/saintfrancoisdassise-toulouse.fr\/#website","url":"https:\/\/saintfrancoisdassise-toulouse.fr\/","name":"Saint Fran\u00e7ois d'Assise","description":"106 bis avenue Camille Pujol, 31500 Toulouse","potentialAction":[{"@type":"SearchAction","target":{"@type":"EntryPoint","urlTemplate":"https:\/\/saintfrancoisdassise-toulouse.fr\/?s={search_term_string}"},"query-input":{"@type":"PropertyValueSpecification","valueRequired":true,"valueName":"search_term_string"}}],"inLanguage":"en-US"}]}},"_links":{"self":[{"href":"https:\/\/saintfrancoisdassise-toulouse.fr\/index.php?rest_route=\/wp\/v2\/pages\/1268","targetHints":{"allow":["GET"]}}],"collection":[{"href":"https:\/\/saintfrancoisdassise-toulouse.fr\/index.php?rest_route=\/wp\/v2\/pages"}],"about":[{"href":"https:\/\/saintfrancoisdassise-toulouse.fr\/index.php?rest_route=\/wp\/v2\/types\/page"}],"author":[{"embeddable":true,"href":"https:\/\/saintfrancoisdassise-toulouse.fr\/index.php?rest_route=\/wp\/v2\/users\/2"}],"replies":[{"embeddable":true,"href":"https:\/\/saintfrancoisdassise-toulouse.fr\/index.php?rest_route=%2Fwp%2Fv2%2Fcomments&post=1268"}],"version-history":[{"count":79,"href":"https:\/\/saintfrancoisdassise-toulouse.fr\/index.php?rest_route=\/wp\/v2\/pages\/1268\/revisions"}],"predecessor-version":[{"id":2927,"href":"https:\/\/saintfrancoisdassise-toulouse.fr\/index.php?rest_route=\/wp\/v2\/pages\/1268\/revisions\/2927"}],"wp:attachment":[{"href":"https:\/\/saintfrancoisdassise-toulouse.fr\/index.php?rest_route=%2Fwp%2Fv2%2Fmedia&parent=1268"}],"curies":[{"name":"wp","href":"https:\/\/api.w.org\/{rel}","templated":true}]}}