{"id":1279,"date":"2024-03-16T17:44:55","date_gmt":"2024-03-16T16:44:55","guid":{"rendered":"https:\/\/saintfrancoisdassise-toulouse.fr\/?page_id=1279"},"modified":"2024-08-29T18:48:52","modified_gmt":"2024-08-29T16:48:52","slug":"soeurs-bleues-de-castres","status":"publish","type":"page","link":"https:\/\/saintfrancoisdassise-toulouse.fr\/?page_id=1279","title":{"rendered":"S\u0153urs Bleues de Castres"},"content":{"rendered":"\t\t<div data-elementor-type=\"wp-page\" data-elementor-id=\"1279\" class=\"elementor elementor-1279\">\n\t\t\t\t<div class=\"elementor-element elementor-element-1ba983f2 e-flex e-con-boxed e-con e-parent\" data-id=\"1ba983f2\" data-element_type=\"container\" data-e-type=\"container\">\n\t\t\t\t\t<div class=\"e-con-inner\">\n\t\t\t\t<div class=\"elementor-element elementor-element-6e61d96b elementor-widget elementor-widget-heading\" data-id=\"6e61d96b\" data-element_type=\"widget\" data-e-type=\"widget\" data-widget_type=\"heading.default\">\n\t\t\t\t<div class=\"elementor-widget-container\">\n\t\t\t\t\t<h1 class=\"elementor-heading-title elementor-size-default\"><span style=\"font-weight:normal\"><p dir=\"ltr\" style=\"line-height:1.295;margin-top:0pt;margin-bottom:8pt\"><span style=\"text-align: var(--text-align);font-weight: 600\">Soeurs Bleues de Castres<\/span><\/p><\/span><\/h1>\t\t\t\t<\/div>\n\t\t\t\t<\/div>\n\t\t\t\t\t<\/div>\n\t\t\t\t<\/div>\n\t\t<div class=\"elementor-element elementor-element-11697a2 e-flex e-con-boxed e-con e-parent\" data-id=\"11697a2\" data-element_type=\"container\" data-e-type=\"container\">\n\t\t\t\t\t<div class=\"e-con-inner\">\n\t\t<div class=\"elementor-element elementor-element-10b5078c e-con-full e-flex e-con e-child\" data-id=\"10b5078c\" data-element_type=\"container\" data-e-type=\"container\">\n\t\t\t\t<div class=\"elementor-element elementor-element-160e0405 elementor-widget elementor-widget-image\" data-id=\"160e0405\" data-element_type=\"widget\" data-e-type=\"widget\" data-widget_type=\"image.default\">\n\t\t\t\t<div class=\"elementor-widget-container\">\n\t\t\t\t\t\t\t\t\t\t\t\t\t\t\t<img fetchpriority=\"high\" decoding=\"async\" width=\"1024\" height=\"974\" src=\"https:\/\/saintfrancoisdassise-toulouse.fr\/wp-content\/uploads\/2024\/07\/20240519_200935-2-1-1024x974.jpg\" class=\"attachment-large size-large wp-image-1786\" alt=\"\" srcset=\"https:\/\/saintfrancoisdassise-toulouse.fr\/wp-content\/uploads\/2024\/07\/20240519_200935-2-1-1024x974.jpg 1024w, https:\/\/saintfrancoisdassise-toulouse.fr\/wp-content\/uploads\/2024\/07\/20240519_200935-2-1-300x285.jpg 300w, https:\/\/saintfrancoisdassise-toulouse.fr\/wp-content\/uploads\/2024\/07\/20240519_200935-2-1-768x730.jpg 768w, https:\/\/saintfrancoisdassise-toulouse.fr\/wp-content\/uploads\/2024\/07\/20240519_200935-2-1-1536x1461.jpg 1536w, https:\/\/saintfrancoisdassise-toulouse.fr\/wp-content\/uploads\/2024\/07\/20240519_200935-2-1-2048x1947.jpg 2048w\" sizes=\"(max-width: 1024px) 100vw, 1024px\" \/>\t\t\t\t\t\t\t\t\t\t\t\t\t\t\t<\/div>\n\t\t\t\t<\/div>\n\t\t\t\t<\/div>\n\t\t<div class=\"elementor-element elementor-element-76f5004f e-con-full e-flex e-con e-child\" data-id=\"76f5004f\" data-element_type=\"container\" data-e-type=\"container\">\n\t\t\t\t<div class=\"elementor-element elementor-element-4c6be75a elementor-widget elementor-widget-text-editor\" data-id=\"4c6be75a\" data-element_type=\"widget\" data-e-type=\"widget\" data-widget_type=\"text-editor.default\">\n\t\t\t\t<div class=\"elementor-widget-container\">\n\t\t\t\t\t\t\t\t\t<p>Fond\u00e9e en 1836 \u00e0 Castres par Sainte Jeanne-\u00c9milie de Villeneuve, la congr\u00e9gation Notre-Dame de l&#8217;Immacul\u00e9e Conception est pr\u00e9sente sur quatre continents, portant un message d&#8217;amour et d&#8217;esp\u00e9rance. Guid\u00e9es par la devise &#8220;Dieu Seul&#8221;, les S\u0153urs Bleues, comme on les appelle, consacrent leur vie \u00e0 l&#8217;\u00e9ducation, aux soins et \u00e0 l&#8217;accompagnement des plus d\u00e9munis.<\/p><p>En ao\u00fbt 2020, notre communaut\u00e9 s\u2019est \u00e9tablie au 81 Avenue Camille Pujol \u00e0 Toulouse. Depuis peu nous sommes 4 suite \u00e0 l\u2019alliance faite avec la congr\u00e9gation des filles de J\u00e9sus de Massac.<\/p><p>Nous sommes investis dans la vie de la paroisse : EAP, cat\u00e9chum\u00e9nat, S.E.M (Service Evang\u00e9lique des Malades), chorale et sacristie. Nous participons aussi au Secours Catholique \u00e0 l&#8217;association \u201c petits fr\u00e8res des Pauvres \u201det M\u00e9decins du Monde.<\/p><p>Notre situation g\u00e9ographique permet aussi une halte \u00e0 nos s\u0153urs en formation ou en d\u00e9placement.<\/p>\t\t\t\t\t\t\t\t<\/div>\n\t\t\t\t<\/div>\n\t\t\t\t<\/div>\n\t\t\t\t\t<\/div>\n\t\t\t\t<\/div>\n\t\t<div class=\"elementor-element elementor-element-bd1f667 e-flex e-con-boxed e-con e-parent\" data-id=\"bd1f667\" data-element_type=\"container\" data-e-type=\"container\" data-settings=\"{&quot;background_background&quot;:&quot;classic&quot;}\">\n\t\t\t\t\t<div class=\"e-con-inner\">\n\t\t<div class=\"elementor-element elementor-element-406739c9 e-flex e-con-boxed e-con e-child\" data-id=\"406739c9\" data-element_type=\"container\" data-e-type=\"container\" data-settings=\"{&quot;background_background&quot;:&quot;classic&quot;}\">\n\t\t\t\t\t<div class=\"e-con-inner\">\n\t\t\t\t<div class=\"elementor-element elementor-element-3e6eed9e elementor-widget elementor-widget-text-editor\" data-id=\"3e6eed9e\" data-element_type=\"widget\" data-e-type=\"widget\" data-widget_type=\"text-editor.default\">\n\t\t\t\t<div class=\"elementor-widget-container\">\n\t\t\t\t\t\t\t\t\t<p>La communaut\u00e9 propose des colocations aux \u00e9tudiantes ou jeunes professionnelles en vue d\u2019un accompagnement humain et spirituel.<\/p>\t\t\t\t\t\t\t\t<\/div>\n\t\t\t\t<\/div>\n\t\t\t\t\t<\/div>\n\t\t\t\t<\/div>\n\t\t\t\t\t<\/div>\n\t\t\t\t<\/div>\n\t\t\t\t<\/div>\n\t\t","protected":false},"excerpt":{"rendered":"<p>Soeurs Bleues de Castres Fond\u00e9e en 1836 \u00e0 Castres par Sainte Jeanne-\u00c9milie de Villeneuve, la congr\u00e9gation Notre-Dame de l&#8217;Immacul\u00e9e Conception est pr\u00e9sente sur quatre continents, portant un message d&#8217;amour et d&#8217;esp\u00e9rance. Guid\u00e9es par la devise &#8220;Dieu Seul&#8221;, les S\u0153urs Bleues, comme on les appelle, consacrent leur vie \u00e0 l&#8217;\u00e9ducation, aux soins et \u00e0 l&#8217;accompagnement des plus d\u00e9munis. En ao\u00fbt 2020, notre communaut\u00e9 s\u2019est \u00e9tablie au 81 Avenue Camille Pujol \u00e0 Toulouse. Depuis peu nous sommes 4 suite \u00e0 l\u2019alliance faite avec la congr\u00e9gation des filles de J\u00e9sus de Massac. Nous sommes investis dans la vie de la paroisse : EAP,&#8230; <\/p>\n","protected":false},"author":2,"featured_media":0,"parent":0,"menu_order":0,"comment_status":"closed","ping_status":"closed","template":"template-parts\/page-template-full-width.php","meta":{"footnotes":""},"class_list":["post-1279","page","type-page","status-publish","hentry"],"yoast_head":"<!-- This site is optimized with the Yoast SEO plugin v24.4 - https:\/\/yoast.com\/wordpress\/plugins\/seo\/ -->\n<title>S\u0153urs Bleues de Castres - Saint Fran\u00e7ois d&#039;Assise<\/title>\n<meta name=\"robots\" content=\"index, follow, max-snippet:-1, max-image-preview:large, max-video-preview:-1\" \/>\n<link rel=\"canonical\" href=\"https:\/\/saintfrancoisdassise-toulouse.fr\/?page_id=1279\" \/>\n<meta property=\"og:locale\" content=\"en_US\" \/>\n<meta property=\"og:type\" content=\"article\" \/>\n<meta property=\"og:title\" content=\"S\u0153urs Bleues de Castres - Saint Fran\u00e7ois d&#039;Assise\" \/>\n<meta property=\"og:description\" content=\"Soeurs Bleues de Castres Fond\u00e9e en 1836 \u00e0 Castres par Sainte Jeanne-\u00c9milie de Villeneuve, la congr\u00e9gation Notre-Dame de l&#8217;Immacul\u00e9e Conception est pr\u00e9sente sur quatre continents, portant un message d&#8217;amour et d&#8217;esp\u00e9rance. Guid\u00e9es par la devise &#8220;Dieu Seul&#8221;, les S\u0153urs Bleues, comme on les appelle, consacrent leur vie \u00e0 l&#8217;\u00e9ducation, aux soins et \u00e0 l&#8217;accompagnement des plus d\u00e9munis. En ao\u00fbt 2020, notre communaut\u00e9 s\u2019est \u00e9tablie au 81 Avenue Camille Pujol \u00e0 Toulouse. Depuis peu nous sommes 4 suite \u00e0 l\u2019alliance faite avec la congr\u00e9gation des filles de J\u00e9sus de Massac. Nous sommes investis dans la vie de la paroisse : EAP,...\" \/>\n<meta property=\"og:url\" content=\"https:\/\/saintfrancoisdassise-toulouse.fr\/?page_id=1279\" \/>\n<meta property=\"og:site_name\" content=\"Saint Fran\u00e7ois d&#039;Assise\" \/>\n<meta property=\"article:modified_time\" content=\"2024-08-29T16:48:52+00:00\" \/>\n<meta property=\"og:image\" content=\"http:\/\/saintfrancoisdassise-toulouse.fr\/wp-content\/uploads\/2024\/07\/20240519_200935-2-1-1024x974.jpg\" \/>\n<meta name=\"twitter:card\" content=\"summary_large_image\" \/>\n<meta name=\"twitter:label1\" content=\"Est. reading time\" \/>\n\t<meta name=\"twitter:data1\" content=\"1 minute\" \/>\n<script type=\"application\/ld+json\" class=\"yoast-schema-graph\">{\"@context\":\"https:\/\/schema.org\",\"@graph\":[{\"@type\":\"WebPage\",\"@id\":\"https:\/\/saintfrancoisdassise-toulouse.fr\/?page_id=1279\",\"url\":\"https:\/\/saintfrancoisdassise-toulouse.fr\/?page_id=1279\",\"name\":\"S\u0153urs Bleues de Castres - Saint Fran\u00e7ois d&#039;Assise\",\"isPartOf\":{\"@id\":\"https:\/\/saintfrancoisdassise-toulouse.fr\/#website\"},\"primaryImageOfPage\":{\"@id\":\"https:\/\/saintfrancoisdassise-toulouse.fr\/?page_id=1279#primaryimage\"},\"image\":{\"@id\":\"https:\/\/saintfrancoisdassise-toulouse.fr\/?page_id=1279#primaryimage\"},\"thumbnailUrl\":\"http:\/\/saintfrancoisdassise-toulouse.fr\/wp-content\/uploads\/2024\/07\/20240519_200935-2-1-1024x974.jpg\",\"datePublished\":\"2024-03-16T16:44:55+00:00\",\"dateModified\":\"2024-08-29T16:48:52+00:00\",\"breadcrumb\":{\"@id\":\"https:\/\/saintfrancoisdassise-toulouse.fr\/?page_id=1279#breadcrumb\"},\"inLanguage\":\"en-US\",\"potentialAction\":[{\"@type\":\"ReadAction\",\"target\":[\"https:\/\/saintfrancoisdassise-toulouse.fr\/?page_id=1279\"]}]},{\"@type\":\"ImageObject\",\"inLanguage\":\"en-US\",\"@id\":\"https:\/\/saintfrancoisdassise-toulouse.fr\/?page_id=1279#primaryimage\",\"url\":\"https:\/\/saintfrancoisdassise-toulouse.fr\/wp-content\/uploads\/2024\/07\/20240519_200935-2-1-scaled.jpg\",\"contentUrl\":\"https:\/\/saintfrancoisdassise-toulouse.fr\/wp-content\/uploads\/2024\/07\/20240519_200935-2-1-scaled.jpg\",\"width\":2560,\"height\":2434},{\"@type\":\"BreadcrumbList\",\"@id\":\"https:\/\/saintfrancoisdassise-toulouse.fr\/?page_id=1279#breadcrumb\",\"itemListElement\":[{\"@type\":\"ListItem\",\"position\":1,\"name\":\"Accueil\",\"item\":\"https:\/\/saintfrancoisdassise-toulouse.fr\/\"},{\"@type\":\"ListItem\",\"position\":2,\"name\":\"S\u0153urs Bleues de Castres\"}]},{\"@type\":\"WebSite\",\"@id\":\"https:\/\/saintfrancoisdassise-toulouse.fr\/#website\",\"url\":\"https:\/\/saintfrancoisdassise-toulouse.fr\/\",\"name\":\"Saint Fran\u00e7ois d'Assise\",\"description\":\"106 bis avenue Camille Pujol, 31500 Toulouse\",\"potentialAction\":[{\"@type\":\"SearchAction\",\"target\":{\"@type\":\"EntryPoint\",\"urlTemplate\":\"https:\/\/saintfrancoisdassise-toulouse.fr\/?s={search_term_string}\"},\"query-input\":{\"@type\":\"PropertyValueSpecification\",\"valueRequired\":true,\"valueName\":\"search_term_string\"}}],\"inLanguage\":\"en-US\"}]}<\/script>\n<!-- \/ Yoast SEO plugin. -->","yoast_head_json":{"title":"S\u0153urs Bleues de Castres - Saint Fran\u00e7ois d&#039;Assise","robots":{"index":"index","follow":"follow","max-snippet":"max-snippet:-1","max-image-preview":"max-image-preview:large","max-video-preview":"max-video-preview:-1"},"canonical":"https:\/\/saintfrancoisdassise-toulouse.fr\/?page_id=1279","og_locale":"en_US","og_type":"article","og_title":"S\u0153urs Bleues de Castres - Saint Fran\u00e7ois d&#039;Assise","og_description":"Soeurs Bleues de Castres Fond\u00e9e en 1836 \u00e0 Castres par Sainte Jeanne-\u00c9milie de Villeneuve, la congr\u00e9gation Notre-Dame de l&#8217;Immacul\u00e9e Conception est pr\u00e9sente sur quatre continents, portant un message d&#8217;amour et d&#8217;esp\u00e9rance. Guid\u00e9es par la devise &#8220;Dieu Seul&#8221;, les S\u0153urs Bleues, comme on les appelle, consacrent leur vie \u00e0 l&#8217;\u00e9ducation, aux soins et \u00e0 l&#8217;accompagnement des plus d\u00e9munis. En ao\u00fbt 2020, notre communaut\u00e9 s\u2019est \u00e9tablie au 81 Avenue Camille Pujol \u00e0 Toulouse. Depuis peu nous sommes 4 suite \u00e0 l\u2019alliance faite avec la congr\u00e9gation des filles de J\u00e9sus de Massac. Nous sommes investis dans la vie de la paroisse : EAP,...","og_url":"https:\/\/saintfrancoisdassise-toulouse.fr\/?page_id=1279","og_site_name":"Saint Fran\u00e7ois d&#039;Assise","article_modified_time":"2024-08-29T16:48:52+00:00","og_image":[{"url":"http:\/\/saintfrancoisdassise-toulouse.fr\/wp-content\/uploads\/2024\/07\/20240519_200935-2-1-1024x974.jpg","type":"","width":"","height":""}],"twitter_card":"summary_large_image","twitter_misc":{"Est. reading time":"1 minute"},"schema":{"@context":"https:\/\/schema.org","@graph":[{"@type":"WebPage","@id":"https:\/\/saintfrancoisdassise-toulouse.fr\/?page_id=1279","url":"https:\/\/saintfrancoisdassise-toulouse.fr\/?page_id=1279","name":"S\u0153urs Bleues de Castres - Saint Fran\u00e7ois d&#039;Assise","isPartOf":{"@id":"https:\/\/saintfrancoisdassise-toulouse.fr\/#website"},"primaryImageOfPage":{"@id":"https:\/\/saintfrancoisdassise-toulouse.fr\/?page_id=1279#primaryimage"},"image":{"@id":"https:\/\/saintfrancoisdassise-toulouse.fr\/?page_id=1279#primaryimage"},"thumbnailUrl":"http:\/\/saintfrancoisdassise-toulouse.fr\/wp-content\/uploads\/2024\/07\/20240519_200935-2-1-1024x974.jpg","datePublished":"2024-03-16T16:44:55+00:00","dateModified":"2024-08-29T16:48:52+00:00","breadcrumb":{"@id":"https:\/\/saintfrancoisdassise-toulouse.fr\/?page_id=1279#breadcrumb"},"inLanguage":"en-US","potentialAction":[{"@type":"ReadAction","target":["https:\/\/saintfrancoisdassise-toulouse.fr\/?page_id=1279"]}]},{"@type":"ImageObject","inLanguage":"en-US","@id":"https:\/\/saintfrancoisdassise-toulouse.fr\/?page_id=1279#primaryimage","url":"https:\/\/saintfrancoisdassise-toulouse.fr\/wp-content\/uploads\/2024\/07\/20240519_200935-2-1-scaled.jpg","contentUrl":"https:\/\/saintfrancoisdassise-toulouse.fr\/wp-content\/uploads\/2024\/07\/20240519_200935-2-1-scaled.jpg","width":2560,"height":2434},{"@type":"BreadcrumbList","@id":"https:\/\/saintfrancoisdassise-toulouse.fr\/?page_id=1279#breadcrumb","itemListElement":[{"@type":"ListItem","position":1,"name":"Accueil","item":"https:\/\/saintfrancoisdassise-toulouse.fr\/"},{"@type":"ListItem","position":2,"name":"S\u0153urs Bleues de Castres"}]},{"@type":"WebSite","@id":"https:\/\/saintfrancoisdassise-toulouse.fr\/#website","url":"https:\/\/saintfrancoisdassise-toulouse.fr\/","name":"Saint Fran\u00e7ois d'Assise","description":"106 bis avenue Camille Pujol, 31500 Toulouse","potentialAction":[{"@type":"SearchAction","target":{"@type":"EntryPoint","urlTemplate":"https:\/\/saintfrancoisdassise-toulouse.fr\/?s={search_term_string}"},"query-input":{"@type":"PropertyValueSpecification","valueRequired":true,"valueName":"search_term_string"}}],"inLanguage":"en-US"}]}},"_links":{"self":[{"href":"https:\/\/saintfrancoisdassise-toulouse.fr\/index.php?rest_route=\/wp\/v2\/pages\/1279","targetHints":{"allow":["GET"]}}],"collection":[{"href":"https:\/\/saintfrancoisdassise-toulouse.fr\/index.php?rest_route=\/wp\/v2\/pages"}],"about":[{"href":"https:\/\/saintfrancoisdassise-toulouse.fr\/index.php?rest_route=\/wp\/v2\/types\/page"}],"author":[{"embeddable":true,"href":"https:\/\/saintfrancoisdassise-toulouse.fr\/index.php?rest_route=\/wp\/v2\/users\/2"}],"replies":[{"embeddable":true,"href":"https:\/\/saintfrancoisdassise-toulouse.fr\/index.php?rest_route=%2Fwp%2Fv2%2Fcomments&post=1279"}],"version-history":[{"count":22,"href":"https:\/\/saintfrancoisdassise-toulouse.fr\/index.php?rest_route=\/wp\/v2\/pages\/1279\/revisions"}],"predecessor-version":[{"id":2155,"href":"https:\/\/saintfrancoisdassise-toulouse.fr\/index.php?rest_route=\/wp\/v2\/pages\/1279\/revisions\/2155"}],"wp:attachment":[{"href":"https:\/\/saintfrancoisdassise-toulouse.fr\/index.php?rest_route=%2Fwp%2Fv2%2Fmedia&parent=1279"}],"curies":[{"name":"wp","href":"https:\/\/api.w.org\/{rel}","templated":true}]}}