{"id":1310,"date":"2024-03-16T18:03:25","date_gmt":"2024-03-16T17:03:25","guid":{"rendered":"https:\/\/saintfrancoisdassise-toulouse.fr\/?page_id=1310"},"modified":"2024-08-30T18:26:40","modified_gmt":"2024-08-30T16:26:40","slug":"soeurs-ursulines-2","status":"publish","type":"page","link":"https:\/\/saintfrancoisdassise-toulouse.fr\/?page_id=1310","title":{"rendered":"S\u0153urs Ursulines"},"content":{"rendered":"\t\t<div data-elementor-type=\"wp-page\" data-elementor-id=\"1310\" class=\"elementor elementor-1310\">\n\t\t\t\t<div class=\"elementor-element elementor-element-1ea463cb e-flex e-con-boxed e-con e-parent\" data-id=\"1ea463cb\" data-element_type=\"container\" data-e-type=\"container\">\n\t\t\t\t\t<div class=\"e-con-inner\">\n\t\t\t\t<div class=\"elementor-element elementor-element-18e40488 elementor-widget elementor-widget-heading\" data-id=\"18e40488\" data-element_type=\"widget\" data-e-type=\"widget\" data-widget_type=\"heading.default\">\n\t\t\t\t<div class=\"elementor-widget-container\">\n\t\t\t\t\t<h1 class=\"elementor-heading-title elementor-size-default\">S\u0153urs Ursulines<\/h1>\t\t\t\t<\/div>\n\t\t\t\t<\/div>\n\t\t\t\t\t<\/div>\n\t\t\t\t<\/div>\n\t\t<div class=\"elementor-element elementor-element-332957aa e-flex e-con-boxed e-con e-parent\" data-id=\"332957aa\" data-element_type=\"container\" data-e-type=\"container\">\n\t\t\t\t\t<div class=\"e-con-inner\">\n\t\t<div class=\"elementor-element elementor-element-6b3ae9de e-con-full e-flex e-con e-child\" data-id=\"6b3ae9de\" data-element_type=\"container\" data-e-type=\"container\">\n\t\t\t\t<div class=\"elementor-element elementor-element-232808f1 elementor-widget elementor-widget-image\" data-id=\"232808f1\" data-element_type=\"widget\" data-e-type=\"widget\" data-widget_type=\"image.default\">\n\t\t\t\t<div class=\"elementor-widget-container\">\n\t\t\t\t\t\t\t\t\t\t\t\t\t\t\t<img fetchpriority=\"high\" decoding=\"async\" width=\"1024\" height=\"685\" src=\"https:\/\/saintfrancoisdassise-toulouse.fr\/wp-content\/uploads\/2024\/07\/P1080029-1024x685.jpg\" class=\"attachment-large size-large wp-image-1790\" alt=\"\" srcset=\"https:\/\/saintfrancoisdassise-toulouse.fr\/wp-content\/uploads\/2024\/07\/P1080029-1024x685.jpg 1024w, https:\/\/saintfrancoisdassise-toulouse.fr\/wp-content\/uploads\/2024\/07\/P1080029-300x201.jpg 300w, https:\/\/saintfrancoisdassise-toulouse.fr\/wp-content\/uploads\/2024\/07\/P1080029-768x513.jpg 768w, https:\/\/saintfrancoisdassise-toulouse.fr\/wp-content\/uploads\/2024\/07\/P1080029-1536x1027.jpg 1536w, https:\/\/saintfrancoisdassise-toulouse.fr\/wp-content\/uploads\/2024\/07\/P1080029-2048x1369.jpg 2048w\" sizes=\"(max-width: 1024px) 100vw, 1024px\" \/>\t\t\t\t\t\t\t\t\t\t\t\t\t\t\t<\/div>\n\t\t\t\t<\/div>\n\t\t\t\t<\/div>\n\t\t<div class=\"elementor-element elementor-element-1eca3242 e-con-full e-flex e-con e-child\" data-id=\"1eca3242\" data-element_type=\"container\" data-e-type=\"container\">\n\t\t\t\t<div class=\"elementor-element elementor-element-18db116d elementor-widget elementor-widget-text-editor\" data-id=\"18db116d\" data-element_type=\"widget\" data-e-type=\"widget\" data-widget_type=\"text-editor.default\">\n\t\t\t\t<div class=\"elementor-widget-container\">\n\t\t\t\t\t\t\t\t\t<p>Sainte Ang\u00e8le Merici (1470-1540), fondatrice des Ursulines, est une femme des commencements, \u00e0 l\u2019\u00e9coute de l\u2019Esprit. A une \u00e9poque o\u00f9 la vie religieuse f\u00e9minine ne se vit que dans les monast\u00e8res, elle ose ouvrir une voie nouvelle en vivant sa cons\u00e9cration dans le monde, se faisant proche de toute personne. Son intimit\u00e9 avec le Christ et sa mani\u00e8re d\u2019entrer en relation r\u00e9v\u00e8lent \u00e0 chacun qu\u2019il est habit\u00e9 par l\u2019amour de Dieu.<\/p><p><br \/>Les Ursulines de l\u2019Union Romaine sont un Institut international pr\u00e9sent dans une trentaine de pays. Actuellement, nous sommes 9 s\u0153urs en communaut\u00e9 \u00e0 Toulouse avec une mission d\u2019accueil et d\u2019accompagnement, en particulier des jeunes.<\/p>\t\t\t\t\t\t\t\t<\/div>\n\t\t\t\t<\/div>\n\t\t\t\t<\/div>\n\t\t\t\t\t<\/div>\n\t\t\t\t<\/div>\n\t\t<div class=\"elementor-element elementor-element-45c21a3f e-flex e-con-boxed e-con e-parent\" data-id=\"45c21a3f\" data-element_type=\"container\" data-e-type=\"container\" data-settings=\"{&quot;background_background&quot;:&quot;classic&quot;}\">\n\t\t\t\t\t<div class=\"e-con-inner\">\n\t\t<div class=\"elementor-element elementor-element-25091fe5 e-flex e-con-boxed e-con e-child\" data-id=\"25091fe5\" data-element_type=\"container\" data-e-type=\"container\" data-settings=\"{&quot;background_background&quot;:&quot;classic&quot;}\">\n\t\t\t\t\t<div class=\"e-con-inner\">\n\t\t\t\t<div class=\"elementor-element elementor-element-52b79d9d elementor-widget elementor-widget-text-editor\" data-id=\"52b79d9d\" data-element_type=\"widget\" data-e-type=\"widget\" data-widget_type=\"text-editor.default\">\n\t\t\t\t<div class=\"elementor-widget-container\">\n\t\t\t\t\t\t\t\t\tPour retrouver nos actualit\u00e9s et nous rencontrer :<span style=\"color: #ffffff;\">\u00a0<a style=\"color: #ffffff;text-decoration-line: underline;\" href=\"https:\/\/ursulines.union.romaine.catholique.fr\/\">https:\/\/ursulines.union.romaine.catholique.fr\/<\/a><\/span>\t\t\t\t\t\t\t\t<\/div>\n\t\t\t\t<\/div>\n\t\t\t\t\t<\/div>\n\t\t\t\t<\/div>\n\t\t\t\t\t<\/div>\n\t\t\t\t<\/div>\n\t\t\t\t<\/div>\n\t\t","protected":false},"excerpt":{"rendered":"<p>S\u0153urs Ursulines Sainte Ang\u00e8le Merici (1470-1540), fondatrice des Ursulines, est une femme des commencements, \u00e0 l\u2019\u00e9coute de l\u2019Esprit. A une \u00e9poque o\u00f9 la vie religieuse f\u00e9minine ne se vit que dans les monast\u00e8res, elle ose ouvrir une voie nouvelle en vivant sa cons\u00e9cration dans le monde, se faisant proche de toute personne. Son intimit\u00e9 avec le Christ et sa mani\u00e8re d\u2019entrer en relation r\u00e9v\u00e8lent \u00e0 chacun qu\u2019il est habit\u00e9 par l\u2019amour de Dieu. Les Ursulines de l\u2019Union Romaine sont un Institut international pr\u00e9sent dans une trentaine de pays. Actuellement, nous sommes 9 s\u0153urs en communaut\u00e9 \u00e0 Toulouse avec une mission&#8230; <\/p>\n","protected":false},"author":2,"featured_media":0,"parent":0,"menu_order":0,"comment_status":"closed","ping_status":"closed","template":"template-parts\/page-template-full-width.php","meta":{"footnotes":""},"class_list":["post-1310","page","type-page","status-publish","hentry"],"yoast_head":"<!-- This site is optimized with the Yoast SEO plugin v24.4 - https:\/\/yoast.com\/wordpress\/plugins\/seo\/ -->\n<title>S\u0153urs Ursulines - Saint Fran\u00e7ois d&#039;Assise<\/title>\n<meta name=\"robots\" content=\"index, follow, max-snippet:-1, max-image-preview:large, max-video-preview:-1\" \/>\n<link rel=\"canonical\" href=\"https:\/\/saintfrancoisdassise-toulouse.fr\/?page_id=1310\" \/>\n<meta property=\"og:locale\" content=\"en_US\" \/>\n<meta property=\"og:type\" content=\"article\" \/>\n<meta property=\"og:title\" content=\"S\u0153urs Ursulines - Saint Fran\u00e7ois d&#039;Assise\" \/>\n<meta property=\"og:description\" content=\"S\u0153urs Ursulines Sainte Ang\u00e8le Merici (1470-1540), fondatrice des Ursulines, est une femme des commencements, \u00e0 l\u2019\u00e9coute de l\u2019Esprit. A une \u00e9poque o\u00f9 la vie religieuse f\u00e9minine ne se vit que dans les monast\u00e8res, elle ose ouvrir une voie nouvelle en vivant sa cons\u00e9cration dans le monde, se faisant proche de toute personne. Son intimit\u00e9 avec le Christ et sa mani\u00e8re d\u2019entrer en relation r\u00e9v\u00e8lent \u00e0 chacun qu\u2019il est habit\u00e9 par l\u2019amour de Dieu. Les Ursulines de l\u2019Union Romaine sont un Institut international pr\u00e9sent dans une trentaine de pays. Actuellement, nous sommes 9 s\u0153urs en communaut\u00e9 \u00e0 Toulouse avec une mission...\" \/>\n<meta property=\"og:url\" content=\"https:\/\/saintfrancoisdassise-toulouse.fr\/?page_id=1310\" \/>\n<meta property=\"og:site_name\" content=\"Saint Fran\u00e7ois d&#039;Assise\" \/>\n<meta property=\"article:modified_time\" content=\"2024-08-30T16:26:40+00:00\" \/>\n<meta property=\"og:image\" content=\"http:\/\/saintfrancoisdassise-toulouse.fr\/wp-content\/uploads\/2024\/07\/P1080029-1024x685.jpg\" \/>\n<meta name=\"twitter:card\" content=\"summary_large_image\" \/>\n<meta name=\"twitter:label1\" content=\"Est. reading time\" \/>\n\t<meta name=\"twitter:data1\" content=\"1 minute\" \/>\n<script type=\"application\/ld+json\" class=\"yoast-schema-graph\">{\"@context\":\"https:\/\/schema.org\",\"@graph\":[{\"@type\":\"WebPage\",\"@id\":\"https:\/\/saintfrancoisdassise-toulouse.fr\/?page_id=1310\",\"url\":\"https:\/\/saintfrancoisdassise-toulouse.fr\/?page_id=1310\",\"name\":\"S\u0153urs Ursulines - Saint Fran\u00e7ois d&#039;Assise\",\"isPartOf\":{\"@id\":\"https:\/\/saintfrancoisdassise-toulouse.fr\/#website\"},\"primaryImageOfPage\":{\"@id\":\"https:\/\/saintfrancoisdassise-toulouse.fr\/?page_id=1310#primaryimage\"},\"image\":{\"@id\":\"https:\/\/saintfrancoisdassise-toulouse.fr\/?page_id=1310#primaryimage\"},\"thumbnailUrl\":\"http:\/\/saintfrancoisdassise-toulouse.fr\/wp-content\/uploads\/2024\/07\/P1080029-1024x685.jpg\",\"datePublished\":\"2024-03-16T17:03:25+00:00\",\"dateModified\":\"2024-08-30T16:26:40+00:00\",\"breadcrumb\":{\"@id\":\"https:\/\/saintfrancoisdassise-toulouse.fr\/?page_id=1310#breadcrumb\"},\"inLanguage\":\"en-US\",\"potentialAction\":[{\"@type\":\"ReadAction\",\"target\":[\"https:\/\/saintfrancoisdassise-toulouse.fr\/?page_id=1310\"]}]},{\"@type\":\"ImageObject\",\"inLanguage\":\"en-US\",\"@id\":\"https:\/\/saintfrancoisdassise-toulouse.fr\/?page_id=1310#primaryimage\",\"url\":\"https:\/\/saintfrancoisdassise-toulouse.fr\/wp-content\/uploads\/2024\/07\/P1080029-scaled.jpg\",\"contentUrl\":\"https:\/\/saintfrancoisdassise-toulouse.fr\/wp-content\/uploads\/2024\/07\/P1080029-scaled.jpg\",\"width\":2560,\"height\":1712},{\"@type\":\"BreadcrumbList\",\"@id\":\"https:\/\/saintfrancoisdassise-toulouse.fr\/?page_id=1310#breadcrumb\",\"itemListElement\":[{\"@type\":\"ListItem\",\"position\":1,\"name\":\"Accueil\",\"item\":\"https:\/\/saintfrancoisdassise-toulouse.fr\/\"},{\"@type\":\"ListItem\",\"position\":2,\"name\":\"S\u0153urs Ursulines\"}]},{\"@type\":\"WebSite\",\"@id\":\"https:\/\/saintfrancoisdassise-toulouse.fr\/#website\",\"url\":\"https:\/\/saintfrancoisdassise-toulouse.fr\/\",\"name\":\"Saint Fran\u00e7ois d'Assise\",\"description\":\"106 bis avenue Camille Pujol, 31500 Toulouse\",\"potentialAction\":[{\"@type\":\"SearchAction\",\"target\":{\"@type\":\"EntryPoint\",\"urlTemplate\":\"https:\/\/saintfrancoisdassise-toulouse.fr\/?s={search_term_string}\"},\"query-input\":{\"@type\":\"PropertyValueSpecification\",\"valueRequired\":true,\"valueName\":\"search_term_string\"}}],\"inLanguage\":\"en-US\"}]}<\/script>\n<!-- \/ Yoast SEO plugin. -->","yoast_head_json":{"title":"S\u0153urs Ursulines - Saint Fran\u00e7ois d&#039;Assise","robots":{"index":"index","follow":"follow","max-snippet":"max-snippet:-1","max-image-preview":"max-image-preview:large","max-video-preview":"max-video-preview:-1"},"canonical":"https:\/\/saintfrancoisdassise-toulouse.fr\/?page_id=1310","og_locale":"en_US","og_type":"article","og_title":"S\u0153urs Ursulines - Saint Fran\u00e7ois d&#039;Assise","og_description":"S\u0153urs Ursulines Sainte Ang\u00e8le Merici (1470-1540), fondatrice des Ursulines, est une femme des commencements, \u00e0 l\u2019\u00e9coute de l\u2019Esprit. A une \u00e9poque o\u00f9 la vie religieuse f\u00e9minine ne se vit que dans les monast\u00e8res, elle ose ouvrir une voie nouvelle en vivant sa cons\u00e9cration dans le monde, se faisant proche de toute personne. Son intimit\u00e9 avec le Christ et sa mani\u00e8re d\u2019entrer en relation r\u00e9v\u00e8lent \u00e0 chacun qu\u2019il est habit\u00e9 par l\u2019amour de Dieu. Les Ursulines de l\u2019Union Romaine sont un Institut international pr\u00e9sent dans une trentaine de pays. Actuellement, nous sommes 9 s\u0153urs en communaut\u00e9 \u00e0 Toulouse avec une mission...","og_url":"https:\/\/saintfrancoisdassise-toulouse.fr\/?page_id=1310","og_site_name":"Saint Fran\u00e7ois d&#039;Assise","article_modified_time":"2024-08-30T16:26:40+00:00","og_image":[{"url":"http:\/\/saintfrancoisdassise-toulouse.fr\/wp-content\/uploads\/2024\/07\/P1080029-1024x685.jpg","type":"","width":"","height":""}],"twitter_card":"summary_large_image","twitter_misc":{"Est. reading time":"1 minute"},"schema":{"@context":"https:\/\/schema.org","@graph":[{"@type":"WebPage","@id":"https:\/\/saintfrancoisdassise-toulouse.fr\/?page_id=1310","url":"https:\/\/saintfrancoisdassise-toulouse.fr\/?page_id=1310","name":"S\u0153urs Ursulines - Saint Fran\u00e7ois d&#039;Assise","isPartOf":{"@id":"https:\/\/saintfrancoisdassise-toulouse.fr\/#website"},"primaryImageOfPage":{"@id":"https:\/\/saintfrancoisdassise-toulouse.fr\/?page_id=1310#primaryimage"},"image":{"@id":"https:\/\/saintfrancoisdassise-toulouse.fr\/?page_id=1310#primaryimage"},"thumbnailUrl":"http:\/\/saintfrancoisdassise-toulouse.fr\/wp-content\/uploads\/2024\/07\/P1080029-1024x685.jpg","datePublished":"2024-03-16T17:03:25+00:00","dateModified":"2024-08-30T16:26:40+00:00","breadcrumb":{"@id":"https:\/\/saintfrancoisdassise-toulouse.fr\/?page_id=1310#breadcrumb"},"inLanguage":"en-US","potentialAction":[{"@type":"ReadAction","target":["https:\/\/saintfrancoisdassise-toulouse.fr\/?page_id=1310"]}]},{"@type":"ImageObject","inLanguage":"en-US","@id":"https:\/\/saintfrancoisdassise-toulouse.fr\/?page_id=1310#primaryimage","url":"https:\/\/saintfrancoisdassise-toulouse.fr\/wp-content\/uploads\/2024\/07\/P1080029-scaled.jpg","contentUrl":"https:\/\/saintfrancoisdassise-toulouse.fr\/wp-content\/uploads\/2024\/07\/P1080029-scaled.jpg","width":2560,"height":1712},{"@type":"BreadcrumbList","@id":"https:\/\/saintfrancoisdassise-toulouse.fr\/?page_id=1310#breadcrumb","itemListElement":[{"@type":"ListItem","position":1,"name":"Accueil","item":"https:\/\/saintfrancoisdassise-toulouse.fr\/"},{"@type":"ListItem","position":2,"name":"S\u0153urs Ursulines"}]},{"@type":"WebSite","@id":"https:\/\/saintfrancoisdassise-toulouse.fr\/#website","url":"https:\/\/saintfrancoisdassise-toulouse.fr\/","name":"Saint Fran\u00e7ois d'Assise","description":"106 bis avenue Camille Pujol, 31500 Toulouse","potentialAction":[{"@type":"SearchAction","target":{"@type":"EntryPoint","urlTemplate":"https:\/\/saintfrancoisdassise-toulouse.fr\/?s={search_term_string}"},"query-input":{"@type":"PropertyValueSpecification","valueRequired":true,"valueName":"search_term_string"}}],"inLanguage":"en-US"}]}},"_links":{"self":[{"href":"https:\/\/saintfrancoisdassise-toulouse.fr\/index.php?rest_route=\/wp\/v2\/pages\/1310","targetHints":{"allow":["GET"]}}],"collection":[{"href":"https:\/\/saintfrancoisdassise-toulouse.fr\/index.php?rest_route=\/wp\/v2\/pages"}],"about":[{"href":"https:\/\/saintfrancoisdassise-toulouse.fr\/index.php?rest_route=\/wp\/v2\/types\/page"}],"author":[{"embeddable":true,"href":"https:\/\/saintfrancoisdassise-toulouse.fr\/index.php?rest_route=\/wp\/v2\/users\/2"}],"replies":[{"embeddable":true,"href":"https:\/\/saintfrancoisdassise-toulouse.fr\/index.php?rest_route=%2Fwp%2Fv2%2Fcomments&post=1310"}],"version-history":[{"count":22,"href":"https:\/\/saintfrancoisdassise-toulouse.fr\/index.php?rest_route=\/wp\/v2\/pages\/1310\/revisions"}],"predecessor-version":[{"id":2272,"href":"https:\/\/saintfrancoisdassise-toulouse.fr\/index.php?rest_route=\/wp\/v2\/pages\/1310\/revisions\/2272"}],"wp:attachment":[{"href":"https:\/\/saintfrancoisdassise-toulouse.fr\/index.php?rest_route=%2Fwp%2Fv2%2Fmedia&parent=1310"}],"curies":[{"name":"wp","href":"https:\/\/api.w.org\/{rel}","templated":true}]}}