{"id":1319,"date":"2024-03-16T18:06:08","date_gmt":"2024-03-16T17:06:08","guid":{"rendered":"https:\/\/saintfrancoisdassise-toulouse.fr\/?page_id=1319"},"modified":"2026-03-29T20:39:31","modified_gmt":"2026-03-29T18:39:31","slug":"soeurs-xavieres","status":"publish","type":"page","link":"https:\/\/saintfrancoisdassise-toulouse.fr\/?page_id=1319","title":{"rendered":"S\u0153urs Xavi\u00e8res"},"content":{"rendered":"\t\t<div data-elementor-type=\"wp-page\" data-elementor-id=\"1319\" class=\"elementor elementor-1319\">\n\t\t\t\t<div class=\"elementor-element elementor-element-73c13564 e-flex e-con-boxed e-con e-parent\" data-id=\"73c13564\" data-element_type=\"container\" data-e-type=\"container\">\n\t\t\t\t\t<div class=\"e-con-inner\">\n\t\t\t\t<div class=\"elementor-element elementor-element-6c1cd4a4 elementor-widget elementor-widget-heading\" data-id=\"6c1cd4a4\" data-element_type=\"widget\" data-e-type=\"widget\" data-widget_type=\"heading.default\">\n\t\t\t\t<div class=\"elementor-widget-container\">\n\t\t\t\t\t<h1 class=\"elementor-heading-title elementor-size-default\">S\u0153urs Xavi\u00e8res<\/h1>\t\t\t\t<\/div>\n\t\t\t\t<\/div>\n\t\t\t\t\t<\/div>\n\t\t\t\t<\/div>\n\t\t<div class=\"elementor-element elementor-element-9bcb2cb e-flex e-con-boxed e-con e-parent\" data-id=\"9bcb2cb\" data-element_type=\"container\" data-e-type=\"container\">\n\t\t\t\t\t<div class=\"e-con-inner\">\n\t\t<div class=\"elementor-element elementor-element-7e56376d e-con-full e-flex e-con e-child\" data-id=\"7e56376d\" data-element_type=\"container\" data-e-type=\"container\">\n\t\t\t\t<div class=\"elementor-element elementor-element-17b8a70b elementor-widget elementor-widget-image\" data-id=\"17b8a70b\" data-element_type=\"widget\" data-e-type=\"widget\" data-widget_type=\"image.default\">\n\t\t\t\t<div class=\"elementor-widget-container\">\n\t\t\t\t\t\t\t\t\t\t\t\t\t\t\t<img fetchpriority=\"high\" decoding=\"async\" width=\"1024\" height=\"768\" src=\"https:\/\/saintfrancoisdassise-toulouse.fr\/wp-content\/uploads\/2026\/03\/email1771184214398-1-1024x768.jpg\" class=\"attachment-large size-large wp-image-2920\" alt=\"\" srcset=\"https:\/\/saintfrancoisdassise-toulouse.fr\/wp-content\/uploads\/2026\/03\/email1771184214398-1-1024x768.jpg 1024w, https:\/\/saintfrancoisdassise-toulouse.fr\/wp-content\/uploads\/2026\/03\/email1771184214398-1-300x225.jpg 300w, https:\/\/saintfrancoisdassise-toulouse.fr\/wp-content\/uploads\/2026\/03\/email1771184214398-1-768x576.jpg 768w, https:\/\/saintfrancoisdassise-toulouse.fr\/wp-content\/uploads\/2026\/03\/email1771184214398-1.jpg 1208w\" sizes=\"(max-width: 1024px) 100vw, 1024px\" \/>\t\t\t\t\t\t\t\t\t\t\t\t\t\t\t<\/div>\n\t\t\t\t<\/div>\n\t\t\t\t<\/div>\n\t\t<div class=\"elementor-element elementor-element-1cf64079 e-con-full e-flex e-con e-child\" data-id=\"1cf64079\" data-element_type=\"container\" data-e-type=\"container\">\n\t\t\t\t<div class=\"elementor-element elementor-element-6dabec4 elementor-widget elementor-widget-text-editor\" data-id=\"6dabec4\" data-element_type=\"widget\" data-e-type=\"widget\" data-widget_type=\"text-editor.default\">\n\t\t\t\t<div class=\"elementor-widget-container\">\n\t\t\t\t\t\t\t\t\t<p>La Xavi\u00e8re est une communaut\u00e9 de spiritualit\u00e9 ignatienne fond\u00e9e en 1921 par Claire Monest\u00e8s.<\/p><p>Cette ann\u00e9e 2025-26, nous sommes six.<\/p><p>Consacr\u00e9es \u00e0 Dieu par les v\u0153ux de chastet\u00e9, pauvret\u00e9 et ob\u00e9issance, nous vivons en communaut\u00e9s fraternelles pour annoncer l\u2019\u00c9vangile.<\/p><p>Nous sommes contemplatives et missionnaires. Nous r\u00e9sidons au presbyt\u00e8re de l\u2019\u00e9glise St Fran\u00e7ois d\u00b4Assise.<\/p>\t\t\t\t\t\t\t\t<\/div>\n\t\t\t\t<\/div>\n\t\t\t\t<\/div>\n\t\t\t\t\t<\/div>\n\t\t\t\t<\/div>\n\t\t<div class=\"elementor-element elementor-element-8eccca9 e-flex e-con-boxed e-con e-parent\" data-id=\"8eccca9\" data-element_type=\"container\" data-e-type=\"container\">\n\t\t\t\t\t<div class=\"e-con-inner\">\n\t\t<div class=\"elementor-element elementor-element-45c5b55 e-flex e-con-boxed e-con e-child\" data-id=\"45c5b55\" data-element_type=\"container\" data-e-type=\"container\">\n\t\t\t\t\t<div class=\"e-con-inner\">\n\t\t\t\t<div class=\"elementor-element elementor-element-8cde54b elementor-widget elementor-widget-text-editor\" data-id=\"8cde54b\" data-element_type=\"widget\" data-e-type=\"widget\" data-widget_type=\"text-editor.default\">\n\t\t\t\t<div class=\"elementor-widget-container\">\n\t\t\t\t\t\t\t\t\t<p>Nous sommes contemplatives et missionnaires. Nous r\u00e9sidons au sein de la paroisse St Fran\u00e7ois d\u00b4Assise.<\/p><p>Par notre mission, nous sommes en lien avec des groupes tr\u00e8s divers\u00a0:<\/p><ul><li>les paroissiens de St Fran\u00e7ois d\u2019Assise, les cat\u00e9chum\u00e8nes et n\u00e9ophytes, les personnes malades ou isol\u00e9es du quartier dans le cadre du SEM (service \u00e9vang\u00e9lique des malades).<\/li><li>les jeunes de l\u2019\u00e9cole du Caousou, \u00e9tudiants (Magis), jeunes professionnels (Eccleria\u00a0: Mouvement des cadres chr\u00e9tiens)<\/li><li>des membres du collectif lutte et contemplation<\/li><li>des personnes en qu\u00eate d\u2019accompagnement et de formation spirituelle, en particulier aux Coteaux Pa\u00efs<\/li><\/ul><p>Nous nous engageons aussi dans la vie de la cit\u00e9 par l\u00b4exercice d\u00b4un m\u00e9tier (adjointe en pastorale, orthophoniste) ou en participant \u00e0 la vie associative (association Arts en acte : les migrants par l\u2019art du th\u00e9\u00e2tre dans un centre culturel, association du Secours catholique : accueil de personnes en situation de pr\u00e9carit\u00e9 \u00e0 l\u2019accueil Ostalada).<\/p><p><a href=\"http:\/\/www.xavieres.org\">www.xavieres.org<\/a><\/p>\t\t\t\t\t\t\t\t<\/div>\n\t\t\t\t<\/div>\n\t\t\t\t\t<\/div>\n\t\t\t\t<\/div>\n\t\t\t\t\t<\/div>\n\t\t\t\t<\/div>\n\t\t<div class=\"elementor-element elementor-element-24c1fba0 e-flex e-con-boxed e-con e-parent\" data-id=\"24c1fba0\" data-element_type=\"container\" data-e-type=\"container\" data-settings=\"{&quot;background_background&quot;:&quot;classic&quot;}\">\n\t\t\t\t\t<div class=\"e-con-inner\">\n\t\t<div class=\"elementor-element elementor-element-6d73cc7c e-flex e-con-boxed e-con e-child\" data-id=\"6d73cc7c\" data-element_type=\"container\" data-e-type=\"container\" data-settings=\"{&quot;background_background&quot;:&quot;classic&quot;}\">\n\t\t\t\t\t<div class=\"e-con-inner\">\n\t\t\t\t<div class=\"elementor-element elementor-element-44d9f257 elementor-widget elementor-widget-text-editor\" data-id=\"44d9f257\" data-element_type=\"widget\" data-e-type=\"widget\" data-widget_type=\"text-editor.default\">\n\t\t\t\t<div class=\"elementor-widget-container\">\n\t\t\t\t\t\t\t\t\t<p>Ensemble, nous voulons t\u00e9moigner de la tendresse de Dieu pour chacun, quelle que soit sa situation.<\/p>\t\t\t\t\t\t\t\t<\/div>\n\t\t\t\t<\/div>\n\t\t\t\t\t<\/div>\n\t\t\t\t<\/div>\n\t\t\t\t\t<\/div>\n\t\t\t\t<\/div>\n\t\t\t\t<\/div>\n\t\t","protected":false},"excerpt":{"rendered":"<p>S\u0153urs Xavi\u00e8res La Xavi\u00e8re est une communaut\u00e9 de spiritualit\u00e9 ignatienne fond\u00e9e en 1921 par Claire Monest\u00e8s. Cette ann\u00e9e 2025-26, nous sommes six. Consacr\u00e9es \u00e0 Dieu par les v\u0153ux de chastet\u00e9, pauvret\u00e9 et ob\u00e9issance, nous vivons en communaut\u00e9s fraternelles pour annoncer l\u2019\u00c9vangile. Nous sommes contemplatives et missionnaires. Nous r\u00e9sidons au presbyt\u00e8re de l\u2019\u00e9glise St Fran\u00e7ois d\u00b4Assise. Nous sommes contemplatives et missionnaires. Nous r\u00e9sidons au sein de la paroisse St Fran\u00e7ois d\u00b4Assise. Par notre mission, nous sommes en lien avec des groupes tr\u00e8s divers\u00a0: les paroissiens de St Fran\u00e7ois d\u2019Assise, les cat\u00e9chum\u00e8nes et n\u00e9ophytes, les personnes malades ou isol\u00e9es du quartier dans&#8230; <\/p>\n","protected":false},"author":2,"featured_media":0,"parent":0,"menu_order":0,"comment_status":"closed","ping_status":"closed","template":"template-parts\/page-template-full-width.php","meta":{"footnotes":""},"class_list":["post-1319","page","type-page","status-publish","hentry"],"yoast_head":"<!-- This site is optimized with the Yoast SEO plugin v24.4 - https:\/\/yoast.com\/wordpress\/plugins\/seo\/ -->\n<title>S\u0153urs Xavi\u00e8res - Saint Fran\u00e7ois d&#039;Assise<\/title>\n<meta name=\"robots\" content=\"index, follow, max-snippet:-1, max-image-preview:large, max-video-preview:-1\" \/>\n<link rel=\"canonical\" href=\"https:\/\/saintfrancoisdassise-toulouse.fr\/?page_id=1319\" \/>\n<meta property=\"og:locale\" content=\"en_US\" \/>\n<meta property=\"og:type\" content=\"article\" \/>\n<meta property=\"og:title\" content=\"S\u0153urs Xavi\u00e8res - Saint Fran\u00e7ois d&#039;Assise\" \/>\n<meta property=\"og:description\" content=\"S\u0153urs Xavi\u00e8res La Xavi\u00e8re est une communaut\u00e9 de spiritualit\u00e9 ignatienne fond\u00e9e en 1921 par Claire Monest\u00e8s. Cette ann\u00e9e 2025-26, nous sommes six. Consacr\u00e9es \u00e0 Dieu par les v\u0153ux de chastet\u00e9, pauvret\u00e9 et ob\u00e9issance, nous vivons en communaut\u00e9s fraternelles pour annoncer l\u2019\u00c9vangile. Nous sommes contemplatives et missionnaires. Nous r\u00e9sidons au presbyt\u00e8re de l\u2019\u00e9glise St Fran\u00e7ois d\u00b4Assise. Nous sommes contemplatives et missionnaires. Nous r\u00e9sidons au sein de la paroisse St Fran\u00e7ois d\u00b4Assise. Par notre mission, nous sommes en lien avec des groupes tr\u00e8s divers\u00a0: les paroissiens de St Fran\u00e7ois d\u2019Assise, les cat\u00e9chum\u00e8nes et n\u00e9ophytes, les personnes malades ou isol\u00e9es du quartier dans...\" \/>\n<meta property=\"og:url\" content=\"https:\/\/saintfrancoisdassise-toulouse.fr\/?page_id=1319\" \/>\n<meta property=\"og:site_name\" content=\"Saint Fran\u00e7ois d&#039;Assise\" \/>\n<meta property=\"article:modified_time\" content=\"2026-03-29T18:39:31+00:00\" \/>\n<meta property=\"og:image\" content=\"https:\/\/saintfrancoisdassise-toulouse.fr\/wp-content\/uploads\/2026\/03\/email1771184214398-1.jpg\" \/>\n\t<meta property=\"og:image:width\" content=\"1208\" \/>\n\t<meta property=\"og:image:height\" content=\"906\" \/>\n\t<meta property=\"og:image:type\" content=\"image\/jpeg\" \/>\n<meta name=\"twitter:card\" content=\"summary_large_image\" \/>\n<meta name=\"twitter:label1\" content=\"Est. reading time\" \/>\n\t<meta name=\"twitter:data1\" content=\"2 minutes\" \/>\n<script type=\"application\/ld+json\" class=\"yoast-schema-graph\">{\"@context\":\"https:\/\/schema.org\",\"@graph\":[{\"@type\":\"WebPage\",\"@id\":\"https:\/\/saintfrancoisdassise-toulouse.fr\/?page_id=1319\",\"url\":\"https:\/\/saintfrancoisdassise-toulouse.fr\/?page_id=1319\",\"name\":\"S\u0153urs Xavi\u00e8res - Saint Fran\u00e7ois d&#039;Assise\",\"isPartOf\":{\"@id\":\"https:\/\/saintfrancoisdassise-toulouse.fr\/#website\"},\"primaryImageOfPage\":{\"@id\":\"https:\/\/saintfrancoisdassise-toulouse.fr\/?page_id=1319#primaryimage\"},\"image\":{\"@id\":\"https:\/\/saintfrancoisdassise-toulouse.fr\/?page_id=1319#primaryimage\"},\"thumbnailUrl\":\"http:\/\/saintfrancoisdassise-toulouse.fr\/wp-content\/uploads\/2026\/03\/email1771184214398-1-1024x768.jpg\",\"datePublished\":\"2024-03-16T17:06:08+00:00\",\"dateModified\":\"2026-03-29T18:39:31+00:00\",\"breadcrumb\":{\"@id\":\"https:\/\/saintfrancoisdassise-toulouse.fr\/?page_id=1319#breadcrumb\"},\"inLanguage\":\"en-US\",\"potentialAction\":[{\"@type\":\"ReadAction\",\"target\":[\"https:\/\/saintfrancoisdassise-toulouse.fr\/?page_id=1319\"]}]},{\"@type\":\"ImageObject\",\"inLanguage\":\"en-US\",\"@id\":\"https:\/\/saintfrancoisdassise-toulouse.fr\/?page_id=1319#primaryimage\",\"url\":\"https:\/\/saintfrancoisdassise-toulouse.fr\/wp-content\/uploads\/2026\/03\/email1771184214398-1.jpg\",\"contentUrl\":\"https:\/\/saintfrancoisdassise-toulouse.fr\/wp-content\/uploads\/2026\/03\/email1771184214398-1.jpg\",\"width\":1208,\"height\":906},{\"@type\":\"BreadcrumbList\",\"@id\":\"https:\/\/saintfrancoisdassise-toulouse.fr\/?page_id=1319#breadcrumb\",\"itemListElement\":[{\"@type\":\"ListItem\",\"position\":1,\"name\":\"Accueil\",\"item\":\"https:\/\/saintfrancoisdassise-toulouse.fr\/\"},{\"@type\":\"ListItem\",\"position\":2,\"name\":\"S\u0153urs Xavi\u00e8res\"}]},{\"@type\":\"WebSite\",\"@id\":\"https:\/\/saintfrancoisdassise-toulouse.fr\/#website\",\"url\":\"https:\/\/saintfrancoisdassise-toulouse.fr\/\",\"name\":\"Saint Fran\u00e7ois d'Assise\",\"description\":\"106 bis avenue Camille Pujol, 31500 Toulouse\",\"potentialAction\":[{\"@type\":\"SearchAction\",\"target\":{\"@type\":\"EntryPoint\",\"urlTemplate\":\"https:\/\/saintfrancoisdassise-toulouse.fr\/?s={search_term_string}\"},\"query-input\":{\"@type\":\"PropertyValueSpecification\",\"valueRequired\":true,\"valueName\":\"search_term_string\"}}],\"inLanguage\":\"en-US\"}]}<\/script>\n<!-- \/ Yoast SEO plugin. -->","yoast_head_json":{"title":"S\u0153urs Xavi\u00e8res - Saint Fran\u00e7ois d&#039;Assise","robots":{"index":"index","follow":"follow","max-snippet":"max-snippet:-1","max-image-preview":"max-image-preview:large","max-video-preview":"max-video-preview:-1"},"canonical":"https:\/\/saintfrancoisdassise-toulouse.fr\/?page_id=1319","og_locale":"en_US","og_type":"article","og_title":"S\u0153urs Xavi\u00e8res - Saint Fran\u00e7ois d&#039;Assise","og_description":"S\u0153urs Xavi\u00e8res La Xavi\u00e8re est une communaut\u00e9 de spiritualit\u00e9 ignatienne fond\u00e9e en 1921 par Claire Monest\u00e8s. Cette ann\u00e9e 2025-26, nous sommes six. Consacr\u00e9es \u00e0 Dieu par les v\u0153ux de chastet\u00e9, pauvret\u00e9 et ob\u00e9issance, nous vivons en communaut\u00e9s fraternelles pour annoncer l\u2019\u00c9vangile. Nous sommes contemplatives et missionnaires. Nous r\u00e9sidons au presbyt\u00e8re de l\u2019\u00e9glise St Fran\u00e7ois d\u00b4Assise. Nous sommes contemplatives et missionnaires. Nous r\u00e9sidons au sein de la paroisse St Fran\u00e7ois d\u00b4Assise. Par notre mission, nous sommes en lien avec des groupes tr\u00e8s divers\u00a0: les paroissiens de St Fran\u00e7ois d\u2019Assise, les cat\u00e9chum\u00e8nes et n\u00e9ophytes, les personnes malades ou isol\u00e9es du quartier dans...","og_url":"https:\/\/saintfrancoisdassise-toulouse.fr\/?page_id=1319","og_site_name":"Saint Fran\u00e7ois d&#039;Assise","article_modified_time":"2026-03-29T18:39:31+00:00","og_image":[{"width":1208,"height":906,"url":"https:\/\/saintfrancoisdassise-toulouse.fr\/wp-content\/uploads\/2026\/03\/email1771184214398-1.jpg","type":"image\/jpeg"}],"twitter_card":"summary_large_image","twitter_misc":{"Est. reading time":"2 minutes"},"schema":{"@context":"https:\/\/schema.org","@graph":[{"@type":"WebPage","@id":"https:\/\/saintfrancoisdassise-toulouse.fr\/?page_id=1319","url":"https:\/\/saintfrancoisdassise-toulouse.fr\/?page_id=1319","name":"S\u0153urs Xavi\u00e8res - Saint Fran\u00e7ois d&#039;Assise","isPartOf":{"@id":"https:\/\/saintfrancoisdassise-toulouse.fr\/#website"},"primaryImageOfPage":{"@id":"https:\/\/saintfrancoisdassise-toulouse.fr\/?page_id=1319#primaryimage"},"image":{"@id":"https:\/\/saintfrancoisdassise-toulouse.fr\/?page_id=1319#primaryimage"},"thumbnailUrl":"http:\/\/saintfrancoisdassise-toulouse.fr\/wp-content\/uploads\/2026\/03\/email1771184214398-1-1024x768.jpg","datePublished":"2024-03-16T17:06:08+00:00","dateModified":"2026-03-29T18:39:31+00:00","breadcrumb":{"@id":"https:\/\/saintfrancoisdassise-toulouse.fr\/?page_id=1319#breadcrumb"},"inLanguage":"en-US","potentialAction":[{"@type":"ReadAction","target":["https:\/\/saintfrancoisdassise-toulouse.fr\/?page_id=1319"]}]},{"@type":"ImageObject","inLanguage":"en-US","@id":"https:\/\/saintfrancoisdassise-toulouse.fr\/?page_id=1319#primaryimage","url":"https:\/\/saintfrancoisdassise-toulouse.fr\/wp-content\/uploads\/2026\/03\/email1771184214398-1.jpg","contentUrl":"https:\/\/saintfrancoisdassise-toulouse.fr\/wp-content\/uploads\/2026\/03\/email1771184214398-1.jpg","width":1208,"height":906},{"@type":"BreadcrumbList","@id":"https:\/\/saintfrancoisdassise-toulouse.fr\/?page_id=1319#breadcrumb","itemListElement":[{"@type":"ListItem","position":1,"name":"Accueil","item":"https:\/\/saintfrancoisdassise-toulouse.fr\/"},{"@type":"ListItem","position":2,"name":"S\u0153urs Xavi\u00e8res"}]},{"@type":"WebSite","@id":"https:\/\/saintfrancoisdassise-toulouse.fr\/#website","url":"https:\/\/saintfrancoisdassise-toulouse.fr\/","name":"Saint Fran\u00e7ois d'Assise","description":"106 bis avenue Camille Pujol, 31500 Toulouse","potentialAction":[{"@type":"SearchAction","target":{"@type":"EntryPoint","urlTemplate":"https:\/\/saintfrancoisdassise-toulouse.fr\/?s={search_term_string}"},"query-input":{"@type":"PropertyValueSpecification","valueRequired":true,"valueName":"search_term_string"}}],"inLanguage":"en-US"}]}},"_links":{"self":[{"href":"https:\/\/saintfrancoisdassise-toulouse.fr\/index.php?rest_route=\/wp\/v2\/pages\/1319","targetHints":{"allow":["GET"]}}],"collection":[{"href":"https:\/\/saintfrancoisdassise-toulouse.fr\/index.php?rest_route=\/wp\/v2\/pages"}],"about":[{"href":"https:\/\/saintfrancoisdassise-toulouse.fr\/index.php?rest_route=\/wp\/v2\/types\/page"}],"author":[{"embeddable":true,"href":"https:\/\/saintfrancoisdassise-toulouse.fr\/index.php?rest_route=\/wp\/v2\/users\/2"}],"replies":[{"embeddable":true,"href":"https:\/\/saintfrancoisdassise-toulouse.fr\/index.php?rest_route=%2Fwp%2Fv2%2Fcomments&post=1319"}],"version-history":[{"count":25,"href":"https:\/\/saintfrancoisdassise-toulouse.fr\/index.php?rest_route=\/wp\/v2\/pages\/1319\/revisions"}],"predecessor-version":[{"id":2923,"href":"https:\/\/saintfrancoisdassise-toulouse.fr\/index.php?rest_route=\/wp\/v2\/pages\/1319\/revisions\/2923"}],"wp:attachment":[{"href":"https:\/\/saintfrancoisdassise-toulouse.fr\/index.php?rest_route=%2Fwp%2Fv2%2Fmedia&parent=1319"}],"curies":[{"name":"wp","href":"https:\/\/api.w.org\/{rel}","templated":true}]}}