{"id":1334,"date":"2024-03-16T18:15:19","date_gmt":"2024-03-16T17:15:19","guid":{"rendered":"https:\/\/saintfrancoisdassise-toulouse.fr\/?page_id=1334"},"modified":"2025-02-10T15:36:36","modified_gmt":"2025-02-10T14:36:36","slug":"focolari","status":"publish","type":"page","link":"https:\/\/saintfrancoisdassise-toulouse.fr\/?page_id=1334","title":{"rendered":"Focolari"},"content":{"rendered":"\t\t<div data-elementor-type=\"wp-page\" data-elementor-id=\"1334\" class=\"elementor elementor-1334\">\n\t\t\t\t<div class=\"elementor-element elementor-element-425d01b0 e-flex e-con-boxed e-con e-parent\" data-id=\"425d01b0\" data-element_type=\"container\" data-e-type=\"container\">\n\t\t\t\t\t<div class=\"e-con-inner\">\n\t\t\t\t<div class=\"elementor-element elementor-element-2c4a8827 elementor-widget elementor-widget-heading\" data-id=\"2c4a8827\" data-element_type=\"widget\" data-e-type=\"widget\" data-widget_type=\"heading.default\">\n\t\t\t\t<div class=\"elementor-widget-container\">\n\t\t\t\t\t<h1 class=\"elementor-heading-title elementor-size-default\">Focolari<\/h1>\t\t\t\t<\/div>\n\t\t\t\t<\/div>\n\t\t\t\t\t<\/div>\n\t\t\t\t<\/div>\n\t\t<div class=\"elementor-element elementor-element-1b0ece25 e-flex e-con-boxed e-con e-parent\" data-id=\"1b0ece25\" data-element_type=\"container\" data-e-type=\"container\">\n\t\t\t\t\t<div class=\"e-con-inner\">\n\t\t<div class=\"elementor-element elementor-element-73b15086 e-con-full e-flex e-con e-child\" data-id=\"73b15086\" data-element_type=\"container\" data-e-type=\"container\">\n\t\t\t\t<div class=\"elementor-element elementor-element-10c9e3ce elementor-widget elementor-widget-image\" data-id=\"10c9e3ce\" data-element_type=\"widget\" data-e-type=\"widget\" data-widget_type=\"image.default\">\n\t\t\t\t<div class=\"elementor-widget-container\">\n\t\t\t\t\t\t\t\t\t\t\t\t\t\t\t<img fetchpriority=\"high\" decoding=\"async\" width=\"743\" height=\"405\" src=\"https:\/\/saintfrancoisdassise-toulouse.fr\/wp-content\/uploads\/2024\/12\/Focolari-jeunes.png\" class=\"attachment-large size-large wp-image-2459\" alt=\"\" srcset=\"https:\/\/saintfrancoisdassise-toulouse.fr\/wp-content\/uploads\/2024\/12\/Focolari-jeunes.png 743w, https:\/\/saintfrancoisdassise-toulouse.fr\/wp-content\/uploads\/2024\/12\/Focolari-jeunes-300x164.png 300w\" sizes=\"(max-width: 743px) 100vw, 743px\" \/>\t\t\t\t\t\t\t\t\t\t\t\t\t\t\t<\/div>\n\t\t\t\t<\/div>\n\t\t\t\t<\/div>\n\t\t<div class=\"elementor-element elementor-element-39a74849 e-con-full e-flex e-con e-child\" data-id=\"39a74849\" data-element_type=\"container\" data-e-type=\"container\">\n\t\t\t\t<div class=\"elementor-element elementor-element-4808278 elementor-widget elementor-widget-text-editor\" data-id=\"4808278\" data-element_type=\"widget\" data-e-type=\"widget\" data-widget_type=\"text-editor.default\">\n\t\t\t\t<div class=\"elementor-widget-container\">\n\t\t\t\t\t\t\t\t\t<p>\u00a0<\/p><p>Le Mouvement des Focolari, est une communaut\u00e9 internationale fond\u00e9e en 1943 par Chiara Lubich \u00e0 Trente, en Italie. Leur mission est de promouvoir l&#8217;unit\u00e9 et la fraternit\u00e9 universelle \u00e0 travers des actions concr\u00e8tes de dialogue et de partage.<\/p><p>Les Focolari s&#8217;engagent dans diverses activit\u00e9s, telles que des rencontres interreligieuses, des projets sociaux et des initiatives \u00e9ducatives, visant \u00e0 construire un monde plus juste et harmonieux. Leur approche repose sur la spiritualit\u00e9 de l&#8217;unit\u00e9, qui encourage chacun \u00e0 vivre l&#8217;amour r\u00e9ciproque et \u00e0 \u0153uvrer pour le bien commun.<\/p><p>En rejoignant un groupe des Focolari, les membres trouvent un espace de solidarit\u00e9 et de croissance personnelle, tout en contribuant \u00e0 la paix et \u00e0 la r\u00e9conciliation dans le monde.<\/p>\t\t\t\t\t\t\t\t<\/div>\n\t\t\t\t<\/div>\n\t\t\t\t<\/div>\n\t\t\t\t\t<\/div>\n\t\t\t\t<\/div>\n\t\t<div class=\"elementor-element elementor-element-4178bb7d e-flex e-con-boxed e-con e-parent\" data-id=\"4178bb7d\" data-element_type=\"container\" data-e-type=\"container\" data-settings=\"{&quot;background_background&quot;:&quot;classic&quot;}\">\n\t\t\t\t\t<div class=\"e-con-inner\">\n\t\t<div class=\"elementor-element elementor-element-8db8b18 e-flex e-con-boxed e-con e-child\" data-id=\"8db8b18\" data-element_type=\"container\" data-e-type=\"container\" data-settings=\"{&quot;background_background&quot;:&quot;classic&quot;}\">\n\t\t\t\t\t<div class=\"e-con-inner\">\n\t\t<div class=\"elementor-element elementor-element-2d43b3df e-flex e-con-boxed e-con e-child\" data-id=\"2d43b3df\" data-element_type=\"container\" data-e-type=\"container\" data-settings=\"{&quot;background_background&quot;:&quot;classic&quot;}\">\n\t\t\t\t\t<div class=\"e-con-inner\">\n\t\t\t\t<div class=\"elementor-element elementor-element-2579ee9 elementor-widget elementor-widget-text-editor\" data-id=\"2579ee9\" data-element_type=\"widget\" data-e-type=\"widget\" data-widget_type=\"text-editor.default\">\n\t\t\t\t<div class=\"elementor-widget-container\">\n\t\t\t\t\t\t\t\t\tPour plus d&#8217;information concernant le mouvement, prendre contact avec\u00a0Yvette et Fr\u00e9d\u00e9ric COLOMAR \u2013 05 61 89 36 \u2013 06 76 13 90 66 &#8211; <span style=\"color: #ffffff;\"><a style=\"color: #ffffff; text-decoration-line: underline;\" href=\"mailto:frederic.colomar@orange.fr\">frederic.colomar@orange.fr<\/a><\/span>\t\t\t\t\t\t\t\t<\/div>\n\t\t\t\t<\/div>\n\t\t\t\t\t<\/div>\n\t\t\t\t<\/div>\n\t\t\t\t\t<\/div>\n\t\t\t\t<\/div>\n\t\t\t\t\t<\/div>\n\t\t\t\t<\/div>\n\t\t\t\t<\/div>\n\t\t","protected":false},"excerpt":{"rendered":"<p>Focolari \u00a0 Le Mouvement des Focolari, est une communaut\u00e9 internationale fond\u00e9e en 1943 par Chiara Lubich \u00e0 Trente, en Italie. Leur mission est de promouvoir l&#8217;unit\u00e9 et la fraternit\u00e9 universelle \u00e0 travers des actions concr\u00e8tes de dialogue et de partage. Les Focolari s&#8217;engagent dans diverses activit\u00e9s, telles que des rencontres interreligieuses, des projets sociaux et des initiatives \u00e9ducatives, visant \u00e0 construire un monde plus juste et harmonieux. Leur approche repose sur la spiritualit\u00e9 de l&#8217;unit\u00e9, qui encourage chacun \u00e0 vivre l&#8217;amour r\u00e9ciproque et \u00e0 \u0153uvrer pour le bien commun. En rejoignant un groupe des Focolari, les membres trouvent un espace&#8230; <\/p>\n","protected":false},"author":2,"featured_media":0,"parent":0,"menu_order":0,"comment_status":"closed","ping_status":"closed","template":"template-parts\/page-template-full-width.php","meta":{"footnotes":""},"class_list":["post-1334","page","type-page","status-publish","hentry"],"yoast_head":"<!-- This site is optimized with the Yoast SEO plugin v24.4 - https:\/\/yoast.com\/wordpress\/plugins\/seo\/ -->\n<title>Focolari - Saint Fran\u00e7ois d&#039;Assise<\/title>\n<meta name=\"robots\" content=\"index, follow, max-snippet:-1, max-image-preview:large, max-video-preview:-1\" \/>\n<link rel=\"canonical\" href=\"https:\/\/saintfrancoisdassise-toulouse.fr\/?page_id=1334\" \/>\n<meta property=\"og:locale\" content=\"en_US\" \/>\n<meta property=\"og:type\" content=\"article\" \/>\n<meta property=\"og:title\" content=\"Focolari - Saint Fran\u00e7ois d&#039;Assise\" \/>\n<meta property=\"og:description\" content=\"Focolari \u00a0 Le Mouvement des Focolari, est une communaut\u00e9 internationale fond\u00e9e en 1943 par Chiara Lubich \u00e0 Trente, en Italie. Leur mission est de promouvoir l&#8217;unit\u00e9 et la fraternit\u00e9 universelle \u00e0 travers des actions concr\u00e8tes de dialogue et de partage. Les Focolari s&#8217;engagent dans diverses activit\u00e9s, telles que des rencontres interreligieuses, des projets sociaux et des initiatives \u00e9ducatives, visant \u00e0 construire un monde plus juste et harmonieux. Leur approche repose sur la spiritualit\u00e9 de l&#8217;unit\u00e9, qui encourage chacun \u00e0 vivre l&#8217;amour r\u00e9ciproque et \u00e0 \u0153uvrer pour le bien commun. En rejoignant un groupe des Focolari, les membres trouvent un espace...\" \/>\n<meta property=\"og:url\" content=\"https:\/\/saintfrancoisdassise-toulouse.fr\/?page_id=1334\" \/>\n<meta property=\"og:site_name\" content=\"Saint Fran\u00e7ois d&#039;Assise\" \/>\n<meta property=\"article:modified_time\" content=\"2025-02-10T14:36:36+00:00\" \/>\n<meta property=\"og:image\" content=\"http:\/\/saintfrancoisdassise-toulouse.fr\/wp-content\/uploads\/2024\/12\/Focolari-jeunes.png\" \/>\n<meta name=\"twitter:card\" content=\"summary_large_image\" \/>\n<meta name=\"twitter:label1\" content=\"Est. reading time\" \/>\n\t<meta name=\"twitter:data1\" content=\"1 minute\" \/>\n<script type=\"application\/ld+json\" class=\"yoast-schema-graph\">{\"@context\":\"https:\/\/schema.org\",\"@graph\":[{\"@type\":\"WebPage\",\"@id\":\"https:\/\/saintfrancoisdassise-toulouse.fr\/?page_id=1334\",\"url\":\"https:\/\/saintfrancoisdassise-toulouse.fr\/?page_id=1334\",\"name\":\"Focolari - Saint Fran\u00e7ois d&#039;Assise\",\"isPartOf\":{\"@id\":\"https:\/\/saintfrancoisdassise-toulouse.fr\/#website\"},\"primaryImageOfPage\":{\"@id\":\"https:\/\/saintfrancoisdassise-toulouse.fr\/?page_id=1334#primaryimage\"},\"image\":{\"@id\":\"https:\/\/saintfrancoisdassise-toulouse.fr\/?page_id=1334#primaryimage\"},\"thumbnailUrl\":\"http:\/\/saintfrancoisdassise-toulouse.fr\/wp-content\/uploads\/2024\/12\/Focolari-jeunes.png\",\"datePublished\":\"2024-03-16T17:15:19+00:00\",\"dateModified\":\"2025-02-10T14:36:36+00:00\",\"breadcrumb\":{\"@id\":\"https:\/\/saintfrancoisdassise-toulouse.fr\/?page_id=1334#breadcrumb\"},\"inLanguage\":\"en-US\",\"potentialAction\":[{\"@type\":\"ReadAction\",\"target\":[\"https:\/\/saintfrancoisdassise-toulouse.fr\/?page_id=1334\"]}]},{\"@type\":\"ImageObject\",\"inLanguage\":\"en-US\",\"@id\":\"https:\/\/saintfrancoisdassise-toulouse.fr\/?page_id=1334#primaryimage\",\"url\":\"https:\/\/saintfrancoisdassise-toulouse.fr\/wp-content\/uploads\/2024\/12\/Focolari-jeunes.png\",\"contentUrl\":\"https:\/\/saintfrancoisdassise-toulouse.fr\/wp-content\/uploads\/2024\/12\/Focolari-jeunes.png\",\"width\":743,\"height\":405},{\"@type\":\"BreadcrumbList\",\"@id\":\"https:\/\/saintfrancoisdassise-toulouse.fr\/?page_id=1334#breadcrumb\",\"itemListElement\":[{\"@type\":\"ListItem\",\"position\":1,\"name\":\"Accueil\",\"item\":\"https:\/\/saintfrancoisdassise-toulouse.fr\/\"},{\"@type\":\"ListItem\",\"position\":2,\"name\":\"Focolari\"}]},{\"@type\":\"WebSite\",\"@id\":\"https:\/\/saintfrancoisdassise-toulouse.fr\/#website\",\"url\":\"https:\/\/saintfrancoisdassise-toulouse.fr\/\",\"name\":\"Saint Fran\u00e7ois d'Assise\",\"description\":\"106 bis avenue Camille Pujol, 31500 Toulouse\",\"potentialAction\":[{\"@type\":\"SearchAction\",\"target\":{\"@type\":\"EntryPoint\",\"urlTemplate\":\"https:\/\/saintfrancoisdassise-toulouse.fr\/?s={search_term_string}\"},\"query-input\":{\"@type\":\"PropertyValueSpecification\",\"valueRequired\":true,\"valueName\":\"search_term_string\"}}],\"inLanguage\":\"en-US\"}]}<\/script>\n<!-- \/ Yoast SEO plugin. -->","yoast_head_json":{"title":"Focolari - Saint Fran\u00e7ois d&#039;Assise","robots":{"index":"index","follow":"follow","max-snippet":"max-snippet:-1","max-image-preview":"max-image-preview:large","max-video-preview":"max-video-preview:-1"},"canonical":"https:\/\/saintfrancoisdassise-toulouse.fr\/?page_id=1334","og_locale":"en_US","og_type":"article","og_title":"Focolari - Saint Fran\u00e7ois d&#039;Assise","og_description":"Focolari \u00a0 Le Mouvement des Focolari, est une communaut\u00e9 internationale fond\u00e9e en 1943 par Chiara Lubich \u00e0 Trente, en Italie. Leur mission est de promouvoir l&#8217;unit\u00e9 et la fraternit\u00e9 universelle \u00e0 travers des actions concr\u00e8tes de dialogue et de partage. Les Focolari s&#8217;engagent dans diverses activit\u00e9s, telles que des rencontres interreligieuses, des projets sociaux et des initiatives \u00e9ducatives, visant \u00e0 construire un monde plus juste et harmonieux. Leur approche repose sur la spiritualit\u00e9 de l&#8217;unit\u00e9, qui encourage chacun \u00e0 vivre l&#8217;amour r\u00e9ciproque et \u00e0 \u0153uvrer pour le bien commun. En rejoignant un groupe des Focolari, les membres trouvent un espace...","og_url":"https:\/\/saintfrancoisdassise-toulouse.fr\/?page_id=1334","og_site_name":"Saint Fran\u00e7ois d&#039;Assise","article_modified_time":"2025-02-10T14:36:36+00:00","og_image":[{"url":"http:\/\/saintfrancoisdassise-toulouse.fr\/wp-content\/uploads\/2024\/12\/Focolari-jeunes.png","type":"","width":"","height":""}],"twitter_card":"summary_large_image","twitter_misc":{"Est. reading time":"1 minute"},"schema":{"@context":"https:\/\/schema.org","@graph":[{"@type":"WebPage","@id":"https:\/\/saintfrancoisdassise-toulouse.fr\/?page_id=1334","url":"https:\/\/saintfrancoisdassise-toulouse.fr\/?page_id=1334","name":"Focolari - Saint Fran\u00e7ois d&#039;Assise","isPartOf":{"@id":"https:\/\/saintfrancoisdassise-toulouse.fr\/#website"},"primaryImageOfPage":{"@id":"https:\/\/saintfrancoisdassise-toulouse.fr\/?page_id=1334#primaryimage"},"image":{"@id":"https:\/\/saintfrancoisdassise-toulouse.fr\/?page_id=1334#primaryimage"},"thumbnailUrl":"http:\/\/saintfrancoisdassise-toulouse.fr\/wp-content\/uploads\/2024\/12\/Focolari-jeunes.png","datePublished":"2024-03-16T17:15:19+00:00","dateModified":"2025-02-10T14:36:36+00:00","breadcrumb":{"@id":"https:\/\/saintfrancoisdassise-toulouse.fr\/?page_id=1334#breadcrumb"},"inLanguage":"en-US","potentialAction":[{"@type":"ReadAction","target":["https:\/\/saintfrancoisdassise-toulouse.fr\/?page_id=1334"]}]},{"@type":"ImageObject","inLanguage":"en-US","@id":"https:\/\/saintfrancoisdassise-toulouse.fr\/?page_id=1334#primaryimage","url":"https:\/\/saintfrancoisdassise-toulouse.fr\/wp-content\/uploads\/2024\/12\/Focolari-jeunes.png","contentUrl":"https:\/\/saintfrancoisdassise-toulouse.fr\/wp-content\/uploads\/2024\/12\/Focolari-jeunes.png","width":743,"height":405},{"@type":"BreadcrumbList","@id":"https:\/\/saintfrancoisdassise-toulouse.fr\/?page_id=1334#breadcrumb","itemListElement":[{"@type":"ListItem","position":1,"name":"Accueil","item":"https:\/\/saintfrancoisdassise-toulouse.fr\/"},{"@type":"ListItem","position":2,"name":"Focolari"}]},{"@type":"WebSite","@id":"https:\/\/saintfrancoisdassise-toulouse.fr\/#website","url":"https:\/\/saintfrancoisdassise-toulouse.fr\/","name":"Saint Fran\u00e7ois d'Assise","description":"106 bis avenue Camille Pujol, 31500 Toulouse","potentialAction":[{"@type":"SearchAction","target":{"@type":"EntryPoint","urlTemplate":"https:\/\/saintfrancoisdassise-toulouse.fr\/?s={search_term_string}"},"query-input":{"@type":"PropertyValueSpecification","valueRequired":true,"valueName":"search_term_string"}}],"inLanguage":"en-US"}]}},"_links":{"self":[{"href":"https:\/\/saintfrancoisdassise-toulouse.fr\/index.php?rest_route=\/wp\/v2\/pages\/1334","targetHints":{"allow":["GET"]}}],"collection":[{"href":"https:\/\/saintfrancoisdassise-toulouse.fr\/index.php?rest_route=\/wp\/v2\/pages"}],"about":[{"href":"https:\/\/saintfrancoisdassise-toulouse.fr\/index.php?rest_route=\/wp\/v2\/types\/page"}],"author":[{"embeddable":true,"href":"https:\/\/saintfrancoisdassise-toulouse.fr\/index.php?rest_route=\/wp\/v2\/users\/2"}],"replies":[{"embeddable":true,"href":"https:\/\/saintfrancoisdassise-toulouse.fr\/index.php?rest_route=%2Fwp%2Fv2%2Fcomments&post=1334"}],"version-history":[{"count":13,"href":"https:\/\/saintfrancoisdassise-toulouse.fr\/index.php?rest_route=\/wp\/v2\/pages\/1334\/revisions"}],"predecessor-version":[{"id":2673,"href":"https:\/\/saintfrancoisdassise-toulouse.fr\/index.php?rest_route=\/wp\/v2\/pages\/1334\/revisions\/2673"}],"wp:attachment":[{"href":"https:\/\/saintfrancoisdassise-toulouse.fr\/index.php?rest_route=%2Fwp%2Fv2%2Fmedia&parent=1334"}],"curies":[{"name":"wp","href":"https:\/\/api.w.org\/{rel}","templated":true}]}}