{"id":1339,"date":"2024-03-16T18:17:17","date_gmt":"2024-03-16T17:17:17","guid":{"rendered":"https:\/\/saintfrancoisdassise-toulouse.fr\/?page_id=1339"},"modified":"2026-02-02T22:33:47","modified_gmt":"2026-02-02T21:33:47","slug":"pelerinage-des-peres","status":"publish","type":"page","link":"https:\/\/saintfrancoisdassise-toulouse.fr\/?page_id=1339","title":{"rendered":"P\u00e8lerinage des P\u00e8res"},"content":{"rendered":"\t\t<div data-elementor-type=\"wp-page\" data-elementor-id=\"1339\" class=\"elementor elementor-1339\">\n\t\t\t\t<div class=\"elementor-element elementor-element-2b02751c e-flex e-con-boxed e-con e-parent\" data-id=\"2b02751c\" data-element_type=\"container\" data-e-type=\"container\">\n\t\t\t\t\t<div class=\"e-con-inner\">\n\t\t\t\t<div class=\"elementor-element elementor-element-665059e1 elementor-widget elementor-widget-heading\" data-id=\"665059e1\" data-element_type=\"widget\" data-e-type=\"widget\" data-widget_type=\"heading.default\">\n\t\t\t\t<div class=\"elementor-widget-container\">\n\t\t\t\t\t<h1 class=\"elementor-heading-title elementor-size-default\">P\u00e8lerinage des Hommes<\/h1>\t\t\t\t<\/div>\n\t\t\t\t<\/div>\n\t\t\t\t\t<\/div>\n\t\t\t\t<\/div>\n\t\t<div class=\"elementor-element elementor-element-adc417c e-flex e-con-boxed e-con e-parent\" data-id=\"adc417c\" data-element_type=\"container\" data-e-type=\"container\">\n\t\t\t\t\t<div class=\"e-con-inner\">\n\t\t<div class=\"elementor-element elementor-element-7f22c9f8 e-con-full e-flex e-con e-child\" data-id=\"7f22c9f8\" data-element_type=\"container\" data-e-type=\"container\">\n\t\t\t\t<div class=\"elementor-element elementor-element-7d835967 elementor-widget elementor-widget-image\" data-id=\"7d835967\" data-element_type=\"widget\" data-e-type=\"widget\" data-widget_type=\"image.default\">\n\t\t\t\t<div class=\"elementor-widget-container\">\n\t\t\t\t\t\t\t\t\t\t\t\t\t\t\t<img fetchpriority=\"high\" decoding=\"async\" width=\"1024\" height=\"768\" src=\"https:\/\/saintfrancoisdassise-toulouse.fr\/wp-content\/uploads\/2024\/07\/DSTB3656-1024x768.jpg\" class=\"attachment-large size-large wp-image-1726\" alt=\"\" srcset=\"https:\/\/saintfrancoisdassise-toulouse.fr\/wp-content\/uploads\/2024\/07\/DSTB3656-1024x768.jpg 1024w, https:\/\/saintfrancoisdassise-toulouse.fr\/wp-content\/uploads\/2024\/07\/DSTB3656-300x225.jpg 300w, https:\/\/saintfrancoisdassise-toulouse.fr\/wp-content\/uploads\/2024\/07\/DSTB3656-768x576.jpg 768w, https:\/\/saintfrancoisdassise-toulouse.fr\/wp-content\/uploads\/2024\/07\/DSTB3656-1536x1152.jpg 1536w, https:\/\/saintfrancoisdassise-toulouse.fr\/wp-content\/uploads\/2024\/07\/DSTB3656.jpg 1600w\" sizes=\"(max-width: 1024px) 100vw, 1024px\" \/>\t\t\t\t\t\t\t\t\t\t\t\t\t\t\t<\/div>\n\t\t\t\t<\/div>\n\t\t\t\t<\/div>\n\t\t<div class=\"elementor-element elementor-element-6259bf09 e-con-full e-flex e-con e-child\" data-id=\"6259bf09\" data-element_type=\"container\" data-e-type=\"container\">\n\t\t\t\t<div class=\"elementor-element elementor-element-37e577e7 elementor-widget elementor-widget-text-editor\" data-id=\"37e577e7\" data-element_type=\"widget\" data-e-type=\"widget\" data-widget_type=\"text-editor.default\">\n\t\t\t\t<div class=\"elementor-widget-container\">\n\t\t\t\t\t\t\t\t\t<p>\u00a0<\/p><p>Depuis maintenant cinq ans, les paroisses Saint Fran\u00e7ois d&#8217;Assise et Notre Dame du Rosaire s&#8217;unissent pour offrir aux hommes ayant fond\u00e9 un foyer ou en ayant le d\u00e9sir, un p\u00e8lerinage unique dans les majestueuses Pyr\u00e9n\u00e9es. Ce voyage spirituel de trois jours, organis\u00e9 fin juin ou d\u00e9but juillet, est une occasion pr\u00e9cieuse de se d\u00e9connecter du quotidien et de se placer sous le regard mis\u00e9ricordieux de Dieu.<\/p><p>Les p\u00e8lerins sont invit\u00e9s \u00e0 marcher en montagne, avec pour point d&#8217;orgue l&#8217;arriv\u00e9e \u00e0 Saint Bertrand de Comminges. Ces trois jours sont \u00e9galement rythm\u00e9s par des moments de pri\u00e8re en commun, des \u00e9changes en groupe, des enseignements et des t\u00e9moignages inspirants.<\/p>\t\t\t\t\t\t\t\t<\/div>\n\t\t\t\t<\/div>\n\t\t\t\t<\/div>\n\t\t\t\t\t<\/div>\n\t\t\t\t<\/div>\n\t\t<div class=\"elementor-element elementor-element-297753a7 e-flex e-con-boxed e-con e-parent\" data-id=\"297753a7\" data-element_type=\"container\" data-e-type=\"container\" data-settings=\"{&quot;background_background&quot;:&quot;classic&quot;}\">\n\t\t\t\t\t<div class=\"e-con-inner\">\n\t\t<div class=\"elementor-element elementor-element-2217d4c7 e-flex e-con-boxed e-con e-child\" data-id=\"2217d4c7\" data-element_type=\"container\" data-e-type=\"container\" data-settings=\"{&quot;background_background&quot;:&quot;classic&quot;}\">\n\t\t\t\t\t<div class=\"e-con-inner\">\n\t\t<div class=\"elementor-element elementor-element-2bcb8003 e-flex e-con-boxed e-con e-child\" data-id=\"2bcb8003\" data-element_type=\"container\" data-e-type=\"container\" data-settings=\"{&quot;background_background&quot;:&quot;classic&quot;}\">\n\t\t\t\t\t<div class=\"e-con-inner\">\n\t\t\t\t<div class=\"elementor-element elementor-element-3f2497d6 elementor-widget elementor-widget-text-editor\" data-id=\"3f2497d6\" data-element_type=\"widget\" data-e-type=\"widget\" data-widget_type=\"text-editor.default\">\n\t\t\t\t<div class=\"elementor-widget-container\">\n\t\t\t\t\t\t\t\t\t<p>C&#8217;est dans une atmosph\u00e8re fraternelle et conviviale que chacun peut vivre pleinement une exp\u00e9rience spirituelle et humaine. N&#8217;h\u00e9sitez pas \u00e0 nous rejoindre pour la prochaine \u00e9dition, une occasion unique de renforcer sa foi et de se ressourcer au c\u0153ur de la nature.<\/p><p>Venez en parler \u00e0 Stanislas, S\u00e9bastien, Jean-Baptiste et Fran\u00e7ois<\/p>\t\t\t\t\t\t\t\t<\/div>\n\t\t\t\t<\/div>\n\t\t\t\t\t<\/div>\n\t\t\t\t<\/div>\n\t\t\t\t\t<\/div>\n\t\t\t\t<\/div>\n\t\t\t\t\t<\/div>\n\t\t\t\t<\/div>\n\t\t<div class=\"elementor-element elementor-element-d4835a5 e-flex e-con-boxed e-con e-parent\" data-id=\"d4835a5\" data-element_type=\"container\" data-e-type=\"container\">\n\t\t\t\t\t<div class=\"e-con-inner\">\n\t\t<div class=\"elementor-element elementor-element-5d2d818 e-con-full e-flex e-con e-child\" data-id=\"5d2d818\" data-element_type=\"container\" data-e-type=\"container\">\n\t\t\t\t<div class=\"elementor-element elementor-element-0e26dc2 elementor-widget elementor-widget-image\" data-id=\"0e26dc2\" data-element_type=\"widget\" data-e-type=\"widget\" data-widget_type=\"image.default\">\n\t\t\t\t<div class=\"elementor-widget-container\">\n\t\t\t\t\t\t\t\t\t\t\t\t\t\t\t<img decoding=\"async\" width=\"1024\" height=\"397\" src=\"https:\/\/saintfrancoisdassise-toulouse.fr\/wp-content\/uploads\/2024\/08\/pHOTO-BAS-DE-PAGE-1024x397.png\" class=\"attachment-large size-large wp-image-2146\" alt=\"\" srcset=\"https:\/\/saintfrancoisdassise-toulouse.fr\/wp-content\/uploads\/2024\/08\/pHOTO-BAS-DE-PAGE-1024x397.png 1024w, https:\/\/saintfrancoisdassise-toulouse.fr\/wp-content\/uploads\/2024\/08\/pHOTO-BAS-DE-PAGE-300x116.png 300w, https:\/\/saintfrancoisdassise-toulouse.fr\/wp-content\/uploads\/2024\/08\/pHOTO-BAS-DE-PAGE-768x298.png 768w, https:\/\/saintfrancoisdassise-toulouse.fr\/wp-content\/uploads\/2024\/08\/pHOTO-BAS-DE-PAGE-1536x595.png 1536w, https:\/\/saintfrancoisdassise-toulouse.fr\/wp-content\/uploads\/2024\/08\/pHOTO-BAS-DE-PAGE.png 1574w\" sizes=\"(max-width: 1024px) 100vw, 1024px\" \/>\t\t\t\t\t\t\t\t\t\t\t\t\t\t\t<\/div>\n\t\t\t\t<\/div>\n\t\t\t\t<\/div>\n\t\t\t\t\t<\/div>\n\t\t\t\t<\/div>\n\t\t\t\t<\/div>\n\t\t","protected":false},"excerpt":{"rendered":"<p>P\u00e8lerinage des Hommes \u00a0 Depuis maintenant cinq ans, les paroisses Saint Fran\u00e7ois d&#8217;Assise et Notre Dame du Rosaire s&#8217;unissent pour offrir aux hommes ayant fond\u00e9 un foyer ou en ayant le d\u00e9sir, un p\u00e8lerinage unique dans les majestueuses Pyr\u00e9n\u00e9es. Ce voyage spirituel de trois jours, organis\u00e9 fin juin ou d\u00e9but juillet, est une occasion pr\u00e9cieuse de se d\u00e9connecter du quotidien et de se placer sous le regard mis\u00e9ricordieux de Dieu. Les p\u00e8lerins sont invit\u00e9s \u00e0 marcher en montagne, avec pour point d&#8217;orgue l&#8217;arriv\u00e9e \u00e0 Saint Bertrand de Comminges. Ces trois jours sont \u00e9galement rythm\u00e9s par des moments de pri\u00e8re en&#8230; <\/p>\n","protected":false},"author":2,"featured_media":0,"parent":0,"menu_order":0,"comment_status":"closed","ping_status":"closed","template":"template-parts\/page-template-full-width.php","meta":{"footnotes":""},"class_list":["post-1339","page","type-page","status-publish","hentry"],"yoast_head":"<!-- This site is optimized with the Yoast SEO plugin v24.4 - https:\/\/yoast.com\/wordpress\/plugins\/seo\/ -->\n<title>P\u00e8lerinage des P\u00e8res - Saint Fran\u00e7ois d&#039;Assise<\/title>\n<meta name=\"robots\" content=\"index, follow, max-snippet:-1, max-image-preview:large, max-video-preview:-1\" \/>\n<link rel=\"canonical\" href=\"https:\/\/saintfrancoisdassise-toulouse.fr\/?page_id=1339\" \/>\n<meta property=\"og:locale\" content=\"en_US\" \/>\n<meta property=\"og:type\" content=\"article\" \/>\n<meta property=\"og:title\" content=\"P\u00e8lerinage des P\u00e8res - Saint Fran\u00e7ois d&#039;Assise\" \/>\n<meta property=\"og:description\" content=\"P\u00e8lerinage des Hommes \u00a0 Depuis maintenant cinq ans, les paroisses Saint Fran\u00e7ois d&#8217;Assise et Notre Dame du Rosaire s&#8217;unissent pour offrir aux hommes ayant fond\u00e9 un foyer ou en ayant le d\u00e9sir, un p\u00e8lerinage unique dans les majestueuses Pyr\u00e9n\u00e9es. Ce voyage spirituel de trois jours, organis\u00e9 fin juin ou d\u00e9but juillet, est une occasion pr\u00e9cieuse de se d\u00e9connecter du quotidien et de se placer sous le regard mis\u00e9ricordieux de Dieu. Les p\u00e8lerins sont invit\u00e9s \u00e0 marcher en montagne, avec pour point d&#8217;orgue l&#8217;arriv\u00e9e \u00e0 Saint Bertrand de Comminges. Ces trois jours sont \u00e9galement rythm\u00e9s par des moments de pri\u00e8re en...\" \/>\n<meta property=\"og:url\" content=\"https:\/\/saintfrancoisdassise-toulouse.fr\/?page_id=1339\" \/>\n<meta property=\"og:site_name\" content=\"Saint Fran\u00e7ois d&#039;Assise\" \/>\n<meta property=\"article:modified_time\" content=\"2026-02-02T21:33:47+00:00\" \/>\n<meta property=\"og:image\" content=\"https:\/\/saintfrancoisdassise-toulouse.fr\/wp-content\/uploads\/2024\/07\/DSTB3656.jpg\" \/>\n\t<meta property=\"og:image:width\" content=\"1600\" \/>\n\t<meta property=\"og:image:height\" content=\"1200\" \/>\n\t<meta property=\"og:image:type\" content=\"image\/jpeg\" \/>\n<meta name=\"twitter:card\" content=\"summary_large_image\" \/>\n<meta name=\"twitter:label1\" content=\"Est. reading time\" \/>\n\t<meta name=\"twitter:data1\" content=\"2 minutes\" \/>\n<script type=\"application\/ld+json\" class=\"yoast-schema-graph\">{\"@context\":\"https:\/\/schema.org\",\"@graph\":[{\"@type\":\"WebPage\",\"@id\":\"https:\/\/saintfrancoisdassise-toulouse.fr\/?page_id=1339\",\"url\":\"https:\/\/saintfrancoisdassise-toulouse.fr\/?page_id=1339\",\"name\":\"P\u00e8lerinage des P\u00e8res - Saint Fran\u00e7ois d&#039;Assise\",\"isPartOf\":{\"@id\":\"https:\/\/saintfrancoisdassise-toulouse.fr\/#website\"},\"primaryImageOfPage\":{\"@id\":\"https:\/\/saintfrancoisdassise-toulouse.fr\/?page_id=1339#primaryimage\"},\"image\":{\"@id\":\"https:\/\/saintfrancoisdassise-toulouse.fr\/?page_id=1339#primaryimage\"},\"thumbnailUrl\":\"http:\/\/saintfrancoisdassise-toulouse.fr\/wp-content\/uploads\/2024\/07\/DSTB3656-1024x768.jpg\",\"datePublished\":\"2024-03-16T17:17:17+00:00\",\"dateModified\":\"2026-02-02T21:33:47+00:00\",\"breadcrumb\":{\"@id\":\"https:\/\/saintfrancoisdassise-toulouse.fr\/?page_id=1339#breadcrumb\"},\"inLanguage\":\"en-US\",\"potentialAction\":[{\"@type\":\"ReadAction\",\"target\":[\"https:\/\/saintfrancoisdassise-toulouse.fr\/?page_id=1339\"]}]},{\"@type\":\"ImageObject\",\"inLanguage\":\"en-US\",\"@id\":\"https:\/\/saintfrancoisdassise-toulouse.fr\/?page_id=1339#primaryimage\",\"url\":\"https:\/\/saintfrancoisdassise-toulouse.fr\/wp-content\/uploads\/2024\/07\/DSTB3656.jpg\",\"contentUrl\":\"https:\/\/saintfrancoisdassise-toulouse.fr\/wp-content\/uploads\/2024\/07\/DSTB3656.jpg\",\"width\":1600,\"height\":1200},{\"@type\":\"BreadcrumbList\",\"@id\":\"https:\/\/saintfrancoisdassise-toulouse.fr\/?page_id=1339#breadcrumb\",\"itemListElement\":[{\"@type\":\"ListItem\",\"position\":1,\"name\":\"Accueil\",\"item\":\"https:\/\/saintfrancoisdassise-toulouse.fr\/\"},{\"@type\":\"ListItem\",\"position\":2,\"name\":\"P\u00e8lerinage des P\u00e8res\"}]},{\"@type\":\"WebSite\",\"@id\":\"https:\/\/saintfrancoisdassise-toulouse.fr\/#website\",\"url\":\"https:\/\/saintfrancoisdassise-toulouse.fr\/\",\"name\":\"Saint Fran\u00e7ois d'Assise\",\"description\":\"106 bis avenue Camille Pujol, 31500 Toulouse\",\"potentialAction\":[{\"@type\":\"SearchAction\",\"target\":{\"@type\":\"EntryPoint\",\"urlTemplate\":\"https:\/\/saintfrancoisdassise-toulouse.fr\/?s={search_term_string}\"},\"query-input\":{\"@type\":\"PropertyValueSpecification\",\"valueRequired\":true,\"valueName\":\"search_term_string\"}}],\"inLanguage\":\"en-US\"}]}<\/script>\n<!-- \/ Yoast SEO plugin. -->","yoast_head_json":{"title":"P\u00e8lerinage des P\u00e8res - Saint Fran\u00e7ois d&#039;Assise","robots":{"index":"index","follow":"follow","max-snippet":"max-snippet:-1","max-image-preview":"max-image-preview:large","max-video-preview":"max-video-preview:-1"},"canonical":"https:\/\/saintfrancoisdassise-toulouse.fr\/?page_id=1339","og_locale":"en_US","og_type":"article","og_title":"P\u00e8lerinage des P\u00e8res - Saint Fran\u00e7ois d&#039;Assise","og_description":"P\u00e8lerinage des Hommes \u00a0 Depuis maintenant cinq ans, les paroisses Saint Fran\u00e7ois d&#8217;Assise et Notre Dame du Rosaire s&#8217;unissent pour offrir aux hommes ayant fond\u00e9 un foyer ou en ayant le d\u00e9sir, un p\u00e8lerinage unique dans les majestueuses Pyr\u00e9n\u00e9es. Ce voyage spirituel de trois jours, organis\u00e9 fin juin ou d\u00e9but juillet, est une occasion pr\u00e9cieuse de se d\u00e9connecter du quotidien et de se placer sous le regard mis\u00e9ricordieux de Dieu. Les p\u00e8lerins sont invit\u00e9s \u00e0 marcher en montagne, avec pour point d&#8217;orgue l&#8217;arriv\u00e9e \u00e0 Saint Bertrand de Comminges. Ces trois jours sont \u00e9galement rythm\u00e9s par des moments de pri\u00e8re en...","og_url":"https:\/\/saintfrancoisdassise-toulouse.fr\/?page_id=1339","og_site_name":"Saint Fran\u00e7ois d&#039;Assise","article_modified_time":"2026-02-02T21:33:47+00:00","og_image":[{"width":1600,"height":1200,"url":"https:\/\/saintfrancoisdassise-toulouse.fr\/wp-content\/uploads\/2024\/07\/DSTB3656.jpg","type":"image\/jpeg"}],"twitter_card":"summary_large_image","twitter_misc":{"Est. reading time":"2 minutes"},"schema":{"@context":"https:\/\/schema.org","@graph":[{"@type":"WebPage","@id":"https:\/\/saintfrancoisdassise-toulouse.fr\/?page_id=1339","url":"https:\/\/saintfrancoisdassise-toulouse.fr\/?page_id=1339","name":"P\u00e8lerinage des P\u00e8res - Saint Fran\u00e7ois d&#039;Assise","isPartOf":{"@id":"https:\/\/saintfrancoisdassise-toulouse.fr\/#website"},"primaryImageOfPage":{"@id":"https:\/\/saintfrancoisdassise-toulouse.fr\/?page_id=1339#primaryimage"},"image":{"@id":"https:\/\/saintfrancoisdassise-toulouse.fr\/?page_id=1339#primaryimage"},"thumbnailUrl":"http:\/\/saintfrancoisdassise-toulouse.fr\/wp-content\/uploads\/2024\/07\/DSTB3656-1024x768.jpg","datePublished":"2024-03-16T17:17:17+00:00","dateModified":"2026-02-02T21:33:47+00:00","breadcrumb":{"@id":"https:\/\/saintfrancoisdassise-toulouse.fr\/?page_id=1339#breadcrumb"},"inLanguage":"en-US","potentialAction":[{"@type":"ReadAction","target":["https:\/\/saintfrancoisdassise-toulouse.fr\/?page_id=1339"]}]},{"@type":"ImageObject","inLanguage":"en-US","@id":"https:\/\/saintfrancoisdassise-toulouse.fr\/?page_id=1339#primaryimage","url":"https:\/\/saintfrancoisdassise-toulouse.fr\/wp-content\/uploads\/2024\/07\/DSTB3656.jpg","contentUrl":"https:\/\/saintfrancoisdassise-toulouse.fr\/wp-content\/uploads\/2024\/07\/DSTB3656.jpg","width":1600,"height":1200},{"@type":"BreadcrumbList","@id":"https:\/\/saintfrancoisdassise-toulouse.fr\/?page_id=1339#breadcrumb","itemListElement":[{"@type":"ListItem","position":1,"name":"Accueil","item":"https:\/\/saintfrancoisdassise-toulouse.fr\/"},{"@type":"ListItem","position":2,"name":"P\u00e8lerinage des P\u00e8res"}]},{"@type":"WebSite","@id":"https:\/\/saintfrancoisdassise-toulouse.fr\/#website","url":"https:\/\/saintfrancoisdassise-toulouse.fr\/","name":"Saint Fran\u00e7ois d'Assise","description":"106 bis avenue Camille Pujol, 31500 Toulouse","potentialAction":[{"@type":"SearchAction","target":{"@type":"EntryPoint","urlTemplate":"https:\/\/saintfrancoisdassise-toulouse.fr\/?s={search_term_string}"},"query-input":{"@type":"PropertyValueSpecification","valueRequired":true,"valueName":"search_term_string"}}],"inLanguage":"en-US"}]}},"_links":{"self":[{"href":"https:\/\/saintfrancoisdassise-toulouse.fr\/index.php?rest_route=\/wp\/v2\/pages\/1339","targetHints":{"allow":["GET"]}}],"collection":[{"href":"https:\/\/saintfrancoisdassise-toulouse.fr\/index.php?rest_route=\/wp\/v2\/pages"}],"about":[{"href":"https:\/\/saintfrancoisdassise-toulouse.fr\/index.php?rest_route=\/wp\/v2\/types\/page"}],"author":[{"embeddable":true,"href":"https:\/\/saintfrancoisdassise-toulouse.fr\/index.php?rest_route=\/wp\/v2\/users\/2"}],"replies":[{"embeddable":true,"href":"https:\/\/saintfrancoisdassise-toulouse.fr\/index.php?rest_route=%2Fwp%2Fv2%2Fcomments&post=1339"}],"version-history":[{"count":28,"href":"https:\/\/saintfrancoisdassise-toulouse.fr\/index.php?rest_route=\/wp\/v2\/pages\/1339\/revisions"}],"predecessor-version":[{"id":2885,"href":"https:\/\/saintfrancoisdassise-toulouse.fr\/index.php?rest_route=\/wp\/v2\/pages\/1339\/revisions\/2885"}],"wp:attachment":[{"href":"https:\/\/saintfrancoisdassise-toulouse.fr\/index.php?rest_route=%2Fwp%2Fv2%2Fmedia&parent=1339"}],"curies":[{"name":"wp","href":"https:\/\/api.w.org\/{rel}","templated":true}]}}