{"id":1344,"date":"2024-03-16T18:18:26","date_gmt":"2024-03-16T17:18:26","guid":{"rendered":"https:\/\/saintfrancoisdassise-toulouse.fr\/?page_id=1344"},"modified":"2025-02-22T19:02:22","modified_gmt":"2025-02-22T18:02:22","slug":"prieres-des-meres","status":"publish","type":"page","link":"https:\/\/saintfrancoisdassise-toulouse.fr\/?page_id=1344","title":{"rendered":"La Pri\u00e8re des M\u00e8res"},"content":{"rendered":"\t\t<div data-elementor-type=\"wp-page\" data-elementor-id=\"1344\" class=\"elementor elementor-1344\">\n\t\t\t\t<div class=\"elementor-element elementor-element-ee3b11d e-flex e-con-boxed e-con e-parent\" data-id=\"ee3b11d\" data-element_type=\"container\" data-e-type=\"container\">\n\t\t\t\t\t<div class=\"e-con-inner\">\n\t\t\t\t<div class=\"elementor-element elementor-element-16aa7f9 elementor-widget elementor-widget-heading\" data-id=\"16aa7f9\" data-element_type=\"widget\" data-e-type=\"widget\" data-widget_type=\"heading.default\">\n\t\t\t\t<div class=\"elementor-widget-container\">\n\t\t\t\t\t<h1 class=\"elementor-heading-title elementor-size-default\">La Pri\u00e8re des M\u00e8res<\/h1>\t\t\t\t<\/div>\n\t\t\t\t<\/div>\n\t\t\t\t\t<\/div>\n\t\t\t\t<\/div>\n\t\t<div class=\"elementor-element elementor-element-6df579ae e-flex e-con-boxed e-con e-parent\" data-id=\"6df579ae\" data-element_type=\"container\" data-e-type=\"container\">\n\t\t\t\t\t<div class=\"e-con-inner\">\n\t\t<div class=\"elementor-element elementor-element-29d03ba4 e-con-full e-flex e-con e-child\" data-id=\"29d03ba4\" data-element_type=\"container\" data-e-type=\"container\">\n\t\t\t\t<div class=\"elementor-element elementor-element-6ab55841 elementor-widget elementor-widget-image\" data-id=\"6ab55841\" data-element_type=\"widget\" data-e-type=\"widget\" data-widget_type=\"image.default\">\n\t\t\t\t<div class=\"elementor-widget-container\">\n\t\t\t\t\t\t\t\t\t\t\t\t\t\t\t<img fetchpriority=\"high\" decoding=\"async\" width=\"679\" height=\"709\" src=\"https:\/\/saintfrancoisdassise-toulouse.fr\/wp-content\/uploads\/2024\/07\/autre-img.png\" class=\"attachment-large size-large wp-image-1776\" alt=\"\" srcset=\"https:\/\/saintfrancoisdassise-toulouse.fr\/wp-content\/uploads\/2024\/07\/autre-img.png 679w, https:\/\/saintfrancoisdassise-toulouse.fr\/wp-content\/uploads\/2024\/07\/autre-img-287x300.png 287w\" sizes=\"(max-width: 679px) 100vw, 679px\" \/>\t\t\t\t\t\t\t\t\t\t\t\t\t\t\t<\/div>\n\t\t\t\t<\/div>\n\t\t\t\t<\/div>\n\t\t<div class=\"elementor-element elementor-element-21b96556 e-con-full e-flex e-con e-child\" data-id=\"21b96556\" data-element_type=\"container\" data-e-type=\"container\">\n\t\t\t\t<div class=\"elementor-element elementor-element-1adec258 elementor-widget elementor-widget-text-editor\" data-id=\"1adec258\" data-element_type=\"widget\" data-e-type=\"widget\" data-widget_type=\"text-editor.default\">\n\t\t\t\t<div class=\"elementor-widget-container\">\n\t\t\t\t\t\t\t\t\t<p>Pour toutes les femmes, jeunes et moins jeunes, qui souhaitent prier pour leurs enfants, petits-enfants et les enfants du monde, venez rejoindre un groupe de pri\u00e8re des m\u00e8res.<\/p><p>Une fois par semaine, nous nous retrouvons chez l\u2019une d\u2019entre nous. Avec l\u2019aide d\u2019un petit livret (commun \u00e0 tous les groupes \u00e0 travers le monde), nous chantons, prions, lisons la Bible et confions nos intentions. Chacune \u00e0 notre tour, nous d\u00e9posons, dans un panier, les noms des enfants que nous confions \u00e0 J\u00e9sus.<\/p><p>La spiritualit\u00e9 de \u201cla Pri\u00e8re des M\u00e8res\u201d est de\u00a0s\u2019abandonner \u00e0 l\u2019amour de Dieu en s\u2019appuyant sur\u00a0les Paroles du Christ\u00a0:<\/p><p><strong>\u00a0\u00ab Quand deux ou trois sont r\u00e9unis en mon nom, je suis l\u00e0, au milieu d\u2019eux. \u00bb Mt 18, 20<\/strong><\/p>\t\t\t\t\t\t\t\t<\/div>\n\t\t\t\t<\/div>\n\t\t\t\t<\/div>\n\t\t\t\t\t<\/div>\n\t\t\t\t<\/div>\n\t\t<div class=\"elementor-element elementor-element-1b85dad6 e-flex e-con-boxed e-con e-parent\" data-id=\"1b85dad6\" data-element_type=\"container\" data-e-type=\"container\" data-settings=\"{&quot;background_background&quot;:&quot;classic&quot;}\">\n\t\t\t\t\t<div class=\"e-con-inner\">\n\t\t<div class=\"elementor-element elementor-element-4a5825d0 e-flex e-con-boxed e-con e-child\" data-id=\"4a5825d0\" data-element_type=\"container\" data-e-type=\"container\" data-settings=\"{&quot;background_background&quot;:&quot;classic&quot;}\">\n\t\t\t\t\t<div class=\"e-con-inner\">\n\t\t<div class=\"elementor-element elementor-element-7e66beda e-flex e-con-boxed e-con e-child\" data-id=\"7e66beda\" data-element_type=\"container\" data-e-type=\"container\" data-settings=\"{&quot;background_background&quot;:&quot;classic&quot;}\">\n\t\t\t\t\t<div class=\"e-con-inner\">\n\t\t\t\t<div class=\"elementor-element elementor-element-56f36540 elementor-widget elementor-widget-text-editor\" data-id=\"56f36540\" data-element_type=\"widget\" data-e-type=\"widget\" data-widget_type=\"text-editor.default\">\n\t\t\t\t<div class=\"elementor-widget-container\">\n\t\t\t\t\t\t\t\t\tPour plus d\u2019informations\u00a0: <span style=\"color: #ffffff;\"><a style=\"color: #ffffff;text-decoration-line: underline;\" href=\"https:\/\/www.prieredesmeres.com\/\">https:\/\/www.prieredesmeres.com\/<\/a><\/span>\n<br>\n<br>\nOu contacter la responsable de r\u00e9gion, Sylvie Matthieu\u00a0: <span style=\"color: #ffffff;text-decoration-line: underline;\"><a style=\"color: #ffffff;text-decoration-line: underline;\" href=\"mailto:prieredesmeres31@gmail.com\">prieredesmeres31@gmail.com<\/a><\/span>\t\t\t\t\t\t\t\t<\/div>\n\t\t\t\t<\/div>\n\t\t\t\t\t<\/div>\n\t\t\t\t<\/div>\n\t\t\t\t\t<\/div>\n\t\t\t\t<\/div>\n\t\t\t\t\t<\/div>\n\t\t\t\t<\/div>\n\t\t\t\t<\/div>\n\t\t","protected":false},"excerpt":{"rendered":"<p>La Pri\u00e8re des M\u00e8res Pour toutes les femmes, jeunes et moins jeunes, qui souhaitent prier pour leurs enfants, petits-enfants et les enfants du monde, venez rejoindre un groupe de pri\u00e8re des m\u00e8res. Une fois par semaine, nous nous retrouvons chez l\u2019une d\u2019entre nous. Avec l\u2019aide d\u2019un petit livret (commun \u00e0 tous les groupes \u00e0 travers le monde), nous chantons, prions, lisons la Bible et confions nos intentions. Chacune \u00e0 notre tour, nous d\u00e9posons, dans un panier, les noms des enfants que nous confions \u00e0 J\u00e9sus. La spiritualit\u00e9 de \u201cla Pri\u00e8re des M\u00e8res\u201d est de\u00a0s\u2019abandonner \u00e0 l\u2019amour de Dieu en s\u2019appuyant&#8230; <\/p>\n","protected":false},"author":2,"featured_media":0,"parent":0,"menu_order":0,"comment_status":"closed","ping_status":"closed","template":"template-parts\/page-template-full-width.php","meta":{"footnotes":""},"class_list":["post-1344","page","type-page","status-publish","hentry"],"yoast_head":"<!-- This site is optimized with the Yoast SEO plugin v24.4 - https:\/\/yoast.com\/wordpress\/plugins\/seo\/ -->\n<title>La Pri\u00e8re des M\u00e8res - Saint Fran\u00e7ois d&#039;Assise<\/title>\n<meta name=\"robots\" content=\"index, follow, max-snippet:-1, max-image-preview:large, max-video-preview:-1\" \/>\n<link rel=\"canonical\" href=\"https:\/\/saintfrancoisdassise-toulouse.fr\/?page_id=1344\" \/>\n<meta property=\"og:locale\" content=\"en_US\" \/>\n<meta property=\"og:type\" content=\"article\" \/>\n<meta property=\"og:title\" content=\"La Pri\u00e8re des M\u00e8res - Saint Fran\u00e7ois d&#039;Assise\" \/>\n<meta property=\"og:description\" content=\"La Pri\u00e8re des M\u00e8res Pour toutes les femmes, jeunes et moins jeunes, qui souhaitent prier pour leurs enfants, petits-enfants et les enfants du monde, venez rejoindre un groupe de pri\u00e8re des m\u00e8res. Une fois par semaine, nous nous retrouvons chez l\u2019une d\u2019entre nous. Avec l\u2019aide d\u2019un petit livret (commun \u00e0 tous les groupes \u00e0 travers le monde), nous chantons, prions, lisons la Bible et confions nos intentions. Chacune \u00e0 notre tour, nous d\u00e9posons, dans un panier, les noms des enfants que nous confions \u00e0 J\u00e9sus. La spiritualit\u00e9 de \u201cla Pri\u00e8re des M\u00e8res\u201d est de\u00a0s\u2019abandonner \u00e0 l\u2019amour de Dieu en s\u2019appuyant...\" \/>\n<meta property=\"og:url\" content=\"https:\/\/saintfrancoisdassise-toulouse.fr\/?page_id=1344\" \/>\n<meta property=\"og:site_name\" content=\"Saint Fran\u00e7ois d&#039;Assise\" \/>\n<meta property=\"article:modified_time\" content=\"2025-02-22T18:02:22+00:00\" \/>\n<meta property=\"og:image\" content=\"https:\/\/saintfrancoisdassise-toulouse.fr\/wp-content\/uploads\/2024\/07\/autre-img.png\" \/>\n\t<meta property=\"og:image:width\" content=\"679\" \/>\n\t<meta property=\"og:image:height\" content=\"709\" \/>\n\t<meta property=\"og:image:type\" content=\"image\/png\" \/>\n<meta name=\"twitter:card\" content=\"summary_large_image\" \/>\n<meta name=\"twitter:label1\" content=\"Est. reading time\" \/>\n\t<meta name=\"twitter:data1\" content=\"1 minute\" \/>\n<script type=\"application\/ld+json\" class=\"yoast-schema-graph\">{\"@context\":\"https:\/\/schema.org\",\"@graph\":[{\"@type\":\"WebPage\",\"@id\":\"https:\/\/saintfrancoisdassise-toulouse.fr\/?page_id=1344\",\"url\":\"https:\/\/saintfrancoisdassise-toulouse.fr\/?page_id=1344\",\"name\":\"La Pri\u00e8re des M\u00e8res - Saint Fran\u00e7ois d&#039;Assise\",\"isPartOf\":{\"@id\":\"https:\/\/saintfrancoisdassise-toulouse.fr\/#website\"},\"primaryImageOfPage\":{\"@id\":\"https:\/\/saintfrancoisdassise-toulouse.fr\/?page_id=1344#primaryimage\"},\"image\":{\"@id\":\"https:\/\/saintfrancoisdassise-toulouse.fr\/?page_id=1344#primaryimage\"},\"thumbnailUrl\":\"http:\/\/saintfrancoisdassise-toulouse.fr\/wp-content\/uploads\/2024\/07\/autre-img.png\",\"datePublished\":\"2024-03-16T17:18:26+00:00\",\"dateModified\":\"2025-02-22T18:02:22+00:00\",\"breadcrumb\":{\"@id\":\"https:\/\/saintfrancoisdassise-toulouse.fr\/?page_id=1344#breadcrumb\"},\"inLanguage\":\"en-US\",\"potentialAction\":[{\"@type\":\"ReadAction\",\"target\":[\"https:\/\/saintfrancoisdassise-toulouse.fr\/?page_id=1344\"]}]},{\"@type\":\"ImageObject\",\"inLanguage\":\"en-US\",\"@id\":\"https:\/\/saintfrancoisdassise-toulouse.fr\/?page_id=1344#primaryimage\",\"url\":\"http:\/\/saintfrancoisdassise-toulouse.fr\/wp-content\/uploads\/2024\/07\/autre-img.png\",\"contentUrl\":\"http:\/\/saintfrancoisdassise-toulouse.fr\/wp-content\/uploads\/2024\/07\/autre-img.png\"},{\"@type\":\"BreadcrumbList\",\"@id\":\"https:\/\/saintfrancoisdassise-toulouse.fr\/?page_id=1344#breadcrumb\",\"itemListElement\":[{\"@type\":\"ListItem\",\"position\":1,\"name\":\"Accueil\",\"item\":\"https:\/\/saintfrancoisdassise-toulouse.fr\/\"},{\"@type\":\"ListItem\",\"position\":2,\"name\":\"La Pri\u00e8re des M\u00e8res\"}]},{\"@type\":\"WebSite\",\"@id\":\"https:\/\/saintfrancoisdassise-toulouse.fr\/#website\",\"url\":\"https:\/\/saintfrancoisdassise-toulouse.fr\/\",\"name\":\"Saint Fran\u00e7ois d'Assise\",\"description\":\"106 bis avenue Camille Pujol, 31500 Toulouse\",\"potentialAction\":[{\"@type\":\"SearchAction\",\"target\":{\"@type\":\"EntryPoint\",\"urlTemplate\":\"https:\/\/saintfrancoisdassise-toulouse.fr\/?s={search_term_string}\"},\"query-input\":{\"@type\":\"PropertyValueSpecification\",\"valueRequired\":true,\"valueName\":\"search_term_string\"}}],\"inLanguage\":\"en-US\"}]}<\/script>\n<!-- \/ Yoast SEO plugin. -->","yoast_head_json":{"title":"La Pri\u00e8re des M\u00e8res - Saint Fran\u00e7ois d&#039;Assise","robots":{"index":"index","follow":"follow","max-snippet":"max-snippet:-1","max-image-preview":"max-image-preview:large","max-video-preview":"max-video-preview:-1"},"canonical":"https:\/\/saintfrancoisdassise-toulouse.fr\/?page_id=1344","og_locale":"en_US","og_type":"article","og_title":"La Pri\u00e8re des M\u00e8res - Saint Fran\u00e7ois d&#039;Assise","og_description":"La Pri\u00e8re des M\u00e8res Pour toutes les femmes, jeunes et moins jeunes, qui souhaitent prier pour leurs enfants, petits-enfants et les enfants du monde, venez rejoindre un groupe de pri\u00e8re des m\u00e8res. Une fois par semaine, nous nous retrouvons chez l\u2019une d\u2019entre nous. Avec l\u2019aide d\u2019un petit livret (commun \u00e0 tous les groupes \u00e0 travers le monde), nous chantons, prions, lisons la Bible et confions nos intentions. Chacune \u00e0 notre tour, nous d\u00e9posons, dans un panier, les noms des enfants que nous confions \u00e0 J\u00e9sus. La spiritualit\u00e9 de \u201cla Pri\u00e8re des M\u00e8res\u201d est de\u00a0s\u2019abandonner \u00e0 l\u2019amour de Dieu en s\u2019appuyant...","og_url":"https:\/\/saintfrancoisdassise-toulouse.fr\/?page_id=1344","og_site_name":"Saint Fran\u00e7ois d&#039;Assise","article_modified_time":"2025-02-22T18:02:22+00:00","og_image":[{"width":679,"height":709,"url":"https:\/\/saintfrancoisdassise-toulouse.fr\/wp-content\/uploads\/2024\/07\/autre-img.png","type":"image\/png"}],"twitter_card":"summary_large_image","twitter_misc":{"Est. reading time":"1 minute"},"schema":{"@context":"https:\/\/schema.org","@graph":[{"@type":"WebPage","@id":"https:\/\/saintfrancoisdassise-toulouse.fr\/?page_id=1344","url":"https:\/\/saintfrancoisdassise-toulouse.fr\/?page_id=1344","name":"La Pri\u00e8re des M\u00e8res - Saint Fran\u00e7ois d&#039;Assise","isPartOf":{"@id":"https:\/\/saintfrancoisdassise-toulouse.fr\/#website"},"primaryImageOfPage":{"@id":"https:\/\/saintfrancoisdassise-toulouse.fr\/?page_id=1344#primaryimage"},"image":{"@id":"https:\/\/saintfrancoisdassise-toulouse.fr\/?page_id=1344#primaryimage"},"thumbnailUrl":"http:\/\/saintfrancoisdassise-toulouse.fr\/wp-content\/uploads\/2024\/07\/autre-img.png","datePublished":"2024-03-16T17:18:26+00:00","dateModified":"2025-02-22T18:02:22+00:00","breadcrumb":{"@id":"https:\/\/saintfrancoisdassise-toulouse.fr\/?page_id=1344#breadcrumb"},"inLanguage":"en-US","potentialAction":[{"@type":"ReadAction","target":["https:\/\/saintfrancoisdassise-toulouse.fr\/?page_id=1344"]}]},{"@type":"ImageObject","inLanguage":"en-US","@id":"https:\/\/saintfrancoisdassise-toulouse.fr\/?page_id=1344#primaryimage","url":"http:\/\/saintfrancoisdassise-toulouse.fr\/wp-content\/uploads\/2024\/07\/autre-img.png","contentUrl":"http:\/\/saintfrancoisdassise-toulouse.fr\/wp-content\/uploads\/2024\/07\/autre-img.png"},{"@type":"BreadcrumbList","@id":"https:\/\/saintfrancoisdassise-toulouse.fr\/?page_id=1344#breadcrumb","itemListElement":[{"@type":"ListItem","position":1,"name":"Accueil","item":"https:\/\/saintfrancoisdassise-toulouse.fr\/"},{"@type":"ListItem","position":2,"name":"La Pri\u00e8re des M\u00e8res"}]},{"@type":"WebSite","@id":"https:\/\/saintfrancoisdassise-toulouse.fr\/#website","url":"https:\/\/saintfrancoisdassise-toulouse.fr\/","name":"Saint Fran\u00e7ois d'Assise","description":"106 bis avenue Camille Pujol, 31500 Toulouse","potentialAction":[{"@type":"SearchAction","target":{"@type":"EntryPoint","urlTemplate":"https:\/\/saintfrancoisdassise-toulouse.fr\/?s={search_term_string}"},"query-input":{"@type":"PropertyValueSpecification","valueRequired":true,"valueName":"search_term_string"}}],"inLanguage":"en-US"}]}},"_links":{"self":[{"href":"https:\/\/saintfrancoisdassise-toulouse.fr\/index.php?rest_route=\/wp\/v2\/pages\/1344","targetHints":{"allow":["GET"]}}],"collection":[{"href":"https:\/\/saintfrancoisdassise-toulouse.fr\/index.php?rest_route=\/wp\/v2\/pages"}],"about":[{"href":"https:\/\/saintfrancoisdassise-toulouse.fr\/index.php?rest_route=\/wp\/v2\/types\/page"}],"author":[{"embeddable":true,"href":"https:\/\/saintfrancoisdassise-toulouse.fr\/index.php?rest_route=\/wp\/v2\/users\/2"}],"replies":[{"embeddable":true,"href":"https:\/\/saintfrancoisdassise-toulouse.fr\/index.php?rest_route=%2Fwp%2Fv2%2Fcomments&post=1344"}],"version-history":[{"count":17,"href":"https:\/\/saintfrancoisdassise-toulouse.fr\/index.php?rest_route=\/wp\/v2\/pages\/1344\/revisions"}],"predecessor-version":[{"id":2699,"href":"https:\/\/saintfrancoisdassise-toulouse.fr\/index.php?rest_route=\/wp\/v2\/pages\/1344\/revisions\/2699"}],"wp:attachment":[{"href":"https:\/\/saintfrancoisdassise-toulouse.fr\/index.php?rest_route=%2Fwp%2Fv2%2Fmedia&parent=1344"}],"curies":[{"name":"wp","href":"https:\/\/api.w.org\/{rel}","templated":true}]}}