{"id":1352,"date":"2024-03-16T18:32:49","date_gmt":"2024-03-16T17:32:49","guid":{"rendered":"https:\/\/saintfrancoisdassise-toulouse.fr\/?page_id=1352"},"modified":"2025-01-04T17:54:42","modified_gmt":"2025-01-04T16:54:42","slug":"mariage","status":"publish","type":"page","link":"https:\/\/saintfrancoisdassise-toulouse.fr\/?page_id=1352","title":{"rendered":"Mariage"},"content":{"rendered":"\t\t<div data-elementor-type=\"wp-page\" data-elementor-id=\"1352\" class=\"elementor elementor-1352\">\n\t\t\t\t<div class=\"elementor-element elementor-element-88978e3 e-flex e-con-boxed e-con e-parent\" data-id=\"88978e3\" data-element_type=\"container\" data-e-type=\"container\">\n\t\t\t\t\t<div class=\"e-con-inner\">\n\t\t\t\t<div class=\"elementor-element elementor-element-5bf9512b elementor-widget elementor-widget-heading\" data-id=\"5bf9512b\" data-element_type=\"widget\" data-e-type=\"widget\" data-widget_type=\"heading.default\">\n\t\t\t\t<div class=\"elementor-widget-container\">\n\t\t\t\t\t<h1 class=\"elementor-heading-title elementor-size-default\">Mariage<\/h1>\t\t\t\t<\/div>\n\t\t\t\t<\/div>\n\t\t\t\t\t<\/div>\n\t\t\t\t<\/div>\n\t\t<div class=\"elementor-element elementor-element-b838e1d e-flex e-con-boxed e-con e-parent\" data-id=\"b838e1d\" data-element_type=\"container\" data-e-type=\"container\">\n\t\t\t\t\t<div class=\"e-con-inner\">\n\t\t<div class=\"elementor-element elementor-element-3857210d e-con-full e-flex e-con e-child\" data-id=\"3857210d\" data-element_type=\"container\" data-e-type=\"container\">\n\t\t\t\t<div class=\"elementor-element elementor-element-e7a1da elementor-widget elementor-widget-image\" data-id=\"e7a1da\" data-element_type=\"widget\" data-e-type=\"widget\" data-widget_type=\"image.default\">\n\t\t\t\t<div class=\"elementor-widget-container\">\n\t\t\t\t\t\t\t\t\t\t\t\t\t\t\t<img fetchpriority=\"high\" decoding=\"async\" width=\"683\" height=\"1024\" src=\"https:\/\/saintfrancoisdassise-toulouse.fr\/wp-content\/uploads\/2025\/01\/342-_46A9130-683x1024.jpg\" class=\"attachment-large size-large wp-image-2569\" alt=\"\" srcset=\"https:\/\/saintfrancoisdassise-toulouse.fr\/wp-content\/uploads\/2025\/01\/342-_46A9130-683x1024.jpg 683w, https:\/\/saintfrancoisdassise-toulouse.fr\/wp-content\/uploads\/2025\/01\/342-_46A9130-200x300.jpg 200w, https:\/\/saintfrancoisdassise-toulouse.fr\/wp-content\/uploads\/2025\/01\/342-_46A9130-768x1152.jpg 768w, https:\/\/saintfrancoisdassise-toulouse.fr\/wp-content\/uploads\/2025\/01\/342-_46A9130-1024x1536.jpg 1024w, https:\/\/saintfrancoisdassise-toulouse.fr\/wp-content\/uploads\/2025\/01\/342-_46A9130-1365x2048.jpg 1365w, https:\/\/saintfrancoisdassise-toulouse.fr\/wp-content\/uploads\/2025\/01\/342-_46A9130-scaled.jpg 1707w\" sizes=\"(max-width: 683px) 100vw, 683px\" \/>\t\t\t\t\t\t\t\t\t\t\t\t\t\t\t<\/div>\n\t\t\t\t<\/div>\n\t\t\t\t<\/div>\n\t\t<div class=\"elementor-element elementor-element-77972787 e-con-full e-flex e-con e-child\" data-id=\"77972787\" data-element_type=\"container\" data-e-type=\"container\">\n\t\t\t\t<div class=\"elementor-element elementor-element-69ce7aa4 elementor-widget elementor-widget-text-editor\" data-id=\"69ce7aa4\" data-element_type=\"widget\" data-e-type=\"widget\" data-widget_type=\"text-editor.default\">\n\t\t\t\t<div class=\"elementor-widget-container\">\n\t\t\t\t\t\t\t\t\t<p>\u00a0<\/p><p>\u00a0<\/p><p>\u00a0<\/p><p>Vous souhaitez vous marier \u00e0 l\u2019Eglise. Pour bien pr\u00e9parer cet \u00e9v\u00e9nement, notre \u00e9quipe, compos\u00e9e d\u2019un pr\u00eatre et de deux couples, vous invite \u00e0 vivre une session de pr\u00e9paration avec d\u2019autres fianc\u00e9s.<\/p><p>Ce parcours de pr\u00e9paration au mariage vous permettra de :<\/p><ul><li>r\u00e9fl\u00e9chir sur le sens du sacrement de mariage.<\/li><li>parler du projet que vous construisez et d\u2019\u00e9changer sur votre engagement<\/li><li>r\u00e9fl\u00e9chir sur votre projet de couple et de famille,<\/li><li>parler de la foi, de Dieu, de l\u2019Eglise \u2026<\/li><li>poser les questions qui vous tiennent \u00e0 c\u0153ur.<\/li><\/ul><p>Concr\u00e8tement, la paroisse Saint-Fran\u00e7ois d\u2019Assise propose une session par an, de janvier \u00e0 mai et qui comporte\u00a0:<\/p><ul><li>4 soir\u00e9es de 20h30 \u00e0 22h<\/li><li>1 dimanche entier, de 9h30 \u00e0 16h<\/li><\/ul>\t\t\t\t\t\t\t\t<\/div>\n\t\t\t\t<\/div>\n\t\t\t\t<\/div>\n\t\t\t\t\t<\/div>\n\t\t\t\t<\/div>\n\t\t<div class=\"elementor-element elementor-element-69e4c571 e-flex e-con-boxed e-con e-parent\" data-id=\"69e4c571\" data-element_type=\"container\" data-e-type=\"container\" data-settings=\"{&quot;background_background&quot;:&quot;classic&quot;}\">\n\t\t\t\t\t<div class=\"e-con-inner\">\n\t\t<div class=\"elementor-element elementor-element-5cb71c29 e-flex e-con-boxed e-con e-child\" data-id=\"5cb71c29\" data-element_type=\"container\" data-e-type=\"container\" data-settings=\"{&quot;background_background&quot;:&quot;classic&quot;}\">\n\t\t\t\t\t<div class=\"e-con-inner\">\n\t\t<div class=\"elementor-element elementor-element-39eaee95 e-flex e-con-boxed e-con e-child\" data-id=\"39eaee95\" data-element_type=\"container\" data-e-type=\"container\" data-settings=\"{&quot;background_background&quot;:&quot;classic&quot;}\">\n\t\t\t\t\t<div class=\"e-con-inner\">\n\t\t\t\t<div class=\"elementor-element elementor-element-7e8449fb elementor-widget elementor-widget-text-editor\" data-id=\"7e8449fb\" data-element_type=\"widget\" data-e-type=\"widget\" data-widget_type=\"text-editor.default\">\n\t\t\t\t<div class=\"elementor-widget-container\">\n\t\t\t\t\t\t\t\t\tContactez-nous par mail\u00a0: <a style=\"color: #ffffff;text-decoration-line: underline;\" href=\"mailto:mariage.saintfrancois@gmail.com\">mariage.saintfrancois@gmail.com<\/a>\n<br>\n<br>\nA bient\u00f4t\u00a0!\t\t\t\t\t\t\t\t<\/div>\n\t\t\t\t<\/div>\n\t\t\t\t\t<\/div>\n\t\t\t\t<\/div>\n\t\t\t\t\t<\/div>\n\t\t\t\t<\/div>\n\t\t\t\t\t<\/div>\n\t\t\t\t<\/div>\n\t\t\t\t<\/div>\n\t\t","protected":false},"excerpt":{"rendered":"<p>Mariage \u00a0 \u00a0 \u00a0 Vous souhaitez vous marier \u00e0 l\u2019Eglise. Pour bien pr\u00e9parer cet \u00e9v\u00e9nement, notre \u00e9quipe, compos\u00e9e d\u2019un pr\u00eatre et de deux couples, vous invite \u00e0 vivre une session de pr\u00e9paration avec d\u2019autres fianc\u00e9s. Ce parcours de pr\u00e9paration au mariage vous permettra de : r\u00e9fl\u00e9chir sur le sens du sacrement de mariage. parler du projet que vous construisez et d\u2019\u00e9changer sur votre engagement r\u00e9fl\u00e9chir sur votre projet de couple et de famille, parler de la foi, de Dieu, de l\u2019Eglise \u2026 poser les questions qui vous tiennent \u00e0 c\u0153ur. Concr\u00e8tement, la paroisse Saint-Fran\u00e7ois d\u2019Assise propose une session par an,&#8230; <\/p>\n","protected":false},"author":2,"featured_media":0,"parent":0,"menu_order":0,"comment_status":"closed","ping_status":"closed","template":"template-parts\/page-template-full-width.php","meta":{"footnotes":""},"class_list":["post-1352","page","type-page","status-publish","hentry"],"yoast_head":"<!-- This site is optimized with the Yoast SEO plugin v24.4 - https:\/\/yoast.com\/wordpress\/plugins\/seo\/ -->\n<title>Mariage - Saint Fran\u00e7ois d&#039;Assise<\/title>\n<meta name=\"robots\" content=\"index, follow, max-snippet:-1, max-image-preview:large, max-video-preview:-1\" \/>\n<link rel=\"canonical\" href=\"https:\/\/saintfrancoisdassise-toulouse.fr\/?page_id=1352\" \/>\n<meta property=\"og:locale\" content=\"en_US\" \/>\n<meta property=\"og:type\" content=\"article\" \/>\n<meta property=\"og:title\" content=\"Mariage - Saint Fran\u00e7ois d&#039;Assise\" \/>\n<meta property=\"og:description\" content=\"Mariage \u00a0 \u00a0 \u00a0 Vous souhaitez vous marier \u00e0 l\u2019Eglise. Pour bien pr\u00e9parer cet \u00e9v\u00e9nement, notre \u00e9quipe, compos\u00e9e d\u2019un pr\u00eatre et de deux couples, vous invite \u00e0 vivre une session de pr\u00e9paration avec d\u2019autres fianc\u00e9s. Ce parcours de pr\u00e9paration au mariage vous permettra de : r\u00e9fl\u00e9chir sur le sens du sacrement de mariage. parler du projet que vous construisez et d\u2019\u00e9changer sur votre engagement r\u00e9fl\u00e9chir sur votre projet de couple et de famille, parler de la foi, de Dieu, de l\u2019Eglise \u2026 poser les questions qui vous tiennent \u00e0 c\u0153ur. Concr\u00e8tement, la paroisse Saint-Fran\u00e7ois d\u2019Assise propose une session par an,...\" \/>\n<meta property=\"og:url\" content=\"https:\/\/saintfrancoisdassise-toulouse.fr\/?page_id=1352\" \/>\n<meta property=\"og:site_name\" content=\"Saint Fran\u00e7ois d&#039;Assise\" \/>\n<meta property=\"article:modified_time\" content=\"2025-01-04T16:54:42+00:00\" \/>\n<meta property=\"og:image\" content=\"http:\/\/saintfrancoisdassise-toulouse.fr\/wp-content\/uploads\/2025\/01\/342-_46A9130-683x1024.jpg\" \/>\n<meta name=\"twitter:card\" content=\"summary_large_image\" \/>\n<meta name=\"twitter:label1\" content=\"Est. reading time\" \/>\n\t<meta name=\"twitter:data1\" content=\"1 minute\" \/>\n<script type=\"application\/ld+json\" class=\"yoast-schema-graph\">{\"@context\":\"https:\/\/schema.org\",\"@graph\":[{\"@type\":\"WebPage\",\"@id\":\"https:\/\/saintfrancoisdassise-toulouse.fr\/?page_id=1352\",\"url\":\"https:\/\/saintfrancoisdassise-toulouse.fr\/?page_id=1352\",\"name\":\"Mariage - Saint Fran\u00e7ois d&#039;Assise\",\"isPartOf\":{\"@id\":\"https:\/\/saintfrancoisdassise-toulouse.fr\/#website\"},\"primaryImageOfPage\":{\"@id\":\"https:\/\/saintfrancoisdassise-toulouse.fr\/?page_id=1352#primaryimage\"},\"image\":{\"@id\":\"https:\/\/saintfrancoisdassise-toulouse.fr\/?page_id=1352#primaryimage\"},\"thumbnailUrl\":\"http:\/\/saintfrancoisdassise-toulouse.fr\/wp-content\/uploads\/2025\/01\/342-_46A9130-683x1024.jpg\",\"datePublished\":\"2024-03-16T17:32:49+00:00\",\"dateModified\":\"2025-01-04T16:54:42+00:00\",\"breadcrumb\":{\"@id\":\"https:\/\/saintfrancoisdassise-toulouse.fr\/?page_id=1352#breadcrumb\"},\"inLanguage\":\"en-US\",\"potentialAction\":[{\"@type\":\"ReadAction\",\"target\":[\"https:\/\/saintfrancoisdassise-toulouse.fr\/?page_id=1352\"]}]},{\"@type\":\"ImageObject\",\"inLanguage\":\"en-US\",\"@id\":\"https:\/\/saintfrancoisdassise-toulouse.fr\/?page_id=1352#primaryimage\",\"url\":\"https:\/\/saintfrancoisdassise-toulouse.fr\/wp-content\/uploads\/2025\/01\/342-_46A9130-scaled.jpg\",\"contentUrl\":\"https:\/\/saintfrancoisdassise-toulouse.fr\/wp-content\/uploads\/2025\/01\/342-_46A9130-scaled.jpg\",\"width\":1707,\"height\":2560},{\"@type\":\"BreadcrumbList\",\"@id\":\"https:\/\/saintfrancoisdassise-toulouse.fr\/?page_id=1352#breadcrumb\",\"itemListElement\":[{\"@type\":\"ListItem\",\"position\":1,\"name\":\"Accueil\",\"item\":\"https:\/\/saintfrancoisdassise-toulouse.fr\/\"},{\"@type\":\"ListItem\",\"position\":2,\"name\":\"Mariage\"}]},{\"@type\":\"WebSite\",\"@id\":\"https:\/\/saintfrancoisdassise-toulouse.fr\/#website\",\"url\":\"https:\/\/saintfrancoisdassise-toulouse.fr\/\",\"name\":\"Saint Fran\u00e7ois d'Assise\",\"description\":\"106 bis avenue Camille Pujol, 31500 Toulouse\",\"potentialAction\":[{\"@type\":\"SearchAction\",\"target\":{\"@type\":\"EntryPoint\",\"urlTemplate\":\"https:\/\/saintfrancoisdassise-toulouse.fr\/?s={search_term_string}\"},\"query-input\":{\"@type\":\"PropertyValueSpecification\",\"valueRequired\":true,\"valueName\":\"search_term_string\"}}],\"inLanguage\":\"en-US\"}]}<\/script>\n<!-- \/ Yoast SEO plugin. -->","yoast_head_json":{"title":"Mariage - Saint Fran\u00e7ois d&#039;Assise","robots":{"index":"index","follow":"follow","max-snippet":"max-snippet:-1","max-image-preview":"max-image-preview:large","max-video-preview":"max-video-preview:-1"},"canonical":"https:\/\/saintfrancoisdassise-toulouse.fr\/?page_id=1352","og_locale":"en_US","og_type":"article","og_title":"Mariage - Saint Fran\u00e7ois d&#039;Assise","og_description":"Mariage \u00a0 \u00a0 \u00a0 Vous souhaitez vous marier \u00e0 l\u2019Eglise. Pour bien pr\u00e9parer cet \u00e9v\u00e9nement, notre \u00e9quipe, compos\u00e9e d\u2019un pr\u00eatre et de deux couples, vous invite \u00e0 vivre une session de pr\u00e9paration avec d\u2019autres fianc\u00e9s. Ce parcours de pr\u00e9paration au mariage vous permettra de : r\u00e9fl\u00e9chir sur le sens du sacrement de mariage. parler du projet que vous construisez et d\u2019\u00e9changer sur votre engagement r\u00e9fl\u00e9chir sur votre projet de couple et de famille, parler de la foi, de Dieu, de l\u2019Eglise \u2026 poser les questions qui vous tiennent \u00e0 c\u0153ur. Concr\u00e8tement, la paroisse Saint-Fran\u00e7ois d\u2019Assise propose une session par an,...","og_url":"https:\/\/saintfrancoisdassise-toulouse.fr\/?page_id=1352","og_site_name":"Saint Fran\u00e7ois d&#039;Assise","article_modified_time":"2025-01-04T16:54:42+00:00","og_image":[{"url":"http:\/\/saintfrancoisdassise-toulouse.fr\/wp-content\/uploads\/2025\/01\/342-_46A9130-683x1024.jpg","type":"","width":"","height":""}],"twitter_card":"summary_large_image","twitter_misc":{"Est. reading time":"1 minute"},"schema":{"@context":"https:\/\/schema.org","@graph":[{"@type":"WebPage","@id":"https:\/\/saintfrancoisdassise-toulouse.fr\/?page_id=1352","url":"https:\/\/saintfrancoisdassise-toulouse.fr\/?page_id=1352","name":"Mariage - Saint Fran\u00e7ois d&#039;Assise","isPartOf":{"@id":"https:\/\/saintfrancoisdassise-toulouse.fr\/#website"},"primaryImageOfPage":{"@id":"https:\/\/saintfrancoisdassise-toulouse.fr\/?page_id=1352#primaryimage"},"image":{"@id":"https:\/\/saintfrancoisdassise-toulouse.fr\/?page_id=1352#primaryimage"},"thumbnailUrl":"http:\/\/saintfrancoisdassise-toulouse.fr\/wp-content\/uploads\/2025\/01\/342-_46A9130-683x1024.jpg","datePublished":"2024-03-16T17:32:49+00:00","dateModified":"2025-01-04T16:54:42+00:00","breadcrumb":{"@id":"https:\/\/saintfrancoisdassise-toulouse.fr\/?page_id=1352#breadcrumb"},"inLanguage":"en-US","potentialAction":[{"@type":"ReadAction","target":["https:\/\/saintfrancoisdassise-toulouse.fr\/?page_id=1352"]}]},{"@type":"ImageObject","inLanguage":"en-US","@id":"https:\/\/saintfrancoisdassise-toulouse.fr\/?page_id=1352#primaryimage","url":"https:\/\/saintfrancoisdassise-toulouse.fr\/wp-content\/uploads\/2025\/01\/342-_46A9130-scaled.jpg","contentUrl":"https:\/\/saintfrancoisdassise-toulouse.fr\/wp-content\/uploads\/2025\/01\/342-_46A9130-scaled.jpg","width":1707,"height":2560},{"@type":"BreadcrumbList","@id":"https:\/\/saintfrancoisdassise-toulouse.fr\/?page_id=1352#breadcrumb","itemListElement":[{"@type":"ListItem","position":1,"name":"Accueil","item":"https:\/\/saintfrancoisdassise-toulouse.fr\/"},{"@type":"ListItem","position":2,"name":"Mariage"}]},{"@type":"WebSite","@id":"https:\/\/saintfrancoisdassise-toulouse.fr\/#website","url":"https:\/\/saintfrancoisdassise-toulouse.fr\/","name":"Saint Fran\u00e7ois d'Assise","description":"106 bis avenue Camille Pujol, 31500 Toulouse","potentialAction":[{"@type":"SearchAction","target":{"@type":"EntryPoint","urlTemplate":"https:\/\/saintfrancoisdassise-toulouse.fr\/?s={search_term_string}"},"query-input":{"@type":"PropertyValueSpecification","valueRequired":true,"valueName":"search_term_string"}}],"inLanguage":"en-US"}]}},"_links":{"self":[{"href":"https:\/\/saintfrancoisdassise-toulouse.fr\/index.php?rest_route=\/wp\/v2\/pages\/1352","targetHints":{"allow":["GET"]}}],"collection":[{"href":"https:\/\/saintfrancoisdassise-toulouse.fr\/index.php?rest_route=\/wp\/v2\/pages"}],"about":[{"href":"https:\/\/saintfrancoisdassise-toulouse.fr\/index.php?rest_route=\/wp\/v2\/types\/page"}],"author":[{"embeddable":true,"href":"https:\/\/saintfrancoisdassise-toulouse.fr\/index.php?rest_route=\/wp\/v2\/users\/2"}],"replies":[{"embeddable":true,"href":"https:\/\/saintfrancoisdassise-toulouse.fr\/index.php?rest_route=%2Fwp%2Fv2%2Fcomments&post=1352"}],"version-history":[{"count":25,"href":"https:\/\/saintfrancoisdassise-toulouse.fr\/index.php?rest_route=\/wp\/v2\/pages\/1352\/revisions"}],"predecessor-version":[{"id":2575,"href":"https:\/\/saintfrancoisdassise-toulouse.fr\/index.php?rest_route=\/wp\/v2\/pages\/1352\/revisions\/2575"}],"wp:attachment":[{"href":"https:\/\/saintfrancoisdassise-toulouse.fr\/index.php?rest_route=%2Fwp%2Fv2%2Fmedia&parent=1352"}],"curies":[{"name":"wp","href":"https:\/\/api.w.org\/{rel}","templated":true}]}}