{"id":1357,"date":"2024-03-16T18:34:18","date_gmt":"2024-03-16T17:34:18","guid":{"rendered":"https:\/\/saintfrancoisdassise-toulouse.fr\/?page_id=1357"},"modified":"2024-11-12T22:43:52","modified_gmt":"2024-11-12T21:43:52","slug":"confirmation","status":"publish","type":"page","link":"https:\/\/saintfrancoisdassise-toulouse.fr\/?page_id=1357","title":{"rendered":"Confirmation"},"content":{"rendered":"\t\t<div data-elementor-type=\"wp-page\" data-elementor-id=\"1357\" class=\"elementor elementor-1357\">\n\t\t\t\t<div class=\"elementor-element elementor-element-661af3cc e-flex e-con-boxed e-con e-parent\" data-id=\"661af3cc\" data-element_type=\"container\" data-e-type=\"container\">\n\t\t\t\t\t<div class=\"e-con-inner\">\n\t\t\t\t<div class=\"elementor-element elementor-element-5282d178 elementor-widget elementor-widget-heading\" data-id=\"5282d178\" data-element_type=\"widget\" data-e-type=\"widget\" data-widget_type=\"heading.default\">\n\t\t\t\t<div class=\"elementor-widget-container\">\n\t\t\t\t\t<h1 class=\"elementor-heading-title elementor-size-default\">Confirmation<\/h1>\t\t\t\t<\/div>\n\t\t\t\t<\/div>\n\t\t\t\t\t<\/div>\n\t\t\t\t<\/div>\n\t\t<div class=\"elementor-element elementor-element-7038861b e-flex e-con-boxed e-con e-parent\" data-id=\"7038861b\" data-element_type=\"container\" data-e-type=\"container\">\n\t\t\t\t\t<div class=\"e-con-inner\">\n\t\t<div class=\"elementor-element elementor-element-582a59ab e-con-full e-flex e-con e-child\" data-id=\"582a59ab\" data-element_type=\"container\" data-e-type=\"container\">\n\t\t\t\t<div class=\"elementor-element elementor-element-10b54418 elementor-widget elementor-widget-image\" data-id=\"10b54418\" data-element_type=\"widget\" data-e-type=\"widget\" data-widget_type=\"image.default\">\n\t\t\t\t<div class=\"elementor-widget-container\">\n\t\t\t\t\t\t\t\t\t\t\t\t\t\t\t<img fetchpriority=\"high\" decoding=\"async\" width=\"490\" height=\"327\" src=\"https:\/\/saintfrancoisdassise-toulouse.fr\/wp-content\/uploads\/2024\/11\/confirmation.png\" class=\"attachment-large size-large wp-image-2356\" alt=\"\" srcset=\"https:\/\/saintfrancoisdassise-toulouse.fr\/wp-content\/uploads\/2024\/11\/confirmation.png 490w, https:\/\/saintfrancoisdassise-toulouse.fr\/wp-content\/uploads\/2024\/11\/confirmation-300x200.png 300w\" sizes=\"(max-width: 490px) 100vw, 490px\" \/>\t\t\t\t\t\t\t\t\t\t\t\t\t\t\t<\/div>\n\t\t\t\t<\/div>\n\t\t\t\t<\/div>\n\t\t<div class=\"elementor-element elementor-element-35a4c4c e-con-full e-flex e-con e-child\" data-id=\"35a4c4c\" data-element_type=\"container\" data-e-type=\"container\">\n\t\t\t\t<div class=\"elementor-element elementor-element-317e08c9 elementor-widget elementor-widget-text-editor\" data-id=\"317e08c9\" data-element_type=\"widget\" data-e-type=\"widget\" data-widget_type=\"text-editor.default\">\n\t\t\t\t<div class=\"elementor-widget-container\">\n\t\t\t\t\t\t\t\t\t<p>Nous proposons une pr\u00e9paration \u00e0 la profession de foi ou \u00e0 la confirmation pour les adolescents de la paroisse, \u00e2g\u00e9s de 12 \u00e0 17 ans environ. Les rencontres se tiennent g\u00e9n\u00e9ralement le dimanche matin avant la messe, dans la salle bienheureuse Assunta. Le parcours aborde des th\u00e8mes fondamentaux de la foi chr\u00e9tienne et de la pratique religieuse, tels que la pri\u00e8re, la Bible et la confession, ainsi que des d\u00e9veloppements sp\u00e9cifiques sur le Credo et l&#8217;Esprit Saint.<\/p><p>Nous \u00e9tudions \u00e9galement en d\u00e9tail le rituel pour bien comprendre les \u00e9tapes de la c\u00e9r\u00e9monie et le sens de chaque geste du sacrement.<\/p><p>Quelques semaines avant la c\u00e9l\u00e9bration, une retraite d&#8217;une ou deux journ\u00e9es est organis\u00e9e, ainsi qu&#8217;une rencontre avec l&#8217;\u00e9v\u00eaque ou son suppl\u00e9ant.<\/p><p>\u00a0<\/p>\t\t\t\t\t\t\t\t<\/div>\n\t\t\t\t<\/div>\n\t\t\t\t<\/div>\n\t\t\t\t\t<\/div>\n\t\t\t\t<\/div>\n\t\t<div class=\"elementor-element elementor-element-273a47ff e-flex e-con-boxed e-con e-parent\" data-id=\"273a47ff\" data-element_type=\"container\" data-e-type=\"container\" data-settings=\"{&quot;background_background&quot;:&quot;classic&quot;}\">\n\t\t\t\t\t<div class=\"e-con-inner\">\n\t\t<div class=\"elementor-element elementor-element-2c55a710 e-flex e-con-boxed e-con e-child\" data-id=\"2c55a710\" data-element_type=\"container\" data-e-type=\"container\" data-settings=\"{&quot;background_background&quot;:&quot;classic&quot;}\">\n\t\t\t\t\t<div class=\"e-con-inner\">\n\t\t<div class=\"elementor-element elementor-element-1fcde116 e-flex e-con-boxed e-con e-child\" data-id=\"1fcde116\" data-element_type=\"container\" data-e-type=\"container\" data-settings=\"{&quot;background_background&quot;:&quot;classic&quot;}\">\n\t\t\t\t\t<div class=\"e-con-inner\">\n\t\t\t\t<div class=\"elementor-element elementor-element-237e9f38 elementor-widget elementor-widget-text-editor\" data-id=\"237e9f38\" data-element_type=\"widget\" data-e-type=\"widget\" data-widget_type=\"text-editor.default\">\n\t\t\t\t<div class=\"elementor-widget-container\">\n\t\t\t\t\t\t\t\t\t<p>Les seuls pr\u00e9requis sont d&#8217;\u00eatre baptis\u00e9 et d&#8217;avoir le d\u00e9sir personnel de faire cette d\u00e9marche et de recevoir le sacrement. Il s&#8217;agit d&#8217;un engagement pour le Christ et l&#8217;\u00c9glise que nous demandons aux adolescents de faire par eux-m\u00eames, en leur nom propre.<\/p><p>Nous formons un petit groupe, propice aux \u00e9changes fraternels et au soutien personnalis\u00e9 de la part des animateurs.<\/p><p>Pour en savoir plus, contacter le secr\u00e9tariat.<\/p>\t\t\t\t\t\t\t\t<\/div>\n\t\t\t\t<\/div>\n\t\t\t\t\t<\/div>\n\t\t\t\t<\/div>\n\t\t\t\t\t<\/div>\n\t\t\t\t<\/div>\n\t\t\t\t\t<\/div>\n\t\t\t\t<\/div>\n\t\t\t\t<\/div>\n\t\t","protected":false},"excerpt":{"rendered":"<p>Confirmation Nous proposons une pr\u00e9paration \u00e0 la profession de foi ou \u00e0 la confirmation pour les adolescents de la paroisse, \u00e2g\u00e9s de 12 \u00e0 17 ans environ. Les rencontres se tiennent g\u00e9n\u00e9ralement le dimanche matin avant la messe, dans la salle bienheureuse Assunta. Le parcours aborde des th\u00e8mes fondamentaux de la foi chr\u00e9tienne et de la pratique religieuse, tels que la pri\u00e8re, la Bible et la confession, ainsi que des d\u00e9veloppements sp\u00e9cifiques sur le Credo et l&#8217;Esprit Saint. Nous \u00e9tudions \u00e9galement en d\u00e9tail le rituel pour bien comprendre les \u00e9tapes de la c\u00e9r\u00e9monie et le sens de chaque geste du&#8230; <\/p>\n","protected":false},"author":2,"featured_media":0,"parent":0,"menu_order":0,"comment_status":"closed","ping_status":"closed","template":"template-parts\/page-template-full-width.php","meta":{"footnotes":""},"class_list":["post-1357","page","type-page","status-publish","hentry"],"yoast_head":"<!-- This site is optimized with the Yoast SEO plugin v24.4 - https:\/\/yoast.com\/wordpress\/plugins\/seo\/ -->\n<title>Confirmation - Saint Fran\u00e7ois d&#039;Assise<\/title>\n<meta name=\"robots\" content=\"index, follow, max-snippet:-1, max-image-preview:large, max-video-preview:-1\" \/>\n<link rel=\"canonical\" href=\"https:\/\/saintfrancoisdassise-toulouse.fr\/?page_id=1357\" \/>\n<meta property=\"og:locale\" content=\"en_US\" \/>\n<meta property=\"og:type\" content=\"article\" \/>\n<meta property=\"og:title\" content=\"Confirmation - Saint Fran\u00e7ois d&#039;Assise\" \/>\n<meta property=\"og:description\" content=\"Confirmation Nous proposons une pr\u00e9paration \u00e0 la profession de foi ou \u00e0 la confirmation pour les adolescents de la paroisse, \u00e2g\u00e9s de 12 \u00e0 17 ans environ. Les rencontres se tiennent g\u00e9n\u00e9ralement le dimanche matin avant la messe, dans la salle bienheureuse Assunta. Le parcours aborde des th\u00e8mes fondamentaux de la foi chr\u00e9tienne et de la pratique religieuse, tels que la pri\u00e8re, la Bible et la confession, ainsi que des d\u00e9veloppements sp\u00e9cifiques sur le Credo et l&#8217;Esprit Saint. Nous \u00e9tudions \u00e9galement en d\u00e9tail le rituel pour bien comprendre les \u00e9tapes de la c\u00e9r\u00e9monie et le sens de chaque geste du...\" \/>\n<meta property=\"og:url\" content=\"https:\/\/saintfrancoisdassise-toulouse.fr\/?page_id=1357\" \/>\n<meta property=\"og:site_name\" content=\"Saint Fran\u00e7ois d&#039;Assise\" \/>\n<meta property=\"article:modified_time\" content=\"2024-11-12T21:43:52+00:00\" \/>\n<meta property=\"og:image\" content=\"http:\/\/saintfrancoisdassise-toulouse.fr\/wp-content\/uploads\/2024\/11\/confirmation.png\" \/>\n<meta name=\"twitter:card\" content=\"summary_large_image\" \/>\n<meta name=\"twitter:label1\" content=\"Est. reading time\" \/>\n\t<meta name=\"twitter:data1\" content=\"1 minute\" \/>\n<script type=\"application\/ld+json\" class=\"yoast-schema-graph\">{\"@context\":\"https:\/\/schema.org\",\"@graph\":[{\"@type\":\"WebPage\",\"@id\":\"https:\/\/saintfrancoisdassise-toulouse.fr\/?page_id=1357\",\"url\":\"https:\/\/saintfrancoisdassise-toulouse.fr\/?page_id=1357\",\"name\":\"Confirmation - Saint Fran\u00e7ois d&#039;Assise\",\"isPartOf\":{\"@id\":\"https:\/\/saintfrancoisdassise-toulouse.fr\/#website\"},\"primaryImageOfPage\":{\"@id\":\"https:\/\/saintfrancoisdassise-toulouse.fr\/?page_id=1357#primaryimage\"},\"image\":{\"@id\":\"https:\/\/saintfrancoisdassise-toulouse.fr\/?page_id=1357#primaryimage\"},\"thumbnailUrl\":\"http:\/\/saintfrancoisdassise-toulouse.fr\/wp-content\/uploads\/2024\/11\/confirmation.png\",\"datePublished\":\"2024-03-16T17:34:18+00:00\",\"dateModified\":\"2024-11-12T21:43:52+00:00\",\"breadcrumb\":{\"@id\":\"https:\/\/saintfrancoisdassise-toulouse.fr\/?page_id=1357#breadcrumb\"},\"inLanguage\":\"en-US\",\"potentialAction\":[{\"@type\":\"ReadAction\",\"target\":[\"https:\/\/saintfrancoisdassise-toulouse.fr\/?page_id=1357\"]}]},{\"@type\":\"ImageObject\",\"inLanguage\":\"en-US\",\"@id\":\"https:\/\/saintfrancoisdassise-toulouse.fr\/?page_id=1357#primaryimage\",\"url\":\"https:\/\/saintfrancoisdassise-toulouse.fr\/wp-content\/uploads\/2024\/11\/confirmation.png\",\"contentUrl\":\"https:\/\/saintfrancoisdassise-toulouse.fr\/wp-content\/uploads\/2024\/11\/confirmation.png\",\"width\":490,\"height\":327},{\"@type\":\"BreadcrumbList\",\"@id\":\"https:\/\/saintfrancoisdassise-toulouse.fr\/?page_id=1357#breadcrumb\",\"itemListElement\":[{\"@type\":\"ListItem\",\"position\":1,\"name\":\"Accueil\",\"item\":\"https:\/\/saintfrancoisdassise-toulouse.fr\/\"},{\"@type\":\"ListItem\",\"position\":2,\"name\":\"Confirmation\"}]},{\"@type\":\"WebSite\",\"@id\":\"https:\/\/saintfrancoisdassise-toulouse.fr\/#website\",\"url\":\"https:\/\/saintfrancoisdassise-toulouse.fr\/\",\"name\":\"Saint Fran\u00e7ois d'Assise\",\"description\":\"106 bis avenue Camille Pujol, 31500 Toulouse\",\"potentialAction\":[{\"@type\":\"SearchAction\",\"target\":{\"@type\":\"EntryPoint\",\"urlTemplate\":\"https:\/\/saintfrancoisdassise-toulouse.fr\/?s={search_term_string}\"},\"query-input\":{\"@type\":\"PropertyValueSpecification\",\"valueRequired\":true,\"valueName\":\"search_term_string\"}}],\"inLanguage\":\"en-US\"}]}<\/script>\n<!-- \/ Yoast SEO plugin. -->","yoast_head_json":{"title":"Confirmation - Saint Fran\u00e7ois d&#039;Assise","robots":{"index":"index","follow":"follow","max-snippet":"max-snippet:-1","max-image-preview":"max-image-preview:large","max-video-preview":"max-video-preview:-1"},"canonical":"https:\/\/saintfrancoisdassise-toulouse.fr\/?page_id=1357","og_locale":"en_US","og_type":"article","og_title":"Confirmation - Saint Fran\u00e7ois d&#039;Assise","og_description":"Confirmation Nous proposons une pr\u00e9paration \u00e0 la profession de foi ou \u00e0 la confirmation pour les adolescents de la paroisse, \u00e2g\u00e9s de 12 \u00e0 17 ans environ. Les rencontres se tiennent g\u00e9n\u00e9ralement le dimanche matin avant la messe, dans la salle bienheureuse Assunta. Le parcours aborde des th\u00e8mes fondamentaux de la foi chr\u00e9tienne et de la pratique religieuse, tels que la pri\u00e8re, la Bible et la confession, ainsi que des d\u00e9veloppements sp\u00e9cifiques sur le Credo et l&#8217;Esprit Saint. Nous \u00e9tudions \u00e9galement en d\u00e9tail le rituel pour bien comprendre les \u00e9tapes de la c\u00e9r\u00e9monie et le sens de chaque geste du...","og_url":"https:\/\/saintfrancoisdassise-toulouse.fr\/?page_id=1357","og_site_name":"Saint Fran\u00e7ois d&#039;Assise","article_modified_time":"2024-11-12T21:43:52+00:00","og_image":[{"url":"http:\/\/saintfrancoisdassise-toulouse.fr\/wp-content\/uploads\/2024\/11\/confirmation.png","type":"","width":"","height":""}],"twitter_card":"summary_large_image","twitter_misc":{"Est. reading time":"1 minute"},"schema":{"@context":"https:\/\/schema.org","@graph":[{"@type":"WebPage","@id":"https:\/\/saintfrancoisdassise-toulouse.fr\/?page_id=1357","url":"https:\/\/saintfrancoisdassise-toulouse.fr\/?page_id=1357","name":"Confirmation - Saint Fran\u00e7ois d&#039;Assise","isPartOf":{"@id":"https:\/\/saintfrancoisdassise-toulouse.fr\/#website"},"primaryImageOfPage":{"@id":"https:\/\/saintfrancoisdassise-toulouse.fr\/?page_id=1357#primaryimage"},"image":{"@id":"https:\/\/saintfrancoisdassise-toulouse.fr\/?page_id=1357#primaryimage"},"thumbnailUrl":"http:\/\/saintfrancoisdassise-toulouse.fr\/wp-content\/uploads\/2024\/11\/confirmation.png","datePublished":"2024-03-16T17:34:18+00:00","dateModified":"2024-11-12T21:43:52+00:00","breadcrumb":{"@id":"https:\/\/saintfrancoisdassise-toulouse.fr\/?page_id=1357#breadcrumb"},"inLanguage":"en-US","potentialAction":[{"@type":"ReadAction","target":["https:\/\/saintfrancoisdassise-toulouse.fr\/?page_id=1357"]}]},{"@type":"ImageObject","inLanguage":"en-US","@id":"https:\/\/saintfrancoisdassise-toulouse.fr\/?page_id=1357#primaryimage","url":"https:\/\/saintfrancoisdassise-toulouse.fr\/wp-content\/uploads\/2024\/11\/confirmation.png","contentUrl":"https:\/\/saintfrancoisdassise-toulouse.fr\/wp-content\/uploads\/2024\/11\/confirmation.png","width":490,"height":327},{"@type":"BreadcrumbList","@id":"https:\/\/saintfrancoisdassise-toulouse.fr\/?page_id=1357#breadcrumb","itemListElement":[{"@type":"ListItem","position":1,"name":"Accueil","item":"https:\/\/saintfrancoisdassise-toulouse.fr\/"},{"@type":"ListItem","position":2,"name":"Confirmation"}]},{"@type":"WebSite","@id":"https:\/\/saintfrancoisdassise-toulouse.fr\/#website","url":"https:\/\/saintfrancoisdassise-toulouse.fr\/","name":"Saint Fran\u00e7ois d'Assise","description":"106 bis avenue Camille Pujol, 31500 Toulouse","potentialAction":[{"@type":"SearchAction","target":{"@type":"EntryPoint","urlTemplate":"https:\/\/saintfrancoisdassise-toulouse.fr\/?s={search_term_string}"},"query-input":{"@type":"PropertyValueSpecification","valueRequired":true,"valueName":"search_term_string"}}],"inLanguage":"en-US"}]}},"_links":{"self":[{"href":"https:\/\/saintfrancoisdassise-toulouse.fr\/index.php?rest_route=\/wp\/v2\/pages\/1357","targetHints":{"allow":["GET"]}}],"collection":[{"href":"https:\/\/saintfrancoisdassise-toulouse.fr\/index.php?rest_route=\/wp\/v2\/pages"}],"about":[{"href":"https:\/\/saintfrancoisdassise-toulouse.fr\/index.php?rest_route=\/wp\/v2\/types\/page"}],"author":[{"embeddable":true,"href":"https:\/\/saintfrancoisdassise-toulouse.fr\/index.php?rest_route=\/wp\/v2\/users\/2"}],"replies":[{"embeddable":true,"href":"https:\/\/saintfrancoisdassise-toulouse.fr\/index.php?rest_route=%2Fwp%2Fv2%2Fcomments&post=1357"}],"version-history":[{"count":13,"href":"https:\/\/saintfrancoisdassise-toulouse.fr\/index.php?rest_route=\/wp\/v2\/pages\/1357\/revisions"}],"predecessor-version":[{"id":2360,"href":"https:\/\/saintfrancoisdassise-toulouse.fr\/index.php?rest_route=\/wp\/v2\/pages\/1357\/revisions\/2360"}],"wp:attachment":[{"href":"https:\/\/saintfrancoisdassise-toulouse.fr\/index.php?rest_route=%2Fwp%2Fv2%2Fmedia&parent=1357"}],"curies":[{"name":"wp","href":"https:\/\/api.w.org\/{rel}","templated":true}]}}