{"id":1384,"date":"2024-03-16T18:42:51","date_gmt":"2024-03-16T17:42:51","guid":{"rendered":"https:\/\/saintfrancoisdassise-toulouse.fr\/?page_id=1384"},"modified":"2024-08-29T22:34:57","modified_gmt":"2024-08-29T20:34:57","slug":"confession","status":"publish","type":"page","link":"https:\/\/saintfrancoisdassise-toulouse.fr\/?page_id=1384","title":{"rendered":"Confession"},"content":{"rendered":"\t\t<div data-elementor-type=\"wp-page\" data-elementor-id=\"1384\" class=\"elementor elementor-1384\">\n\t\t\t\t<div class=\"elementor-element elementor-element-41600333 e-flex e-con-boxed e-con e-parent\" data-id=\"41600333\" data-element_type=\"container\" data-e-type=\"container\">\n\t\t\t\t\t<div class=\"e-con-inner\">\n\t\t\t\t<div class=\"elementor-element elementor-element-5a696311 elementor-widget elementor-widget-heading\" data-id=\"5a696311\" data-element_type=\"widget\" data-e-type=\"widget\" data-widget_type=\"heading.default\">\n\t\t\t\t<div class=\"elementor-widget-container\">\n\t\t\t\t\t<h1 class=\"elementor-heading-title elementor-size-default\">La confession ou sacrement de r\u00e9conciliation<\/h1>\t\t\t\t<\/div>\n\t\t\t\t<\/div>\n\t\t\t\t\t<\/div>\n\t\t\t\t<\/div>\n\t\t<div class=\"elementor-element elementor-element-28dbd2a9 e-flex e-con-boxed e-con e-parent\" data-id=\"28dbd2a9\" data-element_type=\"container\" data-e-type=\"container\">\n\t\t\t\t\t<div class=\"e-con-inner\">\n\t\t\t\t<div class=\"elementor-element elementor-element-7bb86b8f elementor-widget__width-initial elementor-widget elementor-widget-image\" data-id=\"7bb86b8f\" data-element_type=\"widget\" data-e-type=\"widget\" data-widget_type=\"image.default\">\n\t\t\t\t<div class=\"elementor-widget-container\">\n\t\t\t\t\t\t\t\t\t\t\t\t\t\t\t<img fetchpriority=\"high\" decoding=\"async\" width=\"590\" height=\"411\" src=\"https:\/\/saintfrancoisdassise-toulouse.fr\/wp-content\/uploads\/2024\/07\/Confession.png\" class=\"attachment-large size-large wp-image-1751\" alt=\"\" srcset=\"https:\/\/saintfrancoisdassise-toulouse.fr\/wp-content\/uploads\/2024\/07\/Confession.png 590w, https:\/\/saintfrancoisdassise-toulouse.fr\/wp-content\/uploads\/2024\/07\/Confession-300x209.png 300w\" sizes=\"(max-width: 590px) 100vw, 590px\" \/>\t\t\t\t\t\t\t\t\t\t\t\t\t\t\t<\/div>\n\t\t\t\t<\/div>\n\t\t\t\t<div class=\"elementor-element elementor-element-14a5e0bc elementor-widget elementor-widget-text-editor\" data-id=\"14a5e0bc\" data-element_type=\"widget\" data-e-type=\"widget\" data-widget_type=\"text-editor.default\">\n\t\t\t\t<div class=\"elementor-widget-container\">\n\t\t\t\t\t\t\t\t\t<p style=\"padding-left: 40px;\">Le sacrement de p\u00e9nitence ou de r\u00e9conciliation, appel\u00e9 famili\u00e8rement confession, est l&#8217;un des sept sacrements de l&#8217;\u00c9glise catholique. Il permet aux fid\u00e8les de recevoir le pardon de Dieu pour les p\u00e9ch\u00e9s qu&#8217;ils ont commis et de se r\u00e9concilier avec Lui.<\/p><p style=\"padding-left: 40px;\">Ce sacrement se d\u00e9roule lors d\u2019une rencontre entre le fid\u00e8le et le pr\u00eatre. Le fid\u00e8le avoue ses p\u00e9ch\u00e9s et le pr\u00eatre l\u2019\u00e9coute avec bienveillance, lui donne des conseils, une p\u00e9nitence \u00e0 accomplir et lui transmet le pardon de Dieu.<\/p>\t\t\t\t\t\t\t\t<\/div>\n\t\t\t\t<\/div>\n\t\t\t\t\t<\/div>\n\t\t\t\t<\/div>\n\t\t<div class=\"elementor-element elementor-element-8cbaf0d e-flex e-con-boxed e-con e-parent\" data-id=\"8cbaf0d\" data-element_type=\"container\" data-e-type=\"container\">\n\t\t\t\t\t<div class=\"e-con-inner\">\n\t\t\t\t<div class=\"elementor-element elementor-element-6bbbda3 elementor-widget elementor-widget-text-editor\" data-id=\"6bbbda3\" data-element_type=\"widget\" data-e-type=\"widget\" data-widget_type=\"text-editor.default\">\n\t\t\t\t<div class=\"elementor-widget-container\">\n\t\t\t\t\t\t\t\t\t<p>Le p\u00e9ch\u00e9 est un acte, une pens\u00e9e ou une omission volontaire qui va \u00e0 l&#8217;encontre de la volont\u00e9 de Dieu\u00a0et qui blesse la relation entre l&#8217;homme et Dieu et la relation entre l&#8217;homme et ses semblables.<\/p><p>La confession permet aux fid\u00e8les de se lib\u00e9rer du poids de leurs fautes et de retrouver la paix int\u00e9rieure. Elle est un signe de l&#8217;amour infini de Dieu et de sa mis\u00e9ricorde pour ses enfants.<\/p>\t\t\t\t\t\t\t\t<\/div>\n\t\t\t\t<\/div>\n\t\t<div class=\"elementor-element elementor-element-25ba3b97 e-flex e-con-boxed e-con e-child\" data-id=\"25ba3b97\" data-element_type=\"container\" data-e-type=\"container\" data-settings=\"{&quot;background_background&quot;:&quot;classic&quot;}\">\n\t\t\t\t\t<div class=\"e-con-inner\">\n\t\t\t\t<div class=\"elementor-element elementor-element-136fb51 elementor-widget elementor-widget-text-editor\" data-id=\"136fb51\" data-element_type=\"widget\" data-e-type=\"widget\" data-widget_type=\"text-editor.default\">\n\t\t\t\t<div class=\"elementor-widget-container\">\n\t\t\t\t\t\t\t\t\t<p>Vous souhaitez vous confesser&nbsp;?&nbsp; Un pr\u00eatre est disponible pour confesser apr\u00e8s les messes en semaine et sur rendez-vous.<\/p>\t\t\t\t\t\t\t\t<\/div>\n\t\t\t\t<\/div>\n\t\t\t\t\t<\/div>\n\t\t\t\t<\/div>\n\t\t\t\t\t<\/div>\n\t\t\t\t<\/div>\n\t\t\t\t<\/div>\n\t\t","protected":false},"excerpt":{"rendered":"<p>La confession ou sacrement de r\u00e9conciliation Le sacrement de p\u00e9nitence ou de r\u00e9conciliation, appel\u00e9 famili\u00e8rement confession, est l&#8217;un des sept sacrements de l&#8217;\u00c9glise catholique. Il permet aux fid\u00e8les de recevoir le pardon de Dieu pour les p\u00e9ch\u00e9s qu&#8217;ils ont commis et de se r\u00e9concilier avec Lui. Ce sacrement se d\u00e9roule lors d\u2019une rencontre entre le fid\u00e8le et le pr\u00eatre. Le fid\u00e8le avoue ses p\u00e9ch\u00e9s et le pr\u00eatre l\u2019\u00e9coute avec bienveillance, lui donne des conseils, une p\u00e9nitence \u00e0 accomplir et lui transmet le pardon de Dieu. Le p\u00e9ch\u00e9 est un acte, une pens\u00e9e ou une omission volontaire qui va \u00e0 l&#8217;encontre&#8230; <\/p>\n","protected":false},"author":2,"featured_media":0,"parent":0,"menu_order":0,"comment_status":"closed","ping_status":"closed","template":"template-parts\/page-template-full-width.php","meta":{"footnotes":""},"class_list":["post-1384","page","type-page","status-publish","hentry"],"yoast_head":"<!-- This site is optimized with the Yoast SEO plugin v24.4 - https:\/\/yoast.com\/wordpress\/plugins\/seo\/ -->\n<title>Confession - Saint Fran\u00e7ois d&#039;Assise<\/title>\n<meta name=\"robots\" content=\"index, follow, max-snippet:-1, max-image-preview:large, max-video-preview:-1\" \/>\n<link rel=\"canonical\" href=\"https:\/\/saintfrancoisdassise-toulouse.fr\/?page_id=1384\" \/>\n<meta property=\"og:locale\" content=\"en_US\" \/>\n<meta property=\"og:type\" content=\"article\" \/>\n<meta property=\"og:title\" content=\"Confession - Saint Fran\u00e7ois d&#039;Assise\" \/>\n<meta property=\"og:description\" content=\"La confession ou sacrement de r\u00e9conciliation Le sacrement de p\u00e9nitence ou de r\u00e9conciliation, appel\u00e9 famili\u00e8rement confession, est l&#8217;un des sept sacrements de l&#8217;\u00c9glise catholique. Il permet aux fid\u00e8les de recevoir le pardon de Dieu pour les p\u00e9ch\u00e9s qu&#8217;ils ont commis et de se r\u00e9concilier avec Lui. Ce sacrement se d\u00e9roule lors d\u2019une rencontre entre le fid\u00e8le et le pr\u00eatre. Le fid\u00e8le avoue ses p\u00e9ch\u00e9s et le pr\u00eatre l\u2019\u00e9coute avec bienveillance, lui donne des conseils, une p\u00e9nitence \u00e0 accomplir et lui transmet le pardon de Dieu. Le p\u00e9ch\u00e9 est un acte, une pens\u00e9e ou une omission volontaire qui va \u00e0 l&#8217;encontre...\" \/>\n<meta property=\"og:url\" content=\"https:\/\/saintfrancoisdassise-toulouse.fr\/?page_id=1384\" \/>\n<meta property=\"og:site_name\" content=\"Saint Fran\u00e7ois d&#039;Assise\" \/>\n<meta property=\"article:modified_time\" content=\"2024-08-29T20:34:57+00:00\" \/>\n<meta property=\"og:image\" content=\"http:\/\/saintfrancoisdassise-toulouse.fr\/wp-content\/uploads\/2024\/07\/Confession.png\" \/>\n<meta name=\"twitter:card\" content=\"summary_large_image\" \/>\n<meta name=\"twitter:label1\" content=\"Est. reading time\" \/>\n\t<meta name=\"twitter:data1\" content=\"1 minute\" \/>\n<script type=\"application\/ld+json\" class=\"yoast-schema-graph\">{\"@context\":\"https:\/\/schema.org\",\"@graph\":[{\"@type\":\"WebPage\",\"@id\":\"https:\/\/saintfrancoisdassise-toulouse.fr\/?page_id=1384\",\"url\":\"https:\/\/saintfrancoisdassise-toulouse.fr\/?page_id=1384\",\"name\":\"Confession - Saint Fran\u00e7ois d&#039;Assise\",\"isPartOf\":{\"@id\":\"https:\/\/saintfrancoisdassise-toulouse.fr\/#website\"},\"primaryImageOfPage\":{\"@id\":\"https:\/\/saintfrancoisdassise-toulouse.fr\/?page_id=1384#primaryimage\"},\"image\":{\"@id\":\"https:\/\/saintfrancoisdassise-toulouse.fr\/?page_id=1384#primaryimage\"},\"thumbnailUrl\":\"http:\/\/saintfrancoisdassise-toulouse.fr\/wp-content\/uploads\/2024\/07\/Confession.png\",\"datePublished\":\"2024-03-16T17:42:51+00:00\",\"dateModified\":\"2024-08-29T20:34:57+00:00\",\"breadcrumb\":{\"@id\":\"https:\/\/saintfrancoisdassise-toulouse.fr\/?page_id=1384#breadcrumb\"},\"inLanguage\":\"en-US\",\"potentialAction\":[{\"@type\":\"ReadAction\",\"target\":[\"https:\/\/saintfrancoisdassise-toulouse.fr\/?page_id=1384\"]}]},{\"@type\":\"ImageObject\",\"inLanguage\":\"en-US\",\"@id\":\"https:\/\/saintfrancoisdassise-toulouse.fr\/?page_id=1384#primaryimage\",\"url\":\"https:\/\/saintfrancoisdassise-toulouse.fr\/wp-content\/uploads\/2024\/07\/Confession.png\",\"contentUrl\":\"https:\/\/saintfrancoisdassise-toulouse.fr\/wp-content\/uploads\/2024\/07\/Confession.png\",\"width\":590,\"height\":411},{\"@type\":\"BreadcrumbList\",\"@id\":\"https:\/\/saintfrancoisdassise-toulouse.fr\/?page_id=1384#breadcrumb\",\"itemListElement\":[{\"@type\":\"ListItem\",\"position\":1,\"name\":\"Accueil\",\"item\":\"https:\/\/saintfrancoisdassise-toulouse.fr\/\"},{\"@type\":\"ListItem\",\"position\":2,\"name\":\"Confession\"}]},{\"@type\":\"WebSite\",\"@id\":\"https:\/\/saintfrancoisdassise-toulouse.fr\/#website\",\"url\":\"https:\/\/saintfrancoisdassise-toulouse.fr\/\",\"name\":\"Saint Fran\u00e7ois d'Assise\",\"description\":\"106 bis avenue Camille Pujol, 31500 Toulouse\",\"potentialAction\":[{\"@type\":\"SearchAction\",\"target\":{\"@type\":\"EntryPoint\",\"urlTemplate\":\"https:\/\/saintfrancoisdassise-toulouse.fr\/?s={search_term_string}\"},\"query-input\":{\"@type\":\"PropertyValueSpecification\",\"valueRequired\":true,\"valueName\":\"search_term_string\"}}],\"inLanguage\":\"en-US\"}]}<\/script>\n<!-- \/ Yoast SEO plugin. -->","yoast_head_json":{"title":"Confession - Saint Fran\u00e7ois d&#039;Assise","robots":{"index":"index","follow":"follow","max-snippet":"max-snippet:-1","max-image-preview":"max-image-preview:large","max-video-preview":"max-video-preview:-1"},"canonical":"https:\/\/saintfrancoisdassise-toulouse.fr\/?page_id=1384","og_locale":"en_US","og_type":"article","og_title":"Confession - Saint Fran\u00e7ois d&#039;Assise","og_description":"La confession ou sacrement de r\u00e9conciliation Le sacrement de p\u00e9nitence ou de r\u00e9conciliation, appel\u00e9 famili\u00e8rement confession, est l&#8217;un des sept sacrements de l&#8217;\u00c9glise catholique. Il permet aux fid\u00e8les de recevoir le pardon de Dieu pour les p\u00e9ch\u00e9s qu&#8217;ils ont commis et de se r\u00e9concilier avec Lui. Ce sacrement se d\u00e9roule lors d\u2019une rencontre entre le fid\u00e8le et le pr\u00eatre. Le fid\u00e8le avoue ses p\u00e9ch\u00e9s et le pr\u00eatre l\u2019\u00e9coute avec bienveillance, lui donne des conseils, une p\u00e9nitence \u00e0 accomplir et lui transmet le pardon de Dieu. Le p\u00e9ch\u00e9 est un acte, une pens\u00e9e ou une omission volontaire qui va \u00e0 l&#8217;encontre...","og_url":"https:\/\/saintfrancoisdassise-toulouse.fr\/?page_id=1384","og_site_name":"Saint Fran\u00e7ois d&#039;Assise","article_modified_time":"2024-08-29T20:34:57+00:00","og_image":[{"url":"http:\/\/saintfrancoisdassise-toulouse.fr\/wp-content\/uploads\/2024\/07\/Confession.png","type":"","width":"","height":""}],"twitter_card":"summary_large_image","twitter_misc":{"Est. reading time":"1 minute"},"schema":{"@context":"https:\/\/schema.org","@graph":[{"@type":"WebPage","@id":"https:\/\/saintfrancoisdassise-toulouse.fr\/?page_id=1384","url":"https:\/\/saintfrancoisdassise-toulouse.fr\/?page_id=1384","name":"Confession - Saint Fran\u00e7ois d&#039;Assise","isPartOf":{"@id":"https:\/\/saintfrancoisdassise-toulouse.fr\/#website"},"primaryImageOfPage":{"@id":"https:\/\/saintfrancoisdassise-toulouse.fr\/?page_id=1384#primaryimage"},"image":{"@id":"https:\/\/saintfrancoisdassise-toulouse.fr\/?page_id=1384#primaryimage"},"thumbnailUrl":"http:\/\/saintfrancoisdassise-toulouse.fr\/wp-content\/uploads\/2024\/07\/Confession.png","datePublished":"2024-03-16T17:42:51+00:00","dateModified":"2024-08-29T20:34:57+00:00","breadcrumb":{"@id":"https:\/\/saintfrancoisdassise-toulouse.fr\/?page_id=1384#breadcrumb"},"inLanguage":"en-US","potentialAction":[{"@type":"ReadAction","target":["https:\/\/saintfrancoisdassise-toulouse.fr\/?page_id=1384"]}]},{"@type":"ImageObject","inLanguage":"en-US","@id":"https:\/\/saintfrancoisdassise-toulouse.fr\/?page_id=1384#primaryimage","url":"https:\/\/saintfrancoisdassise-toulouse.fr\/wp-content\/uploads\/2024\/07\/Confession.png","contentUrl":"https:\/\/saintfrancoisdassise-toulouse.fr\/wp-content\/uploads\/2024\/07\/Confession.png","width":590,"height":411},{"@type":"BreadcrumbList","@id":"https:\/\/saintfrancoisdassise-toulouse.fr\/?page_id=1384#breadcrumb","itemListElement":[{"@type":"ListItem","position":1,"name":"Accueil","item":"https:\/\/saintfrancoisdassise-toulouse.fr\/"},{"@type":"ListItem","position":2,"name":"Confession"}]},{"@type":"WebSite","@id":"https:\/\/saintfrancoisdassise-toulouse.fr\/#website","url":"https:\/\/saintfrancoisdassise-toulouse.fr\/","name":"Saint Fran\u00e7ois d'Assise","description":"106 bis avenue Camille Pujol, 31500 Toulouse","potentialAction":[{"@type":"SearchAction","target":{"@type":"EntryPoint","urlTemplate":"https:\/\/saintfrancoisdassise-toulouse.fr\/?s={search_term_string}"},"query-input":{"@type":"PropertyValueSpecification","valueRequired":true,"valueName":"search_term_string"}}],"inLanguage":"en-US"}]}},"_links":{"self":[{"href":"https:\/\/saintfrancoisdassise-toulouse.fr\/index.php?rest_route=\/wp\/v2\/pages\/1384","targetHints":{"allow":["GET"]}}],"collection":[{"href":"https:\/\/saintfrancoisdassise-toulouse.fr\/index.php?rest_route=\/wp\/v2\/pages"}],"about":[{"href":"https:\/\/saintfrancoisdassise-toulouse.fr\/index.php?rest_route=\/wp\/v2\/types\/page"}],"author":[{"embeddable":true,"href":"https:\/\/saintfrancoisdassise-toulouse.fr\/index.php?rest_route=\/wp\/v2\/users\/2"}],"replies":[{"embeddable":true,"href":"https:\/\/saintfrancoisdassise-toulouse.fr\/index.php?rest_route=%2Fwp%2Fv2%2Fcomments&post=1384"}],"version-history":[{"count":19,"href":"https:\/\/saintfrancoisdassise-toulouse.fr\/index.php?rest_route=\/wp\/v2\/pages\/1384\/revisions"}],"predecessor-version":[{"id":2234,"href":"https:\/\/saintfrancoisdassise-toulouse.fr\/index.php?rest_route=\/wp\/v2\/pages\/1384\/revisions\/2234"}],"wp:attachment":[{"href":"https:\/\/saintfrancoisdassise-toulouse.fr\/index.php?rest_route=%2Fwp%2Fv2%2Fmedia&parent=1384"}],"curies":[{"name":"wp","href":"https:\/\/api.w.org\/{rel}","templated":true}]}}