{"id":1389,"date":"2024-03-16T18:43:44","date_gmt":"2024-03-16T17:43:44","guid":{"rendered":"https:\/\/saintfrancoisdassise-toulouse.fr\/?page_id=1389"},"modified":"2024-08-30T18:49:17","modified_gmt":"2024-08-30T16:49:17","slug":"ordination","status":"publish","type":"page","link":"https:\/\/saintfrancoisdassise-toulouse.fr\/?page_id=1389","title":{"rendered":"Ordination"},"content":{"rendered":"\t\t<div data-elementor-type=\"wp-page\" data-elementor-id=\"1389\" class=\"elementor elementor-1389\">\n\t\t\t\t<div class=\"elementor-element elementor-element-7af4d3dd e-flex e-con-boxed e-con e-parent\" data-id=\"7af4d3dd\" data-element_type=\"container\" data-e-type=\"container\">\n\t\t\t\t\t<div class=\"e-con-inner\">\n\t\t\t\t<div class=\"elementor-element elementor-element-69379bae elementor-widget elementor-widget-heading\" data-id=\"69379bae\" data-element_type=\"widget\" data-e-type=\"widget\" data-widget_type=\"heading.default\">\n\t\t\t\t<div class=\"elementor-widget-container\">\n\t\t\t\t\t<h1 class=\"elementor-heading-title elementor-size-default\">Ordination<\/h1>\t\t\t\t<\/div>\n\t\t\t\t<\/div>\n\t\t\t\t\t<\/div>\n\t\t\t\t<\/div>\n\t\t<div class=\"elementor-element elementor-element-9b672fb e-flex e-con-boxed e-con e-parent\" data-id=\"9b672fb\" data-element_type=\"container\" data-e-type=\"container\">\n\t\t\t\t\t<div class=\"e-con-inner\">\n\t\t<div class=\"elementor-element elementor-element-437bbac e-con-full e-flex e-con e-child\" data-id=\"437bbac\" data-element_type=\"container\" data-e-type=\"container\">\n\t\t\t\t<div class=\"elementor-element elementor-element-23f0e5b1 elementor-widget elementor-widget-image\" data-id=\"23f0e5b1\" data-element_type=\"widget\" data-e-type=\"widget\" data-widget_type=\"image.default\">\n\t\t\t\t<div class=\"elementor-widget-container\">\n\t\t\t\t\t\t\t\t\t\t\t\t\t\t\t<img fetchpriority=\"high\" decoding=\"async\" width=\"1024\" height=\"518\" src=\"https:\/\/saintfrancoisdassise-toulouse.fr\/wp-content\/uploads\/2024\/03\/Photo-4-1-1024x518.jpg\" class=\"attachment-large size-large wp-image-1508\" alt=\"\" srcset=\"https:\/\/saintfrancoisdassise-toulouse.fr\/wp-content\/uploads\/2024\/03\/Photo-4-1-1024x518.jpg 1024w, https:\/\/saintfrancoisdassise-toulouse.fr\/wp-content\/uploads\/2024\/03\/Photo-4-1-300x152.jpg 300w, https:\/\/saintfrancoisdassise-toulouse.fr\/wp-content\/uploads\/2024\/03\/Photo-4-1-768x388.jpg 768w, https:\/\/saintfrancoisdassise-toulouse.fr\/wp-content\/uploads\/2024\/03\/Photo-4-1.jpg 1400w\" sizes=\"(max-width: 1024px) 100vw, 1024px\" \/>\t\t\t\t\t\t\t\t\t\t\t\t\t\t\t<\/div>\n\t\t\t\t<\/div>\n\t\t\t\t<\/div>\n\t\t<div class=\"elementor-element elementor-element-46a29fb9 e-con-full e-flex e-con e-child\" data-id=\"46a29fb9\" data-element_type=\"container\" data-e-type=\"container\">\n\t\t\t\t<div class=\"elementor-element elementor-element-7607dde5 elementor-widget elementor-widget-text-editor\" data-id=\"7607dde5\" data-element_type=\"widget\" data-e-type=\"widget\" data-widget_type=\"text-editor.default\">\n\t\t\t\t<div class=\"elementor-widget-container\">\n\t\t\t\t\t\t\t\t\t<p><span style=\"font-weight: 400;\">Le sacrement de l&#8217;ordination est l&#8217;un des sept sacrements de l&#8217;\u00c9glise catholique. R\u00e9serv\u00e9 aux hommes, il consacre un fid\u00e8le par l\u2019imposition des mains de l\u2019\u00e9v\u00eaque pour exercer le minist\u00e8re de diacre, de pr\u00eatre ou d\u2019\u00e9v\u00eaque au service de l&#8217;\u00c9glise.<\/span><\/p><p><span style=\"font-weight: 400;\">Des hommes, mari\u00e9s ou pas peuvent devenir diacres permanents. Ils repr\u00e9sentent le Christ Serviteur et accomplissent leur mission au service de la Parole de Dieu et des pauvres.<\/span><\/p><p><span style=\"font-weight: 400;\">Certains diacres, non mari\u00e9s, sont ordonn\u00e9s \u00ab\u00a0en vue du presbyt\u00e9rat\u00a0\u00bb\u00a0: ils deviendront pr\u00eatres apr\u00e8s avoir exerc\u00e9 quelques mois le minist\u00e8re de diacre.<\/span><\/p>\t\t\t\t\t\t\t\t<\/div>\n\t\t\t\t<\/div>\n\t\t\t\t<\/div>\n\t\t\t\t\t<\/div>\n\t\t\t\t<\/div>\n\t\t<div class=\"elementor-element elementor-element-186b988 e-flex e-con-boxed e-con e-parent\" data-id=\"186b988\" data-element_type=\"container\" data-e-type=\"container\">\n\t\t\t\t\t<div class=\"e-con-inner\">\n\t\t\t\t<div class=\"elementor-element elementor-element-e6b82bd elementor-widget elementor-widget-text-editor\" data-id=\"e6b82bd\" data-element_type=\"widget\" data-e-type=\"widget\" data-widget_type=\"text-editor.default\">\n\t\t\t\t<div class=\"elementor-widget-container\">\n\t\t\t\t\t\t\t\t\t<p><span style=\"font-weight: 400;\">Le pr\u00eatre a pour mission d\u2019enseigner, gouverner et sanctifier le peuple de Dieu, notamment en c\u00e9l\u00e9brant les sacrements. Il repr\u00e9sente le Christ Pasteur.<\/span><\/p><p><span style=\"font-weight: 400;\">Le sacrement de l&#8217;ordination est un signe de l&#8217;amour de Dieu pour son \u00c9glise et de son d\u00e9sir de la guider et de la prot\u00e9ger. Il est un appel \u00e0 servir Dieu et les autres avec fid\u00e9lit\u00e9 et d\u00e9vouement.<\/span><\/p>\t\t\t\t\t\t\t\t<\/div>\n\t\t\t\t<\/div>\n\t\t\t\t\t<\/div>\n\t\t\t\t<\/div>\n\t\t<div class=\"elementor-element elementor-element-222c79f1 e-flex e-con-boxed e-con e-parent\" data-id=\"222c79f1\" data-element_type=\"container\" data-e-type=\"container\" data-settings=\"{&quot;background_background&quot;:&quot;classic&quot;}\">\n\t\t\t\t\t<div class=\"e-con-inner\">\n\t\t<div class=\"elementor-element elementor-element-37759f1f e-flex e-con-boxed e-con e-child\" data-id=\"37759f1f\" data-element_type=\"container\" data-e-type=\"container\" data-settings=\"{&quot;background_background&quot;:&quot;classic&quot;}\">\n\t\t\t\t\t<div class=\"e-con-inner\">\n\t\t<div class=\"elementor-element elementor-element-79e95f79 e-flex e-con-boxed e-con e-child\" data-id=\"79e95f79\" data-element_type=\"container\" data-e-type=\"container\" data-settings=\"{&quot;background_background&quot;:&quot;classic&quot;}\">\n\t\t\t\t\t<div class=\"e-con-inner\">\n\t\t\t\t<div class=\"elementor-element elementor-element-23c36b8d elementor-widget elementor-widget-text-editor\" data-id=\"23c36b8d\" data-element_type=\"widget\" data-e-type=\"widget\" data-widget_type=\"text-editor.default\">\n\t\t\t\t<div class=\"elementor-widget-container\">\n\t\t\t\t\t\t\t\t\t<span style=\"font-weight: 400;\">Vous souhaitez en savoir plus sur la formation des pr\u00eatres ou l\u2019accompagnement des vocations religieuses\u00a0?<\/span>\n<br>\n<br>\n<span style=\"font-weight: 400;\">\u00a0<a style=\"color: #ffffff;text-decoration-line: underline;\" href=\"https:\/\/www.seminairesaintcyprien.fr\/devenir-pretre\/\">https:\/\/www.seminairesaintcyprien.fr\/devenir-pretre\/<\/a><\/span>\t\t\t\t\t\t\t\t<\/div>\n\t\t\t\t<\/div>\n\t\t\t\t\t<\/div>\n\t\t\t\t<\/div>\n\t\t\t\t\t<\/div>\n\t\t\t\t<\/div>\n\t\t\t\t\t<\/div>\n\t\t\t\t<\/div>\n\t\t<div class=\"elementor-element elementor-element-ebd67fe e-flex e-con-boxed e-con e-parent\" data-id=\"ebd67fe\" data-element_type=\"container\" data-e-type=\"container\">\n\t\t\t\t\t<div class=\"e-con-inner\">\n\t\t\t\t\t<\/div>\n\t\t\t\t<\/div>\n\t\t\t\t<\/div>\n\t\t","protected":false},"excerpt":{"rendered":"<p>Ordination Le sacrement de l&#8217;ordination est l&#8217;un des sept sacrements de l&#8217;\u00c9glise catholique. R\u00e9serv\u00e9 aux hommes, il consacre un fid\u00e8le par l\u2019imposition des mains de l\u2019\u00e9v\u00eaque pour exercer le minist\u00e8re de diacre, de pr\u00eatre ou d\u2019\u00e9v\u00eaque au service de l&#8217;\u00c9glise. Des hommes, mari\u00e9s ou pas peuvent devenir diacres permanents. Ils repr\u00e9sentent le Christ Serviteur et accomplissent leur mission au service de la Parole de Dieu et des pauvres. Certains diacres, non mari\u00e9s, sont ordonn\u00e9s \u00ab\u00a0en vue du presbyt\u00e9rat\u00a0\u00bb\u00a0: ils deviendront pr\u00eatres apr\u00e8s avoir exerc\u00e9 quelques mois le minist\u00e8re de diacre. Le pr\u00eatre a pour mission d\u2019enseigner, gouverner et sanctifier le&#8230; <\/p>\n","protected":false},"author":2,"featured_media":0,"parent":0,"menu_order":0,"comment_status":"closed","ping_status":"closed","template":"template-parts\/page-template-full-width.php","meta":{"footnotes":""},"class_list":["post-1389","page","type-page","status-publish","hentry"],"yoast_head":"<!-- This site is optimized with the Yoast SEO plugin v24.4 - https:\/\/yoast.com\/wordpress\/plugins\/seo\/ -->\n<title>Ordination - Saint Fran\u00e7ois d&#039;Assise<\/title>\n<meta name=\"robots\" content=\"index, follow, max-snippet:-1, max-image-preview:large, max-video-preview:-1\" \/>\n<link rel=\"canonical\" href=\"https:\/\/saintfrancoisdassise-toulouse.fr\/?page_id=1389\" \/>\n<meta property=\"og:locale\" content=\"en_US\" \/>\n<meta property=\"og:type\" content=\"article\" \/>\n<meta property=\"og:title\" content=\"Ordination - Saint Fran\u00e7ois d&#039;Assise\" \/>\n<meta property=\"og:description\" content=\"Ordination Le sacrement de l&#8217;ordination est l&#8217;un des sept sacrements de l&#8217;\u00c9glise catholique. R\u00e9serv\u00e9 aux hommes, il consacre un fid\u00e8le par l\u2019imposition des mains de l\u2019\u00e9v\u00eaque pour exercer le minist\u00e8re de diacre, de pr\u00eatre ou d\u2019\u00e9v\u00eaque au service de l&#8217;\u00c9glise. Des hommes, mari\u00e9s ou pas peuvent devenir diacres permanents. Ils repr\u00e9sentent le Christ Serviteur et accomplissent leur mission au service de la Parole de Dieu et des pauvres. Certains diacres, non mari\u00e9s, sont ordonn\u00e9s \u00ab\u00a0en vue du presbyt\u00e9rat\u00a0\u00bb\u00a0: ils deviendront pr\u00eatres apr\u00e8s avoir exerc\u00e9 quelques mois le minist\u00e8re de diacre. Le pr\u00eatre a pour mission d\u2019enseigner, gouverner et sanctifier le...\" \/>\n<meta property=\"og:url\" content=\"https:\/\/saintfrancoisdassise-toulouse.fr\/?page_id=1389\" \/>\n<meta property=\"og:site_name\" content=\"Saint Fran\u00e7ois d&#039;Assise\" \/>\n<meta property=\"article:modified_time\" content=\"2024-08-30T16:49:17+00:00\" \/>\n<meta property=\"og:image\" content=\"http:\/\/saintfrancoisdassise-toulouse.fr\/wp-content\/uploads\/2024\/03\/Photo-4-1-1024x518.jpg\" \/>\n<meta name=\"twitter:card\" content=\"summary_large_image\" \/>\n<meta name=\"twitter:label1\" content=\"Est. reading time\" \/>\n\t<meta name=\"twitter:data1\" content=\"1 minute\" \/>\n<script type=\"application\/ld+json\" class=\"yoast-schema-graph\">{\"@context\":\"https:\/\/schema.org\",\"@graph\":[{\"@type\":\"WebPage\",\"@id\":\"https:\/\/saintfrancoisdassise-toulouse.fr\/?page_id=1389\",\"url\":\"https:\/\/saintfrancoisdassise-toulouse.fr\/?page_id=1389\",\"name\":\"Ordination - Saint Fran\u00e7ois d&#039;Assise\",\"isPartOf\":{\"@id\":\"https:\/\/saintfrancoisdassise-toulouse.fr\/#website\"},\"primaryImageOfPage\":{\"@id\":\"https:\/\/saintfrancoisdassise-toulouse.fr\/?page_id=1389#primaryimage\"},\"image\":{\"@id\":\"https:\/\/saintfrancoisdassise-toulouse.fr\/?page_id=1389#primaryimage\"},\"thumbnailUrl\":\"http:\/\/saintfrancoisdassise-toulouse.fr\/wp-content\/uploads\/2024\/03\/Photo-4-1-1024x518.jpg\",\"datePublished\":\"2024-03-16T17:43:44+00:00\",\"dateModified\":\"2024-08-30T16:49:17+00:00\",\"breadcrumb\":{\"@id\":\"https:\/\/saintfrancoisdassise-toulouse.fr\/?page_id=1389#breadcrumb\"},\"inLanguage\":\"en-US\",\"potentialAction\":[{\"@type\":\"ReadAction\",\"target\":[\"https:\/\/saintfrancoisdassise-toulouse.fr\/?page_id=1389\"]}]},{\"@type\":\"ImageObject\",\"inLanguage\":\"en-US\",\"@id\":\"https:\/\/saintfrancoisdassise-toulouse.fr\/?page_id=1389#primaryimage\",\"url\":\"https:\/\/saintfrancoisdassise-toulouse.fr\/wp-content\/uploads\/2024\/03\/Photo-4-1.jpg\",\"contentUrl\":\"https:\/\/saintfrancoisdassise-toulouse.fr\/wp-content\/uploads\/2024\/03\/Photo-4-1.jpg\",\"width\":1400,\"height\":708},{\"@type\":\"BreadcrumbList\",\"@id\":\"https:\/\/saintfrancoisdassise-toulouse.fr\/?page_id=1389#breadcrumb\",\"itemListElement\":[{\"@type\":\"ListItem\",\"position\":1,\"name\":\"Accueil\",\"item\":\"https:\/\/saintfrancoisdassise-toulouse.fr\/\"},{\"@type\":\"ListItem\",\"position\":2,\"name\":\"Ordination\"}]},{\"@type\":\"WebSite\",\"@id\":\"https:\/\/saintfrancoisdassise-toulouse.fr\/#website\",\"url\":\"https:\/\/saintfrancoisdassise-toulouse.fr\/\",\"name\":\"Saint Fran\u00e7ois d'Assise\",\"description\":\"106 bis avenue Camille Pujol, 31500 Toulouse\",\"potentialAction\":[{\"@type\":\"SearchAction\",\"target\":{\"@type\":\"EntryPoint\",\"urlTemplate\":\"https:\/\/saintfrancoisdassise-toulouse.fr\/?s={search_term_string}\"},\"query-input\":{\"@type\":\"PropertyValueSpecification\",\"valueRequired\":true,\"valueName\":\"search_term_string\"}}],\"inLanguage\":\"en-US\"}]}<\/script>\n<!-- \/ Yoast SEO plugin. -->","yoast_head_json":{"title":"Ordination - Saint Fran\u00e7ois d&#039;Assise","robots":{"index":"index","follow":"follow","max-snippet":"max-snippet:-1","max-image-preview":"max-image-preview:large","max-video-preview":"max-video-preview:-1"},"canonical":"https:\/\/saintfrancoisdassise-toulouse.fr\/?page_id=1389","og_locale":"en_US","og_type":"article","og_title":"Ordination - Saint Fran\u00e7ois d&#039;Assise","og_description":"Ordination Le sacrement de l&#8217;ordination est l&#8217;un des sept sacrements de l&#8217;\u00c9glise catholique. R\u00e9serv\u00e9 aux hommes, il consacre un fid\u00e8le par l\u2019imposition des mains de l\u2019\u00e9v\u00eaque pour exercer le minist\u00e8re de diacre, de pr\u00eatre ou d\u2019\u00e9v\u00eaque au service de l&#8217;\u00c9glise. Des hommes, mari\u00e9s ou pas peuvent devenir diacres permanents. Ils repr\u00e9sentent le Christ Serviteur et accomplissent leur mission au service de la Parole de Dieu et des pauvres. Certains diacres, non mari\u00e9s, sont ordonn\u00e9s \u00ab\u00a0en vue du presbyt\u00e9rat\u00a0\u00bb\u00a0: ils deviendront pr\u00eatres apr\u00e8s avoir exerc\u00e9 quelques mois le minist\u00e8re de diacre. Le pr\u00eatre a pour mission d\u2019enseigner, gouverner et sanctifier le...","og_url":"https:\/\/saintfrancoisdassise-toulouse.fr\/?page_id=1389","og_site_name":"Saint Fran\u00e7ois d&#039;Assise","article_modified_time":"2024-08-30T16:49:17+00:00","og_image":[{"url":"http:\/\/saintfrancoisdassise-toulouse.fr\/wp-content\/uploads\/2024\/03\/Photo-4-1-1024x518.jpg","type":"","width":"","height":""}],"twitter_card":"summary_large_image","twitter_misc":{"Est. reading time":"1 minute"},"schema":{"@context":"https:\/\/schema.org","@graph":[{"@type":"WebPage","@id":"https:\/\/saintfrancoisdassise-toulouse.fr\/?page_id=1389","url":"https:\/\/saintfrancoisdassise-toulouse.fr\/?page_id=1389","name":"Ordination - Saint Fran\u00e7ois d&#039;Assise","isPartOf":{"@id":"https:\/\/saintfrancoisdassise-toulouse.fr\/#website"},"primaryImageOfPage":{"@id":"https:\/\/saintfrancoisdassise-toulouse.fr\/?page_id=1389#primaryimage"},"image":{"@id":"https:\/\/saintfrancoisdassise-toulouse.fr\/?page_id=1389#primaryimage"},"thumbnailUrl":"http:\/\/saintfrancoisdassise-toulouse.fr\/wp-content\/uploads\/2024\/03\/Photo-4-1-1024x518.jpg","datePublished":"2024-03-16T17:43:44+00:00","dateModified":"2024-08-30T16:49:17+00:00","breadcrumb":{"@id":"https:\/\/saintfrancoisdassise-toulouse.fr\/?page_id=1389#breadcrumb"},"inLanguage":"en-US","potentialAction":[{"@type":"ReadAction","target":["https:\/\/saintfrancoisdassise-toulouse.fr\/?page_id=1389"]}]},{"@type":"ImageObject","inLanguage":"en-US","@id":"https:\/\/saintfrancoisdassise-toulouse.fr\/?page_id=1389#primaryimage","url":"https:\/\/saintfrancoisdassise-toulouse.fr\/wp-content\/uploads\/2024\/03\/Photo-4-1.jpg","contentUrl":"https:\/\/saintfrancoisdassise-toulouse.fr\/wp-content\/uploads\/2024\/03\/Photo-4-1.jpg","width":1400,"height":708},{"@type":"BreadcrumbList","@id":"https:\/\/saintfrancoisdassise-toulouse.fr\/?page_id=1389#breadcrumb","itemListElement":[{"@type":"ListItem","position":1,"name":"Accueil","item":"https:\/\/saintfrancoisdassise-toulouse.fr\/"},{"@type":"ListItem","position":2,"name":"Ordination"}]},{"@type":"WebSite","@id":"https:\/\/saintfrancoisdassise-toulouse.fr\/#website","url":"https:\/\/saintfrancoisdassise-toulouse.fr\/","name":"Saint Fran\u00e7ois d'Assise","description":"106 bis avenue Camille Pujol, 31500 Toulouse","potentialAction":[{"@type":"SearchAction","target":{"@type":"EntryPoint","urlTemplate":"https:\/\/saintfrancoisdassise-toulouse.fr\/?s={search_term_string}"},"query-input":{"@type":"PropertyValueSpecification","valueRequired":true,"valueName":"search_term_string"}}],"inLanguage":"en-US"}]}},"_links":{"self":[{"href":"https:\/\/saintfrancoisdassise-toulouse.fr\/index.php?rest_route=\/wp\/v2\/pages\/1389","targetHints":{"allow":["GET"]}}],"collection":[{"href":"https:\/\/saintfrancoisdassise-toulouse.fr\/index.php?rest_route=\/wp\/v2\/pages"}],"about":[{"href":"https:\/\/saintfrancoisdassise-toulouse.fr\/index.php?rest_route=\/wp\/v2\/types\/page"}],"author":[{"embeddable":true,"href":"https:\/\/saintfrancoisdassise-toulouse.fr\/index.php?rest_route=\/wp\/v2\/users\/2"}],"replies":[{"embeddable":true,"href":"https:\/\/saintfrancoisdassise-toulouse.fr\/index.php?rest_route=%2Fwp%2Fv2%2Fcomments&post=1389"}],"version-history":[{"count":25,"href":"https:\/\/saintfrancoisdassise-toulouse.fr\/index.php?rest_route=\/wp\/v2\/pages\/1389\/revisions"}],"predecessor-version":[{"id":2304,"href":"https:\/\/saintfrancoisdassise-toulouse.fr\/index.php?rest_route=\/wp\/v2\/pages\/1389\/revisions\/2304"}],"wp:attachment":[{"href":"https:\/\/saintfrancoisdassise-toulouse.fr\/index.php?rest_route=%2Fwp%2Fv2%2Fmedia&parent=1389"}],"curies":[{"name":"wp","href":"https:\/\/api.w.org\/{rel}","templated":true}]}}