{"id":1422,"date":"2024-03-23T20:00:19","date_gmt":"2024-03-23T19:00:19","guid":{"rendered":"https:\/\/saintfrancoisdassise-toulouse.fr\/?page_id=1422"},"modified":"2025-02-09T22:39:13","modified_gmt":"2025-02-09T21:39:13","slug":"elementor-1422","status":"publish","type":"page","link":"https:\/\/saintfrancoisdassise-toulouse.fr\/?page_id=1422","title":{"rendered":"Equipe d&#8217;animation pastorale"},"content":{"rendered":"\t\t<div data-elementor-type=\"wp-page\" data-elementor-id=\"1422\" class=\"elementor elementor-1422\">\n\t\t\t\t<div class=\"elementor-element elementor-element-1d70e05 e-flex e-con-boxed e-con e-parent\" data-id=\"1d70e05\" data-element_type=\"container\" data-e-type=\"container\">\n\t\t\t\t\t<div class=\"e-con-inner\">\n\t\t\t\t<div class=\"elementor-element elementor-element-4b66d940 elementor-widget elementor-widget-heading\" data-id=\"4b66d940\" data-element_type=\"widget\" data-e-type=\"widget\" data-widget_type=\"heading.default\">\n\t\t\t\t<div class=\"elementor-widget-container\">\n\t\t\t\t\t<h1 class=\"elementor-heading-title elementor-size-default\">\u00c9quipe d'animation pastorale<\/h1>\t\t\t\t<\/div>\n\t\t\t\t<\/div>\n\t\t\t\t\t<\/div>\n\t\t\t\t<\/div>\n\t\t<div class=\"elementor-element elementor-element-5ce47376 e-flex e-con-boxed e-con e-parent\" data-id=\"5ce47376\" data-element_type=\"container\" data-e-type=\"container\">\n\t\t\t\t\t<div class=\"e-con-inner\">\n\t\t<div class=\"elementor-element elementor-element-64b3cb85 e-con-full e-flex e-con e-child\" data-id=\"64b3cb85\" data-element_type=\"container\" data-e-type=\"container\">\n\t\t\t\t<div class=\"elementor-element elementor-element-330f01b elementor-widget elementor-widget-image\" data-id=\"330f01b\" data-element_type=\"widget\" data-e-type=\"widget\" data-widget_type=\"image.default\">\n\t\t\t\t<div class=\"elementor-widget-container\">\n\t\t\t\t\t\t\t\t\t\t\t\t\t\t\t<img fetchpriority=\"high\" decoding=\"async\" width=\"1024\" height=\"768\" src=\"https:\/\/saintfrancoisdassise-toulouse.fr\/wp-content\/uploads\/2025\/01\/IMG_7044-1024x768.jpg\" class=\"attachment-large size-large wp-image-2562\" alt=\"\" srcset=\"https:\/\/saintfrancoisdassise-toulouse.fr\/wp-content\/uploads\/2025\/01\/IMG_7044-1024x768.jpg 1024w, https:\/\/saintfrancoisdassise-toulouse.fr\/wp-content\/uploads\/2025\/01\/IMG_7044-300x225.jpg 300w, https:\/\/saintfrancoisdassise-toulouse.fr\/wp-content\/uploads\/2025\/01\/IMG_7044-768x576.jpg 768w, https:\/\/saintfrancoisdassise-toulouse.fr\/wp-content\/uploads\/2025\/01\/IMG_7044-1536x1152.jpg 1536w, https:\/\/saintfrancoisdassise-toulouse.fr\/wp-content\/uploads\/2025\/01\/IMG_7044-2048x1536.jpg 2048w\" sizes=\"(max-width: 1024px) 100vw, 1024px\" \/>\t\t\t\t\t\t\t\t\t\t\t\t\t\t\t<\/div>\n\t\t\t\t<\/div>\n\t\t\t\t<\/div>\n\t\t<div class=\"elementor-element elementor-element-16fd4b0c e-con-full e-flex e-con e-child\" data-id=\"16fd4b0c\" data-element_type=\"container\" data-e-type=\"container\">\n\t\t\t\t<div class=\"elementor-element elementor-element-49b36101 elementor-widget elementor-widget-text-editor\" data-id=\"49b36101\" data-element_type=\"widget\" data-e-type=\"widget\" data-widget_type=\"text-editor.default\">\n\t\t\t\t<div class=\"elementor-widget-container\">\n\t\t\t\t\t\t\t\t\t<p>L&#8217;\u00c9quipe d&#8217;Animation Pastorale (EAP) est un groupe compos\u00e9 du cur\u00e9 et de paroissiens appel\u00e9s par ce dernier pour l&#8217;aider dans ses responsabilit\u00e9s pastorales. Ces paroissiens sont choisis pour repr\u00e9senter la diversit\u00e9 de la communaut\u00e9 en termes d&#8217;\u00e2ge, de sensibilit\u00e9 spirituelle, d&#8217;origines et d&#8217;\u00e9tat de vie.<\/p><p>L&#8217;EAP est au service de la communaut\u00e9 et \u00e0 l&#8217;\u00e9coute des paroissiens. Elle a pour mission de discerner les projets qui r\u00e9pondent aux besoins de la communaut\u00e9 et de d\u00e9cider de leur mise en \u0153uvre. Elle veille \u00e0 mobiliser d&#8217;autres paroissiens en fonction de leurs disponibilit\u00e9s et de leurs comp\u00e9tences.<\/p>\t\t\t\t\t\t\t\t<\/div>\n\t\t\t\t<\/div>\n\t\t\t\t<\/div>\n\t\t\t\t\t<\/div>\n\t\t\t\t<\/div>\n\t\t<div class=\"elementor-element elementor-element-74c39c5a e-flex e-con-boxed e-con e-parent\" data-id=\"74c39c5a\" data-element_type=\"container\" data-e-type=\"container\" data-settings=\"{&quot;background_background&quot;:&quot;classic&quot;}\">\n\t\t\t\t\t<div class=\"e-con-inner\">\n\t\t\t\t<div class=\"elementor-element elementor-element-f76ae55 elementor-widget elementor-widget-text-editor\" data-id=\"f76ae55\" data-element_type=\"widget\" data-e-type=\"widget\" data-widget_type=\"text-editor.default\">\n\t\t\t\t<div class=\"elementor-widget-container\">\n\t\t\t\t\t\t\t\t\t<p>L&#8217;EAP est un lieu de propositions, de dialogue et de r\u00e9flexion sur le choix des projets pastoraux et leurs priorit\u00e9s. Elle assure \u00e9galement la coordination des \u00e9v\u00e9nements de la vie paroissiale.<\/p><p>L&#8217;EAP est constitu\u00e9e actuellement de 7 personnes. Elle se r\u00e9unit une fois par mois.<\/p>\t\t\t\t\t\t\t\t<\/div>\n\t\t\t\t<\/div>\n\t\t<div class=\"elementor-element elementor-element-7f456519 e-flex e-con-boxed e-con e-child\" data-id=\"7f456519\" data-element_type=\"container\" data-e-type=\"container\" data-settings=\"{&quot;background_background&quot;:&quot;classic&quot;}\">\n\t\t\t\t\t<div class=\"e-con-inner\">\n\t\t\t\t<div class=\"elementor-element elementor-element-4d1daffe elementor-widget elementor-widget-text-editor\" data-id=\"4d1daffe\" data-element_type=\"widget\" data-e-type=\"widget\" data-widget_type=\"text-editor.default\">\n\t\t\t\t<div class=\"elementor-widget-container\">\n\t\t\t\t\t\t\t\t\t<p>Les membres de l\u2019EAP sont \u00e0 votre \u00e9coute pour toute question, id\u00e9e, projet, suggestion.<\/p><p>Fr\u00e8re Jean Fran\u00e7ois, P\u00e9lagie, Natalia, B\u00e9atrice, Barth\u00e9l\u00e9my, Jacques et Vincent<\/p>\t\t\t\t\t\t\t\t<\/div>\n\t\t\t\t<\/div>\n\t\t\t\t\t<\/div>\n\t\t\t\t<\/div>\n\t\t\t\t\t<\/div>\n\t\t\t\t<\/div>\n\t\t\t\t<\/div>\n\t\t","protected":false},"excerpt":{"rendered":"<p>\u00c9quipe d&#8217;animation pastorale L&#8217;\u00c9quipe d&#8217;Animation Pastorale (EAP) est un groupe compos\u00e9 du cur\u00e9 et de paroissiens appel\u00e9s par ce dernier pour l&#8217;aider dans ses responsabilit\u00e9s pastorales. Ces paroissiens sont choisis pour repr\u00e9senter la diversit\u00e9 de la communaut\u00e9 en termes d&#8217;\u00e2ge, de sensibilit\u00e9 spirituelle, d&#8217;origines et d&#8217;\u00e9tat de vie. L&#8217;EAP est au service de la communaut\u00e9 et \u00e0 l&#8217;\u00e9coute des paroissiens. Elle a pour mission de discerner les projets qui r\u00e9pondent aux besoins de la communaut\u00e9 et de d\u00e9cider de leur mise en \u0153uvre. Elle veille \u00e0 mobiliser d&#8217;autres paroissiens en fonction de leurs disponibilit\u00e9s et de leurs comp\u00e9tences. L&#8217;EAP est&#8230; <\/p>\n","protected":false},"author":2,"featured_media":0,"parent":0,"menu_order":0,"comment_status":"closed","ping_status":"closed","template":"template-parts\/page-template-full-width.php","meta":{"footnotes":""},"class_list":["post-1422","page","type-page","status-publish","hentry"],"yoast_head":"<!-- This site is optimized with the Yoast SEO plugin v24.4 - https:\/\/yoast.com\/wordpress\/plugins\/seo\/ -->\n<title>Equipe d&#039;animation pastorale - Saint Fran\u00e7ois d&#039;Assise<\/title>\n<meta name=\"robots\" content=\"index, follow, max-snippet:-1, max-image-preview:large, max-video-preview:-1\" \/>\n<link rel=\"canonical\" href=\"https:\/\/saintfrancoisdassise-toulouse.fr\/?page_id=1422\" \/>\n<meta property=\"og:locale\" content=\"en_US\" \/>\n<meta property=\"og:type\" content=\"article\" \/>\n<meta property=\"og:title\" content=\"Equipe d&#039;animation pastorale - Saint Fran\u00e7ois d&#039;Assise\" \/>\n<meta property=\"og:description\" content=\"\u00c9quipe d&#8217;animation pastorale L&#8217;\u00c9quipe d&#8217;Animation Pastorale (EAP) est un groupe compos\u00e9 du cur\u00e9 et de paroissiens appel\u00e9s par ce dernier pour l&#8217;aider dans ses responsabilit\u00e9s pastorales. Ces paroissiens sont choisis pour repr\u00e9senter la diversit\u00e9 de la communaut\u00e9 en termes d&#8217;\u00e2ge, de sensibilit\u00e9 spirituelle, d&#8217;origines et d&#8217;\u00e9tat de vie. L&#8217;EAP est au service de la communaut\u00e9 et \u00e0 l&#8217;\u00e9coute des paroissiens. Elle a pour mission de discerner les projets qui r\u00e9pondent aux besoins de la communaut\u00e9 et de d\u00e9cider de leur mise en \u0153uvre. Elle veille \u00e0 mobiliser d&#8217;autres paroissiens en fonction de leurs disponibilit\u00e9s et de leurs comp\u00e9tences. L&#8217;EAP est...\" \/>\n<meta property=\"og:url\" content=\"https:\/\/saintfrancoisdassise-toulouse.fr\/?page_id=1422\" \/>\n<meta property=\"og:site_name\" content=\"Saint Fran\u00e7ois d&#039;Assise\" \/>\n<meta property=\"article:modified_time\" content=\"2025-02-09T21:39:13+00:00\" \/>\n<meta property=\"og:image\" content=\"http:\/\/saintfrancoisdassise-toulouse.fr\/wp-content\/uploads\/2025\/01\/IMG_7044-1024x768.jpg\" \/>\n<meta name=\"twitter:card\" content=\"summary_large_image\" \/>\n<meta name=\"twitter:label1\" content=\"Est. reading time\" \/>\n\t<meta name=\"twitter:data1\" content=\"1 minute\" \/>\n<script type=\"application\/ld+json\" class=\"yoast-schema-graph\">{\"@context\":\"https:\/\/schema.org\",\"@graph\":[{\"@type\":\"WebPage\",\"@id\":\"https:\/\/saintfrancoisdassise-toulouse.fr\/?page_id=1422\",\"url\":\"https:\/\/saintfrancoisdassise-toulouse.fr\/?page_id=1422\",\"name\":\"Equipe d'animation pastorale - Saint Fran\u00e7ois d&#039;Assise\",\"isPartOf\":{\"@id\":\"https:\/\/saintfrancoisdassise-toulouse.fr\/#website\"},\"primaryImageOfPage\":{\"@id\":\"https:\/\/saintfrancoisdassise-toulouse.fr\/?page_id=1422#primaryimage\"},\"image\":{\"@id\":\"https:\/\/saintfrancoisdassise-toulouse.fr\/?page_id=1422#primaryimage\"},\"thumbnailUrl\":\"http:\/\/saintfrancoisdassise-toulouse.fr\/wp-content\/uploads\/2025\/01\/IMG_7044-1024x768.jpg\",\"datePublished\":\"2024-03-23T19:00:19+00:00\",\"dateModified\":\"2025-02-09T21:39:13+00:00\",\"breadcrumb\":{\"@id\":\"https:\/\/saintfrancoisdassise-toulouse.fr\/?page_id=1422#breadcrumb\"},\"inLanguage\":\"en-US\",\"potentialAction\":[{\"@type\":\"ReadAction\",\"target\":[\"https:\/\/saintfrancoisdassise-toulouse.fr\/?page_id=1422\"]}]},{\"@type\":\"ImageObject\",\"inLanguage\":\"en-US\",\"@id\":\"https:\/\/saintfrancoisdassise-toulouse.fr\/?page_id=1422#primaryimage\",\"url\":\"https:\/\/saintfrancoisdassise-toulouse.fr\/wp-content\/uploads\/2025\/01\/IMG_7044-scaled.jpg\",\"contentUrl\":\"https:\/\/saintfrancoisdassise-toulouse.fr\/wp-content\/uploads\/2025\/01\/IMG_7044-scaled.jpg\",\"width\":2560,\"height\":1920},{\"@type\":\"BreadcrumbList\",\"@id\":\"https:\/\/saintfrancoisdassise-toulouse.fr\/?page_id=1422#breadcrumb\",\"itemListElement\":[{\"@type\":\"ListItem\",\"position\":1,\"name\":\"Accueil\",\"item\":\"https:\/\/saintfrancoisdassise-toulouse.fr\/\"},{\"@type\":\"ListItem\",\"position\":2,\"name\":\"Equipe d&rsquo;animation pastorale\"}]},{\"@type\":\"WebSite\",\"@id\":\"https:\/\/saintfrancoisdassise-toulouse.fr\/#website\",\"url\":\"https:\/\/saintfrancoisdassise-toulouse.fr\/\",\"name\":\"Saint Fran\u00e7ois d'Assise\",\"description\":\"106 bis avenue Camille Pujol, 31500 Toulouse\",\"potentialAction\":[{\"@type\":\"SearchAction\",\"target\":{\"@type\":\"EntryPoint\",\"urlTemplate\":\"https:\/\/saintfrancoisdassise-toulouse.fr\/?s={search_term_string}\"},\"query-input\":{\"@type\":\"PropertyValueSpecification\",\"valueRequired\":true,\"valueName\":\"search_term_string\"}}],\"inLanguage\":\"en-US\"}]}<\/script>\n<!-- \/ Yoast SEO plugin. -->","yoast_head_json":{"title":"Equipe d'animation pastorale - Saint Fran\u00e7ois d&#039;Assise","robots":{"index":"index","follow":"follow","max-snippet":"max-snippet:-1","max-image-preview":"max-image-preview:large","max-video-preview":"max-video-preview:-1"},"canonical":"https:\/\/saintfrancoisdassise-toulouse.fr\/?page_id=1422","og_locale":"en_US","og_type":"article","og_title":"Equipe d'animation pastorale - Saint Fran\u00e7ois d&#039;Assise","og_description":"\u00c9quipe d&#8217;animation pastorale L&#8217;\u00c9quipe d&#8217;Animation Pastorale (EAP) est un groupe compos\u00e9 du cur\u00e9 et de paroissiens appel\u00e9s par ce dernier pour l&#8217;aider dans ses responsabilit\u00e9s pastorales. Ces paroissiens sont choisis pour repr\u00e9senter la diversit\u00e9 de la communaut\u00e9 en termes d&#8217;\u00e2ge, de sensibilit\u00e9 spirituelle, d&#8217;origines et d&#8217;\u00e9tat de vie. L&#8217;EAP est au service de la communaut\u00e9 et \u00e0 l&#8217;\u00e9coute des paroissiens. Elle a pour mission de discerner les projets qui r\u00e9pondent aux besoins de la communaut\u00e9 et de d\u00e9cider de leur mise en \u0153uvre. Elle veille \u00e0 mobiliser d&#8217;autres paroissiens en fonction de leurs disponibilit\u00e9s et de leurs comp\u00e9tences. L&#8217;EAP est...","og_url":"https:\/\/saintfrancoisdassise-toulouse.fr\/?page_id=1422","og_site_name":"Saint Fran\u00e7ois d&#039;Assise","article_modified_time":"2025-02-09T21:39:13+00:00","og_image":[{"url":"http:\/\/saintfrancoisdassise-toulouse.fr\/wp-content\/uploads\/2025\/01\/IMG_7044-1024x768.jpg","type":"","width":"","height":""}],"twitter_card":"summary_large_image","twitter_misc":{"Est. reading time":"1 minute"},"schema":{"@context":"https:\/\/schema.org","@graph":[{"@type":"WebPage","@id":"https:\/\/saintfrancoisdassise-toulouse.fr\/?page_id=1422","url":"https:\/\/saintfrancoisdassise-toulouse.fr\/?page_id=1422","name":"Equipe d'animation pastorale - Saint Fran\u00e7ois d&#039;Assise","isPartOf":{"@id":"https:\/\/saintfrancoisdassise-toulouse.fr\/#website"},"primaryImageOfPage":{"@id":"https:\/\/saintfrancoisdassise-toulouse.fr\/?page_id=1422#primaryimage"},"image":{"@id":"https:\/\/saintfrancoisdassise-toulouse.fr\/?page_id=1422#primaryimage"},"thumbnailUrl":"http:\/\/saintfrancoisdassise-toulouse.fr\/wp-content\/uploads\/2025\/01\/IMG_7044-1024x768.jpg","datePublished":"2024-03-23T19:00:19+00:00","dateModified":"2025-02-09T21:39:13+00:00","breadcrumb":{"@id":"https:\/\/saintfrancoisdassise-toulouse.fr\/?page_id=1422#breadcrumb"},"inLanguage":"en-US","potentialAction":[{"@type":"ReadAction","target":["https:\/\/saintfrancoisdassise-toulouse.fr\/?page_id=1422"]}]},{"@type":"ImageObject","inLanguage":"en-US","@id":"https:\/\/saintfrancoisdassise-toulouse.fr\/?page_id=1422#primaryimage","url":"https:\/\/saintfrancoisdassise-toulouse.fr\/wp-content\/uploads\/2025\/01\/IMG_7044-scaled.jpg","contentUrl":"https:\/\/saintfrancoisdassise-toulouse.fr\/wp-content\/uploads\/2025\/01\/IMG_7044-scaled.jpg","width":2560,"height":1920},{"@type":"BreadcrumbList","@id":"https:\/\/saintfrancoisdassise-toulouse.fr\/?page_id=1422#breadcrumb","itemListElement":[{"@type":"ListItem","position":1,"name":"Accueil","item":"https:\/\/saintfrancoisdassise-toulouse.fr\/"},{"@type":"ListItem","position":2,"name":"Equipe d&rsquo;animation pastorale"}]},{"@type":"WebSite","@id":"https:\/\/saintfrancoisdassise-toulouse.fr\/#website","url":"https:\/\/saintfrancoisdassise-toulouse.fr\/","name":"Saint Fran\u00e7ois d'Assise","description":"106 bis avenue Camille Pujol, 31500 Toulouse","potentialAction":[{"@type":"SearchAction","target":{"@type":"EntryPoint","urlTemplate":"https:\/\/saintfrancoisdassise-toulouse.fr\/?s={search_term_string}"},"query-input":{"@type":"PropertyValueSpecification","valueRequired":true,"valueName":"search_term_string"}}],"inLanguage":"en-US"}]}},"_links":{"self":[{"href":"https:\/\/saintfrancoisdassise-toulouse.fr\/index.php?rest_route=\/wp\/v2\/pages\/1422","targetHints":{"allow":["GET"]}}],"collection":[{"href":"https:\/\/saintfrancoisdassise-toulouse.fr\/index.php?rest_route=\/wp\/v2\/pages"}],"about":[{"href":"https:\/\/saintfrancoisdassise-toulouse.fr\/index.php?rest_route=\/wp\/v2\/types\/page"}],"author":[{"embeddable":true,"href":"https:\/\/saintfrancoisdassise-toulouse.fr\/index.php?rest_route=\/wp\/v2\/users\/2"}],"replies":[{"embeddable":true,"href":"https:\/\/saintfrancoisdassise-toulouse.fr\/index.php?rest_route=%2Fwp%2Fv2%2Fcomments&post=1422"}],"version-history":[{"count":38,"href":"https:\/\/saintfrancoisdassise-toulouse.fr\/index.php?rest_route=\/wp\/v2\/pages\/1422\/revisions"}],"predecessor-version":[{"id":2635,"href":"https:\/\/saintfrancoisdassise-toulouse.fr\/index.php?rest_route=\/wp\/v2\/pages\/1422\/revisions\/2635"}],"wp:attachment":[{"href":"https:\/\/saintfrancoisdassise-toulouse.fr\/index.php?rest_route=%2Fwp%2Fv2%2Fmedia&parent=1422"}],"curies":[{"name":"wp","href":"https:\/\/api.w.org\/{rel}","templated":true}]}}