{"id":1443,"date":"2024-03-23T20:20:31","date_gmt":"2024-03-23T19:20:31","guid":{"rendered":"https:\/\/saintfrancoisdassise-toulouse.fr\/?page_id=1443"},"modified":"2024-08-29T21:05:34","modified_gmt":"2024-08-29T19:05:34","slug":"fraternite-missionnaire","status":"publish","type":"page","link":"https:\/\/saintfrancoisdassise-toulouse.fr\/?page_id=1443","title":{"rendered":"Fraternit\u00e9 missionnaire"},"content":{"rendered":"\t\t<div data-elementor-type=\"wp-page\" data-elementor-id=\"1443\" class=\"elementor elementor-1443\">\n\t\t\t\t<div class=\"elementor-element elementor-element-1298e59 e-flex e-con-boxed e-con e-parent\" data-id=\"1298e59\" data-element_type=\"container\" data-e-type=\"container\">\n\t\t\t\t\t<div class=\"e-con-inner\">\n\t\t\t\t<div class=\"elementor-element elementor-element-2d00a684 elementor-widget elementor-widget-heading\" data-id=\"2d00a684\" data-element_type=\"widget\" data-e-type=\"widget\" data-widget_type=\"heading.default\">\n\t\t\t\t<div class=\"elementor-widget-container\">\n\t\t\t\t\t<h1 class=\"elementor-heading-title elementor-size-default\">Fraternit\u00e9 missionnaire<\/h1>\t\t\t\t<\/div>\n\t\t\t\t<\/div>\n\t\t\t\t\t<\/div>\n\t\t\t\t<\/div>\n\t\t<div class=\"elementor-element elementor-element-166378d7 e-flex e-con-boxed e-con e-parent\" data-id=\"166378d7\" data-element_type=\"container\" data-e-type=\"container\">\n\t\t\t\t\t<div class=\"e-con-inner\">\n\t\t<div class=\"elementor-element elementor-element-1d05e117 e-con-full e-flex e-con e-child\" data-id=\"1d05e117\" data-element_type=\"container\" data-e-type=\"container\">\n\t\t\t\t<div class=\"elementor-element elementor-element-54ccdf24 elementor-widget elementor-widget-image\" data-id=\"54ccdf24\" data-element_type=\"widget\" data-e-type=\"widget\" data-widget_type=\"image.default\">\n\t\t\t\t<div class=\"elementor-widget-container\">\n\t\t\t\t\t\t\t\t\t\t\t\t\t\t\t<img fetchpriority=\"high\" decoding=\"async\" width=\"1024\" height=\"928\" src=\"https:\/\/saintfrancoisdassise-toulouse.fr\/wp-content\/uploads\/2024\/07\/IMG-FM-1024x928.jpg\" class=\"attachment-large size-large wp-image-1762\" alt=\"\" srcset=\"https:\/\/saintfrancoisdassise-toulouse.fr\/wp-content\/uploads\/2024\/07\/IMG-FM-1024x928.jpg 1024w, https:\/\/saintfrancoisdassise-toulouse.fr\/wp-content\/uploads\/2024\/07\/IMG-FM-300x272.jpg 300w, https:\/\/saintfrancoisdassise-toulouse.fr\/wp-content\/uploads\/2024\/07\/IMG-FM-768x696.jpg 768w, https:\/\/saintfrancoisdassise-toulouse.fr\/wp-content\/uploads\/2024\/07\/IMG-FM.jpg 1429w\" sizes=\"(max-width: 1024px) 100vw, 1024px\" \/>\t\t\t\t\t\t\t\t\t\t\t\t\t\t\t<\/div>\n\t\t\t\t<\/div>\n\t\t\t\t<\/div>\n\t\t<div class=\"elementor-element elementor-element-2906b40 e-con-full e-flex e-con e-child\" data-id=\"2906b40\" data-element_type=\"container\" data-e-type=\"container\">\n\t\t\t\t<div class=\"elementor-element elementor-element-4f8ed8c9 elementor-widget elementor-widget-text-editor\" data-id=\"4f8ed8c9\" data-element_type=\"widget\" data-e-type=\"widget\" data-widget_type=\"text-editor.default\">\n\t\t\t\t<div class=\"elementor-widget-container\">\n\t\t\t\t\t\t\t\t\t<p>Sous l\u2019impulsion du pape Fran\u00e7ois, l\u2019Eglise nous propose d\u2019organiser des fraternit\u00e9s missionnaires, petit groupe d\u2019\u00e9change et de vie, dans laquelle chaque personne se sent accueillie et aim\u00e9e, et dont J\u00e9sus est le c\u0153ur, le sens et la raison d\u2019\u00eatre.<\/p><p>La fraternit\u00e9 est\u00a0une communaut\u00e9\u00a0de 8 \u00e0 10 personnes :<\/p><ul><li>ouverte \u00e0 tous, chr\u00e9tien ou non, mais \u00e0 la recherche de la v\u00e9rit\u00e9<\/li><li>dont Dieu est le centre,\u00a0afin que ce soit Lui qui l&#8217;\u00e9difie, l&#8217;anime par son Esprit Saint<\/li><li>dont les membres s\u2019aiment comme des fr\u00e8res et rayonnent de la joie du Christ<\/li><li>\u00e0 l\u2019image des disciples d\u2019Emma\u00fcs, \u00e0 l\u2019\u00e9coute de la parole et en chemin<\/li><li>incarn\u00e9e, vivante, qui partage ses moments de vie.<\/li><\/ul><p>Concr\u00e8tement, notre fraternit\u00e9 se r\u00e9unit une fois par mois pendant 1h30, autour de 3 temps\u00a0: un temps de pri\u00e8re, un temps de partage, un temps d\u2019\u00e9change sur l\u2019Evangile du Dimanche \u00e0 venir.<\/p>\t\t\t\t\t\t\t\t<\/div>\n\t\t\t\t<\/div>\n\t\t\t\t<\/div>\n\t\t\t\t\t<\/div>\n\t\t\t\t<\/div>\n\t\t<div class=\"elementor-element elementor-element-47d5e75f e-flex e-con-boxed e-con e-parent\" data-id=\"47d5e75f\" data-element_type=\"container\" data-e-type=\"container\" data-settings=\"{&quot;background_background&quot;:&quot;classic&quot;}\">\n\t\t\t\t\t<div class=\"e-con-inner\">\n\t\t<div class=\"elementor-element elementor-element-679053cf e-flex e-con-boxed e-con e-child\" data-id=\"679053cf\" data-element_type=\"container\" data-e-type=\"container\" data-settings=\"{&quot;background_background&quot;:&quot;classic&quot;}\">\n\t\t\t\t\t<div class=\"e-con-inner\">\n\t\t<div class=\"elementor-element elementor-element-6c4e6384 e-flex e-con-boxed e-con e-child\" data-id=\"6c4e6384\" data-element_type=\"container\" data-e-type=\"container\" data-settings=\"{&quot;background_background&quot;:&quot;classic&quot;}\">\n\t\t\t\t\t<div class=\"e-con-inner\">\n\t\t\t\t<div class=\"elementor-element elementor-element-158c431c elementor-widget elementor-widget-text-editor\" data-id=\"158c431c\" data-element_type=\"widget\" data-e-type=\"widget\" data-widget_type=\"text-editor.default\">\n\t\t\t\t<div class=\"elementor-widget-container\">\n\t\t\t\t\t\t\t\t\t<p>Vous pouvez rejoindre une fraternit\u00e9 ou en cr\u00e9er une en contactant le secr\u00e9tariat de la paroisse.<\/p>\t\t\t\t\t\t\t\t<\/div>\n\t\t\t\t<\/div>\n\t\t\t\t\t<\/div>\n\t\t\t\t<\/div>\n\t\t\t\t\t<\/div>\n\t\t\t\t<\/div>\n\t\t\t\t\t<\/div>\n\t\t\t\t<\/div>\n\t\t<div class=\"elementor-element elementor-element-c23fe6f e-flex e-con-boxed e-con e-parent\" data-id=\"c23fe6f\" data-element_type=\"container\" data-e-type=\"container\">\n\t\t\t\t\t<div class=\"e-con-inner\">\n\t\t\t\t\t<\/div>\n\t\t\t\t<\/div>\n\t\t\t\t<\/div>\n\t\t","protected":false},"excerpt":{"rendered":"<p>Fraternit\u00e9 missionnaire Sous l\u2019impulsion du pape Fran\u00e7ois, l\u2019Eglise nous propose d\u2019organiser des fraternit\u00e9s missionnaires, petit groupe d\u2019\u00e9change et de vie, dans laquelle chaque personne se sent accueillie et aim\u00e9e, et dont J\u00e9sus est le c\u0153ur, le sens et la raison d\u2019\u00eatre. La fraternit\u00e9 est\u00a0une communaut\u00e9\u00a0de 8 \u00e0 10 personnes : ouverte \u00e0 tous, chr\u00e9tien ou non, mais \u00e0 la recherche de la v\u00e9rit\u00e9 dont Dieu est le centre,\u00a0afin que ce soit Lui qui l&#8217;\u00e9difie, l&#8217;anime par son Esprit Saint dont les membres s\u2019aiment comme des fr\u00e8res et rayonnent de la joie du Christ \u00e0 l\u2019image des disciples d\u2019Emma\u00fcs, \u00e0 l\u2019\u00e9coute&#8230; <\/p>\n","protected":false},"author":2,"featured_media":0,"parent":0,"menu_order":0,"comment_status":"closed","ping_status":"closed","template":"template-parts\/page-template-full-width.php","meta":{"footnotes":""},"class_list":["post-1443","page","type-page","status-publish","hentry"],"yoast_head":"<!-- This site is optimized with the Yoast SEO plugin v24.4 - https:\/\/yoast.com\/wordpress\/plugins\/seo\/ -->\n<title>Fraternit\u00e9 missionnaire - Saint Fran\u00e7ois d&#039;Assise<\/title>\n<meta name=\"robots\" content=\"index, follow, max-snippet:-1, max-image-preview:large, max-video-preview:-1\" \/>\n<link rel=\"canonical\" href=\"https:\/\/saintfrancoisdassise-toulouse.fr\/?page_id=1443\" \/>\n<meta property=\"og:locale\" content=\"en_US\" \/>\n<meta property=\"og:type\" content=\"article\" \/>\n<meta property=\"og:title\" content=\"Fraternit\u00e9 missionnaire - Saint Fran\u00e7ois d&#039;Assise\" \/>\n<meta property=\"og:description\" content=\"Fraternit\u00e9 missionnaire Sous l\u2019impulsion du pape Fran\u00e7ois, l\u2019Eglise nous propose d\u2019organiser des fraternit\u00e9s missionnaires, petit groupe d\u2019\u00e9change et de vie, dans laquelle chaque personne se sent accueillie et aim\u00e9e, et dont J\u00e9sus est le c\u0153ur, le sens et la raison d\u2019\u00eatre. La fraternit\u00e9 est\u00a0une communaut\u00e9\u00a0de 8 \u00e0 10 personnes : ouverte \u00e0 tous, chr\u00e9tien ou non, mais \u00e0 la recherche de la v\u00e9rit\u00e9 dont Dieu est le centre,\u00a0afin que ce soit Lui qui l&#8217;\u00e9difie, l&#8217;anime par son Esprit Saint dont les membres s\u2019aiment comme des fr\u00e8res et rayonnent de la joie du Christ \u00e0 l\u2019image des disciples d\u2019Emma\u00fcs, \u00e0 l\u2019\u00e9coute...\" \/>\n<meta property=\"og:url\" content=\"https:\/\/saintfrancoisdassise-toulouse.fr\/?page_id=1443\" \/>\n<meta property=\"og:site_name\" content=\"Saint Fran\u00e7ois d&#039;Assise\" \/>\n<meta property=\"article:modified_time\" content=\"2024-08-29T19:05:34+00:00\" \/>\n<meta property=\"og:image\" content=\"http:\/\/saintfrancoisdassise-toulouse.fr\/wp-content\/uploads\/2024\/07\/IMG-FM-1024x928.jpg\" \/>\n<meta name=\"twitter:card\" content=\"summary_large_image\" \/>\n<meta name=\"twitter:label1\" content=\"Est. reading time\" \/>\n\t<meta name=\"twitter:data1\" content=\"1 minute\" \/>\n<script type=\"application\/ld+json\" class=\"yoast-schema-graph\">{\"@context\":\"https:\/\/schema.org\",\"@graph\":[{\"@type\":\"WebPage\",\"@id\":\"https:\/\/saintfrancoisdassise-toulouse.fr\/?page_id=1443\",\"url\":\"https:\/\/saintfrancoisdassise-toulouse.fr\/?page_id=1443\",\"name\":\"Fraternit\u00e9 missionnaire - Saint Fran\u00e7ois d&#039;Assise\",\"isPartOf\":{\"@id\":\"https:\/\/saintfrancoisdassise-toulouse.fr\/#website\"},\"primaryImageOfPage\":{\"@id\":\"https:\/\/saintfrancoisdassise-toulouse.fr\/?page_id=1443#primaryimage\"},\"image\":{\"@id\":\"https:\/\/saintfrancoisdassise-toulouse.fr\/?page_id=1443#primaryimage\"},\"thumbnailUrl\":\"http:\/\/saintfrancoisdassise-toulouse.fr\/wp-content\/uploads\/2024\/07\/IMG-FM-1024x928.jpg\",\"datePublished\":\"2024-03-23T19:20:31+00:00\",\"dateModified\":\"2024-08-29T19:05:34+00:00\",\"breadcrumb\":{\"@id\":\"https:\/\/saintfrancoisdassise-toulouse.fr\/?page_id=1443#breadcrumb\"},\"inLanguage\":\"en-US\",\"potentialAction\":[{\"@type\":\"ReadAction\",\"target\":[\"https:\/\/saintfrancoisdassise-toulouse.fr\/?page_id=1443\"]}]},{\"@type\":\"ImageObject\",\"inLanguage\":\"en-US\",\"@id\":\"https:\/\/saintfrancoisdassise-toulouse.fr\/?page_id=1443#primaryimage\",\"url\":\"https:\/\/saintfrancoisdassise-toulouse.fr\/wp-content\/uploads\/2024\/07\/IMG-FM.jpg\",\"contentUrl\":\"https:\/\/saintfrancoisdassise-toulouse.fr\/wp-content\/uploads\/2024\/07\/IMG-FM.jpg\",\"width\":1429,\"height\":1295},{\"@type\":\"BreadcrumbList\",\"@id\":\"https:\/\/saintfrancoisdassise-toulouse.fr\/?page_id=1443#breadcrumb\",\"itemListElement\":[{\"@type\":\"ListItem\",\"position\":1,\"name\":\"Accueil\",\"item\":\"https:\/\/saintfrancoisdassise-toulouse.fr\/\"},{\"@type\":\"ListItem\",\"position\":2,\"name\":\"Fraternit\u00e9 missionnaire\"}]},{\"@type\":\"WebSite\",\"@id\":\"https:\/\/saintfrancoisdassise-toulouse.fr\/#website\",\"url\":\"https:\/\/saintfrancoisdassise-toulouse.fr\/\",\"name\":\"Saint Fran\u00e7ois d'Assise\",\"description\":\"106 bis avenue Camille Pujol, 31500 Toulouse\",\"potentialAction\":[{\"@type\":\"SearchAction\",\"target\":{\"@type\":\"EntryPoint\",\"urlTemplate\":\"https:\/\/saintfrancoisdassise-toulouse.fr\/?s={search_term_string}\"},\"query-input\":{\"@type\":\"PropertyValueSpecification\",\"valueRequired\":true,\"valueName\":\"search_term_string\"}}],\"inLanguage\":\"en-US\"}]}<\/script>\n<!-- \/ Yoast SEO plugin. -->","yoast_head_json":{"title":"Fraternit\u00e9 missionnaire - Saint Fran\u00e7ois d&#039;Assise","robots":{"index":"index","follow":"follow","max-snippet":"max-snippet:-1","max-image-preview":"max-image-preview:large","max-video-preview":"max-video-preview:-1"},"canonical":"https:\/\/saintfrancoisdassise-toulouse.fr\/?page_id=1443","og_locale":"en_US","og_type":"article","og_title":"Fraternit\u00e9 missionnaire - Saint Fran\u00e7ois d&#039;Assise","og_description":"Fraternit\u00e9 missionnaire Sous l\u2019impulsion du pape Fran\u00e7ois, l\u2019Eglise nous propose d\u2019organiser des fraternit\u00e9s missionnaires, petit groupe d\u2019\u00e9change et de vie, dans laquelle chaque personne se sent accueillie et aim\u00e9e, et dont J\u00e9sus est le c\u0153ur, le sens et la raison d\u2019\u00eatre. La fraternit\u00e9 est\u00a0une communaut\u00e9\u00a0de 8 \u00e0 10 personnes : ouverte \u00e0 tous, chr\u00e9tien ou non, mais \u00e0 la recherche de la v\u00e9rit\u00e9 dont Dieu est le centre,\u00a0afin que ce soit Lui qui l&#8217;\u00e9difie, l&#8217;anime par son Esprit Saint dont les membres s\u2019aiment comme des fr\u00e8res et rayonnent de la joie du Christ \u00e0 l\u2019image des disciples d\u2019Emma\u00fcs, \u00e0 l\u2019\u00e9coute...","og_url":"https:\/\/saintfrancoisdassise-toulouse.fr\/?page_id=1443","og_site_name":"Saint Fran\u00e7ois d&#039;Assise","article_modified_time":"2024-08-29T19:05:34+00:00","og_image":[{"url":"http:\/\/saintfrancoisdassise-toulouse.fr\/wp-content\/uploads\/2024\/07\/IMG-FM-1024x928.jpg","type":"","width":"","height":""}],"twitter_card":"summary_large_image","twitter_misc":{"Est. reading time":"1 minute"},"schema":{"@context":"https:\/\/schema.org","@graph":[{"@type":"WebPage","@id":"https:\/\/saintfrancoisdassise-toulouse.fr\/?page_id=1443","url":"https:\/\/saintfrancoisdassise-toulouse.fr\/?page_id=1443","name":"Fraternit\u00e9 missionnaire - Saint Fran\u00e7ois d&#039;Assise","isPartOf":{"@id":"https:\/\/saintfrancoisdassise-toulouse.fr\/#website"},"primaryImageOfPage":{"@id":"https:\/\/saintfrancoisdassise-toulouse.fr\/?page_id=1443#primaryimage"},"image":{"@id":"https:\/\/saintfrancoisdassise-toulouse.fr\/?page_id=1443#primaryimage"},"thumbnailUrl":"http:\/\/saintfrancoisdassise-toulouse.fr\/wp-content\/uploads\/2024\/07\/IMG-FM-1024x928.jpg","datePublished":"2024-03-23T19:20:31+00:00","dateModified":"2024-08-29T19:05:34+00:00","breadcrumb":{"@id":"https:\/\/saintfrancoisdassise-toulouse.fr\/?page_id=1443#breadcrumb"},"inLanguage":"en-US","potentialAction":[{"@type":"ReadAction","target":["https:\/\/saintfrancoisdassise-toulouse.fr\/?page_id=1443"]}]},{"@type":"ImageObject","inLanguage":"en-US","@id":"https:\/\/saintfrancoisdassise-toulouse.fr\/?page_id=1443#primaryimage","url":"https:\/\/saintfrancoisdassise-toulouse.fr\/wp-content\/uploads\/2024\/07\/IMG-FM.jpg","contentUrl":"https:\/\/saintfrancoisdassise-toulouse.fr\/wp-content\/uploads\/2024\/07\/IMG-FM.jpg","width":1429,"height":1295},{"@type":"BreadcrumbList","@id":"https:\/\/saintfrancoisdassise-toulouse.fr\/?page_id=1443#breadcrumb","itemListElement":[{"@type":"ListItem","position":1,"name":"Accueil","item":"https:\/\/saintfrancoisdassise-toulouse.fr\/"},{"@type":"ListItem","position":2,"name":"Fraternit\u00e9 missionnaire"}]},{"@type":"WebSite","@id":"https:\/\/saintfrancoisdassise-toulouse.fr\/#website","url":"https:\/\/saintfrancoisdassise-toulouse.fr\/","name":"Saint Fran\u00e7ois d'Assise","description":"106 bis avenue Camille Pujol, 31500 Toulouse","potentialAction":[{"@type":"SearchAction","target":{"@type":"EntryPoint","urlTemplate":"https:\/\/saintfrancoisdassise-toulouse.fr\/?s={search_term_string}"},"query-input":{"@type":"PropertyValueSpecification","valueRequired":true,"valueName":"search_term_string"}}],"inLanguage":"en-US"}]}},"_links":{"self":[{"href":"https:\/\/saintfrancoisdassise-toulouse.fr\/index.php?rest_route=\/wp\/v2\/pages\/1443","targetHints":{"allow":["GET"]}}],"collection":[{"href":"https:\/\/saintfrancoisdassise-toulouse.fr\/index.php?rest_route=\/wp\/v2\/pages"}],"about":[{"href":"https:\/\/saintfrancoisdassise-toulouse.fr\/index.php?rest_route=\/wp\/v2\/types\/page"}],"author":[{"embeddable":true,"href":"https:\/\/saintfrancoisdassise-toulouse.fr\/index.php?rest_route=\/wp\/v2\/users\/2"}],"replies":[{"embeddable":true,"href":"https:\/\/saintfrancoisdassise-toulouse.fr\/index.php?rest_route=%2Fwp%2Fv2%2Fcomments&post=1443"}],"version-history":[{"count":10,"href":"https:\/\/saintfrancoisdassise-toulouse.fr\/index.php?rest_route=\/wp\/v2\/pages\/1443\/revisions"}],"predecessor-version":[{"id":2206,"href":"https:\/\/saintfrancoisdassise-toulouse.fr\/index.php?rest_route=\/wp\/v2\/pages\/1443\/revisions\/2206"}],"wp:attachment":[{"href":"https:\/\/saintfrancoisdassise-toulouse.fr\/index.php?rest_route=%2Fwp%2Fv2%2Fmedia&parent=1443"}],"curies":[{"name":"wp","href":"https:\/\/api.w.org\/{rel}","templated":true}]}}