{"id":1597,"date":"2024-07-13T14:17:27","date_gmt":"2024-07-13T12:17:27","guid":{"rendered":"https:\/\/saintfrancoisdassise-toulouse.fr\/?page_id=1597"},"modified":"2025-02-20T21:45:32","modified_gmt":"2025-02-20T20:45:32","slug":"acces-et-salles","status":"publish","type":"page","link":"https:\/\/saintfrancoisdassise-toulouse.fr\/?page_id=1597","title":{"rendered":"Acc\u00e8s et salles"},"content":{"rendered":"\t\t<div data-elementor-type=\"wp-page\" data-elementor-id=\"1597\" class=\"elementor elementor-1597\">\n\t\t\t\t<div class=\"elementor-element elementor-element-5d4f147 e-flex e-con-boxed e-con e-parent\" data-id=\"5d4f147\" data-element_type=\"container\" data-e-type=\"container\">\n\t\t\t\t\t<div class=\"e-con-inner\">\n\t\t\t\t<div class=\"elementor-element elementor-element-fb16146 elementor-widget elementor-widget-text-editor\" data-id=\"fb16146\" data-element_type=\"widget\" data-e-type=\"widget\" data-widget_type=\"text-editor.default\">\n\t\t\t\t<div class=\"elementor-widget-container\">\n\t\t\t\t\t\t\t\t\t<h3>Avez-vous un rendez-vous ou souhaitez-vous visiter la paroisse St Fran\u00e7ois d&#8217;Assise ? Retrouvez nos coordonn\u00e9es et le plan d&#8217;acc\u00e8s ici.<\/h3>\t\t\t\t\t\t\t\t<\/div>\n\t\t\t\t<\/div>\n\t\t\t\t\t<\/div>\n\t\t\t\t<\/div>\n\t\t<div class=\"elementor-element elementor-element-75095b4 e-flex e-con-boxed e-con e-parent\" data-id=\"75095b4\" data-element_type=\"container\" data-e-type=\"container\">\n\t\t\t\t\t<div class=\"e-con-inner\">\n\t\t\t\t<div class=\"elementor-element elementor-element-21c4e33 elementor-widget elementor-widget-image\" data-id=\"21c4e33\" data-element_type=\"widget\" data-e-type=\"widget\" data-widget_type=\"image.default\">\n\t\t\t\t<div class=\"elementor-widget-container\">\n\t\t\t\t\t\t\t\t\t\t\t\t\t\t\t<img fetchpriority=\"high\" decoding=\"async\" width=\"784\" height=\"527\" src=\"https:\/\/saintfrancoisdassise-toulouse.fr\/wp-content\/uploads\/2024\/08\/Plan-et-acces-2.jpg\" class=\"attachment-large size-large wp-image-1904\" alt=\"\" srcset=\"https:\/\/saintfrancoisdassise-toulouse.fr\/wp-content\/uploads\/2024\/08\/Plan-et-acces-2.jpg 784w, https:\/\/saintfrancoisdassise-toulouse.fr\/wp-content\/uploads\/2024\/08\/Plan-et-acces-2-300x202.jpg 300w, https:\/\/saintfrancoisdassise-toulouse.fr\/wp-content\/uploads\/2024\/08\/Plan-et-acces-2-768x516.jpg 768w\" sizes=\"(max-width: 784px) 100vw, 784px\" \/>\t\t\t\t\t\t\t\t\t\t\t\t\t\t\t<\/div>\n\t\t\t\t<\/div>\n\t\t\t\t\t<\/div>\n\t\t\t\t<\/div>\n\t\t<div class=\"elementor-element elementor-element-1f5332e e-flex e-con-boxed e-con e-parent\" data-id=\"1f5332e\" data-element_type=\"container\" data-e-type=\"container\">\n\t\t\t\t\t<div class=\"e-con-inner\">\n\t\t\t\t<div class=\"elementor-element elementor-element-f8da916 elementor-widget elementor-widget-text-editor\" data-id=\"f8da916\" data-element_type=\"widget\" data-e-type=\"widget\" data-widget_type=\"text-editor.default\">\n\t\t\t\t<div class=\"elementor-widget-container\">\n\t\t\t\t\t\t\t\t\t<h2><span style=\"color: #000000;\"><strong>Acc\u00e8s :<\/strong><\/span><\/h2><p><span style=\"color: #000000;\"><strong>1) Salle Ste Claire \u2013 Accueil<\/strong><\/span><\/p><p><span style=\"color: #000000;\">\ud83d\udccc <span style=\"color: #808080;\">\u00c0\u00a0gauche \u00e0 l\u2019entr\u00e9e de l\u2019\u00e9glise, 106 bis Av. Camille Pujol<\/span><\/span><\/p><p><strong><span style=\"color: #000000;\">2) Salle Bienheureuse Assunta<\/span><\/strong><\/p><p><span style=\"color: #000000;\">\ud83d\udccc<span style=\"color: #808080;\"> \u00c0 droite en entrant dans le jardin du presbyt\u00e8re, 7 rue Victor Basch<\/span><\/span><\/p><p><strong><span style=\"color: #000000;\">3) Salle St Pierre et St Paul<\/span><\/strong><\/p><p><span style=\"color: #000000;\">\ud83d\udccc <span style=\"color: #808080;\">\u00c0 gauche en entrant dans le jardin du presbyt\u00e8re, 7 rue Victor Basch<\/span><\/span><\/p><p><strong><span style=\"color: #000000;\">4) Bureau du cur\u00e9<\/span><\/strong><\/p><p><span style=\"color: #000000;\">\ud83d\udccc\u00a0<\/span><span style=\"color: #808080;\">37 rue Raymond Naves acc\u00e8s par la rue Raymond Naves directement<\/span><\/p>\t\t\t\t\t\t\t\t<\/div>\n\t\t\t\t<\/div>\n\t\t\t\t\t<\/div>\n\t\t\t\t<\/div>\n\t\t<div class=\"elementor-element elementor-element-4588b7e e-flex e-con-boxed e-con e-parent\" data-id=\"4588b7e\" data-element_type=\"container\" data-e-type=\"container\">\n\t\t\t\t\t<div class=\"e-con-inner\">\n\t\t\t\t\t<\/div>\n\t\t\t\t<\/div>\n\t\t\t\t<\/div>\n\t\t","protected":false},"excerpt":{"rendered":"<p>Avez-vous un rendez-vous ou souhaitez-vous visiter la paroisse St Fran\u00e7ois d&#8217;Assise ? Retrouvez nos coordonn\u00e9es et le plan d&#8217;acc\u00e8s ici. Acc\u00e8s : 1) Salle Ste Claire \u2013 Accueil \ud83d\udccc \u00c0\u00a0gauche \u00e0 l\u2019entr\u00e9e de l\u2019\u00e9glise, 106 bis Av. Camille Pujol 2) Salle Bienheureuse Assunta \ud83d\udccc \u00c0 droite en entrant dans le jardin du presbyt\u00e8re, 7 rue Victor Basch 3) Salle St Pierre et St Paul \ud83d\udccc \u00c0 gauche en entrant dans le jardin du presbyt\u00e8re, 7 rue Victor Basch 4) Bureau du cur\u00e9 \ud83d\udccc\u00a037 rue Raymond Naves acc\u00e8s par la rue Raymond Naves directement<\/p>\n","protected":false},"author":2,"featured_media":0,"parent":0,"menu_order":0,"comment_status":"closed","ping_status":"closed","template":"","meta":{"footnotes":""},"class_list":["post-1597","page","type-page","status-publish","hentry"],"yoast_head":"<!-- This site is optimized with the Yoast SEO plugin v24.4 - https:\/\/yoast.com\/wordpress\/plugins\/seo\/ -->\n<title>Acc\u00e8s et salles - Saint Fran\u00e7ois d&#039;Assise<\/title>\n<meta name=\"robots\" content=\"index, follow, max-snippet:-1, max-image-preview:large, max-video-preview:-1\" \/>\n<link rel=\"canonical\" href=\"https:\/\/saintfrancoisdassise-toulouse.fr\/?page_id=1597\" \/>\n<meta property=\"og:locale\" content=\"en_US\" \/>\n<meta property=\"og:type\" content=\"article\" \/>\n<meta property=\"og:title\" content=\"Acc\u00e8s et salles - Saint Fran\u00e7ois d&#039;Assise\" \/>\n<meta property=\"og:description\" content=\"Avez-vous un rendez-vous ou souhaitez-vous visiter la paroisse St Fran\u00e7ois d&#8217;Assise ? Retrouvez nos coordonn\u00e9es et le plan d&#8217;acc\u00e8s ici. Acc\u00e8s : 1) Salle Ste Claire \u2013 Accueil \ud83d\udccc \u00c0\u00a0gauche \u00e0 l\u2019entr\u00e9e de l\u2019\u00e9glise, 106 bis Av. Camille Pujol 2) Salle Bienheureuse Assunta \ud83d\udccc \u00c0 droite en entrant dans le jardin du presbyt\u00e8re, 7 rue Victor Basch 3) Salle St Pierre et St Paul \ud83d\udccc \u00c0 gauche en entrant dans le jardin du presbyt\u00e8re, 7 rue Victor Basch 4) Bureau du cur\u00e9 \ud83d\udccc\u00a037 rue Raymond Naves acc\u00e8s par la rue Raymond Naves directement\" \/>\n<meta property=\"og:url\" content=\"https:\/\/saintfrancoisdassise-toulouse.fr\/?page_id=1597\" \/>\n<meta property=\"og:site_name\" content=\"Saint Fran\u00e7ois d&#039;Assise\" \/>\n<meta property=\"article:modified_time\" content=\"2025-02-20T20:45:32+00:00\" \/>\n<meta property=\"og:image\" content=\"https:\/\/saintfrancoisdassise-toulouse.fr\/wp-content\/uploads\/2024\/08\/Plan-et-acces-2.jpg\" \/>\n\t<meta property=\"og:image:width\" content=\"784\" \/>\n\t<meta property=\"og:image:height\" content=\"527\" \/>\n\t<meta property=\"og:image:type\" content=\"image\/jpeg\" \/>\n<meta name=\"twitter:card\" content=\"summary_large_image\" \/>\n<meta name=\"twitter:label1\" content=\"Est. reading time\" \/>\n\t<meta name=\"twitter:data1\" content=\"2 minutes\" \/>\n<script type=\"application\/ld+json\" class=\"yoast-schema-graph\">{\"@context\":\"https:\/\/schema.org\",\"@graph\":[{\"@type\":\"WebPage\",\"@id\":\"https:\/\/saintfrancoisdassise-toulouse.fr\/?page_id=1597\",\"url\":\"https:\/\/saintfrancoisdassise-toulouse.fr\/?page_id=1597\",\"name\":\"Acc\u00e8s et salles - Saint Fran\u00e7ois d&#039;Assise\",\"isPartOf\":{\"@id\":\"https:\/\/saintfrancoisdassise-toulouse.fr\/#website\"},\"primaryImageOfPage\":{\"@id\":\"https:\/\/saintfrancoisdassise-toulouse.fr\/?page_id=1597#primaryimage\"},\"image\":{\"@id\":\"https:\/\/saintfrancoisdassise-toulouse.fr\/?page_id=1597#primaryimage\"},\"thumbnailUrl\":\"http:\/\/saintfrancoisdassise-toulouse.fr\/wp-content\/uploads\/2024\/08\/Plan-et-acces-2.jpg\",\"datePublished\":\"2024-07-13T12:17:27+00:00\",\"dateModified\":\"2025-02-20T20:45:32+00:00\",\"breadcrumb\":{\"@id\":\"https:\/\/saintfrancoisdassise-toulouse.fr\/?page_id=1597#breadcrumb\"},\"inLanguage\":\"en-US\",\"potentialAction\":[{\"@type\":\"ReadAction\",\"target\":[\"https:\/\/saintfrancoisdassise-toulouse.fr\/?page_id=1597\"]}]},{\"@type\":\"ImageObject\",\"inLanguage\":\"en-US\",\"@id\":\"https:\/\/saintfrancoisdassise-toulouse.fr\/?page_id=1597#primaryimage\",\"url\":\"https:\/\/saintfrancoisdassise-toulouse.fr\/wp-content\/uploads\/2024\/08\/Plan-et-acces-2.jpg\",\"contentUrl\":\"https:\/\/saintfrancoisdassise-toulouse.fr\/wp-content\/uploads\/2024\/08\/Plan-et-acces-2.jpg\",\"width\":784,\"height\":527},{\"@type\":\"BreadcrumbList\",\"@id\":\"https:\/\/saintfrancoisdassise-toulouse.fr\/?page_id=1597#breadcrumb\",\"itemListElement\":[{\"@type\":\"ListItem\",\"position\":1,\"name\":\"Accueil\",\"item\":\"https:\/\/saintfrancoisdassise-toulouse.fr\/\"},{\"@type\":\"ListItem\",\"position\":2,\"name\":\"Acc\u00e8s et salles\"}]},{\"@type\":\"WebSite\",\"@id\":\"https:\/\/saintfrancoisdassise-toulouse.fr\/#website\",\"url\":\"https:\/\/saintfrancoisdassise-toulouse.fr\/\",\"name\":\"Saint Fran\u00e7ois d'Assise\",\"description\":\"106 bis avenue Camille Pujol, 31500 Toulouse\",\"potentialAction\":[{\"@type\":\"SearchAction\",\"target\":{\"@type\":\"EntryPoint\",\"urlTemplate\":\"https:\/\/saintfrancoisdassise-toulouse.fr\/?s={search_term_string}\"},\"query-input\":{\"@type\":\"PropertyValueSpecification\",\"valueRequired\":true,\"valueName\":\"search_term_string\"}}],\"inLanguage\":\"en-US\"}]}<\/script>\n<!-- \/ Yoast SEO plugin. -->","yoast_head_json":{"title":"Acc\u00e8s et salles - Saint Fran\u00e7ois d&#039;Assise","robots":{"index":"index","follow":"follow","max-snippet":"max-snippet:-1","max-image-preview":"max-image-preview:large","max-video-preview":"max-video-preview:-1"},"canonical":"https:\/\/saintfrancoisdassise-toulouse.fr\/?page_id=1597","og_locale":"en_US","og_type":"article","og_title":"Acc\u00e8s et salles - Saint Fran\u00e7ois d&#039;Assise","og_description":"Avez-vous un rendez-vous ou souhaitez-vous visiter la paroisse St Fran\u00e7ois d&#8217;Assise ? Retrouvez nos coordonn\u00e9es et le plan d&#8217;acc\u00e8s ici. Acc\u00e8s : 1) Salle Ste Claire \u2013 Accueil \ud83d\udccc \u00c0\u00a0gauche \u00e0 l\u2019entr\u00e9e de l\u2019\u00e9glise, 106 bis Av. Camille Pujol 2) Salle Bienheureuse Assunta \ud83d\udccc \u00c0 droite en entrant dans le jardin du presbyt\u00e8re, 7 rue Victor Basch 3) Salle St Pierre et St Paul \ud83d\udccc \u00c0 gauche en entrant dans le jardin du presbyt\u00e8re, 7 rue Victor Basch 4) Bureau du cur\u00e9 \ud83d\udccc\u00a037 rue Raymond Naves acc\u00e8s par la rue Raymond Naves directement","og_url":"https:\/\/saintfrancoisdassise-toulouse.fr\/?page_id=1597","og_site_name":"Saint Fran\u00e7ois d&#039;Assise","article_modified_time":"2025-02-20T20:45:32+00:00","og_image":[{"width":784,"height":527,"url":"https:\/\/saintfrancoisdassise-toulouse.fr\/wp-content\/uploads\/2024\/08\/Plan-et-acces-2.jpg","type":"image\/jpeg"}],"twitter_card":"summary_large_image","twitter_misc":{"Est. reading time":"2 minutes"},"schema":{"@context":"https:\/\/schema.org","@graph":[{"@type":"WebPage","@id":"https:\/\/saintfrancoisdassise-toulouse.fr\/?page_id=1597","url":"https:\/\/saintfrancoisdassise-toulouse.fr\/?page_id=1597","name":"Acc\u00e8s et salles - Saint Fran\u00e7ois d&#039;Assise","isPartOf":{"@id":"https:\/\/saintfrancoisdassise-toulouse.fr\/#website"},"primaryImageOfPage":{"@id":"https:\/\/saintfrancoisdassise-toulouse.fr\/?page_id=1597#primaryimage"},"image":{"@id":"https:\/\/saintfrancoisdassise-toulouse.fr\/?page_id=1597#primaryimage"},"thumbnailUrl":"http:\/\/saintfrancoisdassise-toulouse.fr\/wp-content\/uploads\/2024\/08\/Plan-et-acces-2.jpg","datePublished":"2024-07-13T12:17:27+00:00","dateModified":"2025-02-20T20:45:32+00:00","breadcrumb":{"@id":"https:\/\/saintfrancoisdassise-toulouse.fr\/?page_id=1597#breadcrumb"},"inLanguage":"en-US","potentialAction":[{"@type":"ReadAction","target":["https:\/\/saintfrancoisdassise-toulouse.fr\/?page_id=1597"]}]},{"@type":"ImageObject","inLanguage":"en-US","@id":"https:\/\/saintfrancoisdassise-toulouse.fr\/?page_id=1597#primaryimage","url":"https:\/\/saintfrancoisdassise-toulouse.fr\/wp-content\/uploads\/2024\/08\/Plan-et-acces-2.jpg","contentUrl":"https:\/\/saintfrancoisdassise-toulouse.fr\/wp-content\/uploads\/2024\/08\/Plan-et-acces-2.jpg","width":784,"height":527},{"@type":"BreadcrumbList","@id":"https:\/\/saintfrancoisdassise-toulouse.fr\/?page_id=1597#breadcrumb","itemListElement":[{"@type":"ListItem","position":1,"name":"Accueil","item":"https:\/\/saintfrancoisdassise-toulouse.fr\/"},{"@type":"ListItem","position":2,"name":"Acc\u00e8s et salles"}]},{"@type":"WebSite","@id":"https:\/\/saintfrancoisdassise-toulouse.fr\/#website","url":"https:\/\/saintfrancoisdassise-toulouse.fr\/","name":"Saint Fran\u00e7ois d'Assise","description":"106 bis avenue Camille Pujol, 31500 Toulouse","potentialAction":[{"@type":"SearchAction","target":{"@type":"EntryPoint","urlTemplate":"https:\/\/saintfrancoisdassise-toulouse.fr\/?s={search_term_string}"},"query-input":{"@type":"PropertyValueSpecification","valueRequired":true,"valueName":"search_term_string"}}],"inLanguage":"en-US"}]}},"_links":{"self":[{"href":"https:\/\/saintfrancoisdassise-toulouse.fr\/index.php?rest_route=\/wp\/v2\/pages\/1597","targetHints":{"allow":["GET"]}}],"collection":[{"href":"https:\/\/saintfrancoisdassise-toulouse.fr\/index.php?rest_route=\/wp\/v2\/pages"}],"about":[{"href":"https:\/\/saintfrancoisdassise-toulouse.fr\/index.php?rest_route=\/wp\/v2\/types\/page"}],"author":[{"embeddable":true,"href":"https:\/\/saintfrancoisdassise-toulouse.fr\/index.php?rest_route=\/wp\/v2\/users\/2"}],"replies":[{"embeddable":true,"href":"https:\/\/saintfrancoisdassise-toulouse.fr\/index.php?rest_route=%2Fwp%2Fv2%2Fcomments&post=1597"}],"version-history":[{"count":32,"href":"https:\/\/saintfrancoisdassise-toulouse.fr\/index.php?rest_route=\/wp\/v2\/pages\/1597\/revisions"}],"predecessor-version":[{"id":2686,"href":"https:\/\/saintfrancoisdassise-toulouse.fr\/index.php?rest_route=\/wp\/v2\/pages\/1597\/revisions\/2686"}],"wp:attachment":[{"href":"https:\/\/saintfrancoisdassise-toulouse.fr\/index.php?rest_route=%2Fwp%2Fv2%2Fmedia&parent=1597"}],"curies":[{"name":"wp","href":"https:\/\/api.w.org\/{rel}","templated":true}]}}