{"id":2104,"date":"2024-08-12T15:41:47","date_gmt":"2024-08-12T13:41:47","guid":{"rendered":"https:\/\/saintfrancoisdassise-toulouse.fr\/?page_id=2104"},"modified":"2025-02-22T19:00:50","modified_gmt":"2025-02-22T18:00:50","slug":"equipe-notre-dame","status":"publish","type":"page","link":"https:\/\/saintfrancoisdassise-toulouse.fr\/?page_id=2104","title":{"rendered":"Equipes Notre Dame"},"content":{"rendered":"\t\t<div data-elementor-type=\"wp-page\" data-elementor-id=\"2104\" class=\"elementor elementor-2104\">\n\t\t\t\t<div class=\"elementor-element elementor-element-38b77e9d e-flex e-con-boxed e-con e-parent\" data-id=\"38b77e9d\" data-element_type=\"container\" data-e-type=\"container\">\n\t\t\t\t\t<div class=\"e-con-inner\">\n\t\t\t\t<div class=\"elementor-element elementor-element-2e0295ea elementor-widget elementor-widget-heading\" data-id=\"2e0295ea\" data-element_type=\"widget\" data-e-type=\"widget\" data-widget_type=\"heading.default\">\n\t\t\t\t<div class=\"elementor-widget-container\">\n\t\t\t\t\t<h1 class=\"elementor-heading-title elementor-size-default\">\u00c9quipes Notre Dame<\/h1>\t\t\t\t<\/div>\n\t\t\t\t<\/div>\n\t\t\t\t\t<\/div>\n\t\t\t\t<\/div>\n\t\t<div class=\"elementor-element elementor-element-377dfd47 e-flex e-con-boxed e-con e-parent\" data-id=\"377dfd47\" data-element_type=\"container\" data-e-type=\"container\">\n\t\t\t\t\t<div class=\"e-con-inner\">\n\t\t<div class=\"elementor-element elementor-element-5fe086bb e-con-full e-flex e-con e-child\" data-id=\"5fe086bb\" data-element_type=\"container\" data-e-type=\"container\">\n\t\t\t\t<div class=\"elementor-element elementor-element-3050f21f elementor-widget elementor-widget-image\" data-id=\"3050f21f\" data-element_type=\"widget\" data-e-type=\"widget\" data-widget_type=\"image.default\">\n\t\t\t\t<div class=\"elementor-widget-container\">\n\t\t\t\t\t\t\t\t\t\t\t\t\t\t\t<img fetchpriority=\"high\" decoding=\"async\" width=\"581\" height=\"554\" src=\"https:\/\/saintfrancoisdassise-toulouse.fr\/wp-content\/uploads\/2024\/11\/END-vf.png\" class=\"attachment-large size-large wp-image-2390\" alt=\"\" srcset=\"https:\/\/saintfrancoisdassise-toulouse.fr\/wp-content\/uploads\/2024\/11\/END-vf.png 581w, https:\/\/saintfrancoisdassise-toulouse.fr\/wp-content\/uploads\/2024\/11\/END-vf-300x286.png 300w\" sizes=\"(max-width: 581px) 100vw, 581px\" \/>\t\t\t\t\t\t\t\t\t\t\t\t\t\t\t<\/div>\n\t\t\t\t<\/div>\n\t\t\t\t<\/div>\n\t\t<div class=\"elementor-element elementor-element-5700d9c8 e-con-full e-flex e-con e-child\" data-id=\"5700d9c8\" data-element_type=\"container\" data-e-type=\"container\">\n\t\t\t\t<div class=\"elementor-element elementor-element-6237e67c elementor-widget elementor-widget-text-editor\" data-id=\"6237e67c\" data-element_type=\"widget\" data-e-type=\"widget\" data-widget_type=\"text-editor.default\">\n\t\t\t\t<div class=\"elementor-widget-container\">\n\t\t\t\t\t\t\t\t\t<p><strong>Vivre pour aimer, donner, construire. Une belle aventure en couple\u00a0!<\/strong><\/p><p>Le mouvement des Equipes Notre Dame, propose aux couples chr\u00e9tiens de relever ce d\u00e9fi.<\/p><p>Comment\u00a0? Les couples sont invit\u00e9s \u00e0 rejoindre une \u00e9quipe de 5 couples et d\u2019un conseiller spirituel, souvent un pr\u00eatre. Les r\u00e9unions ont lieu tous les mois, autour d\u2019un temps de pri\u00e8re, un temps de partage sur la mise en \u0153uvre concr\u00e8te des engagements de tout \u00e9quipier\u00a0: pri\u00e8re quotidienne, pri\u00e8re de couple, lecture de la Parole, temps de dialogue mensuel en couple dans le regard de Dieu (le devoir de s\u2019asseoir ou DSA) et la r\u00e8gle de vie. La r\u00e9union est aussi l\u2019occasion d\u2019\u00e9changer sur un th\u00e8me choisi en \u00e9quipe pour l\u2019ann\u00e9e.<\/p><p>Sur la paroisse, plusieurs couples sont membres des Equipes Notre Dame.<\/p>\t\t\t\t\t\t\t\t<\/div>\n\t\t\t\t<\/div>\n\t\t\t\t<\/div>\n\t\t\t\t\t<\/div>\n\t\t\t\t<\/div>\n\t\t<div class=\"elementor-element elementor-element-6c7fce75 e-flex e-con-boxed e-con e-parent\" data-id=\"6c7fce75\" data-element_type=\"container\" data-e-type=\"container\" data-settings=\"{&quot;background_background&quot;:&quot;classic&quot;}\">\n\t\t\t\t\t<div class=\"e-con-inner\">\n\t\t<div class=\"elementor-element elementor-element-1e612dde e-flex e-con-boxed e-con e-child\" data-id=\"1e612dde\" data-element_type=\"container\" data-e-type=\"container\" data-settings=\"{&quot;background_background&quot;:&quot;classic&quot;}\">\n\t\t\t\t\t<div class=\"e-con-inner\">\n\t\t\t\t<div class=\"elementor-element elementor-element-3de4eba3 elementor-widget elementor-widget-text-editor\" data-id=\"3de4eba3\" data-element_type=\"widget\" data-e-type=\"widget\" data-widget_type=\"text-editor.default\">\n\t\t\t\t<div class=\"elementor-widget-container\">\n\t\t\t\t\t\t\t\t\tPour en savoir plus et int\u00e9grer une \u00e9quipe contacter <span style=\"color: #ffffff;\"><a style=\"color: #ffffff; text-decoration-line: underline;\" href=\"mailto:end.toulouse.ariege@gmail.com\">end.toulouse.ariege@gmail.com<\/a><\/span>\t\t\t\t\t\t\t\t<\/div>\n\t\t\t\t<\/div>\n\t\t\t\t\t<\/div>\n\t\t\t\t<\/div>\n\t\t\t\t\t<\/div>\n\t\t\t\t<\/div>\n\t\t\t\t<\/div>\n\t\t","protected":false},"excerpt":{"rendered":"<p>\u00c9quipes Notre Dame Vivre pour aimer, donner, construire. Une belle aventure en couple\u00a0! Le mouvement des Equipes Notre Dame, propose aux couples chr\u00e9tiens de relever ce d\u00e9fi. Comment\u00a0? Les couples sont invit\u00e9s \u00e0 rejoindre une \u00e9quipe de 5 couples et d\u2019un conseiller spirituel, souvent un pr\u00eatre. Les r\u00e9unions ont lieu tous les mois, autour d\u2019un temps de pri\u00e8re, un temps de partage sur la mise en \u0153uvre concr\u00e8te des engagements de tout \u00e9quipier\u00a0: pri\u00e8re quotidienne, pri\u00e8re de couple, lecture de la Parole, temps de dialogue mensuel en couple dans le regard de Dieu (le devoir de s\u2019asseoir ou DSA) et&#8230; <\/p>\n","protected":false},"author":2,"featured_media":0,"parent":0,"menu_order":0,"comment_status":"closed","ping_status":"closed","template":"template-parts\/page-template-full-width.php","meta":{"footnotes":""},"class_list":["post-2104","page","type-page","status-publish","hentry"],"yoast_head":"<!-- This site is optimized with the Yoast SEO plugin v24.4 - https:\/\/yoast.com\/wordpress\/plugins\/seo\/ -->\n<title>Equipes Notre Dame - Saint Fran\u00e7ois d&#039;Assise<\/title>\n<meta name=\"robots\" content=\"index, follow, max-snippet:-1, max-image-preview:large, max-video-preview:-1\" \/>\n<link rel=\"canonical\" href=\"https:\/\/saintfrancoisdassise-toulouse.fr\/?page_id=2104\" \/>\n<meta property=\"og:locale\" content=\"en_US\" \/>\n<meta property=\"og:type\" content=\"article\" \/>\n<meta property=\"og:title\" content=\"Equipes Notre Dame - Saint Fran\u00e7ois d&#039;Assise\" \/>\n<meta property=\"og:description\" content=\"\u00c9quipes Notre Dame Vivre pour aimer, donner, construire. Une belle aventure en couple\u00a0! Le mouvement des Equipes Notre Dame, propose aux couples chr\u00e9tiens de relever ce d\u00e9fi. Comment\u00a0? Les couples sont invit\u00e9s \u00e0 rejoindre une \u00e9quipe de 5 couples et d\u2019un conseiller spirituel, souvent un pr\u00eatre. Les r\u00e9unions ont lieu tous les mois, autour d\u2019un temps de pri\u00e8re, un temps de partage sur la mise en \u0153uvre concr\u00e8te des engagements de tout \u00e9quipier\u00a0: pri\u00e8re quotidienne, pri\u00e8re de couple, lecture de la Parole, temps de dialogue mensuel en couple dans le regard de Dieu (le devoir de s\u2019asseoir ou DSA) et...\" \/>\n<meta property=\"og:url\" content=\"https:\/\/saintfrancoisdassise-toulouse.fr\/?page_id=2104\" \/>\n<meta property=\"og:site_name\" content=\"Saint Fran\u00e7ois d&#039;Assise\" \/>\n<meta property=\"article:modified_time\" content=\"2025-02-22T18:00:50+00:00\" \/>\n<meta property=\"og:image\" content=\"http:\/\/saintfrancoisdassise-toulouse.fr\/wp-content\/uploads\/2024\/11\/END-vf.png\" \/>\n<meta name=\"twitter:card\" content=\"summary_large_image\" \/>\n<meta name=\"twitter:label1\" content=\"Est. reading time\" \/>\n\t<meta name=\"twitter:data1\" content=\"1 minute\" \/>\n<script type=\"application\/ld+json\" class=\"yoast-schema-graph\">{\"@context\":\"https:\/\/schema.org\",\"@graph\":[{\"@type\":\"WebPage\",\"@id\":\"https:\/\/saintfrancoisdassise-toulouse.fr\/?page_id=2104\",\"url\":\"https:\/\/saintfrancoisdassise-toulouse.fr\/?page_id=2104\",\"name\":\"Equipes Notre Dame - Saint Fran\u00e7ois d&#039;Assise\",\"isPartOf\":{\"@id\":\"https:\/\/saintfrancoisdassise-toulouse.fr\/#website\"},\"primaryImageOfPage\":{\"@id\":\"https:\/\/saintfrancoisdassise-toulouse.fr\/?page_id=2104#primaryimage\"},\"image\":{\"@id\":\"https:\/\/saintfrancoisdassise-toulouse.fr\/?page_id=2104#primaryimage\"},\"thumbnailUrl\":\"http:\/\/saintfrancoisdassise-toulouse.fr\/wp-content\/uploads\/2024\/11\/END-vf.png\",\"datePublished\":\"2024-08-12T13:41:47+00:00\",\"dateModified\":\"2025-02-22T18:00:50+00:00\",\"breadcrumb\":{\"@id\":\"https:\/\/saintfrancoisdassise-toulouse.fr\/?page_id=2104#breadcrumb\"},\"inLanguage\":\"en-US\",\"potentialAction\":[{\"@type\":\"ReadAction\",\"target\":[\"https:\/\/saintfrancoisdassise-toulouse.fr\/?page_id=2104\"]}]},{\"@type\":\"ImageObject\",\"inLanguage\":\"en-US\",\"@id\":\"https:\/\/saintfrancoisdassise-toulouse.fr\/?page_id=2104#primaryimage\",\"url\":\"http:\/\/saintfrancoisdassise-toulouse.fr\/wp-content\/uploads\/2024\/11\/END-vf.png\",\"contentUrl\":\"http:\/\/saintfrancoisdassise-toulouse.fr\/wp-content\/uploads\/2024\/11\/END-vf.png\"},{\"@type\":\"BreadcrumbList\",\"@id\":\"https:\/\/saintfrancoisdassise-toulouse.fr\/?page_id=2104#breadcrumb\",\"itemListElement\":[{\"@type\":\"ListItem\",\"position\":1,\"name\":\"Accueil\",\"item\":\"https:\/\/saintfrancoisdassise-toulouse.fr\/\"},{\"@type\":\"ListItem\",\"position\":2,\"name\":\"Equipes Notre Dame\"}]},{\"@type\":\"WebSite\",\"@id\":\"https:\/\/saintfrancoisdassise-toulouse.fr\/#website\",\"url\":\"https:\/\/saintfrancoisdassise-toulouse.fr\/\",\"name\":\"Saint Fran\u00e7ois d'Assise\",\"description\":\"106 bis avenue Camille Pujol, 31500 Toulouse\",\"potentialAction\":[{\"@type\":\"SearchAction\",\"target\":{\"@type\":\"EntryPoint\",\"urlTemplate\":\"https:\/\/saintfrancoisdassise-toulouse.fr\/?s={search_term_string}\"},\"query-input\":{\"@type\":\"PropertyValueSpecification\",\"valueRequired\":true,\"valueName\":\"search_term_string\"}}],\"inLanguage\":\"en-US\"}]}<\/script>\n<!-- \/ Yoast SEO plugin. -->","yoast_head_json":{"title":"Equipes Notre Dame - Saint Fran\u00e7ois d&#039;Assise","robots":{"index":"index","follow":"follow","max-snippet":"max-snippet:-1","max-image-preview":"max-image-preview:large","max-video-preview":"max-video-preview:-1"},"canonical":"https:\/\/saintfrancoisdassise-toulouse.fr\/?page_id=2104","og_locale":"en_US","og_type":"article","og_title":"Equipes Notre Dame - Saint Fran\u00e7ois d&#039;Assise","og_description":"\u00c9quipes Notre Dame Vivre pour aimer, donner, construire. Une belle aventure en couple\u00a0! Le mouvement des Equipes Notre Dame, propose aux couples chr\u00e9tiens de relever ce d\u00e9fi. Comment\u00a0? Les couples sont invit\u00e9s \u00e0 rejoindre une \u00e9quipe de 5 couples et d\u2019un conseiller spirituel, souvent un pr\u00eatre. Les r\u00e9unions ont lieu tous les mois, autour d\u2019un temps de pri\u00e8re, un temps de partage sur la mise en \u0153uvre concr\u00e8te des engagements de tout \u00e9quipier\u00a0: pri\u00e8re quotidienne, pri\u00e8re de couple, lecture de la Parole, temps de dialogue mensuel en couple dans le regard de Dieu (le devoir de s\u2019asseoir ou DSA) et...","og_url":"https:\/\/saintfrancoisdassise-toulouse.fr\/?page_id=2104","og_site_name":"Saint Fran\u00e7ois d&#039;Assise","article_modified_time":"2025-02-22T18:00:50+00:00","og_image":[{"url":"http:\/\/saintfrancoisdassise-toulouse.fr\/wp-content\/uploads\/2024\/11\/END-vf.png","type":"","width":"","height":""}],"twitter_card":"summary_large_image","twitter_misc":{"Est. reading time":"1 minute"},"schema":{"@context":"https:\/\/schema.org","@graph":[{"@type":"WebPage","@id":"https:\/\/saintfrancoisdassise-toulouse.fr\/?page_id=2104","url":"https:\/\/saintfrancoisdassise-toulouse.fr\/?page_id=2104","name":"Equipes Notre Dame - Saint Fran\u00e7ois d&#039;Assise","isPartOf":{"@id":"https:\/\/saintfrancoisdassise-toulouse.fr\/#website"},"primaryImageOfPage":{"@id":"https:\/\/saintfrancoisdassise-toulouse.fr\/?page_id=2104#primaryimage"},"image":{"@id":"https:\/\/saintfrancoisdassise-toulouse.fr\/?page_id=2104#primaryimage"},"thumbnailUrl":"http:\/\/saintfrancoisdassise-toulouse.fr\/wp-content\/uploads\/2024\/11\/END-vf.png","datePublished":"2024-08-12T13:41:47+00:00","dateModified":"2025-02-22T18:00:50+00:00","breadcrumb":{"@id":"https:\/\/saintfrancoisdassise-toulouse.fr\/?page_id=2104#breadcrumb"},"inLanguage":"en-US","potentialAction":[{"@type":"ReadAction","target":["https:\/\/saintfrancoisdassise-toulouse.fr\/?page_id=2104"]}]},{"@type":"ImageObject","inLanguage":"en-US","@id":"https:\/\/saintfrancoisdassise-toulouse.fr\/?page_id=2104#primaryimage","url":"http:\/\/saintfrancoisdassise-toulouse.fr\/wp-content\/uploads\/2024\/11\/END-vf.png","contentUrl":"http:\/\/saintfrancoisdassise-toulouse.fr\/wp-content\/uploads\/2024\/11\/END-vf.png"},{"@type":"BreadcrumbList","@id":"https:\/\/saintfrancoisdassise-toulouse.fr\/?page_id=2104#breadcrumb","itemListElement":[{"@type":"ListItem","position":1,"name":"Accueil","item":"https:\/\/saintfrancoisdassise-toulouse.fr\/"},{"@type":"ListItem","position":2,"name":"Equipes Notre Dame"}]},{"@type":"WebSite","@id":"https:\/\/saintfrancoisdassise-toulouse.fr\/#website","url":"https:\/\/saintfrancoisdassise-toulouse.fr\/","name":"Saint Fran\u00e7ois d'Assise","description":"106 bis avenue Camille Pujol, 31500 Toulouse","potentialAction":[{"@type":"SearchAction","target":{"@type":"EntryPoint","urlTemplate":"https:\/\/saintfrancoisdassise-toulouse.fr\/?s={search_term_string}"},"query-input":{"@type":"PropertyValueSpecification","valueRequired":true,"valueName":"search_term_string"}}],"inLanguage":"en-US"}]}},"_links":{"self":[{"href":"https:\/\/saintfrancoisdassise-toulouse.fr\/index.php?rest_route=\/wp\/v2\/pages\/2104","targetHints":{"allow":["GET"]}}],"collection":[{"href":"https:\/\/saintfrancoisdassise-toulouse.fr\/index.php?rest_route=\/wp\/v2\/pages"}],"about":[{"href":"https:\/\/saintfrancoisdassise-toulouse.fr\/index.php?rest_route=\/wp\/v2\/types\/page"}],"author":[{"embeddable":true,"href":"https:\/\/saintfrancoisdassise-toulouse.fr\/index.php?rest_route=\/wp\/v2\/users\/2"}],"replies":[{"embeddable":true,"href":"https:\/\/saintfrancoisdassise-toulouse.fr\/index.php?rest_route=%2Fwp%2Fv2%2Fcomments&post=2104"}],"version-history":[{"count":25,"href":"https:\/\/saintfrancoisdassise-toulouse.fr\/index.php?rest_route=\/wp\/v2\/pages\/2104\/revisions"}],"predecessor-version":[{"id":2695,"href":"https:\/\/saintfrancoisdassise-toulouse.fr\/index.php?rest_route=\/wp\/v2\/pages\/2104\/revisions\/2695"}],"wp:attachment":[{"href":"https:\/\/saintfrancoisdassise-toulouse.fr\/index.php?rest_route=%2Fwp%2Fv2%2Fmedia&parent=2104"}],"curies":[{"name":"wp","href":"https:\/\/api.w.org\/{rel}","templated":true}]}}