{"id":2119,"date":"2024-08-12T15:46:13","date_gmt":"2024-08-12T13:46:13","guid":{"rendered":"https:\/\/saintfrancoisdassise-toulouse.fr\/?page_id=2119"},"modified":"2025-02-10T15:33:57","modified_gmt":"2025-02-10T14:33:57","slug":"communaute-de-lemmanuel","status":"publish","type":"page","link":"https:\/\/saintfrancoisdassise-toulouse.fr\/?page_id=2119","title":{"rendered":"Communaut\u00e9 de l\u2019Emmanuel"},"content":{"rendered":"\t\t<div data-elementor-type=\"wp-page\" data-elementor-id=\"2119\" class=\"elementor elementor-2119\">\n\t\t\t\t<div class=\"elementor-element elementor-element-68ed6b58 e-flex e-con-boxed e-con e-parent\" data-id=\"68ed6b58\" data-element_type=\"container\" data-e-type=\"container\">\n\t\t\t\t\t<div class=\"e-con-inner\">\n\t\t\t\t<div class=\"elementor-element elementor-element-4e0a14af elementor-widget elementor-widget-heading\" data-id=\"4e0a14af\" data-element_type=\"widget\" data-e-type=\"widget\" data-widget_type=\"heading.default\">\n\t\t\t\t<div class=\"elementor-widget-container\">\n\t\t\t\t\t<h1 class=\"elementor-heading-title elementor-size-default\">Communaut\u00e9 de l\u2019Emmanuel\n<\/h1>\t\t\t\t<\/div>\n\t\t\t\t<\/div>\n\t\t\t\t\t<\/div>\n\t\t\t\t<\/div>\n\t\t<div class=\"elementor-element elementor-element-3a4a56a4 e-flex e-con-boxed e-con e-parent\" data-id=\"3a4a56a4\" data-element_type=\"container\" data-e-type=\"container\">\n\t\t\t\t\t<div class=\"e-con-inner\">\n\t\t<div class=\"elementor-element elementor-element-45f288fe e-con-full e-flex e-con e-child\" data-id=\"45f288fe\" data-element_type=\"container\" data-e-type=\"container\">\n\t\t\t\t<div class=\"elementor-element elementor-element-3bccf623 elementor-widget elementor-widget-image\" data-id=\"3bccf623\" data-element_type=\"widget\" data-e-type=\"widget\" data-widget_type=\"image.default\">\n\t\t\t\t<div class=\"elementor-widget-container\">\n\t\t\t\t\t\t\t\t\t\t\t\t\t\t\t<img fetchpriority=\"high\" decoding=\"async\" width=\"431\" height=\"605\" src=\"https:\/\/saintfrancoisdassise-toulouse.fr\/wp-content\/uploads\/2024\/11\/Cte-Emmanuel.png\" class=\"attachment-large size-large wp-image-2369\" alt=\"\" srcset=\"https:\/\/saintfrancoisdassise-toulouse.fr\/wp-content\/uploads\/2024\/11\/Cte-Emmanuel.png 431w, https:\/\/saintfrancoisdassise-toulouse.fr\/wp-content\/uploads\/2024\/11\/Cte-Emmanuel-214x300.png 214w\" sizes=\"(max-width: 431px) 100vw, 431px\" \/>\t\t\t\t\t\t\t\t\t\t\t\t\t\t\t<\/div>\n\t\t\t\t<\/div>\n\t\t\t\t<\/div>\n\t\t<div class=\"elementor-element elementor-element-43f4301b e-con-full e-flex e-con e-child\" data-id=\"43f4301b\" data-element_type=\"container\" data-e-type=\"container\">\n\t\t\t\t<div class=\"elementor-element elementor-element-35fd0976 elementor-widget elementor-widget-text-editor\" data-id=\"35fd0976\" data-element_type=\"widget\" data-e-type=\"widget\" data-widget_type=\"text-editor.default\">\n\t\t\t\t<div class=\"elementor-widget-container\">\n\t\t\t\t\t\t\t\t\t<p>La communaut\u00e9 de l&#8217;Emmanuel est une association internationale de fid\u00e8les catholiques reconnue par l&#8217;\u00c9glise. Fond\u00e9e en 1972 \u00e0 Paris, elle rassemble des la\u00efcs, des pr\u00eatres et des consacr\u00e9s d\u00e9sireux de vivre pleinement leur foi chr\u00e9tienne et de t\u00e9moigner de l&#8217;amour de Dieu. La communaut\u00e9 se distingue par son charisme d&#8217;adoration, de compassion et d&#8217;\u00e9vang\u00e9lisation.<\/p><p>Les membres de l&#8217;Emmanuel se r\u00e9unissent r\u00e9guli\u00e8rement pour des temps de pri\u00e8re, de partage et de formation. L&#8217;adoration eucharistique est au c\u0153ur de leur spiritualit\u00e9, offrant un moment privil\u00e9gi\u00e9 de rencontre avec le Christ.<\/p><p>Sur la paroisse, plusieurs membres de la communaut\u00e9 sont pr\u00e9sents. \u00a0En Occitanie, la communaut\u00e9 de l\u2019Emmanuel propose deux parcours\u00a0:<\/p><ul><li>Le parcours Zach\u00e9e\u00a0: Un parcours de (trans)formation pour apprendre \u00e0 vivre en chr\u00e9tien tous les jours, quelle que soit son activit\u00e9.<\/li><li>Le parcours Amour et V\u00e9rit\u00e9 pour prendre soin de son couple dans le regard de Dieu.<\/li><\/ul>\t\t\t\t\t\t\t\t<\/div>\n\t\t\t\t<\/div>\n\t\t\t\t<\/div>\n\t\t\t\t\t<\/div>\n\t\t\t\t<\/div>\n\t\t<div class=\"elementor-element elementor-element-5134d457 e-flex e-con-boxed e-con e-parent\" data-id=\"5134d457\" data-element_type=\"container\" data-e-type=\"container\" data-settings=\"{&quot;background_background&quot;:&quot;classic&quot;}\">\n\t\t\t\t\t<div class=\"e-con-inner\">\n\t\t<div class=\"elementor-element elementor-element-6b3fc1f8 e-flex e-con-boxed e-con e-child\" data-id=\"6b3fc1f8\" data-element_type=\"container\" data-e-type=\"container\" data-settings=\"{&quot;background_background&quot;:&quot;classic&quot;}\">\n\t\t\t\t\t<div class=\"e-con-inner\">\n\t\t\t\t<div class=\"elementor-element elementor-element-2ce032e elementor-widget elementor-widget-text-editor\" data-id=\"2ce032e\" data-element_type=\"widget\" data-e-type=\"widget\" data-widget_type=\"text-editor.default\">\n\t\t\t\t<div class=\"elementor-widget-container\">\n\t\t\t\t\t\t\t\t\t<p>St\u00e9phane et Marie-Christine Thiollier<\/p><p><strong>Contact\u00a0<\/strong>\u00a0:\u00a0<span style=\"color: #ffffff; text-decoration-line: underline;\"><a style=\"color: #ffffff; text-decoration-line: underline;\" href=\"mailto:occitanie.resp@emmanuel.fr\">occitanie.resp@emmanuel.fr<\/a><\/span>\u00a0et\u00a006 60 80 86 68<\/p>\t\t\t\t\t\t\t\t<\/div>\n\t\t\t\t<\/div>\n\t\t\t\t\t<\/div>\n\t\t\t\t<\/div>\n\t\t\t\t\t<\/div>\n\t\t\t\t<\/div>\n\t\t\t\t<\/div>\n\t\t","protected":false},"excerpt":{"rendered":"<p>Communaut\u00e9 de l\u2019Emmanuel La communaut\u00e9 de l&#8217;Emmanuel est une association internationale de fid\u00e8les catholiques reconnue par l&#8217;\u00c9glise. Fond\u00e9e en 1972 \u00e0 Paris, elle rassemble des la\u00efcs, des pr\u00eatres et des consacr\u00e9s d\u00e9sireux de vivre pleinement leur foi chr\u00e9tienne et de t\u00e9moigner de l&#8217;amour de Dieu. La communaut\u00e9 se distingue par son charisme d&#8217;adoration, de compassion et d&#8217;\u00e9vang\u00e9lisation. Les membres de l&#8217;Emmanuel se r\u00e9unissent r\u00e9guli\u00e8rement pour des temps de pri\u00e8re, de partage et de formation. L&#8217;adoration eucharistique est au c\u0153ur de leur spiritualit\u00e9, offrant un moment privil\u00e9gi\u00e9 de rencontre avec le Christ. Sur la paroisse, plusieurs membres de la communaut\u00e9 sont&#8230; <\/p>\n","protected":false},"author":2,"featured_media":0,"parent":0,"menu_order":0,"comment_status":"closed","ping_status":"closed","template":"template-parts\/page-template-full-width.php","meta":{"footnotes":""},"class_list":["post-2119","page","type-page","status-publish","hentry"],"yoast_head":"<!-- This site is optimized with the Yoast SEO plugin v24.4 - https:\/\/yoast.com\/wordpress\/plugins\/seo\/ -->\n<title>Communaut\u00e9 de l\u2019Emmanuel - Saint Fran\u00e7ois d&#039;Assise<\/title>\n<meta name=\"robots\" content=\"index, follow, max-snippet:-1, max-image-preview:large, max-video-preview:-1\" \/>\n<link rel=\"canonical\" href=\"https:\/\/saintfrancoisdassise-toulouse.fr\/?page_id=2119\" \/>\n<meta property=\"og:locale\" content=\"en_US\" \/>\n<meta property=\"og:type\" content=\"article\" \/>\n<meta property=\"og:title\" content=\"Communaut\u00e9 de l\u2019Emmanuel - Saint Fran\u00e7ois d&#039;Assise\" \/>\n<meta property=\"og:description\" content=\"Communaut\u00e9 de l\u2019Emmanuel La communaut\u00e9 de l&#8217;Emmanuel est une association internationale de fid\u00e8les catholiques reconnue par l&#8217;\u00c9glise. Fond\u00e9e en 1972 \u00e0 Paris, elle rassemble des la\u00efcs, des pr\u00eatres et des consacr\u00e9s d\u00e9sireux de vivre pleinement leur foi chr\u00e9tienne et de t\u00e9moigner de l&#8217;amour de Dieu. La communaut\u00e9 se distingue par son charisme d&#8217;adoration, de compassion et d&#8217;\u00e9vang\u00e9lisation. Les membres de l&#8217;Emmanuel se r\u00e9unissent r\u00e9guli\u00e8rement pour des temps de pri\u00e8re, de partage et de formation. L&#8217;adoration eucharistique est au c\u0153ur de leur spiritualit\u00e9, offrant un moment privil\u00e9gi\u00e9 de rencontre avec le Christ. Sur la paroisse, plusieurs membres de la communaut\u00e9 sont...\" \/>\n<meta property=\"og:url\" content=\"https:\/\/saintfrancoisdassise-toulouse.fr\/?page_id=2119\" \/>\n<meta property=\"og:site_name\" content=\"Saint Fran\u00e7ois d&#039;Assise\" \/>\n<meta property=\"article:modified_time\" content=\"2025-02-10T14:33:57+00:00\" \/>\n<meta property=\"og:image\" content=\"http:\/\/saintfrancoisdassise-toulouse.fr\/wp-content\/uploads\/2024\/11\/Cte-Emmanuel.png\" \/>\n<meta name=\"twitter:card\" content=\"summary_large_image\" \/>\n<meta name=\"twitter:label1\" content=\"Est. reading time\" \/>\n\t<meta name=\"twitter:data1\" content=\"1 minute\" \/>\n<script type=\"application\/ld+json\" class=\"yoast-schema-graph\">{\"@context\":\"https:\/\/schema.org\",\"@graph\":[{\"@type\":\"WebPage\",\"@id\":\"https:\/\/saintfrancoisdassise-toulouse.fr\/?page_id=2119\",\"url\":\"https:\/\/saintfrancoisdassise-toulouse.fr\/?page_id=2119\",\"name\":\"Communaut\u00e9 de l\u2019Emmanuel - Saint Fran\u00e7ois d&#039;Assise\",\"isPartOf\":{\"@id\":\"https:\/\/saintfrancoisdassise-toulouse.fr\/#website\"},\"primaryImageOfPage\":{\"@id\":\"https:\/\/saintfrancoisdassise-toulouse.fr\/?page_id=2119#primaryimage\"},\"image\":{\"@id\":\"https:\/\/saintfrancoisdassise-toulouse.fr\/?page_id=2119#primaryimage\"},\"thumbnailUrl\":\"http:\/\/saintfrancoisdassise-toulouse.fr\/wp-content\/uploads\/2024\/11\/Cte-Emmanuel.png\",\"datePublished\":\"2024-08-12T13:46:13+00:00\",\"dateModified\":\"2025-02-10T14:33:57+00:00\",\"breadcrumb\":{\"@id\":\"https:\/\/saintfrancoisdassise-toulouse.fr\/?page_id=2119#breadcrumb\"},\"inLanguage\":\"en-US\",\"potentialAction\":[{\"@type\":\"ReadAction\",\"target\":[\"https:\/\/saintfrancoisdassise-toulouse.fr\/?page_id=2119\"]}]},{\"@type\":\"ImageObject\",\"inLanguage\":\"en-US\",\"@id\":\"https:\/\/saintfrancoisdassise-toulouse.fr\/?page_id=2119#primaryimage\",\"url\":\"https:\/\/saintfrancoisdassise-toulouse.fr\/wp-content\/uploads\/2024\/11\/Cte-Emmanuel.png\",\"contentUrl\":\"https:\/\/saintfrancoisdassise-toulouse.fr\/wp-content\/uploads\/2024\/11\/Cte-Emmanuel.png\",\"width\":431,\"height\":605},{\"@type\":\"BreadcrumbList\",\"@id\":\"https:\/\/saintfrancoisdassise-toulouse.fr\/?page_id=2119#breadcrumb\",\"itemListElement\":[{\"@type\":\"ListItem\",\"position\":1,\"name\":\"Accueil\",\"item\":\"https:\/\/saintfrancoisdassise-toulouse.fr\/\"},{\"@type\":\"ListItem\",\"position\":2,\"name\":\"Communaut\u00e9 de l\u2019Emmanuel\"}]},{\"@type\":\"WebSite\",\"@id\":\"https:\/\/saintfrancoisdassise-toulouse.fr\/#website\",\"url\":\"https:\/\/saintfrancoisdassise-toulouse.fr\/\",\"name\":\"Saint Fran\u00e7ois d'Assise\",\"description\":\"106 bis avenue Camille Pujol, 31500 Toulouse\",\"potentialAction\":[{\"@type\":\"SearchAction\",\"target\":{\"@type\":\"EntryPoint\",\"urlTemplate\":\"https:\/\/saintfrancoisdassise-toulouse.fr\/?s={search_term_string}\"},\"query-input\":{\"@type\":\"PropertyValueSpecification\",\"valueRequired\":true,\"valueName\":\"search_term_string\"}}],\"inLanguage\":\"en-US\"}]}<\/script>\n<!-- \/ Yoast SEO plugin. -->","yoast_head_json":{"title":"Communaut\u00e9 de l\u2019Emmanuel - Saint Fran\u00e7ois d&#039;Assise","robots":{"index":"index","follow":"follow","max-snippet":"max-snippet:-1","max-image-preview":"max-image-preview:large","max-video-preview":"max-video-preview:-1"},"canonical":"https:\/\/saintfrancoisdassise-toulouse.fr\/?page_id=2119","og_locale":"en_US","og_type":"article","og_title":"Communaut\u00e9 de l\u2019Emmanuel - Saint Fran\u00e7ois d&#039;Assise","og_description":"Communaut\u00e9 de l\u2019Emmanuel La communaut\u00e9 de l&#8217;Emmanuel est une association internationale de fid\u00e8les catholiques reconnue par l&#8217;\u00c9glise. Fond\u00e9e en 1972 \u00e0 Paris, elle rassemble des la\u00efcs, des pr\u00eatres et des consacr\u00e9s d\u00e9sireux de vivre pleinement leur foi chr\u00e9tienne et de t\u00e9moigner de l&#8217;amour de Dieu. La communaut\u00e9 se distingue par son charisme d&#8217;adoration, de compassion et d&#8217;\u00e9vang\u00e9lisation. Les membres de l&#8217;Emmanuel se r\u00e9unissent r\u00e9guli\u00e8rement pour des temps de pri\u00e8re, de partage et de formation. L&#8217;adoration eucharistique est au c\u0153ur de leur spiritualit\u00e9, offrant un moment privil\u00e9gi\u00e9 de rencontre avec le Christ. Sur la paroisse, plusieurs membres de la communaut\u00e9 sont...","og_url":"https:\/\/saintfrancoisdassise-toulouse.fr\/?page_id=2119","og_site_name":"Saint Fran\u00e7ois d&#039;Assise","article_modified_time":"2025-02-10T14:33:57+00:00","og_image":[{"url":"http:\/\/saintfrancoisdassise-toulouse.fr\/wp-content\/uploads\/2024\/11\/Cte-Emmanuel.png","type":"","width":"","height":""}],"twitter_card":"summary_large_image","twitter_misc":{"Est. reading time":"1 minute"},"schema":{"@context":"https:\/\/schema.org","@graph":[{"@type":"WebPage","@id":"https:\/\/saintfrancoisdassise-toulouse.fr\/?page_id=2119","url":"https:\/\/saintfrancoisdassise-toulouse.fr\/?page_id=2119","name":"Communaut\u00e9 de l\u2019Emmanuel - Saint Fran\u00e7ois d&#039;Assise","isPartOf":{"@id":"https:\/\/saintfrancoisdassise-toulouse.fr\/#website"},"primaryImageOfPage":{"@id":"https:\/\/saintfrancoisdassise-toulouse.fr\/?page_id=2119#primaryimage"},"image":{"@id":"https:\/\/saintfrancoisdassise-toulouse.fr\/?page_id=2119#primaryimage"},"thumbnailUrl":"http:\/\/saintfrancoisdassise-toulouse.fr\/wp-content\/uploads\/2024\/11\/Cte-Emmanuel.png","datePublished":"2024-08-12T13:46:13+00:00","dateModified":"2025-02-10T14:33:57+00:00","breadcrumb":{"@id":"https:\/\/saintfrancoisdassise-toulouse.fr\/?page_id=2119#breadcrumb"},"inLanguage":"en-US","potentialAction":[{"@type":"ReadAction","target":["https:\/\/saintfrancoisdassise-toulouse.fr\/?page_id=2119"]}]},{"@type":"ImageObject","inLanguage":"en-US","@id":"https:\/\/saintfrancoisdassise-toulouse.fr\/?page_id=2119#primaryimage","url":"https:\/\/saintfrancoisdassise-toulouse.fr\/wp-content\/uploads\/2024\/11\/Cte-Emmanuel.png","contentUrl":"https:\/\/saintfrancoisdassise-toulouse.fr\/wp-content\/uploads\/2024\/11\/Cte-Emmanuel.png","width":431,"height":605},{"@type":"BreadcrumbList","@id":"https:\/\/saintfrancoisdassise-toulouse.fr\/?page_id=2119#breadcrumb","itemListElement":[{"@type":"ListItem","position":1,"name":"Accueil","item":"https:\/\/saintfrancoisdassise-toulouse.fr\/"},{"@type":"ListItem","position":2,"name":"Communaut\u00e9 de l\u2019Emmanuel"}]},{"@type":"WebSite","@id":"https:\/\/saintfrancoisdassise-toulouse.fr\/#website","url":"https:\/\/saintfrancoisdassise-toulouse.fr\/","name":"Saint Fran\u00e7ois d'Assise","description":"106 bis avenue Camille Pujol, 31500 Toulouse","potentialAction":[{"@type":"SearchAction","target":{"@type":"EntryPoint","urlTemplate":"https:\/\/saintfrancoisdassise-toulouse.fr\/?s={search_term_string}"},"query-input":{"@type":"PropertyValueSpecification","valueRequired":true,"valueName":"search_term_string"}}],"inLanguage":"en-US"}]}},"_links":{"self":[{"href":"https:\/\/saintfrancoisdassise-toulouse.fr\/index.php?rest_route=\/wp\/v2\/pages\/2119","targetHints":{"allow":["GET"]}}],"collection":[{"href":"https:\/\/saintfrancoisdassise-toulouse.fr\/index.php?rest_route=\/wp\/v2\/pages"}],"about":[{"href":"https:\/\/saintfrancoisdassise-toulouse.fr\/index.php?rest_route=\/wp\/v2\/types\/page"}],"author":[{"embeddable":true,"href":"https:\/\/saintfrancoisdassise-toulouse.fr\/index.php?rest_route=\/wp\/v2\/users\/2"}],"replies":[{"embeddable":true,"href":"https:\/\/saintfrancoisdassise-toulouse.fr\/index.php?rest_route=%2Fwp%2Fv2%2Fcomments&post=2119"}],"version-history":[{"count":13,"href":"https:\/\/saintfrancoisdassise-toulouse.fr\/index.php?rest_route=\/wp\/v2\/pages\/2119\/revisions"}],"predecessor-version":[{"id":2667,"href":"https:\/\/saintfrancoisdassise-toulouse.fr\/index.php?rest_route=\/wp\/v2\/pages\/2119\/revisions\/2667"}],"wp:attachment":[{"href":"https:\/\/saintfrancoisdassise-toulouse.fr\/index.php?rest_route=%2Fwp%2Fv2%2Fmedia&parent=2119"}],"curies":[{"name":"wp","href":"https:\/\/api.w.org\/{rel}","templated":true}]}}