{"id":2124,"date":"2024-08-12T15:47:44","date_gmt":"2024-08-12T13:47:44","guid":{"rendered":"https:\/\/saintfrancoisdassise-toulouse.fr\/?page_id=2124"},"modified":"2025-02-10T15:38:02","modified_gmt":"2025-02-10T14:38:02","slug":"communaute-maronite","status":"publish","type":"page","link":"https:\/\/saintfrancoisdassise-toulouse.fr\/?page_id=2124","title":{"rendered":"Communaut\u00e9 Maronite"},"content":{"rendered":"\t\t<div data-elementor-type=\"wp-page\" data-elementor-id=\"2124\" class=\"elementor elementor-2124\">\n\t\t\t\t<div class=\"elementor-element elementor-element-36b9ab96 e-flex e-con-boxed e-con e-parent\" data-id=\"36b9ab96\" data-element_type=\"container\" data-e-type=\"container\">\n\t\t\t\t\t<div class=\"e-con-inner\">\n\t\t\t\t<div class=\"elementor-element elementor-element-18f83efd elementor-widget elementor-widget-heading\" data-id=\"18f83efd\" data-element_type=\"widget\" data-e-type=\"widget\" data-widget_type=\"heading.default\">\n\t\t\t\t<div class=\"elementor-widget-container\">\n\t\t\t\t\t<h1 class=\"elementor-heading-title elementor-size-default\">Communaut\u00e9 Maronite <\/h1>\t\t\t\t<\/div>\n\t\t\t\t<\/div>\n\t\t\t\t\t<\/div>\n\t\t\t\t<\/div>\n\t\t<div class=\"elementor-element elementor-element-3912a544 e-flex e-con-boxed e-con e-parent\" data-id=\"3912a544\" data-element_type=\"container\" data-e-type=\"container\">\n\t\t\t\t\t<div class=\"e-con-inner\">\n\t\t<div class=\"elementor-element elementor-element-256912a7 e-con-full e-flex e-con e-child\" data-id=\"256912a7\" data-element_type=\"container\" data-e-type=\"container\">\n\t\t\t\t<div class=\"elementor-element elementor-element-2e3ea0a elementor-widget elementor-widget-image\" data-id=\"2e3ea0a\" data-element_type=\"widget\" data-e-type=\"widget\" data-widget_type=\"image.default\">\n\t\t\t\t<div class=\"elementor-widget-container\">\n\t\t\t\t\t\t\t\t\t\t\t\t\t\t\t<img fetchpriority=\"high\" decoding=\"async\" width=\"552\" height=\"299\" src=\"https:\/\/saintfrancoisdassise-toulouse.fr\/wp-content\/uploads\/2024\/12\/Maronite.png\" class=\"attachment-large size-large wp-image-2529\" alt=\"\" srcset=\"https:\/\/saintfrancoisdassise-toulouse.fr\/wp-content\/uploads\/2024\/12\/Maronite.png 552w, https:\/\/saintfrancoisdassise-toulouse.fr\/wp-content\/uploads\/2024\/12\/Maronite-300x163.png 300w\" sizes=\"(max-width: 552px) 100vw, 552px\" \/>\t\t\t\t\t\t\t\t\t\t\t\t\t\t\t<\/div>\n\t\t\t\t<\/div>\n\t\t\t\t<\/div>\n\t\t<div class=\"elementor-element elementor-element-701c6794 e-con-full e-flex e-con e-child\" data-id=\"701c6794\" data-element_type=\"container\" data-e-type=\"container\">\n\t\t\t\t<div class=\"elementor-element elementor-element-614c68a3 elementor-widget elementor-widget-text-editor\" data-id=\"614c68a3\" data-element_type=\"widget\" data-e-type=\"widget\" data-widget_type=\"text-editor.default\">\n\t\t\t\t<div class=\"elementor-widget-container\">\n\t\t\t\t\t\t\t\t\t<p>L&#8217;\u00e9glise St Fran\u00e7ois d&#8217;Assise est aussi le lieu de culte de la paroisse maronite.<\/p><p><strong>Elle organise chaque dimanche une messe maronite\u00a0<br \/>en l\u2019\u00e9glise Saint-Fran\u00e7ois d\u2019Assise.<\/strong><\/p><p>Messes\u00a0<strong>le dimanche \u00e0 18h en \u00e9t\u00e9<\/strong>\u00a0(de mai \u00e0 octobre)\u00a0<strong>et \u00e0 17h en hiver\u00a0<\/strong>(de novembre \u00e0 avril).<\/p>\t\t\t\t\t\t\t\t<\/div>\n\t\t\t\t<\/div>\n\t\t\t\t<\/div>\n\t\t\t\t\t<\/div>\n\t\t\t\t<\/div>\n\t\t<div class=\"elementor-element elementor-element-8f89b6a e-flex e-con-boxed e-con e-parent\" data-id=\"8f89b6a\" data-element_type=\"container\" data-e-type=\"container\" data-settings=\"{&quot;background_background&quot;:&quot;classic&quot;}\">\n\t\t\t\t\t<div class=\"e-con-inner\">\n\t\t<div class=\"elementor-element elementor-element-21fb61e3 e-flex e-con-boxed e-con e-child\" data-id=\"21fb61e3\" data-element_type=\"container\" data-e-type=\"container\" data-settings=\"{&quot;background_background&quot;:&quot;classic&quot;}\">\n\t\t\t\t\t<div class=\"e-con-inner\">\n\t\t\t\t<div class=\"elementor-element elementor-element-5f7ca3e4 elementor-widget elementor-widget-text-editor\" data-id=\"5f7ca3e4\" data-element_type=\"widget\" data-e-type=\"widget\" data-widget_type=\"text-editor.default\">\n\t\t\t\t<div class=\"elementor-widget-container\">\n\t\t\t\t\t\t\t\t\t<p>Le cur\u00e9 de la Mission maronite de Toulouse est le P\u00e8re Tanios BTEICH.<br \/><br \/>\u25ba Contact\u00a0:<br \/>T\u00e9l. 06 47 89 96 89<br \/>mail\u00a0:\u00a0<span style=\"color: #ffffff;\"><a style=\"color: #ffffff; text-decoration-line: underline;\" href=\"mailto:bteich_tanios@hotmail.com\">bteich_tanios@hotmail.com<\/a><\/span><\/p>\t\t\t\t\t\t\t\t<\/div>\n\t\t\t\t<\/div>\n\t\t\t\t\t<\/div>\n\t\t\t\t<\/div>\n\t\t\t\t\t<\/div>\n\t\t\t\t<\/div>\n\t\t\t\t<\/div>\n\t\t","protected":false},"excerpt":{"rendered":"<p>Communaut\u00e9 Maronite L&#8217;\u00e9glise St Fran\u00e7ois d&#8217;Assise est aussi le lieu de culte de la paroisse maronite. Elle organise chaque dimanche une messe maronite\u00a0en l\u2019\u00e9glise Saint-Fran\u00e7ois d\u2019Assise. Messes\u00a0le dimanche \u00e0 18h en \u00e9t\u00e9\u00a0(de mai \u00e0 octobre)\u00a0et \u00e0 17h en hiver\u00a0(de novembre \u00e0 avril). Le cur\u00e9 de la Mission maronite de Toulouse est le P\u00e8re Tanios BTEICH. \u25ba Contact\u00a0:T\u00e9l. 06 47 89 96 89mail\u00a0:\u00a0bteich_tanios@hotmail.com<\/p>\n","protected":false},"author":2,"featured_media":0,"parent":0,"menu_order":0,"comment_status":"closed","ping_status":"closed","template":"template-parts\/page-template-full-width.php","meta":{"footnotes":""},"class_list":["post-2124","page","type-page","status-publish","hentry"],"yoast_head":"<!-- This site is optimized with the Yoast SEO plugin v24.4 - https:\/\/yoast.com\/wordpress\/plugins\/seo\/ -->\n<title>Communaut\u00e9 Maronite - Saint Fran\u00e7ois d&#039;Assise<\/title>\n<meta name=\"robots\" content=\"index, follow, max-snippet:-1, max-image-preview:large, max-video-preview:-1\" \/>\n<link rel=\"canonical\" href=\"https:\/\/saintfrancoisdassise-toulouse.fr\/?page_id=2124\" \/>\n<meta property=\"og:locale\" content=\"en_US\" \/>\n<meta property=\"og:type\" content=\"article\" \/>\n<meta property=\"og:title\" content=\"Communaut\u00e9 Maronite - Saint Fran\u00e7ois d&#039;Assise\" \/>\n<meta property=\"og:description\" content=\"Communaut\u00e9 Maronite L&#8217;\u00e9glise St Fran\u00e7ois d&#8217;Assise est aussi le lieu de culte de la paroisse maronite. Elle organise chaque dimanche une messe maronite\u00a0en l\u2019\u00e9glise Saint-Fran\u00e7ois d\u2019Assise. Messes\u00a0le dimanche \u00e0 18h en \u00e9t\u00e9\u00a0(de mai \u00e0 octobre)\u00a0et \u00e0 17h en hiver\u00a0(de novembre \u00e0 avril). Le cur\u00e9 de la Mission maronite de Toulouse est le P\u00e8re Tanios BTEICH. \u25ba Contact\u00a0:T\u00e9l. 06 47 89 96 89mail\u00a0:\u00a0bteich_tanios@hotmail.com\" \/>\n<meta property=\"og:url\" content=\"https:\/\/saintfrancoisdassise-toulouse.fr\/?page_id=2124\" \/>\n<meta property=\"og:site_name\" content=\"Saint Fran\u00e7ois d&#039;Assise\" \/>\n<meta property=\"article:modified_time\" content=\"2025-02-10T14:38:02+00:00\" \/>\n<meta property=\"og:image\" content=\"http:\/\/saintfrancoisdassise-toulouse.fr\/wp-content\/uploads\/2024\/12\/Maronite.png\" \/>\n<meta name=\"twitter:card\" content=\"summary_large_image\" \/>\n<script type=\"application\/ld+json\" class=\"yoast-schema-graph\">{\"@context\":\"https:\/\/schema.org\",\"@graph\":[{\"@type\":\"WebPage\",\"@id\":\"https:\/\/saintfrancoisdassise-toulouse.fr\/?page_id=2124\",\"url\":\"https:\/\/saintfrancoisdassise-toulouse.fr\/?page_id=2124\",\"name\":\"Communaut\u00e9 Maronite - Saint Fran\u00e7ois d&#039;Assise\",\"isPartOf\":{\"@id\":\"https:\/\/saintfrancoisdassise-toulouse.fr\/#website\"},\"primaryImageOfPage\":{\"@id\":\"https:\/\/saintfrancoisdassise-toulouse.fr\/?page_id=2124#primaryimage\"},\"image\":{\"@id\":\"https:\/\/saintfrancoisdassise-toulouse.fr\/?page_id=2124#primaryimage\"},\"thumbnailUrl\":\"http:\/\/saintfrancoisdassise-toulouse.fr\/wp-content\/uploads\/2024\/12\/Maronite.png\",\"datePublished\":\"2024-08-12T13:47:44+00:00\",\"dateModified\":\"2025-02-10T14:38:02+00:00\",\"breadcrumb\":{\"@id\":\"https:\/\/saintfrancoisdassise-toulouse.fr\/?page_id=2124#breadcrumb\"},\"inLanguage\":\"en-US\",\"potentialAction\":[{\"@type\":\"ReadAction\",\"target\":[\"https:\/\/saintfrancoisdassise-toulouse.fr\/?page_id=2124\"]}]},{\"@type\":\"ImageObject\",\"inLanguage\":\"en-US\",\"@id\":\"https:\/\/saintfrancoisdassise-toulouse.fr\/?page_id=2124#primaryimage\",\"url\":\"https:\/\/saintfrancoisdassise-toulouse.fr\/wp-content\/uploads\/2024\/12\/Maronite.png\",\"contentUrl\":\"https:\/\/saintfrancoisdassise-toulouse.fr\/wp-content\/uploads\/2024\/12\/Maronite.png\",\"width\":552,\"height\":299},{\"@type\":\"BreadcrumbList\",\"@id\":\"https:\/\/saintfrancoisdassise-toulouse.fr\/?page_id=2124#breadcrumb\",\"itemListElement\":[{\"@type\":\"ListItem\",\"position\":1,\"name\":\"Accueil\",\"item\":\"https:\/\/saintfrancoisdassise-toulouse.fr\/\"},{\"@type\":\"ListItem\",\"position\":2,\"name\":\"Communaut\u00e9 Maronite\"}]},{\"@type\":\"WebSite\",\"@id\":\"https:\/\/saintfrancoisdassise-toulouse.fr\/#website\",\"url\":\"https:\/\/saintfrancoisdassise-toulouse.fr\/\",\"name\":\"Saint Fran\u00e7ois d'Assise\",\"description\":\"106 bis avenue Camille Pujol, 31500 Toulouse\",\"potentialAction\":[{\"@type\":\"SearchAction\",\"target\":{\"@type\":\"EntryPoint\",\"urlTemplate\":\"https:\/\/saintfrancoisdassise-toulouse.fr\/?s={search_term_string}\"},\"query-input\":{\"@type\":\"PropertyValueSpecification\",\"valueRequired\":true,\"valueName\":\"search_term_string\"}}],\"inLanguage\":\"en-US\"}]}<\/script>\n<!-- \/ Yoast SEO plugin. -->","yoast_head_json":{"title":"Communaut\u00e9 Maronite - Saint Fran\u00e7ois d&#039;Assise","robots":{"index":"index","follow":"follow","max-snippet":"max-snippet:-1","max-image-preview":"max-image-preview:large","max-video-preview":"max-video-preview:-1"},"canonical":"https:\/\/saintfrancoisdassise-toulouse.fr\/?page_id=2124","og_locale":"en_US","og_type":"article","og_title":"Communaut\u00e9 Maronite - Saint Fran\u00e7ois d&#039;Assise","og_description":"Communaut\u00e9 Maronite L&#8217;\u00e9glise St Fran\u00e7ois d&#8217;Assise est aussi le lieu de culte de la paroisse maronite. Elle organise chaque dimanche une messe maronite\u00a0en l\u2019\u00e9glise Saint-Fran\u00e7ois d\u2019Assise. Messes\u00a0le dimanche \u00e0 18h en \u00e9t\u00e9\u00a0(de mai \u00e0 octobre)\u00a0et \u00e0 17h en hiver\u00a0(de novembre \u00e0 avril). Le cur\u00e9 de la Mission maronite de Toulouse est le P\u00e8re Tanios BTEICH. \u25ba Contact\u00a0:T\u00e9l. 06 47 89 96 89mail\u00a0:\u00a0bteich_tanios@hotmail.com","og_url":"https:\/\/saintfrancoisdassise-toulouse.fr\/?page_id=2124","og_site_name":"Saint Fran\u00e7ois d&#039;Assise","article_modified_time":"2025-02-10T14:38:02+00:00","og_image":[{"url":"http:\/\/saintfrancoisdassise-toulouse.fr\/wp-content\/uploads\/2024\/12\/Maronite.png","type":"","width":"","height":""}],"twitter_card":"summary_large_image","schema":{"@context":"https:\/\/schema.org","@graph":[{"@type":"WebPage","@id":"https:\/\/saintfrancoisdassise-toulouse.fr\/?page_id=2124","url":"https:\/\/saintfrancoisdassise-toulouse.fr\/?page_id=2124","name":"Communaut\u00e9 Maronite - Saint Fran\u00e7ois d&#039;Assise","isPartOf":{"@id":"https:\/\/saintfrancoisdassise-toulouse.fr\/#website"},"primaryImageOfPage":{"@id":"https:\/\/saintfrancoisdassise-toulouse.fr\/?page_id=2124#primaryimage"},"image":{"@id":"https:\/\/saintfrancoisdassise-toulouse.fr\/?page_id=2124#primaryimage"},"thumbnailUrl":"http:\/\/saintfrancoisdassise-toulouse.fr\/wp-content\/uploads\/2024\/12\/Maronite.png","datePublished":"2024-08-12T13:47:44+00:00","dateModified":"2025-02-10T14:38:02+00:00","breadcrumb":{"@id":"https:\/\/saintfrancoisdassise-toulouse.fr\/?page_id=2124#breadcrumb"},"inLanguage":"en-US","potentialAction":[{"@type":"ReadAction","target":["https:\/\/saintfrancoisdassise-toulouse.fr\/?page_id=2124"]}]},{"@type":"ImageObject","inLanguage":"en-US","@id":"https:\/\/saintfrancoisdassise-toulouse.fr\/?page_id=2124#primaryimage","url":"https:\/\/saintfrancoisdassise-toulouse.fr\/wp-content\/uploads\/2024\/12\/Maronite.png","contentUrl":"https:\/\/saintfrancoisdassise-toulouse.fr\/wp-content\/uploads\/2024\/12\/Maronite.png","width":552,"height":299},{"@type":"BreadcrumbList","@id":"https:\/\/saintfrancoisdassise-toulouse.fr\/?page_id=2124#breadcrumb","itemListElement":[{"@type":"ListItem","position":1,"name":"Accueil","item":"https:\/\/saintfrancoisdassise-toulouse.fr\/"},{"@type":"ListItem","position":2,"name":"Communaut\u00e9 Maronite"}]},{"@type":"WebSite","@id":"https:\/\/saintfrancoisdassise-toulouse.fr\/#website","url":"https:\/\/saintfrancoisdassise-toulouse.fr\/","name":"Saint Fran\u00e7ois d'Assise","description":"106 bis avenue Camille Pujol, 31500 Toulouse","potentialAction":[{"@type":"SearchAction","target":{"@type":"EntryPoint","urlTemplate":"https:\/\/saintfrancoisdassise-toulouse.fr\/?s={search_term_string}"},"query-input":{"@type":"PropertyValueSpecification","valueRequired":true,"valueName":"search_term_string"}}],"inLanguage":"en-US"}]}},"_links":{"self":[{"href":"https:\/\/saintfrancoisdassise-toulouse.fr\/index.php?rest_route=\/wp\/v2\/pages\/2124","targetHints":{"allow":["GET"]}}],"collection":[{"href":"https:\/\/saintfrancoisdassise-toulouse.fr\/index.php?rest_route=\/wp\/v2\/pages"}],"about":[{"href":"https:\/\/saintfrancoisdassise-toulouse.fr\/index.php?rest_route=\/wp\/v2\/types\/page"}],"author":[{"embeddable":true,"href":"https:\/\/saintfrancoisdassise-toulouse.fr\/index.php?rest_route=\/wp\/v2\/users\/2"}],"replies":[{"embeddable":true,"href":"https:\/\/saintfrancoisdassise-toulouse.fr\/index.php?rest_route=%2Fwp%2Fv2%2Fcomments&post=2124"}],"version-history":[{"count":13,"href":"https:\/\/saintfrancoisdassise-toulouse.fr\/index.php?rest_route=\/wp\/v2\/pages\/2124\/revisions"}],"predecessor-version":[{"id":2676,"href":"https:\/\/saintfrancoisdassise-toulouse.fr\/index.php?rest_route=\/wp\/v2\/pages\/2124\/revisions\/2676"}],"wp:attachment":[{"href":"https:\/\/saintfrancoisdassise-toulouse.fr\/index.php?rest_route=%2Fwp%2Fv2%2Fmedia&parent=2124"}],"curies":[{"name":"wp","href":"https:\/\/api.w.org\/{rel}","templated":true}]}}