{"id":2600,"date":"2025-02-09T21:22:41","date_gmt":"2025-02-09T20:22:41","guid":{"rendered":"https:\/\/saintfrancoisdassise-toulouse.fr\/?page_id=2600"},"modified":"2025-02-09T23:07:37","modified_gmt":"2025-02-09T22:07:37","slug":"elementor-2600","status":"publish","type":"page","link":"https:\/\/saintfrancoisdassise-toulouse.fr\/?page_id=2600","title":{"rendered":"Chorale et musiciens"},"content":{"rendered":"\t\t<div data-elementor-type=\"wp-page\" data-elementor-id=\"2600\" class=\"elementor elementor-2600\">\n\t\t\t\t<div class=\"elementor-element elementor-element-ad58599 e-flex e-con-boxed e-con e-parent\" data-id=\"ad58599\" data-element_type=\"container\" data-e-type=\"container\">\n\t\t\t\t\t<div class=\"e-con-inner\">\n\t\t\t\t<div class=\"elementor-element elementor-element-7bb5e89 elementor-widget elementor-widget-text-editor\" data-id=\"7bb5e89\" data-element_type=\"widget\" data-e-type=\"widget\" data-widget_type=\"text-editor.default\">\n\t\t\t\t<div class=\"elementor-widget-container\">\n\t\t\t\t\t\t\t\t\t<p>A St Fran\u00e7ois d&#8217;Assise, nous aimons les belles liturgies. Gr\u00e2ce \u00e0 la chorale et aux musiciens, nous sommes heureux de prier ensemble et de chanter notre Seigneur.<\/p>\t\t\t\t\t\t\t\t<\/div>\n\t\t\t\t<\/div>\n\t\t\t\t\t<\/div>\n\t\t\t\t<\/div>\n\t\t<div class=\"elementor-element elementor-element-e69564d e-flex e-con-boxed e-con e-parent\" data-id=\"e69564d\" data-element_type=\"container\" data-e-type=\"container\">\n\t\t\t\t\t<div class=\"e-con-inner\">\n\t\t\t\t<div class=\"elementor-element elementor-element-ae64b4b elementor-widget elementor-widget-image\" data-id=\"ae64b4b\" data-element_type=\"widget\" data-e-type=\"widget\" data-widget_type=\"image.default\">\n\t\t\t\t<div class=\"elementor-widget-container\">\n\t\t\t\t\t\t\t\t\t\t\t\t\t\t\t<img fetchpriority=\"high\" decoding=\"async\" width=\"300\" height=\"300\" src=\"https:\/\/saintfrancoisdassise-toulouse.fr\/wp-content\/uploads\/2025\/02\/Design-sans-titre-5-300x300.jpg\" class=\"attachment-medium size-medium wp-image-2640\" alt=\"\" srcset=\"https:\/\/saintfrancoisdassise-toulouse.fr\/wp-content\/uploads\/2025\/02\/Design-sans-titre-5-300x300.jpg 300w, https:\/\/saintfrancoisdassise-toulouse.fr\/wp-content\/uploads\/2025\/02\/Design-sans-titre-5-150x150.jpg 150w, https:\/\/saintfrancoisdassise-toulouse.fr\/wp-content\/uploads\/2025\/02\/Design-sans-titre-5-768x768.jpg 768w, https:\/\/saintfrancoisdassise-toulouse.fr\/wp-content\/uploads\/2025\/02\/Design-sans-titre-5.jpg 1024w\" sizes=\"(max-width: 300px) 100vw, 300px\" \/>\t\t\t\t\t\t\t\t\t\t\t\t\t\t\t<\/div>\n\t\t\t\t<\/div>\n\t\t\t\t\t<\/div>\n\t\t\t\t<\/div>\n\t\t<div class=\"elementor-element elementor-element-096717f e-flex e-con-boxed e-con e-parent\" data-id=\"096717f\" data-element_type=\"container\" data-e-type=\"container\">\n\t\t\t\t\t<div class=\"e-con-inner\">\n\t\t\t\t<div class=\"elementor-element elementor-element-130e6bd elementor-widget elementor-widget-text-editor\" data-id=\"130e6bd\" data-element_type=\"widget\" data-e-type=\"widget\" data-widget_type=\"text-editor.default\">\n\t\t\t\t<div class=\"elementor-widget-container\">\n\t\t\t\t\t\t\t\t\t<p>Vous souhaitez rejoindre la chorale\u202f?<\/p><p>Elle se r\u00e9unit le jeudi soir tous les 15 jours pour apprendre de nouveaux chants et r\u00e9p\u00e9ter les diff\u00e9rentes voix.\u00a0<\/p><p>Vous jouez d&#8217;un instrument et voulez rejoindre un groupe de musiciens\u202f?<\/p><p>Prenez contact avec Beno\u00eet DACRE-WRIGHT.<\/p>\t\t\t\t\t\t\t\t<\/div>\n\t\t\t\t<\/div>\n\t\t\t\t\t<\/div>\n\t\t\t\t<\/div>\n\t\t\t\t<\/div>\n\t\t","protected":false},"excerpt":{"rendered":"<p>A St Fran\u00e7ois d&#8217;Assise, nous aimons les belles liturgies. Gr\u00e2ce \u00e0 la chorale et aux musiciens, nous sommes heureux de prier ensemble et de chanter notre Seigneur. Vous souhaitez rejoindre la chorale\u202f? Elle se r\u00e9unit le jeudi soir tous les 15 jours pour apprendre de nouveaux chants et r\u00e9p\u00e9ter les diff\u00e9rentes voix.\u00a0 Vous jouez d&#8217;un instrument et voulez rejoindre un groupe de musiciens\u202f? Prenez contact avec Beno\u00eet DACRE-WRIGHT.<\/p>\n","protected":false},"author":4,"featured_media":0,"parent":0,"menu_order":0,"comment_status":"closed","ping_status":"closed","template":"","meta":{"footnotes":""},"class_list":["post-2600","page","type-page","status-publish","hentry"],"yoast_head":"<!-- This site is optimized with the Yoast SEO plugin v24.4 - https:\/\/yoast.com\/wordpress\/plugins\/seo\/ -->\n<title>Chorale et musiciens - Saint Fran\u00e7ois d&#039;Assise<\/title>\n<meta name=\"robots\" content=\"index, follow, max-snippet:-1, max-image-preview:large, max-video-preview:-1\" \/>\n<link rel=\"canonical\" href=\"https:\/\/saintfrancoisdassise-toulouse.fr\/?page_id=2600\" \/>\n<meta property=\"og:locale\" content=\"en_US\" \/>\n<meta property=\"og:type\" content=\"article\" \/>\n<meta property=\"og:title\" content=\"Chorale et musiciens - Saint Fran\u00e7ois d&#039;Assise\" \/>\n<meta property=\"og:description\" content=\"A St Fran\u00e7ois d&#8217;Assise, nous aimons les belles liturgies. Gr\u00e2ce \u00e0 la chorale et aux musiciens, nous sommes heureux de prier ensemble et de chanter notre Seigneur. Vous souhaitez rejoindre la chorale\u202f? Elle se r\u00e9unit le jeudi soir tous les 15 jours pour apprendre de nouveaux chants et r\u00e9p\u00e9ter les diff\u00e9rentes voix.\u00a0 Vous jouez d&#8217;un instrument et voulez rejoindre un groupe de musiciens\u202f? Prenez contact avec Beno\u00eet DACRE-WRIGHT.\" \/>\n<meta property=\"og:url\" content=\"https:\/\/saintfrancoisdassise-toulouse.fr\/?page_id=2600\" \/>\n<meta property=\"og:site_name\" content=\"Saint Fran\u00e7ois d&#039;Assise\" \/>\n<meta property=\"article:modified_time\" content=\"2025-02-09T22:07:37+00:00\" \/>\n<meta property=\"og:image\" content=\"http:\/\/saintfrancoisdassise-toulouse.fr\/wp-content\/uploads\/2025\/02\/Design-sans-titre-5-300x300.jpg\" \/>\n<meta name=\"twitter:card\" content=\"summary_large_image\" \/>\n<script type=\"application\/ld+json\" class=\"yoast-schema-graph\">{\"@context\":\"https:\/\/schema.org\",\"@graph\":[{\"@type\":\"WebPage\",\"@id\":\"https:\/\/saintfrancoisdassise-toulouse.fr\/?page_id=2600\",\"url\":\"https:\/\/saintfrancoisdassise-toulouse.fr\/?page_id=2600\",\"name\":\"Chorale et musiciens - Saint Fran\u00e7ois d&#039;Assise\",\"isPartOf\":{\"@id\":\"https:\/\/saintfrancoisdassise-toulouse.fr\/#website\"},\"primaryImageOfPage\":{\"@id\":\"https:\/\/saintfrancoisdassise-toulouse.fr\/?page_id=2600#primaryimage\"},\"image\":{\"@id\":\"https:\/\/saintfrancoisdassise-toulouse.fr\/?page_id=2600#primaryimage\"},\"thumbnailUrl\":\"http:\/\/saintfrancoisdassise-toulouse.fr\/wp-content\/uploads\/2025\/02\/Design-sans-titre-5-300x300.jpg\",\"datePublished\":\"2025-02-09T20:22:41+00:00\",\"dateModified\":\"2025-02-09T22:07:37+00:00\",\"breadcrumb\":{\"@id\":\"https:\/\/saintfrancoisdassise-toulouse.fr\/?page_id=2600#breadcrumb\"},\"inLanguage\":\"en-US\",\"potentialAction\":[{\"@type\":\"ReadAction\",\"target\":[\"https:\/\/saintfrancoisdassise-toulouse.fr\/?page_id=2600\"]}]},{\"@type\":\"ImageObject\",\"inLanguage\":\"en-US\",\"@id\":\"https:\/\/saintfrancoisdassise-toulouse.fr\/?page_id=2600#primaryimage\",\"url\":\"https:\/\/saintfrancoisdassise-toulouse.fr\/wp-content\/uploads\/2025\/02\/Design-sans-titre-5.jpg\",\"contentUrl\":\"https:\/\/saintfrancoisdassise-toulouse.fr\/wp-content\/uploads\/2025\/02\/Design-sans-titre-5.jpg\",\"width\":1024,\"height\":1024},{\"@type\":\"BreadcrumbList\",\"@id\":\"https:\/\/saintfrancoisdassise-toulouse.fr\/?page_id=2600#breadcrumb\",\"itemListElement\":[{\"@type\":\"ListItem\",\"position\":1,\"name\":\"Accueil\",\"item\":\"https:\/\/saintfrancoisdassise-toulouse.fr\/\"},{\"@type\":\"ListItem\",\"position\":2,\"name\":\"Chorale et musiciens\"}]},{\"@type\":\"WebSite\",\"@id\":\"https:\/\/saintfrancoisdassise-toulouse.fr\/#website\",\"url\":\"https:\/\/saintfrancoisdassise-toulouse.fr\/\",\"name\":\"Saint Fran\u00e7ois d'Assise\",\"description\":\"106 bis avenue Camille Pujol, 31500 Toulouse\",\"potentialAction\":[{\"@type\":\"SearchAction\",\"target\":{\"@type\":\"EntryPoint\",\"urlTemplate\":\"https:\/\/saintfrancoisdassise-toulouse.fr\/?s={search_term_string}\"},\"query-input\":{\"@type\":\"PropertyValueSpecification\",\"valueRequired\":true,\"valueName\":\"search_term_string\"}}],\"inLanguage\":\"en-US\"}]}<\/script>\n<!-- \/ Yoast SEO plugin. -->","yoast_head_json":{"title":"Chorale et musiciens - Saint Fran\u00e7ois d&#039;Assise","robots":{"index":"index","follow":"follow","max-snippet":"max-snippet:-1","max-image-preview":"max-image-preview:large","max-video-preview":"max-video-preview:-1"},"canonical":"https:\/\/saintfrancoisdassise-toulouse.fr\/?page_id=2600","og_locale":"en_US","og_type":"article","og_title":"Chorale et musiciens - Saint Fran\u00e7ois d&#039;Assise","og_description":"A St Fran\u00e7ois d&#8217;Assise, nous aimons les belles liturgies. Gr\u00e2ce \u00e0 la chorale et aux musiciens, nous sommes heureux de prier ensemble et de chanter notre Seigneur. Vous souhaitez rejoindre la chorale\u202f? Elle se r\u00e9unit le jeudi soir tous les 15 jours pour apprendre de nouveaux chants et r\u00e9p\u00e9ter les diff\u00e9rentes voix.\u00a0 Vous jouez d&#8217;un instrument et voulez rejoindre un groupe de musiciens\u202f? Prenez contact avec Beno\u00eet DACRE-WRIGHT.","og_url":"https:\/\/saintfrancoisdassise-toulouse.fr\/?page_id=2600","og_site_name":"Saint Fran\u00e7ois d&#039;Assise","article_modified_time":"2025-02-09T22:07:37+00:00","og_image":[{"url":"http:\/\/saintfrancoisdassise-toulouse.fr\/wp-content\/uploads\/2025\/02\/Design-sans-titre-5-300x300.jpg","type":"","width":"","height":""}],"twitter_card":"summary_large_image","schema":{"@context":"https:\/\/schema.org","@graph":[{"@type":"WebPage","@id":"https:\/\/saintfrancoisdassise-toulouse.fr\/?page_id=2600","url":"https:\/\/saintfrancoisdassise-toulouse.fr\/?page_id=2600","name":"Chorale et musiciens - Saint Fran\u00e7ois d&#039;Assise","isPartOf":{"@id":"https:\/\/saintfrancoisdassise-toulouse.fr\/#website"},"primaryImageOfPage":{"@id":"https:\/\/saintfrancoisdassise-toulouse.fr\/?page_id=2600#primaryimage"},"image":{"@id":"https:\/\/saintfrancoisdassise-toulouse.fr\/?page_id=2600#primaryimage"},"thumbnailUrl":"http:\/\/saintfrancoisdassise-toulouse.fr\/wp-content\/uploads\/2025\/02\/Design-sans-titre-5-300x300.jpg","datePublished":"2025-02-09T20:22:41+00:00","dateModified":"2025-02-09T22:07:37+00:00","breadcrumb":{"@id":"https:\/\/saintfrancoisdassise-toulouse.fr\/?page_id=2600#breadcrumb"},"inLanguage":"en-US","potentialAction":[{"@type":"ReadAction","target":["https:\/\/saintfrancoisdassise-toulouse.fr\/?page_id=2600"]}]},{"@type":"ImageObject","inLanguage":"en-US","@id":"https:\/\/saintfrancoisdassise-toulouse.fr\/?page_id=2600#primaryimage","url":"https:\/\/saintfrancoisdassise-toulouse.fr\/wp-content\/uploads\/2025\/02\/Design-sans-titre-5.jpg","contentUrl":"https:\/\/saintfrancoisdassise-toulouse.fr\/wp-content\/uploads\/2025\/02\/Design-sans-titre-5.jpg","width":1024,"height":1024},{"@type":"BreadcrumbList","@id":"https:\/\/saintfrancoisdassise-toulouse.fr\/?page_id=2600#breadcrumb","itemListElement":[{"@type":"ListItem","position":1,"name":"Accueil","item":"https:\/\/saintfrancoisdassise-toulouse.fr\/"},{"@type":"ListItem","position":2,"name":"Chorale et musiciens"}]},{"@type":"WebSite","@id":"https:\/\/saintfrancoisdassise-toulouse.fr\/#website","url":"https:\/\/saintfrancoisdassise-toulouse.fr\/","name":"Saint Fran\u00e7ois d'Assise","description":"106 bis avenue Camille Pujol, 31500 Toulouse","potentialAction":[{"@type":"SearchAction","target":{"@type":"EntryPoint","urlTemplate":"https:\/\/saintfrancoisdassise-toulouse.fr\/?s={search_term_string}"},"query-input":{"@type":"PropertyValueSpecification","valueRequired":true,"valueName":"search_term_string"}}],"inLanguage":"en-US"}]}},"_links":{"self":[{"href":"https:\/\/saintfrancoisdassise-toulouse.fr\/index.php?rest_route=\/wp\/v2\/pages\/2600","targetHints":{"allow":["GET"]}}],"collection":[{"href":"https:\/\/saintfrancoisdassise-toulouse.fr\/index.php?rest_route=\/wp\/v2\/pages"}],"about":[{"href":"https:\/\/saintfrancoisdassise-toulouse.fr\/index.php?rest_route=\/wp\/v2\/types\/page"}],"author":[{"embeddable":true,"href":"https:\/\/saintfrancoisdassise-toulouse.fr\/index.php?rest_route=\/wp\/v2\/users\/4"}],"replies":[{"embeddable":true,"href":"https:\/\/saintfrancoisdassise-toulouse.fr\/index.php?rest_route=%2Fwp%2Fv2%2Fcomments&post=2600"}],"version-history":[{"count":11,"href":"https:\/\/saintfrancoisdassise-toulouse.fr\/index.php?rest_route=\/wp\/v2\/pages\/2600\/revisions"}],"predecessor-version":[{"id":2652,"href":"https:\/\/saintfrancoisdassise-toulouse.fr\/index.php?rest_route=\/wp\/v2\/pages\/2600\/revisions\/2652"}],"wp:attachment":[{"href":"https:\/\/saintfrancoisdassise-toulouse.fr\/index.php?rest_route=%2Fwp%2Fv2%2Fmedia&parent=2600"}],"curies":[{"name":"wp","href":"https:\/\/api.w.org\/{rel}","templated":true}]}}