{"id":725,"date":"2018-09-30T09:30:17","date_gmt":"2018-09-30T09:30:17","guid":{"rendered":"http:\/\/localhost\/www\/Mythemes\/modeling\/?page_id=725"},"modified":"2024-08-28T17:53:59","modified_gmt":"2024-08-28T15:53:59","slug":"full-width","status":"publish","type":"page","link":"https:\/\/saintfrancoisdassise-toulouse.fr\/?page_id=725","title":{"rendered":"Fleurir en Liturgie\u200b"},"content":{"rendered":"\t\t<div data-elementor-type=\"wp-page\" data-elementor-id=\"725\" class=\"elementor elementor-725\">\n\t\t\t\t<div class=\"elementor-element elementor-element-092889f e-flex e-con-boxed e-con e-parent\" data-id=\"092889f\" data-element_type=\"container\" data-e-type=\"container\">\n\t\t\t\t\t<div class=\"e-con-inner\">\n\t\t\t\t<div class=\"elementor-element elementor-element-e3d1faf elementor-widget elementor-widget-heading\" data-id=\"e3d1faf\" data-element_type=\"widget\" data-e-type=\"widget\" data-widget_type=\"heading.default\">\n\t\t\t\t<div class=\"elementor-widget-container\">\n\t\t\t\t\t<h1 class=\"elementor-heading-title elementor-size-default\">Fleurir en Liturgie<\/h1>\t\t\t\t<\/div>\n\t\t\t\t<\/div>\n\t\t\t\t\t<\/div>\n\t\t\t\t<\/div>\n\t\t<div class=\"elementor-element elementor-element-2f4743c e-flex e-con-boxed e-con e-parent\" data-id=\"2f4743c\" data-element_type=\"container\" data-e-type=\"container\">\n\t\t\t\t\t<div class=\"e-con-inner\">\n\t\t<div class=\"elementor-element elementor-element-9e58620 e-con-full e-flex e-con e-child\" data-id=\"9e58620\" data-element_type=\"container\" data-e-type=\"container\">\n\t\t\t\t<div class=\"elementor-element elementor-element-f1617f5 elementor-widget elementor-widget-image\" data-id=\"f1617f5\" data-element_type=\"widget\" data-e-type=\"widget\" data-widget_type=\"image.default\">\n\t\t\t\t<div class=\"elementor-widget-container\">\n\t\t\t\t\t\t\t\t\t\t\t\t\t\t\t<img fetchpriority=\"high\" decoding=\"async\" width=\"1024\" height=\"768\" src=\"https:\/\/saintfrancoisdassise-toulouse.fr\/wp-content\/uploads\/2024\/03\/Photo-1-1024x768.jpg\" class=\"attachment-large size-large wp-image-1098\" alt=\"\" srcset=\"https:\/\/saintfrancoisdassise-toulouse.fr\/wp-content\/uploads\/2024\/03\/Photo-1-1024x768.jpg 1024w, https:\/\/saintfrancoisdassise-toulouse.fr\/wp-content\/uploads\/2024\/03\/Photo-1-300x225.jpg 300w, https:\/\/saintfrancoisdassise-toulouse.fr\/wp-content\/uploads\/2024\/03\/Photo-1-768x576.jpg 768w, https:\/\/saintfrancoisdassise-toulouse.fr\/wp-content\/uploads\/2024\/03\/Photo-1-1536x1152.jpg 1536w, https:\/\/saintfrancoisdassise-toulouse.fr\/wp-content\/uploads\/2024\/03\/Photo-1-2048x1536.jpg 2048w\" sizes=\"(max-width: 1024px) 100vw, 1024px\" \/>\t\t\t\t\t\t\t\t\t\t\t\t\t\t\t<\/div>\n\t\t\t\t<\/div>\n\t\t\t\t<\/div>\n\t\t<div class=\"elementor-element elementor-element-74b0338 e-con-full e-flex e-con e-child\" data-id=\"74b0338\" data-element_type=\"container\" data-e-type=\"container\">\n\t\t\t\t<div class=\"elementor-element elementor-element-caa2a4e elementor-widget elementor-widget-text-editor\" data-id=\"caa2a4e\" data-element_type=\"widget\" data-e-type=\"widget\" data-widget_type=\"text-editor.default\">\n\t\t\t\t<div class=\"elementor-widget-container\">\n\t\t\t\t\t\t\t\t\t<p>\u00ab La fleur fait \u00c9glise \u00bb.<\/p><p>Elle nous rassemble et nous unit. La fleur dans sa beaut\u00e9 est symbole de la beaut\u00e9 de Dieu \u00ab de toute beaut\u00e9 \u00bb. Cette beaut\u00e9 nous aide \u00e0 vivre et nous conduit au bien. Le bouquet liturgique sugg\u00e8re, propose, n\u2019impose pas, ne s\u2019explique pas. Il n\u00e9cessite cependant une bonne technique au service de la cr\u00e9ativit\u00e9.<\/p><p>Nous rendons gr\u00e2ce sans cesse des talents que Dieu a mis en nos mains.<\/p><p>Si vous vous sentez attir\u00e9 par cette beaut\u00e9 et par cette spiritualit\u00e9, et que vous avez en vous une cr\u00e9ativit\u00e9 qui ne demande qu\u2019\u00e0 s\u2019\u00e9panouir, alors, sans plus tardez, rejoignez-nous\u00a0!<\/p>\t\t\t\t\t\t\t\t<\/div>\n\t\t\t\t<\/div>\n\t\t\t\t<\/div>\n\t\t\t\t\t<\/div>\n\t\t\t\t<\/div>\n\t\t<div class=\"elementor-element elementor-element-06d41d8 e-flex e-con-boxed e-con e-parent\" data-id=\"06d41d8\" data-element_type=\"container\" data-e-type=\"container\" data-settings=\"{&quot;background_background&quot;:&quot;classic&quot;}\">\n\t\t\t\t\t<div class=\"e-con-inner\">\n\t\t<div class=\"elementor-element elementor-element-5ce270c e-flex e-con-boxed e-con e-child\" data-id=\"5ce270c\" data-element_type=\"container\" data-e-type=\"container\">\n\t\t\t\t\t<div class=\"e-con-inner\">\n\t\t<div class=\"elementor-element elementor-element-b6fc6d1 e-flex e-con-boxed e-con e-child\" data-id=\"b6fc6d1\" data-element_type=\"container\" data-e-type=\"container\" data-settings=\"{&quot;background_background&quot;:&quot;classic&quot;}\">\n\t\t\t\t\t<div class=\"e-con-inner\">\n\t\t<div class=\"elementor-element elementor-element-a57de6d e-flex e-con-boxed e-con e-child\" data-id=\"a57de6d\" data-element_type=\"container\" data-e-type=\"container\" data-settings=\"{&quot;background_background&quot;:&quot;classic&quot;}\">\n\t\t\t\t\t<div class=\"e-con-inner\">\n\t\t<div class=\"elementor-element elementor-element-524bde2 e-flex e-con-boxed e-con e-child\" data-id=\"524bde2\" data-element_type=\"container\" data-e-type=\"container\">\n\t\t\t\t\t<div class=\"e-con-inner\">\n\t\t\t\t<div class=\"elementor-element elementor-element-26e1db5 elementor-widget elementor-widget-text-editor\" data-id=\"26e1db5\" data-element_type=\"widget\" data-e-type=\"widget\" data-widget_type=\"text-editor.default\">\n\t\t\t\t<div class=\"elementor-widget-container\">\n\t\t\t\t\t\t\t\t\t<p>Fleurir en liturgie est le service charg\u00e9 du fleurissement de nos \u00e9glises. Une \u00e9quipe est constitu\u00e9e au sein du dioc\u00e8se pour sensibiliser les communaut\u00e9s chr\u00e9tiennes \u00e0 l\u2019importance de l\u2019art de fleurir en liturgie. Sa mission est de former les personnes en charge du fleurissement dans les diverses paroisses et de pr\u00e9parer le fleurissement des c\u00e9l\u00e9brations dioc\u00e9saines, \u00e0 la cath\u00e9drale ou ailleurs.<\/p>\t\t\t\t\t\t\t\t<\/div>\n\t\t\t\t<\/div>\n\t\t\t\t\t<\/div>\n\t\t\t\t<\/div>\n\t\t\t\t\t<\/div>\n\t\t\t\t<\/div>\n\t\t\t\t\t<\/div>\n\t\t\t\t<\/div>\n\t\t\t\t\t<\/div>\n\t\t\t\t<\/div>\n\t\t\t\t\t<\/div>\n\t\t\t\t<\/div>\n\t\t<div class=\"elementor-element elementor-element-3d41dd6 e-flex e-con-boxed e-con e-parent\" data-id=\"3d41dd6\" data-element_type=\"container\" data-e-type=\"container\">\n\t\t\t\t\t<div class=\"e-con-inner\">\n\t\t<div class=\"elementor-element elementor-element-d2f5c50 e-con-full e-flex e-con e-child\" data-id=\"d2f5c50\" data-element_type=\"container\" data-e-type=\"container\">\n\t\t\t\t<div class=\"elementor-element elementor-element-e3c5bcc elementor-widget elementor-widget-image\" data-id=\"e3c5bcc\" data-element_type=\"widget\" data-e-type=\"widget\" data-widget_type=\"image.default\">\n\t\t\t\t<div class=\"elementor-widget-container\">\n\t\t\t\t\t\t\t\t\t\t\t\t\t\t\t<img fetchpriority=\"high\" decoding=\"async\" width=\"1024\" height=\"768\" src=\"https:\/\/saintfrancoisdassise-toulouse.fr\/wp-content\/uploads\/2024\/03\/Photo-1-1024x768.jpg\" class=\"attachment-large size-large wp-image-1098\" alt=\"\" srcset=\"https:\/\/saintfrancoisdassise-toulouse.fr\/wp-content\/uploads\/2024\/03\/Photo-1-1024x768.jpg 1024w, https:\/\/saintfrancoisdassise-toulouse.fr\/wp-content\/uploads\/2024\/03\/Photo-1-300x225.jpg 300w, https:\/\/saintfrancoisdassise-toulouse.fr\/wp-content\/uploads\/2024\/03\/Photo-1-768x576.jpg 768w, https:\/\/saintfrancoisdassise-toulouse.fr\/wp-content\/uploads\/2024\/03\/Photo-1-1536x1152.jpg 1536w, https:\/\/saintfrancoisdassise-toulouse.fr\/wp-content\/uploads\/2024\/03\/Photo-1-2048x1536.jpg 2048w\" sizes=\"(max-width: 1024px) 100vw, 1024px\" \/>\t\t\t\t\t\t\t\t\t\t\t\t\t\t\t<\/div>\n\t\t\t\t<\/div>\n\t\t\t\t<\/div>\n\t\t<div class=\"elementor-element elementor-element-f575703 e-con-full e-flex e-con e-child\" data-id=\"f575703\" data-element_type=\"container\" data-e-type=\"container\">\n\t\t\t\t<div class=\"elementor-element elementor-element-812d922 elementor-widget elementor-widget-image\" data-id=\"812d922\" data-element_type=\"widget\" data-e-type=\"widget\" data-widget_type=\"image.default\">\n\t\t\t\t<div class=\"elementor-widget-container\">\n\t\t\t\t\t\t\t\t\t\t\t\t\t\t\t<img decoding=\"async\" width=\"1024\" height=\"768\" src=\"https:\/\/saintfrancoisdassise-toulouse.fr\/wp-content\/uploads\/2024\/03\/Photo-6-1024x768.jpg\" class=\"attachment-large size-large wp-image-1103\" alt=\"\" srcset=\"https:\/\/saintfrancoisdassise-toulouse.fr\/wp-content\/uploads\/2024\/03\/Photo-6-1024x768.jpg 1024w, https:\/\/saintfrancoisdassise-toulouse.fr\/wp-content\/uploads\/2024\/03\/Photo-6-300x225.jpg 300w, https:\/\/saintfrancoisdassise-toulouse.fr\/wp-content\/uploads\/2024\/03\/Photo-6-768x576.jpg 768w, https:\/\/saintfrancoisdassise-toulouse.fr\/wp-content\/uploads\/2024\/03\/Photo-6-1536x1152.jpg 1536w, https:\/\/saintfrancoisdassise-toulouse.fr\/wp-content\/uploads\/2024\/03\/Photo-6-2048x1536.jpg 2048w\" sizes=\"(max-width: 1024px) 100vw, 1024px\" \/>\t\t\t\t\t\t\t\t\t\t\t\t\t\t\t<\/div>\n\t\t\t\t<\/div>\n\t\t\t\t<\/div>\n\t\t<div class=\"elementor-element elementor-element-b016592 e-con-full e-flex e-con e-child\" data-id=\"b016592\" data-element_type=\"container\" data-e-type=\"container\">\n\t\t\t\t<div class=\"elementor-element elementor-element-d4f2302 elementor-widget elementor-widget-image\" data-id=\"d4f2302\" data-element_type=\"widget\" data-e-type=\"widget\" data-widget_type=\"image.default\">\n\t\t\t\t<div class=\"elementor-widget-container\">\n\t\t\t\t\t\t\t\t\t\t\t\t\t\t\t<img decoding=\"async\" width=\"1024\" height=\"768\" src=\"https:\/\/saintfrancoisdassise-toulouse.fr\/wp-content\/uploads\/2024\/03\/Photo-5-1024x768.jpg\" class=\"attachment-large size-large wp-image-1102\" alt=\"\" srcset=\"https:\/\/saintfrancoisdassise-toulouse.fr\/wp-content\/uploads\/2024\/03\/Photo-5-1024x768.jpg 1024w, https:\/\/saintfrancoisdassise-toulouse.fr\/wp-content\/uploads\/2024\/03\/Photo-5-300x225.jpg 300w, https:\/\/saintfrancoisdassise-toulouse.fr\/wp-content\/uploads\/2024\/03\/Photo-5-768x576.jpg 768w, https:\/\/saintfrancoisdassise-toulouse.fr\/wp-content\/uploads\/2024\/03\/Photo-5-1536x1152.jpg 1536w, https:\/\/saintfrancoisdassise-toulouse.fr\/wp-content\/uploads\/2024\/03\/Photo-5-2048x1536.jpg 2048w\" sizes=\"(max-width: 1024px) 100vw, 1024px\" \/>\t\t\t\t\t\t\t\t\t\t\t\t\t\t\t<\/div>\n\t\t\t\t<\/div>\n\t\t\t\t<\/div>\n\t\t<div class=\"elementor-element elementor-element-daf4013 e-con-full e-flex e-con e-child\" data-id=\"daf4013\" data-element_type=\"container\" data-e-type=\"container\">\n\t\t\t\t<div class=\"elementor-element elementor-element-4923c05 elementor-widget elementor-widget-image\" data-id=\"4923c05\" data-element_type=\"widget\" data-e-type=\"widget\" data-widget_type=\"image.default\">\n\t\t\t\t<div class=\"elementor-widget-container\">\n\t\t\t\t\t\t\t\t\t\t\t\t\t\t\t<img loading=\"lazy\" decoding=\"async\" width=\"768\" height=\"1024\" src=\"https:\/\/saintfrancoisdassise-toulouse.fr\/wp-content\/uploads\/2024\/03\/Photo-4-768x1024.jpg\" class=\"attachment-large size-large wp-image-1101\" alt=\"\" srcset=\"https:\/\/saintfrancoisdassise-toulouse.fr\/wp-content\/uploads\/2024\/03\/Photo-4-768x1024.jpg 768w, https:\/\/saintfrancoisdassise-toulouse.fr\/wp-content\/uploads\/2024\/03\/Photo-4-225x300.jpg 225w, https:\/\/saintfrancoisdassise-toulouse.fr\/wp-content\/uploads\/2024\/03\/Photo-4-1152x1536.jpg 1152w, https:\/\/saintfrancoisdassise-toulouse.fr\/wp-content\/uploads\/2024\/03\/Photo-4-1536x2048.jpg 1536w, https:\/\/saintfrancoisdassise-toulouse.fr\/wp-content\/uploads\/2024\/03\/Photo-4-scaled.jpg 1920w\" sizes=\"(max-width: 768px) 100vw, 768px\" \/>\t\t\t\t\t\t\t\t\t\t\t\t\t\t\t<\/div>\n\t\t\t\t<\/div>\n\t\t\t\t<\/div>\n\t\t<div class=\"elementor-element elementor-element-88770dc e-con-full e-flex e-con e-child\" data-id=\"88770dc\" data-element_type=\"container\" data-e-type=\"container\">\n\t\t\t\t<div class=\"elementor-element elementor-element-3e91d61 elementor-widget elementor-widget-image\" data-id=\"3e91d61\" data-element_type=\"widget\" data-e-type=\"widget\" data-widget_type=\"image.default\">\n\t\t\t\t<div class=\"elementor-widget-container\">\n\t\t\t\t\t\t\t\t\t\t\t\t\t\t\t<img loading=\"lazy\" decoding=\"async\" width=\"768\" height=\"1024\" src=\"https:\/\/saintfrancoisdassise-toulouse.fr\/wp-content\/uploads\/2024\/03\/Photo-3-768x1024.jpg\" class=\"attachment-large size-large wp-image-1100\" alt=\"\" srcset=\"https:\/\/saintfrancoisdassise-toulouse.fr\/wp-content\/uploads\/2024\/03\/Photo-3-768x1024.jpg 768w, https:\/\/saintfrancoisdassise-toulouse.fr\/wp-content\/uploads\/2024\/03\/Photo-3-225x300.jpg 225w, https:\/\/saintfrancoisdassise-toulouse.fr\/wp-content\/uploads\/2024\/03\/Photo-3-1152x1536.jpg 1152w, https:\/\/saintfrancoisdassise-toulouse.fr\/wp-content\/uploads\/2024\/03\/Photo-3-1536x2048.jpg 1536w, https:\/\/saintfrancoisdassise-toulouse.fr\/wp-content\/uploads\/2024\/03\/Photo-3-scaled.jpg 1920w\" sizes=\"(max-width: 768px) 100vw, 768px\" \/>\t\t\t\t\t\t\t\t\t\t\t\t\t\t\t<\/div>\n\t\t\t\t<\/div>\n\t\t\t\t<\/div>\n\t\t<div class=\"elementor-element elementor-element-663e886 e-con-full e-flex e-con e-child\" data-id=\"663e886\" data-element_type=\"container\" data-e-type=\"container\">\n\t\t\t\t<div class=\"elementor-element elementor-element-ab95578 elementor-widget elementor-widget-image\" data-id=\"ab95578\" data-element_type=\"widget\" data-e-type=\"widget\" data-widget_type=\"image.default\">\n\t\t\t\t<div class=\"elementor-widget-container\">\n\t\t\t\t\t\t\t\t\t\t\t\t\t\t\t<img loading=\"lazy\" decoding=\"async\" width=\"768\" height=\"1024\" src=\"https:\/\/saintfrancoisdassise-toulouse.fr\/wp-content\/uploads\/2024\/03\/Photo-2-768x1024.jpg\" class=\"attachment-large size-large wp-image-1099\" alt=\"\" srcset=\"https:\/\/saintfrancoisdassise-toulouse.fr\/wp-content\/uploads\/2024\/03\/Photo-2-768x1024.jpg 768w, https:\/\/saintfrancoisdassise-toulouse.fr\/wp-content\/uploads\/2024\/03\/Photo-2-225x300.jpg 225w, https:\/\/saintfrancoisdassise-toulouse.fr\/wp-content\/uploads\/2024\/03\/Photo-2-1152x1536.jpg 1152w, https:\/\/saintfrancoisdassise-toulouse.fr\/wp-content\/uploads\/2024\/03\/Photo-2-1536x2048.jpg 1536w, https:\/\/saintfrancoisdassise-toulouse.fr\/wp-content\/uploads\/2024\/03\/Photo-2-scaled.jpg 1920w\" sizes=\"(max-width: 768px) 100vw, 768px\" \/>\t\t\t\t\t\t\t\t\t\t\t\t\t\t\t<\/div>\n\t\t\t\t<\/div>\n\t\t\t\t<\/div>\n\t\t\t\t\t<\/div>\n\t\t\t\t<\/div>\n\t\t\t\t<\/div>\n\t\t","protected":false},"excerpt":{"rendered":"<p>Fleurir en Liturgie \u00ab La fleur fait \u00c9glise \u00bb. Elle nous rassemble et nous unit. La fleur dans sa beaut\u00e9 est symbole de la beaut\u00e9 de Dieu \u00ab de toute beaut\u00e9 \u00bb. Cette beaut\u00e9 nous aide \u00e0 vivre et nous conduit au bien. Le bouquet liturgique sugg\u00e8re, propose, n\u2019impose pas, ne s\u2019explique pas. Il n\u00e9cessite cependant une bonne technique au service de la cr\u00e9ativit\u00e9. Nous rendons gr\u00e2ce sans cesse des talents que Dieu a mis en nos mains. Si vous vous sentez attir\u00e9 par cette beaut\u00e9 et par cette spiritualit\u00e9, et que vous avez en vous une cr\u00e9ativit\u00e9 qui ne&#8230; <\/p>\n","protected":false},"author":3,"featured_media":0,"parent":0,"menu_order":0,"comment_status":"closed","ping_status":"closed","template":"template-parts\/page-template-full-width.php","meta":{"footnotes":""},"class_list":["post-725","page","type-page","status-publish","hentry"],"yoast_head":"<!-- This site is optimized with the Yoast SEO plugin v24.4 - https:\/\/yoast.com\/wordpress\/plugins\/seo\/ -->\n<title>Fleurir en Liturgie\u200b - Saint Fran\u00e7ois d&#039;Assise<\/title>\n<meta name=\"robots\" content=\"index, follow, max-snippet:-1, max-image-preview:large, max-video-preview:-1\" \/>\n<link rel=\"canonical\" href=\"https:\/\/saintfrancoisdassise-toulouse.fr\/?page_id=725\" \/>\n<meta property=\"og:locale\" content=\"en_US\" \/>\n<meta property=\"og:type\" content=\"article\" \/>\n<meta property=\"og:title\" content=\"Fleurir en Liturgie\u200b - Saint Fran\u00e7ois d&#039;Assise\" \/>\n<meta property=\"og:description\" content=\"Fleurir en Liturgie \u00ab La fleur fait \u00c9glise \u00bb. Elle nous rassemble et nous unit. La fleur dans sa beaut\u00e9 est symbole de la beaut\u00e9 de Dieu \u00ab de toute beaut\u00e9 \u00bb. Cette beaut\u00e9 nous aide \u00e0 vivre et nous conduit au bien. Le bouquet liturgique sugg\u00e8re, propose, n\u2019impose pas, ne s\u2019explique pas. Il n\u00e9cessite cependant une bonne technique au service de la cr\u00e9ativit\u00e9. Nous rendons gr\u00e2ce sans cesse des talents que Dieu a mis en nos mains. Si vous vous sentez attir\u00e9 par cette beaut\u00e9 et par cette spiritualit\u00e9, et que vous avez en vous une cr\u00e9ativit\u00e9 qui ne...\" \/>\n<meta property=\"og:url\" content=\"https:\/\/saintfrancoisdassise-toulouse.fr\/?page_id=725\" \/>\n<meta property=\"og:site_name\" content=\"Saint Fran\u00e7ois d&#039;Assise\" \/>\n<meta property=\"article:modified_time\" content=\"2024-08-28T15:53:59+00:00\" \/>\n<meta property=\"og:image\" content=\"http:\/\/saintfrancoisdassise-toulouse.fr\/wp-content\/uploads\/2024\/03\/Photo-1-1024x768.jpg\" \/>\n<meta name=\"twitter:card\" content=\"summary_large_image\" \/>\n<meta name=\"twitter:label1\" content=\"Est. reading time\" \/>\n\t<meta name=\"twitter:data1\" content=\"1 minute\" \/>\n<script type=\"application\/ld+json\" class=\"yoast-schema-graph\">{\"@context\":\"https:\/\/schema.org\",\"@graph\":[{\"@type\":\"WebPage\",\"@id\":\"https:\/\/saintfrancoisdassise-toulouse.fr\/?page_id=725\",\"url\":\"https:\/\/saintfrancoisdassise-toulouse.fr\/?page_id=725\",\"name\":\"Fleurir en Liturgie\u200b - Saint Fran\u00e7ois d&#039;Assise\",\"isPartOf\":{\"@id\":\"https:\/\/saintfrancoisdassise-toulouse.fr\/#website\"},\"primaryImageOfPage\":{\"@id\":\"https:\/\/saintfrancoisdassise-toulouse.fr\/?page_id=725#primaryimage\"},\"image\":{\"@id\":\"https:\/\/saintfrancoisdassise-toulouse.fr\/?page_id=725#primaryimage\"},\"thumbnailUrl\":\"http:\/\/saintfrancoisdassise-toulouse.fr\/wp-content\/uploads\/2024\/03\/Photo-1-1024x768.jpg\",\"datePublished\":\"2018-09-30T09:30:17+00:00\",\"dateModified\":\"2024-08-28T15:53:59+00:00\",\"breadcrumb\":{\"@id\":\"https:\/\/saintfrancoisdassise-toulouse.fr\/?page_id=725#breadcrumb\"},\"inLanguage\":\"en-US\",\"potentialAction\":[{\"@type\":\"ReadAction\",\"target\":[\"https:\/\/saintfrancoisdassise-toulouse.fr\/?page_id=725\"]}]},{\"@type\":\"ImageObject\",\"inLanguage\":\"en-US\",\"@id\":\"https:\/\/saintfrancoisdassise-toulouse.fr\/?page_id=725#primaryimage\",\"url\":\"https:\/\/saintfrancoisdassise-toulouse.fr\/wp-content\/uploads\/2024\/03\/Photo-1-scaled.jpg\",\"contentUrl\":\"https:\/\/saintfrancoisdassise-toulouse.fr\/wp-content\/uploads\/2024\/03\/Photo-1-scaled.jpg\",\"width\":2560,\"height\":1920},{\"@type\":\"BreadcrumbList\",\"@id\":\"https:\/\/saintfrancoisdassise-toulouse.fr\/?page_id=725#breadcrumb\",\"itemListElement\":[{\"@type\":\"ListItem\",\"position\":1,\"name\":\"Accueil\",\"item\":\"https:\/\/saintfrancoisdassise-toulouse.fr\/\"},{\"@type\":\"ListItem\",\"position\":2,\"name\":\"Fleurir en Liturgie\u200b\"}]},{\"@type\":\"WebSite\",\"@id\":\"https:\/\/saintfrancoisdassise-toulouse.fr\/#website\",\"url\":\"https:\/\/saintfrancoisdassise-toulouse.fr\/\",\"name\":\"Saint Fran\u00e7ois d'Assise\",\"description\":\"106 bis avenue Camille Pujol, 31500 Toulouse\",\"potentialAction\":[{\"@type\":\"SearchAction\",\"target\":{\"@type\":\"EntryPoint\",\"urlTemplate\":\"https:\/\/saintfrancoisdassise-toulouse.fr\/?s={search_term_string}\"},\"query-input\":{\"@type\":\"PropertyValueSpecification\",\"valueRequired\":true,\"valueName\":\"search_term_string\"}}],\"inLanguage\":\"en-US\"}]}<\/script>\n<!-- \/ Yoast SEO plugin. -->","yoast_head_json":{"title":"Fleurir en Liturgie\u200b - Saint Fran\u00e7ois d&#039;Assise","robots":{"index":"index","follow":"follow","max-snippet":"max-snippet:-1","max-image-preview":"max-image-preview:large","max-video-preview":"max-video-preview:-1"},"canonical":"https:\/\/saintfrancoisdassise-toulouse.fr\/?page_id=725","og_locale":"en_US","og_type":"article","og_title":"Fleurir en Liturgie\u200b - Saint Fran\u00e7ois d&#039;Assise","og_description":"Fleurir en Liturgie \u00ab La fleur fait \u00c9glise \u00bb. Elle nous rassemble et nous unit. La fleur dans sa beaut\u00e9 est symbole de la beaut\u00e9 de Dieu \u00ab de toute beaut\u00e9 \u00bb. Cette beaut\u00e9 nous aide \u00e0 vivre et nous conduit au bien. Le bouquet liturgique sugg\u00e8re, propose, n\u2019impose pas, ne s\u2019explique pas. Il n\u00e9cessite cependant une bonne technique au service de la cr\u00e9ativit\u00e9. Nous rendons gr\u00e2ce sans cesse des talents que Dieu a mis en nos mains. Si vous vous sentez attir\u00e9 par cette beaut\u00e9 et par cette spiritualit\u00e9, et que vous avez en vous une cr\u00e9ativit\u00e9 qui ne...","og_url":"https:\/\/saintfrancoisdassise-toulouse.fr\/?page_id=725","og_site_name":"Saint Fran\u00e7ois d&#039;Assise","article_modified_time":"2024-08-28T15:53:59+00:00","og_image":[{"url":"http:\/\/saintfrancoisdassise-toulouse.fr\/wp-content\/uploads\/2024\/03\/Photo-1-1024x768.jpg","type":"","width":"","height":""}],"twitter_card":"summary_large_image","twitter_misc":{"Est. reading time":"1 minute"},"schema":{"@context":"https:\/\/schema.org","@graph":[{"@type":"WebPage","@id":"https:\/\/saintfrancoisdassise-toulouse.fr\/?page_id=725","url":"https:\/\/saintfrancoisdassise-toulouse.fr\/?page_id=725","name":"Fleurir en Liturgie\u200b - Saint Fran\u00e7ois d&#039;Assise","isPartOf":{"@id":"https:\/\/saintfrancoisdassise-toulouse.fr\/#website"},"primaryImageOfPage":{"@id":"https:\/\/saintfrancoisdassise-toulouse.fr\/?page_id=725#primaryimage"},"image":{"@id":"https:\/\/saintfrancoisdassise-toulouse.fr\/?page_id=725#primaryimage"},"thumbnailUrl":"http:\/\/saintfrancoisdassise-toulouse.fr\/wp-content\/uploads\/2024\/03\/Photo-1-1024x768.jpg","datePublished":"2018-09-30T09:30:17+00:00","dateModified":"2024-08-28T15:53:59+00:00","breadcrumb":{"@id":"https:\/\/saintfrancoisdassise-toulouse.fr\/?page_id=725#breadcrumb"},"inLanguage":"en-US","potentialAction":[{"@type":"ReadAction","target":["https:\/\/saintfrancoisdassise-toulouse.fr\/?page_id=725"]}]},{"@type":"ImageObject","inLanguage":"en-US","@id":"https:\/\/saintfrancoisdassise-toulouse.fr\/?page_id=725#primaryimage","url":"https:\/\/saintfrancoisdassise-toulouse.fr\/wp-content\/uploads\/2024\/03\/Photo-1-scaled.jpg","contentUrl":"https:\/\/saintfrancoisdassise-toulouse.fr\/wp-content\/uploads\/2024\/03\/Photo-1-scaled.jpg","width":2560,"height":1920},{"@type":"BreadcrumbList","@id":"https:\/\/saintfrancoisdassise-toulouse.fr\/?page_id=725#breadcrumb","itemListElement":[{"@type":"ListItem","position":1,"name":"Accueil","item":"https:\/\/saintfrancoisdassise-toulouse.fr\/"},{"@type":"ListItem","position":2,"name":"Fleurir en Liturgie\u200b"}]},{"@type":"WebSite","@id":"https:\/\/saintfrancoisdassise-toulouse.fr\/#website","url":"https:\/\/saintfrancoisdassise-toulouse.fr\/","name":"Saint Fran\u00e7ois d'Assise","description":"106 bis avenue Camille Pujol, 31500 Toulouse","potentialAction":[{"@type":"SearchAction","target":{"@type":"EntryPoint","urlTemplate":"https:\/\/saintfrancoisdassise-toulouse.fr\/?s={search_term_string}"},"query-input":{"@type":"PropertyValueSpecification","valueRequired":true,"valueName":"search_term_string"}}],"inLanguage":"en-US"}]}},"_links":{"self":[{"href":"https:\/\/saintfrancoisdassise-toulouse.fr\/index.php?rest_route=\/wp\/v2\/pages\/725","targetHints":{"allow":["GET"]}}],"collection":[{"href":"https:\/\/saintfrancoisdassise-toulouse.fr\/index.php?rest_route=\/wp\/v2\/pages"}],"about":[{"href":"https:\/\/saintfrancoisdassise-toulouse.fr\/index.php?rest_route=\/wp\/v2\/types\/page"}],"author":[{"embeddable":true,"href":"https:\/\/saintfrancoisdassise-toulouse.fr\/index.php?rest_route=\/wp\/v2\/users\/3"}],"replies":[{"embeddable":true,"href":"https:\/\/saintfrancoisdassise-toulouse.fr\/index.php?rest_route=%2Fwp%2Fv2%2Fcomments&post=725"}],"version-history":[{"count":27,"href":"https:\/\/saintfrancoisdassise-toulouse.fr\/index.php?rest_route=\/wp\/v2\/pages\/725\/revisions"}],"predecessor-version":[{"id":2143,"href":"https:\/\/saintfrancoisdassise-toulouse.fr\/index.php?rest_route=\/wp\/v2\/pages\/725\/revisions\/2143"}],"wp:attachment":[{"href":"https:\/\/saintfrancoisdassise-toulouse.fr\/index.php?rest_route=%2Fwp%2Fv2%2Fmedia&parent=725"}],"curies":[{"name":"wp","href":"https:\/\/api.w.org\/{rel}","templated":true}]}}