{"id":790,"date":"2018-10-03T11:46:31","date_gmt":"2018-10-03T11:46:31","guid":{"rendered":"http:\/\/localhost\/www\/Mythemes\/modeling\/?page_id=790"},"modified":"2025-02-22T19:08:41","modified_gmt":"2025-02-22T18:08:41","slug":"about-us","status":"publish","type":"page","link":"https:\/\/saintfrancoisdassise-toulouse.fr\/","title":{"rendered":"Notre communaut\u00e9"},"content":{"rendered":"\t\t<div data-elementor-type=\"wp-page\" data-elementor-id=\"790\" class=\"elementor elementor-790\">\n\t\t\t\t<div class=\"elementor-element elementor-element-452f71fe e-flex e-con-boxed e-con e-parent\" data-id=\"452f71fe\" data-element_type=\"container\" data-e-type=\"container\">\n\t\t\t\t\t<div class=\"e-con-inner\">\n\t\t\t\t<div class=\"elementor-element elementor-element-2eed65f0 elementor-widget elementor-widget-text-editor\" data-id=\"2eed65f0\" data-element_type=\"widget\" data-e-type=\"widget\" data-widget_type=\"text-editor.default\">\n\t\t\t\t<div class=\"elementor-widget-container\">\n\t\t\t\t\t\t\t\t\t<p>Bienvenue \u00e0 la paroisse Saint Fran\u00e7ois d&#8217;Assise de Toulouse ! Notre communaut\u00e9 catholique est un lieu de pri\u00e8res, de foi, de rencontres et de partages fraternels o\u00f9 chacun est accueilli comme il est.<\/p><p>Notre paroisse est situ\u00e9e dans un quartier r\u00e9sidentiel de la ville rose, dans un cadre paisible et chaleureux. Elle est compos\u00e9e de personnes du quartier souvent \u00e2g\u00e9es, et de jeunes familles avec des enfants, des adolescents, des jeunes professionnels et des familles d\u2019origine africaine et des communaut\u00e9s de religieuses install\u00e9es dans le quartier.<\/p><p>Nous sommes guid\u00e9s par la Parole de J\u00e9sus-Christ et la vie de Saint Fran\u00e7ois d&#8217;Assise, qui nous invitent \u00e0 vivre dans la simplicit\u00e9, la joie et l&#8217;amour du prochain. Notre communaut\u00e9 propose de nombreux services, accompagnements des enfants, adolescents, adultes et de nos a\u00een\u00e9s.<\/p><p>Nous avons \u00e0 c\u0153ur de porter la d\u00e9marche Laudato Si \u2013 Eglise verte.<\/p><p>Nous c\u00e9l\u00e9brons la messe tous les dimanches, les jours de f\u00eate et en semaine.<\/p><p>Nous sommes heureux de vous accueillir parmi nous, que vous soyez un fid\u00e8le r\u00e9gulier ou non, ou simplement de passage \u00e0 Toulouse. Notre communaut\u00e9 veut \u00eatre une famille unie et bienveillante, o\u00f9 chacun peut trouver sa place et vivre sa foi.<\/p><p>N&#8217;h\u00e9sitez pas \u00e0 nous contacter pour plus d&#8217;informations, ou \u00e0 venir nous rencontrer lors de nos c\u00e9l\u00e9brations ou \u00e9v\u00e9nements. Nous serons ravis de faire votre connaissance.<\/p>\t\t\t\t\t\t\t\t<\/div>\n\t\t\t\t<\/div>\n\t\t\t\t\t<\/div>\n\t\t\t\t<\/div>\n\t\t<div class=\"elementor-element elementor-element-418e796 e-flex e-con-boxed e-con e-parent\" data-id=\"418e796\" data-element_type=\"container\" data-e-type=\"container\">\n\t\t\t\t\t<div class=\"e-con-inner\">\n\t\t<div class=\"elementor-element elementor-element-218471c e-con-full e-flex e-con e-child\" data-id=\"218471c\" data-element_type=\"container\" data-e-type=\"container\">\n\t\t\t\t<div class=\"elementor-element elementor-element-b0eed35 elementor-widget elementor-widget-image\" data-id=\"b0eed35\" data-element_type=\"widget\" data-e-type=\"widget\" data-widget_type=\"image.default\">\n\t\t\t\t<div class=\"elementor-widget-container\">\n\t\t\t\t\t\t\t\t\t\t\t\t\t\t\t<img fetchpriority=\"high\" decoding=\"async\" width=\"629\" height=\"815\" src=\"https:\/\/saintfrancoisdassise-toulouse.fr\/wp-content\/uploads\/2024\/08\/Photo-JFG-bis.jpg\" class=\"attachment-large size-large wp-image-2172\" alt=\"\" srcset=\"https:\/\/saintfrancoisdassise-toulouse.fr\/wp-content\/uploads\/2024\/08\/Photo-JFG-bis.jpg 629w, https:\/\/saintfrancoisdassise-toulouse.fr\/wp-content\/uploads\/2024\/08\/Photo-JFG-bis-232x300.jpg 232w\" sizes=\"(max-width: 629px) 100vw, 629px\" \/>\t\t\t\t\t\t\t\t\t\t\t\t\t\t\t<\/div>\n\t\t\t\t<\/div>\n\t\t\t\t<\/div>\n\t\t<div class=\"elementor-element elementor-element-117fe4e e-con-full e-flex e-con e-child\" data-id=\"117fe4e\" data-element_type=\"container\" data-e-type=\"container\">\n\t\t<div class=\"elementor-element elementor-element-9446414 e-flex e-con-boxed e-con e-child\" data-id=\"9446414\" data-element_type=\"container\" data-e-type=\"container\">\n\t\t\t\t\t<div class=\"e-con-inner\">\n\t\t\t\t<div class=\"elementor-element elementor-element-2c66a31 elementor-widget elementor-widget-heading\" data-id=\"2c66a31\" data-element_type=\"widget\" data-e-type=\"widget\" data-widget_type=\"heading.default\">\n\t\t\t\t<div class=\"elementor-widget-container\">\n\t\t\t\t\t<h2 class=\"elementor-heading-title elementor-size-default\">Fr Jean Fran\u00e7ois\n\n\n\n\n<\/h2>\t\t\t\t<\/div>\n\t\t\t\t<\/div>\n\t\t\t\t\t<\/div>\n\t\t\t\t<\/div>\n\t\t<div class=\"elementor-element elementor-element-7ca6bbf e-flex e-con-boxed e-con e-child\" data-id=\"7ca6bbf\" data-element_type=\"container\" data-e-type=\"container\">\n\t\t\t\t\t<div class=\"e-con-inner\">\n\t\t\t\t<div class=\"elementor-element elementor-element-184fd44 elementor-widget__width-initial elementor-widget elementor-widget-text-editor\" data-id=\"184fd44\" data-element_type=\"widget\" data-e-type=\"widget\" data-widget_type=\"text-editor.default\">\n\t\t\t\t<div class=\"elementor-widget-container\">\n\t\t\t\t\t\t\t\t\t<p>\u00a0<\/p><p>Fr Jean Fran\u00e7ois Galinier \u2013 Pallerola, le cur\u00e9 de la paroisse depuis 2016, a \u00e9t\u00e9 ordonn\u00e9 pr\u00eatre pour le dioc\u00e8se de Toulouse, le 4 mai 1997 et est membre de la Fraternit\u00e9 Sacerdotale Dominicaine Sainte Marie Madeleine.<\/p><p>Avant de r\u00e9pondre \u00e0 l&#8217;appel de Dieu, il \u00e9tait Ma\u00eetre de conf\u00e9rences des Universit\u00e9s en Histoire. Il est Docteur en Histoire, Docteur en Th\u00e9ologie et professeur honoraire de th\u00e9ologie \u00e0 l&#8217;Institut Catholique de Toulouse.\u00a0Son domaine de recherche est l&#8217;Histoire\u00a0religieuse contemporaine en France. Il a \u00e9galement servi en tant que juge au tribunal eccl\u00e9siastique de l&#8217;Officialit\u00e9 r\u00e9gionale de Toulouse.<\/p><p>Depuis 2019, il occupe la fonction de chancelier du dioc\u00e8se de Toulouse.<\/p><p>Le\u00a0Fr\u00a0Jean-Fran\u00e7ois aime les animaux\u00a0et les jardins. \u00a0Gr\u00e2ce \u00e0 son savoir-faire, il cultive de magnifiques fleurs dans le jardin du presbyt\u00e8re.<\/p>\t\t\t\t\t\t\t\t<\/div>\n\t\t\t\t<\/div>\n\t\t\t\t\t<\/div>\n\t\t\t\t<\/div>\n\t\t\t\t<\/div>\n\t\t\t\t\t<\/div>\n\t\t\t\t<\/div>\n\t\t\t\t<\/div>\n\t\t","protected":false},"excerpt":{"rendered":"<p>Bienvenue \u00e0 la paroisse Saint Fran\u00e7ois d&#8217;Assise de Toulouse ! Notre communaut\u00e9 catholique est un lieu de pri\u00e8res, de foi, de rencontres et de partages fraternels o\u00f9 chacun est accueilli comme il est. Notre paroisse est situ\u00e9e dans un quartier r\u00e9sidentiel de la ville rose, dans un cadre paisible et chaleureux. Elle est compos\u00e9e de personnes du quartier souvent \u00e2g\u00e9es, et de jeunes familles avec des enfants, des adolescents, des jeunes professionnels et des familles d\u2019origine africaine et des communaut\u00e9s de religieuses install\u00e9es dans le quartier. Nous sommes guid\u00e9s par la Parole de J\u00e9sus-Christ et la vie de Saint Fran\u00e7ois&#8230; <\/p>\n","protected":false},"author":3,"featured_media":0,"parent":0,"menu_order":0,"comment_status":"closed","ping_status":"closed","template":"template-parts\/page-template-full-width.php","meta":{"footnotes":""},"class_list":["post-790","page","type-page","status-publish","hentry"],"yoast_head":"<!-- This site is optimized with the Yoast SEO plugin v24.4 - https:\/\/yoast.com\/wordpress\/plugins\/seo\/ -->\n<title>Notre communaut\u00e9 - Saint Fran\u00e7ois d&#039;Assise<\/title>\n<meta name=\"robots\" content=\"index, follow, max-snippet:-1, max-image-preview:large, max-video-preview:-1\" \/>\n<link rel=\"canonical\" href=\"https:\/\/saintfrancoisdassise-toulouse.fr\/\" \/>\n<meta property=\"og:locale\" content=\"en_US\" \/>\n<meta property=\"og:type\" content=\"article\" \/>\n<meta property=\"og:title\" content=\"Notre communaut\u00e9 - Saint Fran\u00e7ois d&#039;Assise\" \/>\n<meta property=\"og:description\" content=\"Bienvenue \u00e0 la paroisse Saint Fran\u00e7ois d&#8217;Assise de Toulouse ! Notre communaut\u00e9 catholique est un lieu de pri\u00e8res, de foi, de rencontres et de partages fraternels o\u00f9 chacun est accueilli comme il est. Notre paroisse est situ\u00e9e dans un quartier r\u00e9sidentiel de la ville rose, dans un cadre paisible et chaleureux. Elle est compos\u00e9e de personnes du quartier souvent \u00e2g\u00e9es, et de jeunes familles avec des enfants, des adolescents, des jeunes professionnels et des familles d\u2019origine africaine et des communaut\u00e9s de religieuses install\u00e9es dans le quartier. Nous sommes guid\u00e9s par la Parole de J\u00e9sus-Christ et la vie de Saint Fran\u00e7ois...\" \/>\n<meta property=\"og:url\" content=\"https:\/\/saintfrancoisdassise-toulouse.fr\/\" \/>\n<meta property=\"og:site_name\" content=\"Saint Fran\u00e7ois d&#039;Assise\" \/>\n<meta property=\"article:modified_time\" content=\"2025-02-22T18:08:41+00:00\" \/>\n<meta property=\"og:image\" content=\"https:\/\/saintfrancoisdassise-toulouse.fr\/wp-content\/uploads\/2024\/08\/Photo-JFG-bis.jpg\" \/>\n\t<meta property=\"og:image:width\" content=\"629\" \/>\n\t<meta property=\"og:image:height\" content=\"815\" \/>\n\t<meta property=\"og:image:type\" content=\"image\/jpeg\" \/>\n<meta name=\"twitter:card\" content=\"summary_large_image\" \/>\n<meta name=\"twitter:label1\" content=\"Est. reading time\" \/>\n\t<meta name=\"twitter:data1\" content=\"3 minutes\" \/>\n<script type=\"application\/ld+json\" class=\"yoast-schema-graph\">{\"@context\":\"https:\/\/schema.org\",\"@graph\":[{\"@type\":\"WebPage\",\"@id\":\"https:\/\/saintfrancoisdassise-toulouse.fr\/\",\"url\":\"https:\/\/saintfrancoisdassise-toulouse.fr\/\",\"name\":\"Notre communaut\u00e9 - Saint Fran\u00e7ois d&#039;Assise\",\"isPartOf\":{\"@id\":\"https:\/\/saintfrancoisdassise-toulouse.fr\/#website\"},\"primaryImageOfPage\":{\"@id\":\"https:\/\/saintfrancoisdassise-toulouse.fr\/#primaryimage\"},\"image\":{\"@id\":\"https:\/\/saintfrancoisdassise-toulouse.fr\/#primaryimage\"},\"thumbnailUrl\":\"http:\/\/saintfrancoisdassise-toulouse.fr\/wp-content\/uploads\/2024\/08\/Photo-JFG-bis.jpg\",\"datePublished\":\"2018-10-03T11:46:31+00:00\",\"dateModified\":\"2025-02-22T18:08:41+00:00\",\"breadcrumb\":{\"@id\":\"https:\/\/saintfrancoisdassise-toulouse.fr\/#breadcrumb\"},\"inLanguage\":\"en-US\",\"potentialAction\":[{\"@type\":\"ReadAction\",\"target\":[\"https:\/\/saintfrancoisdassise-toulouse.fr\/\"]}]},{\"@type\":\"ImageObject\",\"inLanguage\":\"en-US\",\"@id\":\"https:\/\/saintfrancoisdassise-toulouse.fr\/#primaryimage\",\"url\":\"https:\/\/saintfrancoisdassise-toulouse.fr\/wp-content\/uploads\/2024\/08\/Photo-JFG-bis.jpg\",\"contentUrl\":\"https:\/\/saintfrancoisdassise-toulouse.fr\/wp-content\/uploads\/2024\/08\/Photo-JFG-bis.jpg\",\"width\":629,\"height\":815},{\"@type\":\"BreadcrumbList\",\"@id\":\"https:\/\/saintfrancoisdassise-toulouse.fr\/#breadcrumb\",\"itemListElement\":[{\"@type\":\"ListItem\",\"position\":1,\"name\":\"Accueil\",\"item\":\"https:\/\/saintfrancoisdassise-toulouse.fr\/\"},{\"@type\":\"ListItem\",\"position\":2,\"name\":\"Notre communaut\u00e9\"}]},{\"@type\":\"WebSite\",\"@id\":\"https:\/\/saintfrancoisdassise-toulouse.fr\/#website\",\"url\":\"https:\/\/saintfrancoisdassise-toulouse.fr\/\",\"name\":\"Saint Fran\u00e7ois d'Assise\",\"description\":\"106 bis avenue Camille Pujol, 31500 Toulouse\",\"potentialAction\":[{\"@type\":\"SearchAction\",\"target\":{\"@type\":\"EntryPoint\",\"urlTemplate\":\"https:\/\/saintfrancoisdassise-toulouse.fr\/?s={search_term_string}\"},\"query-input\":{\"@type\":\"PropertyValueSpecification\",\"valueRequired\":true,\"valueName\":\"search_term_string\"}}],\"inLanguage\":\"en-US\"}]}<\/script>\n<!-- \/ Yoast SEO plugin. -->","yoast_head_json":{"title":"Notre communaut\u00e9 - Saint Fran\u00e7ois d&#039;Assise","robots":{"index":"index","follow":"follow","max-snippet":"max-snippet:-1","max-image-preview":"max-image-preview:large","max-video-preview":"max-video-preview:-1"},"canonical":"https:\/\/saintfrancoisdassise-toulouse.fr\/","og_locale":"en_US","og_type":"article","og_title":"Notre communaut\u00e9 - Saint Fran\u00e7ois d&#039;Assise","og_description":"Bienvenue \u00e0 la paroisse Saint Fran\u00e7ois d&#8217;Assise de Toulouse ! Notre communaut\u00e9 catholique est un lieu de pri\u00e8res, de foi, de rencontres et de partages fraternels o\u00f9 chacun est accueilli comme il est. Notre paroisse est situ\u00e9e dans un quartier r\u00e9sidentiel de la ville rose, dans un cadre paisible et chaleureux. Elle est compos\u00e9e de personnes du quartier souvent \u00e2g\u00e9es, et de jeunes familles avec des enfants, des adolescents, des jeunes professionnels et des familles d\u2019origine africaine et des communaut\u00e9s de religieuses install\u00e9es dans le quartier. Nous sommes guid\u00e9s par la Parole de J\u00e9sus-Christ et la vie de Saint Fran\u00e7ois...","og_url":"https:\/\/saintfrancoisdassise-toulouse.fr\/","og_site_name":"Saint Fran\u00e7ois d&#039;Assise","article_modified_time":"2025-02-22T18:08:41+00:00","og_image":[{"width":629,"height":815,"url":"https:\/\/saintfrancoisdassise-toulouse.fr\/wp-content\/uploads\/2024\/08\/Photo-JFG-bis.jpg","type":"image\/jpeg"}],"twitter_card":"summary_large_image","twitter_misc":{"Est. reading time":"3 minutes"},"schema":{"@context":"https:\/\/schema.org","@graph":[{"@type":"WebPage","@id":"https:\/\/saintfrancoisdassise-toulouse.fr\/","url":"https:\/\/saintfrancoisdassise-toulouse.fr\/","name":"Notre communaut\u00e9 - Saint Fran\u00e7ois d&#039;Assise","isPartOf":{"@id":"https:\/\/saintfrancoisdassise-toulouse.fr\/#website"},"primaryImageOfPage":{"@id":"https:\/\/saintfrancoisdassise-toulouse.fr\/#primaryimage"},"image":{"@id":"https:\/\/saintfrancoisdassise-toulouse.fr\/#primaryimage"},"thumbnailUrl":"http:\/\/saintfrancoisdassise-toulouse.fr\/wp-content\/uploads\/2024\/08\/Photo-JFG-bis.jpg","datePublished":"2018-10-03T11:46:31+00:00","dateModified":"2025-02-22T18:08:41+00:00","breadcrumb":{"@id":"https:\/\/saintfrancoisdassise-toulouse.fr\/#breadcrumb"},"inLanguage":"en-US","potentialAction":[{"@type":"ReadAction","target":["https:\/\/saintfrancoisdassise-toulouse.fr\/"]}]},{"@type":"ImageObject","inLanguage":"en-US","@id":"https:\/\/saintfrancoisdassise-toulouse.fr\/#primaryimage","url":"https:\/\/saintfrancoisdassise-toulouse.fr\/wp-content\/uploads\/2024\/08\/Photo-JFG-bis.jpg","contentUrl":"https:\/\/saintfrancoisdassise-toulouse.fr\/wp-content\/uploads\/2024\/08\/Photo-JFG-bis.jpg","width":629,"height":815},{"@type":"BreadcrumbList","@id":"https:\/\/saintfrancoisdassise-toulouse.fr\/#breadcrumb","itemListElement":[{"@type":"ListItem","position":1,"name":"Accueil","item":"https:\/\/saintfrancoisdassise-toulouse.fr\/"},{"@type":"ListItem","position":2,"name":"Notre communaut\u00e9"}]},{"@type":"WebSite","@id":"https:\/\/saintfrancoisdassise-toulouse.fr\/#website","url":"https:\/\/saintfrancoisdassise-toulouse.fr\/","name":"Saint Fran\u00e7ois d'Assise","description":"106 bis avenue Camille Pujol, 31500 Toulouse","potentialAction":[{"@type":"SearchAction","target":{"@type":"EntryPoint","urlTemplate":"https:\/\/saintfrancoisdassise-toulouse.fr\/?s={search_term_string}"},"query-input":{"@type":"PropertyValueSpecification","valueRequired":true,"valueName":"search_term_string"}}],"inLanguage":"en-US"}]}},"_links":{"self":[{"href":"https:\/\/saintfrancoisdassise-toulouse.fr\/index.php?rest_route=\/wp\/v2\/pages\/790","targetHints":{"allow":["GET"]}}],"collection":[{"href":"https:\/\/saintfrancoisdassise-toulouse.fr\/index.php?rest_route=\/wp\/v2\/pages"}],"about":[{"href":"https:\/\/saintfrancoisdassise-toulouse.fr\/index.php?rest_route=\/wp\/v2\/types\/page"}],"author":[{"embeddable":true,"href":"https:\/\/saintfrancoisdassise-toulouse.fr\/index.php?rest_route=\/wp\/v2\/users\/3"}],"replies":[{"embeddable":true,"href":"https:\/\/saintfrancoisdassise-toulouse.fr\/index.php?rest_route=%2Fwp%2Fv2%2Fcomments&post=790"}],"version-history":[{"count":47,"href":"https:\/\/saintfrancoisdassise-toulouse.fr\/index.php?rest_route=\/wp\/v2\/pages\/790\/revisions"}],"predecessor-version":[{"id":2713,"href":"https:\/\/saintfrancoisdassise-toulouse.fr\/index.php?rest_route=\/wp\/v2\/pages\/790\/revisions\/2713"}],"wp:attachment":[{"href":"https:\/\/saintfrancoisdassise-toulouse.fr\/index.php?rest_route=%2Fwp%2Fv2%2Fmedia&parent=790"}],"curies":[{"name":"wp","href":"https:\/\/api.w.org\/{rel}","templated":true}]}}